{"id":896,"date":"2026-01-23T20:40:40","date_gmt":"2026-01-23T18:40:40","guid":{"rendered":"https:\/\/www.transtoyou.com\/da\/product\/famenita\/"},"modified":"2026-02-16T10:59:59","modified_gmt":"2026-02-16T08:59:59","slug":"famenita","status":"publish","type":"product","link":"https:\/\/www.transtoyou.com\/da\/product\/famenita\/","title":{"rendered":"Famenita"},"content":{"rendered":"<p>Famenita er en bl\u00f8d kapsel, der indeholder mikroniseret progesteron, en naturlig form for hormonet, der produceres af kroppen. Det bruges til at st\u00f8tte hormonbalancen i en r\u00e6kke situationer, herunder hormonbehandling (HRT), h\u00e5ndtering af menstruationsgener, fertilitetsbehandling, lindring af menopausale symptomer og behandling af endometriose.<\/p>\n<p>I HRT bruges Famenita sammen med \u00f8strogen for at beskytte livmoderslimhinden hos personer, der ikke har gennemg\u00e5et en hysterektomi. \u00d8strogen alene kan f\u00e5 endometriet til at tykne, hvilket kan \u00f8ge sundhedsrisiciene. Famenita hj\u00e6lper med at modvirke dette ved at stabilisere livmoderslimhinden.<\/p>\n<p>I fertilitetsbehandlinger st\u00f8tter Famenita den luteale fase af menstruationscyklussen og hj\u00e6lper med at forberede livmoderen til graviditet. Det kan ogs\u00e5 ordineres for at reducere smerte og regulere cykler hos personer, der lider af endometriose eller uregelm\u00e6ssige menstruationer. For dem, der oplever menopause eller pr\u00e6menstruelle symptomer, kan Famenita lindre hum\u00f8rsvingninger, oppustethed og andre hormonrelaterede gener.<\/p>\n<p>Famenita er bio-identisk, plantebaseret progesteron, der kan tages oralt eller anvendes vaginalt, afh\u00e6ngigt af det tilsigtede form\u00e5l.<\/p>\n","protected":false},"excerpt":{"rendered":"<ul>\n<li>Naturlig progesteron kapsel<\/li>\n<li>Underst\u00f8tter HRT, fertilitet og cyklusregulering<\/li>\n<li>Kan bruges oralt eller vaginalt<\/li>\n<\/ul>\n","protected":false},"featured_media":898,"comment_status":"open","ping_status":"closed","template":"","meta":[],"product_brand":[],"product_cat":[112,120,139,145,147],"product_tag":[],"expert":[21],"class_list":{"0":"post-896","1":"product","2":"type-product","3":"status-publish","4":"has-post-thumbnail","6":"product_cat-endometriose","7":"product_cat-fertilitets-ovulationsprodukter","8":"product_cat-hormonbehandling-hrt","9":"product_cat-menopause-pms-lindring","10":"product_cat-menstruationsbesvaer","11":"expert-dr-m-sharoyko","13":"first","14":"instock","15":"shipping-taxable","16":"product-type-variable"},"yoast_head":"<!-- This site is optimized with the Yoast SEO plugin v27.0 - https:\/\/yoast.com\/product\/yoast-seo-wordpress\/ -->\n<title>Famenita | Naturlig Hormonsupport - Transtoyou<\/title>\n<meta name=\"description\" content=\"Famenita, tilg\u00e6ngelig her, st\u00f8tter hormonbalance til HRT, menstruationslindring og endometriose. K\u00f8b nu for en naturlig progesteronl\u00f8sning.\" \/>\n<meta name=\"robots\" content=\"noindex, follow, max-snippet:-1, max-image-preview:large, max-video-preview:-1\" \/>\n<meta property=\"og:locale\" content=\"da_DK\" \/>\n<meta property=\"og:type\" content=\"article\" \/>\n<meta property=\"og:title\" content=\"Famenita | Naturlig Hormonsupport - Transtoyou\" \/>\n<meta property=\"og:description\" content=\"Famenita, tilg\u00e6ngelig her, st\u00f8tter hormonbalance til HRT, menstruationslindring og endometriose. K\u00f8b nu for en naturlig progesteronl\u00f8sning.\" \/>\n<meta property=\"og:url\" content=\"https:\/\/www.transtoyou.com\/da\/product\/famenita\/\" \/>\n<meta property=\"og:site_name\" content=\"Transtoyou - DA\" \/>\n<meta property=\"article:modified_time\" content=\"2026-02-16T08:59:59+00:00\" \/>\n<meta name=\"twitter:card\" content=\"summary_large_image\" \/>\n<meta name=\"twitter:label1\" content=\"Estimeret l\u00e6setid\" \/>\n\t<meta name=\"twitter:data1\" content=\"1 minut\" \/>\n<script type=\"application\/ld+json\" class=\"yoast-schema-graph\">{\"@context\":\"https:\/\/schema.org\",\"@graph\":[{\"@type\":\"WebPage\",\"@id\":\"https:\/\/www.transtoyou.com\/da\/product\/famenita\/\",\"url\":\"https:\/\/www.transtoyou.com\/da\/product\/famenita\/\",\"name\":\"Famenita | Naturlig Hormonsupport - Transtoyou\",\"isPartOf\":{\"@id\":\"https:\/\/www.transtoyou.com\/da\/#website\"},\"primaryImageOfPage\":{\"@id\":\"https:\/\/www.transtoyou.com\/da\/product\/famenita\/#primaryimage\"},\"image\":{\"@id\":\"https:\/\/www.transtoyou.com\/da\/product\/famenita\/#primaryimage\"},\"thumbnailUrl\":\"https:\/\/www.transtoyou.com\/da\/wp-content\/uploads\/sites\/6\/2026\/01\/tty-no-product-image-42.webp\",\"datePublished\":\"2026-01-23T18:40:40+00:00\",\"dateModified\":\"2026-02-16T08:59:59+00:00\",\"description\":\"Famenita, tilg\u00e6ngelig her, st\u00f8tter hormonbalance til HRT, menstruationslindring og endometriose. K\u00f8b nu for en naturlig progesteronl\u00f8sning.\",\"breadcrumb\":{\"@id\":\"https:\/\/www.transtoyou.com\/da\/product\/famenita\/#breadcrumb\"},\"inLanguage\":\"da-DK\",\"potentialAction\":[{\"@type\":\"ReadAction\",\"target\":[\"https:\/\/www.transtoyou.com\/da\/product\/famenita\/\"]}]},{\"@type\":\"ImageObject\",\"inLanguage\":\"da-DK\",\"@id\":\"https:\/\/www.transtoyou.com\/da\/product\/famenita\/#primaryimage\",\"url\":\"https:\/\/www.transtoyou.com\/da\/wp-content\/uploads\/sites\/6\/2026\/01\/tty-no-product-image-42.webp\",\"contentUrl\":\"https:\/\/www.transtoyou.com\/da\/wp-content\/uploads\/sites\/6\/2026\/01\/tty-no-product-image-42.webp\",\"width\":1000,\"height\":1000,\"caption\":\"Standard produktbillede\"},{\"@type\":\"WebSite\",\"@id\":\"https:\/\/www.transtoyou.com\/da\/#website\",\"url\":\"https:\/\/www.transtoyou.com\/da\/\",\"name\":\"Transtoyou - DA\",\"description\":\"\",\"publisher\":{\"@id\":\"https:\/\/www.transtoyou.com\/da\/#organization\"},\"potentialAction\":[{\"@type\":\"SearchAction\",\"target\":{\"@type\":\"EntryPoint\",\"urlTemplate\":\"https:\/\/www.transtoyou.com\/da\/?s={search_term_string}\"},\"query-input\":{\"@type\":\"PropertyValueSpecification\",\"valueRequired\":true,\"valueName\":\"search_term_string\"}}],\"inLanguage\":\"da-DK\"},{\"@type\":\"Organization\",\"@id\":\"https:\/\/www.transtoyou.com\/da\/#organization\",\"name\":\"Transtoyou - DA\",\"url\":\"https:\/\/www.transtoyou.com\/da\/\",\"logo\":{\"@type\":\"ImageObject\",\"inLanguage\":\"da-DK\",\"@id\":\"https:\/\/www.transtoyou.com\/da\/#\/schema\/logo\/image\/\",\"url\":\"https:\/\/www.transtoyou.com\/da\/wp-content\/uploads\/sites\/6\/2026\/01\/logo-tty-menu-bar-300x87-1.webp\",\"contentUrl\":\"https:\/\/www.transtoyou.com\/da\/wp-content\/uploads\/sites\/6\/2026\/01\/logo-tty-menu-bar-300x87-1.webp\",\"width\":300,\"height\":87,\"caption\":\"Transtoyou - DA\"},\"image\":{\"@id\":\"https:\/\/www.transtoyou.com\/da\/#\/schema\/logo\/image\/\"}}]}<\/script>\n<!-- \/ Yoast SEO plugin. -->","yoast_head_json":{"title":"Famenita | Naturlig Hormonsupport - Transtoyou","description":"Famenita, tilg\u00e6ngelig her, st\u00f8tter hormonbalance til HRT, menstruationslindring og endometriose. K\u00f8b nu for en naturlig progesteronl\u00f8sning.","robots":{"index":"noindex","follow":"follow","max-snippet":"max-snippet:-1","max-image-preview":"max-image-preview:large","max-video-preview":"max-video-preview:-1"},"og_locale":"da_DK","og_type":"article","og_title":"Famenita | Naturlig Hormonsupport - Transtoyou","og_description":"Famenita, tilg\u00e6ngelig her, st\u00f8tter hormonbalance til HRT, menstruationslindring og endometriose. K\u00f8b nu for en naturlig progesteronl\u00f8sning.","og_url":"https:\/\/www.transtoyou.com\/da\/product\/famenita\/","og_site_name":"Transtoyou - DA","article_modified_time":"2026-02-16T08:59:59+00:00","twitter_card":"summary_large_image","twitter_misc":{"Estimeret l\u00e6setid":"1 minut"},"schema":{"@context":"https:\/\/schema.org","@graph":[{"@type":"WebPage","@id":"https:\/\/www.transtoyou.com\/da\/product\/famenita\/","url":"https:\/\/www.transtoyou.com\/da\/product\/famenita\/","name":"Famenita | Naturlig Hormonsupport - Transtoyou","isPartOf":{"@id":"https:\/\/www.transtoyou.com\/da\/#website"},"primaryImageOfPage":{"@id":"https:\/\/www.transtoyou.com\/da\/product\/famenita\/#primaryimage"},"image":{"@id":"https:\/\/www.transtoyou.com\/da\/product\/famenita\/#primaryimage"},"thumbnailUrl":"https:\/\/www.transtoyou.com\/da\/wp-content\/uploads\/sites\/6\/2026\/01\/tty-no-product-image-42.webp","datePublished":"2026-01-23T18:40:40+00:00","dateModified":"2026-02-16T08:59:59+00:00","description":"Famenita, tilg\u00e6ngelig her, st\u00f8tter hormonbalance til HRT, menstruationslindring og endometriose. K\u00f8b nu for en naturlig progesteronl\u00f8sning.","breadcrumb":{"@id":"https:\/\/www.transtoyou.com\/da\/product\/famenita\/#breadcrumb"},"inLanguage":"da-DK","potentialAction":[{"@type":"ReadAction","target":["https:\/\/www.transtoyou.com\/da\/product\/famenita\/"]}]},{"@type":"ImageObject","inLanguage":"da-DK","@id":"https:\/\/www.transtoyou.com\/da\/product\/famenita\/#primaryimage","url":"https:\/\/www.transtoyou.com\/da\/wp-content\/uploads\/sites\/6\/2026\/01\/tty-no-product-image-42.webp","contentUrl":"https:\/\/www.transtoyou.com\/da\/wp-content\/uploads\/sites\/6\/2026\/01\/tty-no-product-image-42.webp","width":1000,"height":1000,"caption":"Standard produktbillede"},{"@type":"WebSite","@id":"https:\/\/www.transtoyou.com\/da\/#website","url":"https:\/\/www.transtoyou.com\/da\/","name":"Transtoyou - DA","description":"","publisher":{"@id":"https:\/\/www.transtoyou.com\/da\/#organization"},"potentialAction":[{"@type":"SearchAction","target":{"@type":"EntryPoint","urlTemplate":"https:\/\/www.transtoyou.com\/da\/?s={search_term_string}"},"query-input":{"@type":"PropertyValueSpecification","valueRequired":true,"valueName":"search_term_string"}}],"inLanguage":"da-DK"},{"@type":"Organization","@id":"https:\/\/www.transtoyou.com\/da\/#organization","name":"Transtoyou - DA","url":"https:\/\/www.transtoyou.com\/da\/","logo":{"@type":"ImageObject","inLanguage":"da-DK","@id":"https:\/\/www.transtoyou.com\/da\/#\/schema\/logo\/image\/","url":"https:\/\/www.transtoyou.com\/da\/wp-content\/uploads\/sites\/6\/2026\/01\/logo-tty-menu-bar-300x87-1.webp","contentUrl":"https:\/\/www.transtoyou.com\/da\/wp-content\/uploads\/sites\/6\/2026\/01\/logo-tty-menu-bar-300x87-1.webp","width":300,"height":87,"caption":"Transtoyou - DA"},"image":{"@id":"https:\/\/www.transtoyou.com\/da\/#\/schema\/logo\/image\/"}}]}},"_links":{"self":[{"href":"https:\/\/www.transtoyou.com\/da\/wp-json\/wp\/v2\/product\/896","targetHints":{"allow":["GET"]}}],"collection":[{"href":"https:\/\/www.transtoyou.com\/da\/wp-json\/wp\/v2\/product"}],"about":[{"href":"https:\/\/www.transtoyou.com\/da\/wp-json\/wp\/v2\/types\/product"}],"replies":[{"embeddable":true,"href":"https:\/\/www.transtoyou.com\/da\/wp-json\/wp\/v2\/comments?post=896"}],"wp:featuredmedia":[{"embeddable":true,"href":"https:\/\/www.transtoyou.com\/da\/wp-json\/wp\/v2\/media\/898"}],"wp:attachment":[{"href":"https:\/\/www.transtoyou.com\/da\/wp-json\/wp\/v2\/media?parent=896"}],"wp:term":[{"taxonomy":"product_brand","embeddable":true,"href":"https:\/\/www.transtoyou.com\/da\/wp-json\/wp\/v2\/product_brand?post=896"},{"taxonomy":"product_cat","embeddable":true,"href":"https:\/\/www.transtoyou.com\/da\/wp-json\/wp\/v2\/product_cat?post=896"},{"taxonomy":"product_tag","embeddable":true,"href":"https:\/\/www.transtoyou.com\/da\/wp-json\/wp\/v2\/product_tag?post=896"},{"taxonomy":"expert","embeddable":true,"href":"https:\/\/www.transtoyou.com\/da\/wp-json\/wp\/v2\/expert?post=896"}],"curies":[{"name":"wp","href":"https:\/\/api.w.org\/{rel}","templated":true}]}}