{"id":899,"date":"2026-01-23T20:55:00","date_gmt":"2026-01-23T18:55:00","guid":{"rendered":"https:\/\/www.transtoyou.com\/da\/product\/xylocaine\/"},"modified":"2026-03-08T12:55:02","modified_gmt":"2026-03-08T10:55:02","slug":"xylocain","status":"publish","type":"product","link":"https:\/\/www.transtoyou.com\/da\/product\/xylocain\/","title":{"rendered":"Xylocaine"},"content":{"rendered":"<p>Xylocaine er et lokalbed\u00f8vende middel, der bruges til at bed\u00f8ve specifikke omr\u00e5der af kroppen. Det indeholder lidokain, et hurtigtvirkende middel, der blokerer nerveimpulser, hvor det p\u00e5f\u00f8res. Det f\u00e5s i forskellige former, herunder gel, creme og spray, afh\u00e6ngigt af den tilsigtede anvendelse. Xylocaine bruges til at forhindre smerte under mindre procedurer eller til at reducere f\u00f8lsomhed i visse tilstande.<\/p>\n<p>Til medicinsk brug p\u00e5f\u00f8res Xylocaine p\u00e5 huden eller slimhinderne f\u00f8r procedurer som kateterinds\u00e6ttelse, tandbehandling eller mindre hudbehandlinger. Det hj\u00e6lper med at minimere smerte og ubehag ved at producere midlertidig bed\u00f8velse. Udover sine kliniske anvendelser bruges Xylocaine ogs\u00e5 til at hj\u00e6lpe med at h\u00e5ndtere for tidlig s\u00e6dafgang. N\u00e5r det p\u00e5f\u00f8res penis f\u00f8r seksuel aktivitet, kan det reducere f\u00f8lsomhed og hj\u00e6lpe med at forsinke klimaks.<\/p>\n<p>Xylocaine virker hurtigt, med effekter, der typisk begynder inden for 5 til 15 minutter og varer i 30 minutter til over en time, afh\u00e6ngigt af formuleringen og anvendelsesomr\u00e5det. Produktet b\u00f8r anvendes i sm\u00e5 m\u00e6ngder og som anvist, is\u00e6r p\u00e5 f\u00f8lsomme omr\u00e5der. Overdreven brug kan f\u00f8re til bivirkninger eller reducere effektiviteten.<\/p>\n","protected":false},"excerpt":{"rendered":"<ul>\n<li>Hurtigvirkende bed\u00f8velsesl\u00f8sning<\/li>\n<li>Anvendes til medicinske og intime behov<\/li>\n<li>Flere formater tilg\u00e6ngelige<\/li>\n<\/ul>\n","protected":false},"featured_media":901,"comment_status":"open","ping_status":"closed","template":"","meta":[],"product_brand":[],"product_cat":[142,157],"product_tag":[],"expert":[18],"class_list":{"0":"post-899","1":"product","2":"type-product","3":"status-publish","4":"has-post-thumbnail","6":"product_cat-lokalanaestetika","7":"product_cat-losninger-til-for-tidlig-ejakulation","8":"expert-dr-g-varbanov","10":"first","11":"instock","12":"shipping-taxable","13":"product-type-variable"},"yoast_head":"<!-- This site is optimized with the Yoast SEO plugin v27.0 - https:\/\/yoast.com\/product\/yoast-seo-wordpress\/ -->\n<title>Xylocaine | Hurtig bed\u00f8velse, n\u00e5r som helst - Transtoyou<\/title>\n<meta name=\"description\" content=\"Oplev komfort med Xylocaine, der effektivt lindrer ubehag. F\u00e5s nu hos Transtoyou, din betroede kilde til kvalitets sundhedsprodukter.\" \/>\n<meta name=\"robots\" content=\"noindex, follow, max-snippet:-1, max-image-preview:large, max-video-preview:-1\" \/>\n<meta property=\"og:locale\" content=\"da_DK\" \/>\n<meta property=\"og:type\" content=\"article\" \/>\n<meta property=\"og:title\" content=\"Xylocaine | Hurtig bed\u00f8velse, n\u00e5r som helst - Transtoyou\" \/>\n<meta property=\"og:description\" content=\"Oplev komfort med Xylocaine, der effektivt lindrer ubehag. F\u00e5s nu hos Transtoyou, din betroede kilde til kvalitets sundhedsprodukter.\" \/>\n<meta property=\"og:url\" content=\"https:\/\/www.transtoyou.com\/da\/product\/xylocaine\/\" \/>\n<meta property=\"og:site_name\" content=\"Transtoyou - DA\" \/>\n<meta property=\"article:modified_time\" content=\"2026-03-08T10:55:02+00:00\" \/>\n<meta name=\"twitter:card\" content=\"summary_large_image\" \/>\n<meta name=\"twitter:label1\" content=\"Estimeret l\u00e6setid\" \/>\n\t<meta name=\"twitter:data1\" content=\"1 minut\" \/>\n<script type=\"application\/ld+json\" class=\"yoast-schema-graph\">{\"@context\":\"https:\/\/schema.org\",\"@graph\":[{\"@type\":\"WebPage\",\"@id\":\"https:\/\/www.transtoyou.com\/da\/product\/xylocaine\/\",\"url\":\"https:\/\/www.transtoyou.com\/da\/product\/xylocaine\/\",\"name\":\"Xylocaine | Hurtig bed\u00f8velse, n\u00e5r som helst - Transtoyou\",\"isPartOf\":{\"@id\":\"https:\/\/www.transtoyou.com\/da\/#website\"},\"primaryImageOfPage\":{\"@id\":\"https:\/\/www.transtoyou.com\/da\/product\/xylocaine\/#primaryimage\"},\"image\":{\"@id\":\"https:\/\/www.transtoyou.com\/da\/product\/xylocaine\/#primaryimage\"},\"thumbnailUrl\":\"https:\/\/www.transtoyou.com\/da\/wp-content\/uploads\/sites\/6\/2026\/01\/tty-no-product-image-43.webp\",\"datePublished\":\"2026-01-23T18:55:00+00:00\",\"dateModified\":\"2026-03-08T10:55:02+00:00\",\"description\":\"Oplev komfort med Xylocaine, der effektivt lindrer ubehag. F\u00e5s nu hos Transtoyou, din betroede kilde til kvalitets sundhedsprodukter.\",\"breadcrumb\":{\"@id\":\"https:\/\/www.transtoyou.com\/da\/product\/xylocaine\/#breadcrumb\"},\"inLanguage\":\"da-DK\",\"potentialAction\":[{\"@type\":\"ReadAction\",\"target\":[\"https:\/\/www.transtoyou.com\/da\/product\/xylocaine\/\"]}]},{\"@type\":\"ImageObject\",\"inLanguage\":\"da-DK\",\"@id\":\"https:\/\/www.transtoyou.com\/da\/product\/xylocaine\/#primaryimage\",\"url\":\"https:\/\/www.transtoyou.com\/da\/wp-content\/uploads\/sites\/6\/2026\/01\/tty-no-product-image-43.webp\",\"contentUrl\":\"https:\/\/www.transtoyou.com\/da\/wp-content\/uploads\/sites\/6\/2026\/01\/tty-no-product-image-43.webp\",\"width\":1000,\"height\":1000,\"caption\":\"Standard produktbillede\"},{\"@type\":\"WebSite\",\"@id\":\"https:\/\/www.transtoyou.com\/da\/#website\",\"url\":\"https:\/\/www.transtoyou.com\/da\/\",\"name\":\"Transtoyou - DA\",\"description\":\"\",\"publisher\":{\"@id\":\"https:\/\/www.transtoyou.com\/da\/#organization\"},\"potentialAction\":[{\"@type\":\"SearchAction\",\"target\":{\"@type\":\"EntryPoint\",\"urlTemplate\":\"https:\/\/www.transtoyou.com\/da\/?s={search_term_string}\"},\"query-input\":{\"@type\":\"PropertyValueSpecification\",\"valueRequired\":true,\"valueName\":\"search_term_string\"}}],\"inLanguage\":\"da-DK\"},{\"@type\":\"Organization\",\"@id\":\"https:\/\/www.transtoyou.com\/da\/#organization\",\"name\":\"Transtoyou - DA\",\"url\":\"https:\/\/www.transtoyou.com\/da\/\",\"logo\":{\"@type\":\"ImageObject\",\"inLanguage\":\"da-DK\",\"@id\":\"https:\/\/www.transtoyou.com\/da\/#\/schema\/logo\/image\/\",\"url\":\"https:\/\/www.transtoyou.com\/da\/wp-content\/uploads\/sites\/6\/2026\/01\/logo-tty-menu-bar-300x87-1.webp\",\"contentUrl\":\"https:\/\/www.transtoyou.com\/da\/wp-content\/uploads\/sites\/6\/2026\/01\/logo-tty-menu-bar-300x87-1.webp\",\"width\":300,\"height\":87,\"caption\":\"Transtoyou - DA\"},\"image\":{\"@id\":\"https:\/\/www.transtoyou.com\/da\/#\/schema\/logo\/image\/\"}}]}<\/script>\n<!-- \/ Yoast SEO plugin. -->","yoast_head_json":{"title":"Xylocaine | Hurtig bed\u00f8velse, n\u00e5r som helst - Transtoyou","description":"Oplev komfort med Xylocaine, der effektivt lindrer ubehag. F\u00e5s nu hos Transtoyou, din betroede kilde til kvalitets sundhedsprodukter.","robots":{"index":"noindex","follow":"follow","max-snippet":"max-snippet:-1","max-image-preview":"max-image-preview:large","max-video-preview":"max-video-preview:-1"},"og_locale":"da_DK","og_type":"article","og_title":"Xylocaine | Hurtig bed\u00f8velse, n\u00e5r som helst - Transtoyou","og_description":"Oplev komfort med Xylocaine, der effektivt lindrer ubehag. F\u00e5s nu hos Transtoyou, din betroede kilde til kvalitets sundhedsprodukter.","og_url":"https:\/\/www.transtoyou.com\/da\/product\/xylocaine\/","og_site_name":"Transtoyou - DA","article_modified_time":"2026-03-08T10:55:02+00:00","twitter_card":"summary_large_image","twitter_misc":{"Estimeret l\u00e6setid":"1 minut"},"schema":{"@context":"https:\/\/schema.org","@graph":[{"@type":"WebPage","@id":"https:\/\/www.transtoyou.com\/da\/product\/xylocaine\/","url":"https:\/\/www.transtoyou.com\/da\/product\/xylocaine\/","name":"Xylocaine | Hurtig bed\u00f8velse, n\u00e5r som helst - Transtoyou","isPartOf":{"@id":"https:\/\/www.transtoyou.com\/da\/#website"},"primaryImageOfPage":{"@id":"https:\/\/www.transtoyou.com\/da\/product\/xylocaine\/#primaryimage"},"image":{"@id":"https:\/\/www.transtoyou.com\/da\/product\/xylocaine\/#primaryimage"},"thumbnailUrl":"https:\/\/www.transtoyou.com\/da\/wp-content\/uploads\/sites\/6\/2026\/01\/tty-no-product-image-43.webp","datePublished":"2026-01-23T18:55:00+00:00","dateModified":"2026-03-08T10:55:02+00:00","description":"Oplev komfort med Xylocaine, der effektivt lindrer ubehag. F\u00e5s nu hos Transtoyou, din betroede kilde til kvalitets sundhedsprodukter.","breadcrumb":{"@id":"https:\/\/www.transtoyou.com\/da\/product\/xylocaine\/#breadcrumb"},"inLanguage":"da-DK","potentialAction":[{"@type":"ReadAction","target":["https:\/\/www.transtoyou.com\/da\/product\/xylocaine\/"]}]},{"@type":"ImageObject","inLanguage":"da-DK","@id":"https:\/\/www.transtoyou.com\/da\/product\/xylocaine\/#primaryimage","url":"https:\/\/www.transtoyou.com\/da\/wp-content\/uploads\/sites\/6\/2026\/01\/tty-no-product-image-43.webp","contentUrl":"https:\/\/www.transtoyou.com\/da\/wp-content\/uploads\/sites\/6\/2026\/01\/tty-no-product-image-43.webp","width":1000,"height":1000,"caption":"Standard produktbillede"},{"@type":"WebSite","@id":"https:\/\/www.transtoyou.com\/da\/#website","url":"https:\/\/www.transtoyou.com\/da\/","name":"Transtoyou - DA","description":"","publisher":{"@id":"https:\/\/www.transtoyou.com\/da\/#organization"},"potentialAction":[{"@type":"SearchAction","target":{"@type":"EntryPoint","urlTemplate":"https:\/\/www.transtoyou.com\/da\/?s={search_term_string}"},"query-input":{"@type":"PropertyValueSpecification","valueRequired":true,"valueName":"search_term_string"}}],"inLanguage":"da-DK"},{"@type":"Organization","@id":"https:\/\/www.transtoyou.com\/da\/#organization","name":"Transtoyou - DA","url":"https:\/\/www.transtoyou.com\/da\/","logo":{"@type":"ImageObject","inLanguage":"da-DK","@id":"https:\/\/www.transtoyou.com\/da\/#\/schema\/logo\/image\/","url":"https:\/\/www.transtoyou.com\/da\/wp-content\/uploads\/sites\/6\/2026\/01\/logo-tty-menu-bar-300x87-1.webp","contentUrl":"https:\/\/www.transtoyou.com\/da\/wp-content\/uploads\/sites\/6\/2026\/01\/logo-tty-menu-bar-300x87-1.webp","width":300,"height":87,"caption":"Transtoyou - DA"},"image":{"@id":"https:\/\/www.transtoyou.com\/da\/#\/schema\/logo\/image\/"}}]}},"_links":{"self":[{"href":"https:\/\/www.transtoyou.com\/da\/wp-json\/wp\/v2\/product\/899","targetHints":{"allow":["GET"]}}],"collection":[{"href":"https:\/\/www.transtoyou.com\/da\/wp-json\/wp\/v2\/product"}],"about":[{"href":"https:\/\/www.transtoyou.com\/da\/wp-json\/wp\/v2\/types\/product"}],"replies":[{"embeddable":true,"href":"https:\/\/www.transtoyou.com\/da\/wp-json\/wp\/v2\/comments?post=899"}],"wp:featuredmedia":[{"embeddable":true,"href":"https:\/\/www.transtoyou.com\/da\/wp-json\/wp\/v2\/media\/901"}],"wp:attachment":[{"href":"https:\/\/www.transtoyou.com\/da\/wp-json\/wp\/v2\/media?parent=899"}],"wp:term":[{"taxonomy":"product_brand","embeddable":true,"href":"https:\/\/www.transtoyou.com\/da\/wp-json\/wp\/v2\/product_brand?post=899"},{"taxonomy":"product_cat","embeddable":true,"href":"https:\/\/www.transtoyou.com\/da\/wp-json\/wp\/v2\/product_cat?post=899"},{"taxonomy":"product_tag","embeddable":true,"href":"https:\/\/www.transtoyou.com\/da\/wp-json\/wp\/v2\/product_tag?post=899"},{"taxonomy":"expert","embeddable":true,"href":"https:\/\/www.transtoyou.com\/da\/wp-json\/wp\/v2\/expert?post=899"}],"curies":[{"name":"wp","href":"https:\/\/api.w.org\/{rel}","templated":true}]}}