{"id":905,"date":"2026-01-23T21:23:40","date_gmt":"2026-01-23T19:23:40","guid":{"rendered":"https:\/\/www.transtoyou.com\/da\/product\/mirena\/"},"modified":"2026-01-23T21:24:35","modified_gmt":"2026-01-23T19:24:35","slug":"mirena","status":"publish","type":"product","link":"https:\/\/www.transtoyou.com\/da\/product\/mirena\/","title":{"rendered":"Mirena"},"content":{"rendered":"<p>Mirena er en hormonfrigivende intrauterin enhed, der tilbyder langvarig pr\u00e6vention og ogs\u00e5 bruges til at reducere kraftig menstruationsbl\u00f8dning. Den indeholder levonorgestrel, et gestagen, der langsomt frigives i livmoderen over flere \u00e5r. N\u00e5r den er indsat, giver Mirena p\u00e5lidelig beskyttelse mod graviditet i op til fem \u00e5r, samtidig med at den hj\u00e6lper med at undertrykke eller lette menstruationsbl\u00f8dningen.<\/p>\n<p>Enheden inds\u00e6ttes i livmoderen under en kort procedure p\u00e5 klinikken. Den virker ved at tykne livmoderhalsens slim for at blokere s\u00e6dceller, \u00e6ndre livmoderslimhinden for at forhindre implantation, og hos nogle personer kan den undertrykke \u00e6gl\u00f8sning. Hormonet leveres direkte til livmoderen, s\u00e5 systemisk hormoneksponering forbliver lav.<\/p>\n<p>Mirena v\u00e6lges ofte ikke kun for sine pr\u00e6ventionsfordele, men ogs\u00e5 for sin evne til betydeligt at reducere menstruationsstr\u00f8mmen. Mange brugere oplever lettere menstruationer, og i nogle tilf\u00e6lde stopper menstruationerne helt. Den bruges ofte af personer, der oplever kraftige eller smertefulde menstruationer, eller som foretr\u00e6kker en langvarig, lavvedligeholdelsesl\u00f8sning, der undg\u00e5r daglige piller.<\/p>\n<p>Som en hormonbaseret IUD, der ikke indeholder \u00f8strogen, er Mirena et godt valg for dem, der ikke kan eller foretr\u00e6kker ikke at bruge \u00f8strogenholdige pr\u00e6ventionsmidler. Den kan fjernes n\u00e5r som helst, og fertiliteten vender typisk hurtigt tilbage efter fjernelse.<\/p>\n","protected":false},"excerpt":{"rendered":"<ul>\n<li>Hormonspiral i op til 5 \u00e5r<\/li>\n<li>Reducerer eller stopper menstruationen<\/li>\n<li>\u00d8strogenfri pr\u00e6ventionsmulighed<\/li>\n<\/ul>\n","protected":false},"featured_media":906,"comment_status":"open","ping_status":"closed","template":"","meta":[],"product_brand":[],"product_cat":[141,148],"product_tag":[],"expert":[19],"class_list":{"0":"post-905","1":"product","2":"type-product","3":"status-publish","4":"has-post-thumbnail","6":"product_cat-intrauterin-enhed-iud","7":"product_cat-menstruationsundertrykkelse","8":"expert-dr-j-vazquez","10":"first","11":"instock","12":"shipping-taxable","13":"product-type-simple"},"yoast_head":"<!-- This site is optimized with the Yoast SEO plugin v27.0 - https:\/\/yoast.com\/product\/yoast-seo-wordpress\/ -->\n<title>Mirena | Effektiv Pr\u00e6ventionsl\u00f8sning - Transtoyou<\/title>\n<meta name=\"description\" content=\"Mirena: P\u00e5lidelig pr\u00e6ventionsl\u00f8sning tilg\u00e6ngelig her. Udforsk fordelene og shop i dag hos Transtoyou for nem, p\u00e5lidelig adgang til sundhedspleje.\" \/>\n<meta name=\"robots\" content=\"noindex, follow, max-snippet:-1, max-image-preview:large, max-video-preview:-1\" \/>\n<meta property=\"og:locale\" content=\"da_DK\" \/>\n<meta property=\"og:type\" content=\"article\" \/>\n<meta property=\"og:title\" content=\"Mirena | Effektiv Pr\u00e6ventionsl\u00f8sning - Transtoyou\" \/>\n<meta property=\"og:description\" content=\"Mirena: P\u00e5lidelig pr\u00e6ventionsl\u00f8sning tilg\u00e6ngelig her. Udforsk fordelene og shop i dag hos Transtoyou for nem, p\u00e5lidelig adgang til sundhedspleje.\" \/>\n<meta property=\"og:url\" content=\"https:\/\/www.transtoyou.com\/da\/product\/mirena\/\" \/>\n<meta property=\"og:site_name\" content=\"Transtoyou - DA\" \/>\n<meta property=\"article:modified_time\" content=\"2026-01-23T19:24:35+00:00\" \/>\n<meta name=\"twitter:card\" content=\"summary_large_image\" \/>\n<meta name=\"twitter:label1\" content=\"Estimeret l\u00e6setid\" \/>\n\t<meta name=\"twitter:data1\" content=\"1 minut\" \/>\n<script type=\"application\/ld+json\" class=\"yoast-schema-graph\">{\"@context\":\"https:\/\/schema.org\",\"@graph\":[{\"@type\":\"WebPage\",\"@id\":\"https:\/\/www.transtoyou.com\/da\/product\/mirena\/\",\"url\":\"https:\/\/www.transtoyou.com\/da\/product\/mirena\/\",\"name\":\"Mirena | Effektiv Pr\u00e6ventionsl\u00f8sning - Transtoyou\",\"isPartOf\":{\"@id\":\"https:\/\/www.transtoyou.com\/da\/#website\"},\"primaryImageOfPage\":{\"@id\":\"https:\/\/www.transtoyou.com\/da\/product\/mirena\/#primaryimage\"},\"image\":{\"@id\":\"https:\/\/www.transtoyou.com\/da\/product\/mirena\/#primaryimage\"},\"thumbnailUrl\":\"https:\/\/www.transtoyou.com\/da\/wp-content\/uploads\/sites\/6\/2026\/01\/tty-no-product-image-45.webp\",\"datePublished\":\"2026-01-23T19:23:40+00:00\",\"dateModified\":\"2026-01-23T19:24:35+00:00\",\"description\":\"Mirena: P\u00e5lidelig pr\u00e6ventionsl\u00f8sning tilg\u00e6ngelig her. Udforsk fordelene og shop i dag hos Transtoyou for nem, p\u00e5lidelig adgang til sundhedspleje.\",\"breadcrumb\":{\"@id\":\"https:\/\/www.transtoyou.com\/da\/product\/mirena\/#breadcrumb\"},\"inLanguage\":\"da-DK\",\"potentialAction\":[{\"@type\":\"ReadAction\",\"target\":[\"https:\/\/www.transtoyou.com\/da\/product\/mirena\/\"]}]},{\"@type\":\"ImageObject\",\"inLanguage\":\"da-DK\",\"@id\":\"https:\/\/www.transtoyou.com\/da\/product\/mirena\/#primaryimage\",\"url\":\"https:\/\/www.transtoyou.com\/da\/wp-content\/uploads\/sites\/6\/2026\/01\/tty-no-product-image-45.webp\",\"contentUrl\":\"https:\/\/www.transtoyou.com\/da\/wp-content\/uploads\/sites\/6\/2026\/01\/tty-no-product-image-45.webp\",\"width\":1000,\"height\":1000,\"caption\":\"Standard produktbillede\"},{\"@type\":\"WebSite\",\"@id\":\"https:\/\/www.transtoyou.com\/da\/#website\",\"url\":\"https:\/\/www.transtoyou.com\/da\/\",\"name\":\"Transtoyou - DA\",\"description\":\"\",\"publisher\":{\"@id\":\"https:\/\/www.transtoyou.com\/da\/#organization\"},\"potentialAction\":[{\"@type\":\"SearchAction\",\"target\":{\"@type\":\"EntryPoint\",\"urlTemplate\":\"https:\/\/www.transtoyou.com\/da\/?s={search_term_string}\"},\"query-input\":{\"@type\":\"PropertyValueSpecification\",\"valueRequired\":true,\"valueName\":\"search_term_string\"}}],\"inLanguage\":\"da-DK\"},{\"@type\":\"Organization\",\"@id\":\"https:\/\/www.transtoyou.com\/da\/#organization\",\"name\":\"Transtoyou - DA\",\"url\":\"https:\/\/www.transtoyou.com\/da\/\",\"logo\":{\"@type\":\"ImageObject\",\"inLanguage\":\"da-DK\",\"@id\":\"https:\/\/www.transtoyou.com\/da\/#\/schema\/logo\/image\/\",\"url\":\"https:\/\/www.transtoyou.com\/da\/wp-content\/uploads\/sites\/6\/2026\/01\/logo-tty-menu-bar-300x87-1.webp\",\"contentUrl\":\"https:\/\/www.transtoyou.com\/da\/wp-content\/uploads\/sites\/6\/2026\/01\/logo-tty-menu-bar-300x87-1.webp\",\"width\":300,\"height\":87,\"caption\":\"Transtoyou - DA\"},\"image\":{\"@id\":\"https:\/\/www.transtoyou.com\/da\/#\/schema\/logo\/image\/\"}}]}<\/script>\n<!-- \/ Yoast SEO plugin. -->","yoast_head_json":{"title":"Mirena | Effektiv Pr\u00e6ventionsl\u00f8sning - Transtoyou","description":"Mirena: P\u00e5lidelig pr\u00e6ventionsl\u00f8sning tilg\u00e6ngelig her. Udforsk fordelene og shop i dag hos Transtoyou for nem, p\u00e5lidelig adgang til sundhedspleje.","robots":{"index":"noindex","follow":"follow","max-snippet":"max-snippet:-1","max-image-preview":"max-image-preview:large","max-video-preview":"max-video-preview:-1"},"og_locale":"da_DK","og_type":"article","og_title":"Mirena | Effektiv Pr\u00e6ventionsl\u00f8sning - Transtoyou","og_description":"Mirena: P\u00e5lidelig pr\u00e6ventionsl\u00f8sning tilg\u00e6ngelig her. Udforsk fordelene og shop i dag hos Transtoyou for nem, p\u00e5lidelig adgang til sundhedspleje.","og_url":"https:\/\/www.transtoyou.com\/da\/product\/mirena\/","og_site_name":"Transtoyou - DA","article_modified_time":"2026-01-23T19:24:35+00:00","twitter_card":"summary_large_image","twitter_misc":{"Estimeret l\u00e6setid":"1 minut"},"schema":{"@context":"https:\/\/schema.org","@graph":[{"@type":"WebPage","@id":"https:\/\/www.transtoyou.com\/da\/product\/mirena\/","url":"https:\/\/www.transtoyou.com\/da\/product\/mirena\/","name":"Mirena | Effektiv Pr\u00e6ventionsl\u00f8sning - Transtoyou","isPartOf":{"@id":"https:\/\/www.transtoyou.com\/da\/#website"},"primaryImageOfPage":{"@id":"https:\/\/www.transtoyou.com\/da\/product\/mirena\/#primaryimage"},"image":{"@id":"https:\/\/www.transtoyou.com\/da\/product\/mirena\/#primaryimage"},"thumbnailUrl":"https:\/\/www.transtoyou.com\/da\/wp-content\/uploads\/sites\/6\/2026\/01\/tty-no-product-image-45.webp","datePublished":"2026-01-23T19:23:40+00:00","dateModified":"2026-01-23T19:24:35+00:00","description":"Mirena: P\u00e5lidelig pr\u00e6ventionsl\u00f8sning tilg\u00e6ngelig her. Udforsk fordelene og shop i dag hos Transtoyou for nem, p\u00e5lidelig adgang til sundhedspleje.","breadcrumb":{"@id":"https:\/\/www.transtoyou.com\/da\/product\/mirena\/#breadcrumb"},"inLanguage":"da-DK","potentialAction":[{"@type":"ReadAction","target":["https:\/\/www.transtoyou.com\/da\/product\/mirena\/"]}]},{"@type":"ImageObject","inLanguage":"da-DK","@id":"https:\/\/www.transtoyou.com\/da\/product\/mirena\/#primaryimage","url":"https:\/\/www.transtoyou.com\/da\/wp-content\/uploads\/sites\/6\/2026\/01\/tty-no-product-image-45.webp","contentUrl":"https:\/\/www.transtoyou.com\/da\/wp-content\/uploads\/sites\/6\/2026\/01\/tty-no-product-image-45.webp","width":1000,"height":1000,"caption":"Standard produktbillede"},{"@type":"WebSite","@id":"https:\/\/www.transtoyou.com\/da\/#website","url":"https:\/\/www.transtoyou.com\/da\/","name":"Transtoyou - DA","description":"","publisher":{"@id":"https:\/\/www.transtoyou.com\/da\/#organization"},"potentialAction":[{"@type":"SearchAction","target":{"@type":"EntryPoint","urlTemplate":"https:\/\/www.transtoyou.com\/da\/?s={search_term_string}"},"query-input":{"@type":"PropertyValueSpecification","valueRequired":true,"valueName":"search_term_string"}}],"inLanguage":"da-DK"},{"@type":"Organization","@id":"https:\/\/www.transtoyou.com\/da\/#organization","name":"Transtoyou - DA","url":"https:\/\/www.transtoyou.com\/da\/","logo":{"@type":"ImageObject","inLanguage":"da-DK","@id":"https:\/\/www.transtoyou.com\/da\/#\/schema\/logo\/image\/","url":"https:\/\/www.transtoyou.com\/da\/wp-content\/uploads\/sites\/6\/2026\/01\/logo-tty-menu-bar-300x87-1.webp","contentUrl":"https:\/\/www.transtoyou.com\/da\/wp-content\/uploads\/sites\/6\/2026\/01\/logo-tty-menu-bar-300x87-1.webp","width":300,"height":87,"caption":"Transtoyou - DA"},"image":{"@id":"https:\/\/www.transtoyou.com\/da\/#\/schema\/logo\/image\/"}}]}},"_links":{"self":[{"href":"https:\/\/www.transtoyou.com\/da\/wp-json\/wp\/v2\/product\/905","targetHints":{"allow":["GET"]}}],"collection":[{"href":"https:\/\/www.transtoyou.com\/da\/wp-json\/wp\/v2\/product"}],"about":[{"href":"https:\/\/www.transtoyou.com\/da\/wp-json\/wp\/v2\/types\/product"}],"replies":[{"embeddable":true,"href":"https:\/\/www.transtoyou.com\/da\/wp-json\/wp\/v2\/comments?post=905"}],"wp:featuredmedia":[{"embeddable":true,"href":"https:\/\/www.transtoyou.com\/da\/wp-json\/wp\/v2\/media\/906"}],"wp:attachment":[{"href":"https:\/\/www.transtoyou.com\/da\/wp-json\/wp\/v2\/media?parent=905"}],"wp:term":[{"taxonomy":"product_brand","embeddable":true,"href":"https:\/\/www.transtoyou.com\/da\/wp-json\/wp\/v2\/product_brand?post=905"},{"taxonomy":"product_cat","embeddable":true,"href":"https:\/\/www.transtoyou.com\/da\/wp-json\/wp\/v2\/product_cat?post=905"},{"taxonomy":"product_tag","embeddable":true,"href":"https:\/\/www.transtoyou.com\/da\/wp-json\/wp\/v2\/product_tag?post=905"},{"taxonomy":"expert","embeddable":true,"href":"https:\/\/www.transtoyou.com\/da\/wp-json\/wp\/v2\/expert?post=905"}],"curies":[{"name":"wp","href":"https:\/\/api.w.org\/{rel}","templated":true}]}}