{"id":907,"date":"2026-01-23T21:37:57","date_gmt":"2026-01-23T19:37:57","guid":{"rendered":"https:\/\/www.transtoyou.com\/da\/product\/kyleena\/"},"modified":"2026-02-07T00:45:39","modified_gmt":"2026-02-06T22:45:39","slug":"kyleena","status":"publish","type":"product","link":"https:\/\/www.transtoyou.com\/da\/product\/kyleena\/","title":{"rendered":"Kyleena"},"content":{"rendered":"<p>Kyleena er en lille, fleksibel intrauterin enhed, der frigiver en lav dosis af hormonet levonorgestrel direkte ind i livmoderen. Den giver langvarig reversibel pr\u00e6vention i op til fem \u00e5r og er blandt de mest effektive pr\u00e6ventionsmetoder, der findes. N\u00e5r den er placeret, arbejder Kyleena kontinuerligt uden at kr\u00e6ve daglig opm\u00e6rksomhed.<\/p>\n<p>Enheden placeres inde i livmoderen under en simpel procedure. Den frigiver langsomt levonorgestrel, som fortykkes livmoderhalsslim for at forhindre s\u00e6dceller i at n\u00e5 \u00e6gget og kan ogs\u00e5 undertrykke \u00e6gl\u00f8sning hos nogle personer. Hormonet frigives lokalt i sm\u00e5 m\u00e6ngder, hvilket reducerer sandsynligheden for systemiske bivirkninger.<\/p>\n<p>Kyleena er mindre end nogle andre IUD&#8217;er og v\u00e6lges ofte af personer, der foretr\u00e6kker en lavdosis hormonel mulighed eller som ikke har f\u00e5et b\u00f8rn. Den er effektiv inden for 24 timer efter placering og kan fjernes n\u00e5r som helst, hvilket g\u00f8r det muligt for fertiliteten at vende hurtigt tilbage. I mods\u00e6tning til daglige piller eller injektioner tilbyder Kyleena kontinuerlig beskyttelse uden at kr\u00e6ve regelm\u00e6ssig handling fra brugeren.<\/p>\n<p>Denne IUD er en diskret og meget p\u00e5lidelig pr\u00e6ventionsmetode, der g\u00f8r det muligt for brugere at undg\u00e5 \u00f8strogen og v\u00e6lge en langvarig, lavvedligeholdelsesl\u00f8sning. Kyleena indeholder ikke kobber og er ikke beregnet til n\u00f8dpr\u00e6vention. Du kan anmode om Kyleena hos Transtoyou, men du skal lave en aftale med en professionel, der kan placere IUD&#8217;en for dig.<\/p>\n","protected":false},"excerpt":{"rendered":"<ul>\n<li>Langtidsvirkende hormonspiral<\/li>\n<li>Effektiv i op til fem \u00e5r<\/li>\n<li>Lavdosis og \u00f8strogenfri<\/li>\n<\/ul>\n","protected":false},"featured_media":909,"comment_status":"open","ping_status":"closed","template":"","meta":[],"product_brand":[],"product_cat":[141,148],"product_tag":[],"expert":[19],"class_list":{"0":"post-907","1":"product","2":"type-product","3":"status-publish","4":"has-post-thumbnail","6":"product_cat-intrauterin-enhed-iud","7":"product_cat-menstruationsundertrykkelse","8":"expert-dr-j-vazquez","10":"first","11":"instock","12":"shipping-taxable","13":"purchasable","14":"product-type-variable"},"yoast_head":"<!-- This site is optimized with the Yoast SEO plugin v27.0 - https:\/\/yoast.com\/product\/yoast-seo-wordpress\/ -->\n<title>Kyleena | Effektiv Langtidspr\u00e6vention - Transtoyou<\/title>\n<meta name=\"description\" content=\"Kyleena, tilg\u00e6ngelig hos Transtoyou, tilbyder p\u00e5lidelig, langvarig pr\u00e6vention. Udforsk fordelene i dag for en trov\u00e6rdig l\u00f8sning til din familieplanl\u00e6gning.\" \/>\n<meta name=\"robots\" content=\"noindex, follow, max-snippet:-1, max-image-preview:large, max-video-preview:-1\" \/>\n<meta property=\"og:locale\" content=\"da_DK\" \/>\n<meta property=\"og:type\" content=\"article\" \/>\n<meta property=\"og:title\" content=\"Kyleena | Effektiv Langtidspr\u00e6vention - Transtoyou\" \/>\n<meta property=\"og:description\" content=\"Kyleena, tilg\u00e6ngelig hos Transtoyou, tilbyder p\u00e5lidelig, langvarig pr\u00e6vention. Udforsk fordelene i dag for en trov\u00e6rdig l\u00f8sning til din familieplanl\u00e6gning.\" \/>\n<meta property=\"og:url\" content=\"https:\/\/www.transtoyou.com\/da\/product\/kyleena\/\" \/>\n<meta property=\"og:site_name\" content=\"Transtoyou - DA\" \/>\n<meta property=\"article:modified_time\" content=\"2026-02-06T22:45:39+00:00\" \/>\n<meta name=\"twitter:card\" content=\"summary_large_image\" \/>\n<meta name=\"twitter:label1\" content=\"Estimeret l\u00e6setid\" \/>\n\t<meta name=\"twitter:data1\" content=\"1 minut\" \/>\n<script type=\"application\/ld+json\" class=\"yoast-schema-graph\">{\"@context\":\"https:\/\/schema.org\",\"@graph\":[{\"@type\":\"WebPage\",\"@id\":\"https:\/\/www.transtoyou.com\/da\/product\/kyleena\/\",\"url\":\"https:\/\/www.transtoyou.com\/da\/product\/kyleena\/\",\"name\":\"Kyleena | Effektiv Langtidspr\u00e6vention - Transtoyou\",\"isPartOf\":{\"@id\":\"https:\/\/www.transtoyou.com\/da\/#website\"},\"primaryImageOfPage\":{\"@id\":\"https:\/\/www.transtoyou.com\/da\/product\/kyleena\/#primaryimage\"},\"image\":{\"@id\":\"https:\/\/www.transtoyou.com\/da\/product\/kyleena\/#primaryimage\"},\"thumbnailUrl\":\"https:\/\/www.transtoyou.com\/da\/wp-content\/uploads\/sites\/6\/2026\/01\/tty-no-product-image-46.webp\",\"datePublished\":\"2026-01-23T19:37:57+00:00\",\"dateModified\":\"2026-02-06T22:45:39+00:00\",\"description\":\"Kyleena, tilg\u00e6ngelig hos Transtoyou, tilbyder p\u00e5lidelig, langvarig pr\u00e6vention. Udforsk fordelene i dag for en trov\u00e6rdig l\u00f8sning til din familieplanl\u00e6gning.\",\"breadcrumb\":{\"@id\":\"https:\/\/www.transtoyou.com\/da\/product\/kyleena\/#breadcrumb\"},\"inLanguage\":\"da-DK\",\"potentialAction\":[{\"@type\":\"ReadAction\",\"target\":[\"https:\/\/www.transtoyou.com\/da\/product\/kyleena\/\"]}]},{\"@type\":\"ImageObject\",\"inLanguage\":\"da-DK\",\"@id\":\"https:\/\/www.transtoyou.com\/da\/product\/kyleena\/#primaryimage\",\"url\":\"https:\/\/www.transtoyou.com\/da\/wp-content\/uploads\/sites\/6\/2026\/01\/tty-no-product-image-46.webp\",\"contentUrl\":\"https:\/\/www.transtoyou.com\/da\/wp-content\/uploads\/sites\/6\/2026\/01\/tty-no-product-image-46.webp\",\"width\":1000,\"height\":1000,\"caption\":\"Standard produktbillede\"},{\"@type\":\"WebSite\",\"@id\":\"https:\/\/www.transtoyou.com\/da\/#website\",\"url\":\"https:\/\/www.transtoyou.com\/da\/\",\"name\":\"Transtoyou - DA\",\"description\":\"\",\"publisher\":{\"@id\":\"https:\/\/www.transtoyou.com\/da\/#organization\"},\"potentialAction\":[{\"@type\":\"SearchAction\",\"target\":{\"@type\":\"EntryPoint\",\"urlTemplate\":\"https:\/\/www.transtoyou.com\/da\/?s={search_term_string}\"},\"query-input\":{\"@type\":\"PropertyValueSpecification\",\"valueRequired\":true,\"valueName\":\"search_term_string\"}}],\"inLanguage\":\"da-DK\"},{\"@type\":\"Organization\",\"@id\":\"https:\/\/www.transtoyou.com\/da\/#organization\",\"name\":\"Transtoyou - DA\",\"url\":\"https:\/\/www.transtoyou.com\/da\/\",\"logo\":{\"@type\":\"ImageObject\",\"inLanguage\":\"da-DK\",\"@id\":\"https:\/\/www.transtoyou.com\/da\/#\/schema\/logo\/image\/\",\"url\":\"https:\/\/www.transtoyou.com\/da\/wp-content\/uploads\/sites\/6\/2026\/01\/logo-tty-menu-bar-300x87-1.webp\",\"contentUrl\":\"https:\/\/www.transtoyou.com\/da\/wp-content\/uploads\/sites\/6\/2026\/01\/logo-tty-menu-bar-300x87-1.webp\",\"width\":300,\"height\":87,\"caption\":\"Transtoyou - DA\"},\"image\":{\"@id\":\"https:\/\/www.transtoyou.com\/da\/#\/schema\/logo\/image\/\"}}]}<\/script>\n<!-- \/ Yoast SEO plugin. -->","yoast_head_json":{"title":"Kyleena | Effektiv Langtidspr\u00e6vention - Transtoyou","description":"Kyleena, tilg\u00e6ngelig hos Transtoyou, tilbyder p\u00e5lidelig, langvarig pr\u00e6vention. Udforsk fordelene i dag for en trov\u00e6rdig l\u00f8sning til din familieplanl\u00e6gning.","robots":{"index":"noindex","follow":"follow","max-snippet":"max-snippet:-1","max-image-preview":"max-image-preview:large","max-video-preview":"max-video-preview:-1"},"og_locale":"da_DK","og_type":"article","og_title":"Kyleena | Effektiv Langtidspr\u00e6vention - Transtoyou","og_description":"Kyleena, tilg\u00e6ngelig hos Transtoyou, tilbyder p\u00e5lidelig, langvarig pr\u00e6vention. Udforsk fordelene i dag for en trov\u00e6rdig l\u00f8sning til din familieplanl\u00e6gning.","og_url":"https:\/\/www.transtoyou.com\/da\/product\/kyleena\/","og_site_name":"Transtoyou - DA","article_modified_time":"2026-02-06T22:45:39+00:00","twitter_card":"summary_large_image","twitter_misc":{"Estimeret l\u00e6setid":"1 minut"},"schema":{"@context":"https:\/\/schema.org","@graph":[{"@type":"WebPage","@id":"https:\/\/www.transtoyou.com\/da\/product\/kyleena\/","url":"https:\/\/www.transtoyou.com\/da\/product\/kyleena\/","name":"Kyleena | Effektiv Langtidspr\u00e6vention - Transtoyou","isPartOf":{"@id":"https:\/\/www.transtoyou.com\/da\/#website"},"primaryImageOfPage":{"@id":"https:\/\/www.transtoyou.com\/da\/product\/kyleena\/#primaryimage"},"image":{"@id":"https:\/\/www.transtoyou.com\/da\/product\/kyleena\/#primaryimage"},"thumbnailUrl":"https:\/\/www.transtoyou.com\/da\/wp-content\/uploads\/sites\/6\/2026\/01\/tty-no-product-image-46.webp","datePublished":"2026-01-23T19:37:57+00:00","dateModified":"2026-02-06T22:45:39+00:00","description":"Kyleena, tilg\u00e6ngelig hos Transtoyou, tilbyder p\u00e5lidelig, langvarig pr\u00e6vention. Udforsk fordelene i dag for en trov\u00e6rdig l\u00f8sning til din familieplanl\u00e6gning.","breadcrumb":{"@id":"https:\/\/www.transtoyou.com\/da\/product\/kyleena\/#breadcrumb"},"inLanguage":"da-DK","potentialAction":[{"@type":"ReadAction","target":["https:\/\/www.transtoyou.com\/da\/product\/kyleena\/"]}]},{"@type":"ImageObject","inLanguage":"da-DK","@id":"https:\/\/www.transtoyou.com\/da\/product\/kyleena\/#primaryimage","url":"https:\/\/www.transtoyou.com\/da\/wp-content\/uploads\/sites\/6\/2026\/01\/tty-no-product-image-46.webp","contentUrl":"https:\/\/www.transtoyou.com\/da\/wp-content\/uploads\/sites\/6\/2026\/01\/tty-no-product-image-46.webp","width":1000,"height":1000,"caption":"Standard produktbillede"},{"@type":"WebSite","@id":"https:\/\/www.transtoyou.com\/da\/#website","url":"https:\/\/www.transtoyou.com\/da\/","name":"Transtoyou - DA","description":"","publisher":{"@id":"https:\/\/www.transtoyou.com\/da\/#organization"},"potentialAction":[{"@type":"SearchAction","target":{"@type":"EntryPoint","urlTemplate":"https:\/\/www.transtoyou.com\/da\/?s={search_term_string}"},"query-input":{"@type":"PropertyValueSpecification","valueRequired":true,"valueName":"search_term_string"}}],"inLanguage":"da-DK"},{"@type":"Organization","@id":"https:\/\/www.transtoyou.com\/da\/#organization","name":"Transtoyou - DA","url":"https:\/\/www.transtoyou.com\/da\/","logo":{"@type":"ImageObject","inLanguage":"da-DK","@id":"https:\/\/www.transtoyou.com\/da\/#\/schema\/logo\/image\/","url":"https:\/\/www.transtoyou.com\/da\/wp-content\/uploads\/sites\/6\/2026\/01\/logo-tty-menu-bar-300x87-1.webp","contentUrl":"https:\/\/www.transtoyou.com\/da\/wp-content\/uploads\/sites\/6\/2026\/01\/logo-tty-menu-bar-300x87-1.webp","width":300,"height":87,"caption":"Transtoyou - DA"},"image":{"@id":"https:\/\/www.transtoyou.com\/da\/#\/schema\/logo\/image\/"}}]}},"_links":{"self":[{"href":"https:\/\/www.transtoyou.com\/da\/wp-json\/wp\/v2\/product\/907","targetHints":{"allow":["GET"]}}],"collection":[{"href":"https:\/\/www.transtoyou.com\/da\/wp-json\/wp\/v2\/product"}],"about":[{"href":"https:\/\/www.transtoyou.com\/da\/wp-json\/wp\/v2\/types\/product"}],"replies":[{"embeddable":true,"href":"https:\/\/www.transtoyou.com\/da\/wp-json\/wp\/v2\/comments?post=907"}],"wp:featuredmedia":[{"embeddable":true,"href":"https:\/\/www.transtoyou.com\/da\/wp-json\/wp\/v2\/media\/909"}],"wp:attachment":[{"href":"https:\/\/www.transtoyou.com\/da\/wp-json\/wp\/v2\/media?parent=907"}],"wp:term":[{"taxonomy":"product_brand","embeddable":true,"href":"https:\/\/www.transtoyou.com\/da\/wp-json\/wp\/v2\/product_brand?post=907"},{"taxonomy":"product_cat","embeddable":true,"href":"https:\/\/www.transtoyou.com\/da\/wp-json\/wp\/v2\/product_cat?post=907"},{"taxonomy":"product_tag","embeddable":true,"href":"https:\/\/www.transtoyou.com\/da\/wp-json\/wp\/v2\/product_tag?post=907"},{"taxonomy":"expert","embeddable":true,"href":"https:\/\/www.transtoyou.com\/da\/wp-json\/wp\/v2\/expert?post=907"}],"curies":[{"name":"wp","href":"https:\/\/api.w.org\/{rel}","templated":true}]}}