{"id":910,"date":"2026-01-23T21:52:01","date_gmt":"2026-01-23T19:52:01","guid":{"rendered":"https:\/\/www.transtoyou.com\/da\/product\/zumenon\/"},"modified":"2026-01-23T21:53:01","modified_gmt":"2026-01-23T19:53:01","slug":"zumenon","status":"publish","type":"product","link":"https:\/\/www.transtoyou.com\/da\/product\/zumenon\/","title":{"rendered":"Zumenon"},"content":{"rendered":"<p>Zumenon er en receptpligtig medicin til hormonbehandling. Hver tablet indeholder estradiol, en form for \u00f8strogen, der er identisk med den, der naturligt produceres i kroppen. Det bruges til at behandle symptomer p\u00e5 \u00f8strogenmangel hos personer, der har gennemg\u00e5et overgangsalderen, og kan ogs\u00e5 anvendes i \u00f8strogen- og feminiserende hormonbehandling.<\/p>\n<p>For personer, der oplever overgangsalder, hj\u00e6lper Zumenon med at reducere symptomer som hedeture, natlige svedeture, hum\u00f8rsvingninger og vaginal t\u00f8rhed. Disse symptomer er ofte resultatet af faldende \u00f8strogenniveauer. Ved at genoprette estradiolniveauerne underst\u00f8tter Zumenon hormonbalancen og forbedrer komforten i den postmenopausale periode.<\/p>\n<p>Zumenon anvendes ogs\u00e5 i forbindelse med k\u00f8nsbekr\u00e6ftende hormonbehandling. Hos transk\u00f8nnede kvinder kan estradiolen i Zumenon st\u00f8tte feminiserende fysiske forandringer, herunder fedtfordeling, bl\u00f8dg\u00f8ring af huden og brystudvikling. Den orale form kan v\u00e6re foretrukken af personer, der \u00f8nsker en enkel, velkendt administrationsmetode.<\/p>\n<p>Zumenon tages typisk \u00e9n gang dagligt, og doseringen kan justeres i henhold til individuelle behandlingsm\u00e5l. Det kan anvendes alene eller sammen med et gestagen for personer, der har en livmoder. Uanset om det er til overgangsalder eller k\u00f8nsovergang, tilbyder Zumenon en ligetil m\u00e5de at supplere \u00f8strogenniveauerne og st\u00f8tte langvarig hormonbalance.<\/p>\n","protected":false},"excerpt":{"rendered":"<ul>\n<li>Dagsdosis oral \u00f8strogen tablet<\/li>\n<li>Bruges til overgangsalderen og overgang<\/li>\n<li>Underst\u00f8tter hormonel balance<\/li>\n<\/ul>\n","protected":false},"featured_media":912,"comment_status":"open","ping_status":"closed","template":"","meta":[],"product_brand":[],"product_cat":[139,116],"product_tag":[],"expert":[19],"class_list":{"0":"post-910","1":"product","2":"type-product","3":"status-publish","4":"has-post-thumbnail","6":"product_cat-hormonbehandling-hrt","7":"product_cat-ostrogen-feminiserende-terapi","8":"expert-dr-j-vazquez","10":"first","11":"instock","12":"shipping-taxable","13":"product-type-variable"},"yoast_head":"<!-- This site is optimized with the Yoast SEO plugin v27.0 - https:\/\/yoast.com\/product\/yoast-seo-wordpress\/ -->\n<title>Zumenon | St\u00f8tte til hormonbalance - Transtoyou<\/title>\n<meta name=\"description\" content=\"Zumenon, tilg\u00e6ngelig her, tilbyder fordele ved hormonbehandling. Shop nu for effektiv lindring og forbedret velv\u00e6re med Transtoyous p\u00e5lidelige service.\" \/>\n<meta name=\"robots\" content=\"noindex, follow, max-snippet:-1, max-image-preview:large, max-video-preview:-1\" \/>\n<meta property=\"og:locale\" content=\"da_DK\" \/>\n<meta property=\"og:type\" content=\"article\" \/>\n<meta property=\"og:title\" content=\"Zumenon | St\u00f8tte til hormonbalance - Transtoyou\" \/>\n<meta property=\"og:description\" content=\"Zumenon, tilg\u00e6ngelig her, tilbyder fordele ved hormonbehandling. Shop nu for effektiv lindring og forbedret velv\u00e6re med Transtoyous p\u00e5lidelige service.\" \/>\n<meta property=\"og:url\" content=\"https:\/\/www.transtoyou.com\/da\/product\/zumenon\/\" \/>\n<meta property=\"og:site_name\" content=\"Transtoyou - DA\" \/>\n<meta property=\"article:modified_time\" content=\"2026-01-23T19:53:01+00:00\" \/>\n<meta name=\"twitter:card\" content=\"summary_large_image\" \/>\n<meta name=\"twitter:label1\" content=\"Estimeret l\u00e6setid\" \/>\n\t<meta name=\"twitter:data1\" content=\"1 minut\" \/>\n<script type=\"application\/ld+json\" class=\"yoast-schema-graph\">{\"@context\":\"https:\/\/schema.org\",\"@graph\":[{\"@type\":\"WebPage\",\"@id\":\"https:\/\/www.transtoyou.com\/da\/product\/zumenon\/\",\"url\":\"https:\/\/www.transtoyou.com\/da\/product\/zumenon\/\",\"name\":\"Zumenon | St\u00f8tte til hormonbalance - Transtoyou\",\"isPartOf\":{\"@id\":\"https:\/\/www.transtoyou.com\/da\/#website\"},\"primaryImageOfPage\":{\"@id\":\"https:\/\/www.transtoyou.com\/da\/product\/zumenon\/#primaryimage\"},\"image\":{\"@id\":\"https:\/\/www.transtoyou.com\/da\/product\/zumenon\/#primaryimage\"},\"thumbnailUrl\":\"https:\/\/www.transtoyou.com\/da\/wp-content\/uploads\/sites\/6\/2026\/01\/tty-no-product-image-47.webp\",\"datePublished\":\"2026-01-23T19:52:01+00:00\",\"dateModified\":\"2026-01-23T19:53:01+00:00\",\"description\":\"Zumenon, tilg\u00e6ngelig her, tilbyder fordele ved hormonbehandling. Shop nu for effektiv lindring og forbedret velv\u00e6re med Transtoyous p\u00e5lidelige service.\",\"breadcrumb\":{\"@id\":\"https:\/\/www.transtoyou.com\/da\/product\/zumenon\/#breadcrumb\"},\"inLanguage\":\"da-DK\",\"potentialAction\":[{\"@type\":\"ReadAction\",\"target\":[\"https:\/\/www.transtoyou.com\/da\/product\/zumenon\/\"]}]},{\"@type\":\"ImageObject\",\"inLanguage\":\"da-DK\",\"@id\":\"https:\/\/www.transtoyou.com\/da\/product\/zumenon\/#primaryimage\",\"url\":\"https:\/\/www.transtoyou.com\/da\/wp-content\/uploads\/sites\/6\/2026\/01\/tty-no-product-image-47.webp\",\"contentUrl\":\"https:\/\/www.transtoyou.com\/da\/wp-content\/uploads\/sites\/6\/2026\/01\/tty-no-product-image-47.webp\",\"width\":1000,\"height\":1000,\"caption\":\"Standard produktbillede\"},{\"@type\":\"WebSite\",\"@id\":\"https:\/\/www.transtoyou.com\/da\/#website\",\"url\":\"https:\/\/www.transtoyou.com\/da\/\",\"name\":\"Transtoyou - DA\",\"description\":\"\",\"publisher\":{\"@id\":\"https:\/\/www.transtoyou.com\/da\/#organization\"},\"potentialAction\":[{\"@type\":\"SearchAction\",\"target\":{\"@type\":\"EntryPoint\",\"urlTemplate\":\"https:\/\/www.transtoyou.com\/da\/?s={search_term_string}\"},\"query-input\":{\"@type\":\"PropertyValueSpecification\",\"valueRequired\":true,\"valueName\":\"search_term_string\"}}],\"inLanguage\":\"da-DK\"},{\"@type\":\"Organization\",\"@id\":\"https:\/\/www.transtoyou.com\/da\/#organization\",\"name\":\"Transtoyou - DA\",\"url\":\"https:\/\/www.transtoyou.com\/da\/\",\"logo\":{\"@type\":\"ImageObject\",\"inLanguage\":\"da-DK\",\"@id\":\"https:\/\/www.transtoyou.com\/da\/#\/schema\/logo\/image\/\",\"url\":\"https:\/\/www.transtoyou.com\/da\/wp-content\/uploads\/sites\/6\/2026\/01\/logo-tty-menu-bar-300x87-1.webp\",\"contentUrl\":\"https:\/\/www.transtoyou.com\/da\/wp-content\/uploads\/sites\/6\/2026\/01\/logo-tty-menu-bar-300x87-1.webp\",\"width\":300,\"height\":87,\"caption\":\"Transtoyou - DA\"},\"image\":{\"@id\":\"https:\/\/www.transtoyou.com\/da\/#\/schema\/logo\/image\/\"}}]}<\/script>\n<!-- \/ Yoast SEO plugin. -->","yoast_head_json":{"title":"Zumenon | St\u00f8tte til hormonbalance - Transtoyou","description":"Zumenon, tilg\u00e6ngelig her, tilbyder fordele ved hormonbehandling. Shop nu for effektiv lindring og forbedret velv\u00e6re med Transtoyous p\u00e5lidelige service.","robots":{"index":"noindex","follow":"follow","max-snippet":"max-snippet:-1","max-image-preview":"max-image-preview:large","max-video-preview":"max-video-preview:-1"},"og_locale":"da_DK","og_type":"article","og_title":"Zumenon | St\u00f8tte til hormonbalance - Transtoyou","og_description":"Zumenon, tilg\u00e6ngelig her, tilbyder fordele ved hormonbehandling. Shop nu for effektiv lindring og forbedret velv\u00e6re med Transtoyous p\u00e5lidelige service.","og_url":"https:\/\/www.transtoyou.com\/da\/product\/zumenon\/","og_site_name":"Transtoyou - DA","article_modified_time":"2026-01-23T19:53:01+00:00","twitter_card":"summary_large_image","twitter_misc":{"Estimeret l\u00e6setid":"1 minut"},"schema":{"@context":"https:\/\/schema.org","@graph":[{"@type":"WebPage","@id":"https:\/\/www.transtoyou.com\/da\/product\/zumenon\/","url":"https:\/\/www.transtoyou.com\/da\/product\/zumenon\/","name":"Zumenon | St\u00f8tte til hormonbalance - Transtoyou","isPartOf":{"@id":"https:\/\/www.transtoyou.com\/da\/#website"},"primaryImageOfPage":{"@id":"https:\/\/www.transtoyou.com\/da\/product\/zumenon\/#primaryimage"},"image":{"@id":"https:\/\/www.transtoyou.com\/da\/product\/zumenon\/#primaryimage"},"thumbnailUrl":"https:\/\/www.transtoyou.com\/da\/wp-content\/uploads\/sites\/6\/2026\/01\/tty-no-product-image-47.webp","datePublished":"2026-01-23T19:52:01+00:00","dateModified":"2026-01-23T19:53:01+00:00","description":"Zumenon, tilg\u00e6ngelig her, tilbyder fordele ved hormonbehandling. Shop nu for effektiv lindring og forbedret velv\u00e6re med Transtoyous p\u00e5lidelige service.","breadcrumb":{"@id":"https:\/\/www.transtoyou.com\/da\/product\/zumenon\/#breadcrumb"},"inLanguage":"da-DK","potentialAction":[{"@type":"ReadAction","target":["https:\/\/www.transtoyou.com\/da\/product\/zumenon\/"]}]},{"@type":"ImageObject","inLanguage":"da-DK","@id":"https:\/\/www.transtoyou.com\/da\/product\/zumenon\/#primaryimage","url":"https:\/\/www.transtoyou.com\/da\/wp-content\/uploads\/sites\/6\/2026\/01\/tty-no-product-image-47.webp","contentUrl":"https:\/\/www.transtoyou.com\/da\/wp-content\/uploads\/sites\/6\/2026\/01\/tty-no-product-image-47.webp","width":1000,"height":1000,"caption":"Standard produktbillede"},{"@type":"WebSite","@id":"https:\/\/www.transtoyou.com\/da\/#website","url":"https:\/\/www.transtoyou.com\/da\/","name":"Transtoyou - DA","description":"","publisher":{"@id":"https:\/\/www.transtoyou.com\/da\/#organization"},"potentialAction":[{"@type":"SearchAction","target":{"@type":"EntryPoint","urlTemplate":"https:\/\/www.transtoyou.com\/da\/?s={search_term_string}"},"query-input":{"@type":"PropertyValueSpecification","valueRequired":true,"valueName":"search_term_string"}}],"inLanguage":"da-DK"},{"@type":"Organization","@id":"https:\/\/www.transtoyou.com\/da\/#organization","name":"Transtoyou - DA","url":"https:\/\/www.transtoyou.com\/da\/","logo":{"@type":"ImageObject","inLanguage":"da-DK","@id":"https:\/\/www.transtoyou.com\/da\/#\/schema\/logo\/image\/","url":"https:\/\/www.transtoyou.com\/da\/wp-content\/uploads\/sites\/6\/2026\/01\/logo-tty-menu-bar-300x87-1.webp","contentUrl":"https:\/\/www.transtoyou.com\/da\/wp-content\/uploads\/sites\/6\/2026\/01\/logo-tty-menu-bar-300x87-1.webp","width":300,"height":87,"caption":"Transtoyou - DA"},"image":{"@id":"https:\/\/www.transtoyou.com\/da\/#\/schema\/logo\/image\/"}}]}},"_links":{"self":[{"href":"https:\/\/www.transtoyou.com\/da\/wp-json\/wp\/v2\/product\/910","targetHints":{"allow":["GET"]}}],"collection":[{"href":"https:\/\/www.transtoyou.com\/da\/wp-json\/wp\/v2\/product"}],"about":[{"href":"https:\/\/www.transtoyou.com\/da\/wp-json\/wp\/v2\/types\/product"}],"replies":[{"embeddable":true,"href":"https:\/\/www.transtoyou.com\/da\/wp-json\/wp\/v2\/comments?post=910"}],"wp:featuredmedia":[{"embeddable":true,"href":"https:\/\/www.transtoyou.com\/da\/wp-json\/wp\/v2\/media\/912"}],"wp:attachment":[{"href":"https:\/\/www.transtoyou.com\/da\/wp-json\/wp\/v2\/media?parent=910"}],"wp:term":[{"taxonomy":"product_brand","embeddable":true,"href":"https:\/\/www.transtoyou.com\/da\/wp-json\/wp\/v2\/product_brand?post=910"},{"taxonomy":"product_cat","embeddable":true,"href":"https:\/\/www.transtoyou.com\/da\/wp-json\/wp\/v2\/product_cat?post=910"},{"taxonomy":"product_tag","embeddable":true,"href":"https:\/\/www.transtoyou.com\/da\/wp-json\/wp\/v2\/product_tag?post=910"},{"taxonomy":"expert","embeddable":true,"href":"https:\/\/www.transtoyou.com\/da\/wp-json\/wp\/v2\/expert?post=910"}],"curies":[{"name":"wp","href":"https:\/\/api.w.org\/{rel}","templated":true}]}}