{"id":913,"date":"2026-01-23T22:07:06","date_gmt":"2026-01-23T20:07:06","guid":{"rendered":"https:\/\/www.transtoyou.com\/da\/product\/utrogestan\/"},"modified":"2026-03-06T16:02:07","modified_gmt":"2026-03-06T14:02:07","slug":"utrogestan","status":"publish","type":"product","link":"https:\/\/www.transtoyou.com\/da\/product\/utrogestan\/","title":{"rendered":"Utrogestan"},"content":{"rendered":"<p>Utrogestan er en bl\u00f8d kapsel, der indeholder mikroniseret progesteron, et hormon, der naturligt produceres af kroppen. Det bruges i forskellige situationer, hvor progesteron er n\u00f8dvendigt, herunder hormonbehandling, fertilitetsst\u00f8tte og til at h\u00e5ndtere problemer med menstruationscyklussen. Kapslerne kan tages oralt eller inds\u00e6ttes vaginalt afh\u00e6ngigt af indikationen og pr\u00e6ferencen.<\/p>\n<p>I hormonbehandling kombineres Utrogestan ofte med \u00f8strogenbehandlinger for at beskytte livmoderslimhinden. \u00d8strogen alene kan f\u00e5 livmoderslimhinden til at vokse for meget, hvilket \u00f8ger risikoen for komplikationer. Utrogestan hj\u00e6lper med at modvirke denne effekt, hvilket g\u00f8r det egnet til personer, der bruger \u00f8strogen og stadig har en livmoder.<\/p>\n<p>I fertilitetspleje bruges Utrogestan til at st\u00f8tte den luteale fase af cyklussen, hvilket hj\u00e6lper med at forberede livmoderen til en mulig graviditet. Det kan ogs\u00e5 bruges i assisterede reproduktionsprotokoller som IVF for at st\u00f8tte implantation. For personer, der oplever uregelm\u00e6ssige menstruationer, smertefulde menstruationer eller pr\u00e6menstruelle symptomer, kan Utrogestan hj\u00e6lpe med at regulere cyklussen og lindre ubehag.<\/p>\n<p>Utrogestan stammer fra plantekilder og er bio-identisk med det naturlige hormon, der produceres i kroppen. Det tilbyder fleksibilitet i administrationen og foretr\u00e6kkes ofte af dem, der s\u00f8ger en mere naturlig mulighed inden for hormonrelaterede behandlinger. Uanset om det bruges til fertilitet, menstruationsregulering eller i kombination med \u00f8strogenbehandling, spiller Utrogestan en vigtig rolle i at st\u00f8tte hormonbalancen.<\/p>\n","protected":false},"excerpt":{"rendered":"<ul>\n<li>Naturligt progesteron hormon<\/li>\n<li>Bruges til HRT og fertilitet<\/li>\n<li>Hj\u00e6lper med at regulere menstruationscykler<\/li>\n<\/ul>\n","protected":false},"featured_media":915,"comment_status":"open","ping_status":"closed","template":"","meta":[],"product_brand":[],"product_cat":[120,139,147],"product_tag":[],"expert":[17],"class_list":{"0":"post-913","1":"product","2":"type-product","3":"status-publish","4":"has-post-thumbnail","6":"product_cat-fertilitets-ovulationsprodukter","7":"product_cat-hormonbehandling-hrt","8":"product_cat-menstruationsbesvaer","9":"expert-dr-c-munoz-parada","11":"first","12":"instock","13":"shipping-taxable","14":"product-type-variable"},"yoast_head":"<!-- This site is optimized with the Yoast SEO plugin v27.0 - https:\/\/yoast.com\/product\/yoast-seo-wordpress\/ -->\n<title>Utrogestan | St\u00f8tte til hormonbalance - Transtoyou<\/title>\n<meta name=\"description\" content=\"Utrogestan, tilg\u00e6ngelig hos Transtoyou, tilbyder naturlig progesteronst\u00f8tte. K\u00f8b nu for en p\u00e5lidelig og effektiv sundhedsl\u00f8sning.\" \/>\n<meta name=\"robots\" content=\"noindex, follow, max-snippet:-1, max-image-preview:large, max-video-preview:-1\" \/>\n<meta property=\"og:locale\" content=\"da_DK\" \/>\n<meta property=\"og:type\" content=\"article\" \/>\n<meta property=\"og:title\" content=\"Utrogestan | St\u00f8tte til hormonbalance - Transtoyou\" \/>\n<meta property=\"og:description\" content=\"Utrogestan, tilg\u00e6ngelig hos Transtoyou, tilbyder naturlig progesteronst\u00f8tte. K\u00f8b nu for en p\u00e5lidelig og effektiv sundhedsl\u00f8sning.\" \/>\n<meta property=\"og:url\" content=\"https:\/\/www.transtoyou.com\/da\/product\/utrogestan\/\" \/>\n<meta property=\"og:site_name\" content=\"Transtoyou - DA\" \/>\n<meta property=\"article:modified_time\" content=\"2026-03-06T14:02:07+00:00\" \/>\n<meta name=\"twitter:card\" content=\"summary_large_image\" \/>\n<meta name=\"twitter:label1\" content=\"Estimeret l\u00e6setid\" \/>\n\t<meta name=\"twitter:data1\" content=\"1 minut\" \/>\n<script type=\"application\/ld+json\" class=\"yoast-schema-graph\">{\"@context\":\"https:\/\/schema.org\",\"@graph\":[{\"@type\":\"WebPage\",\"@id\":\"https:\/\/www.transtoyou.com\/da\/product\/utrogestan\/\",\"url\":\"https:\/\/www.transtoyou.com\/da\/product\/utrogestan\/\",\"name\":\"Utrogestan | St\u00f8tte til hormonbalance - Transtoyou\",\"isPartOf\":{\"@id\":\"https:\/\/www.transtoyou.com\/da\/#website\"},\"primaryImageOfPage\":{\"@id\":\"https:\/\/www.transtoyou.com\/da\/product\/utrogestan\/#primaryimage\"},\"image\":{\"@id\":\"https:\/\/www.transtoyou.com\/da\/product\/utrogestan\/#primaryimage\"},\"thumbnailUrl\":\"https:\/\/www.transtoyou.com\/da\/wp-content\/uploads\/sites\/6\/2026\/01\/tty-no-product-image-48.webp\",\"datePublished\":\"2026-01-23T20:07:06+00:00\",\"dateModified\":\"2026-03-06T14:02:07+00:00\",\"description\":\"Utrogestan, tilg\u00e6ngelig hos Transtoyou, tilbyder naturlig progesteronst\u00f8tte. K\u00f8b nu for en p\u00e5lidelig og effektiv sundhedsl\u00f8sning.\",\"breadcrumb\":{\"@id\":\"https:\/\/www.transtoyou.com\/da\/product\/utrogestan\/#breadcrumb\"},\"inLanguage\":\"da-DK\",\"potentialAction\":[{\"@type\":\"ReadAction\",\"target\":[\"https:\/\/www.transtoyou.com\/da\/product\/utrogestan\/\"]}]},{\"@type\":\"ImageObject\",\"inLanguage\":\"da-DK\",\"@id\":\"https:\/\/www.transtoyou.com\/da\/product\/utrogestan\/#primaryimage\",\"url\":\"https:\/\/www.transtoyou.com\/da\/wp-content\/uploads\/sites\/6\/2026\/01\/tty-no-product-image-48.webp\",\"contentUrl\":\"https:\/\/www.transtoyou.com\/da\/wp-content\/uploads\/sites\/6\/2026\/01\/tty-no-product-image-48.webp\",\"width\":1000,\"height\":1000,\"caption\":\"Standard produktbillede\"},{\"@type\":\"WebSite\",\"@id\":\"https:\/\/www.transtoyou.com\/da\/#website\",\"url\":\"https:\/\/www.transtoyou.com\/da\/\",\"name\":\"Transtoyou - DA\",\"description\":\"\",\"publisher\":{\"@id\":\"https:\/\/www.transtoyou.com\/da\/#organization\"},\"potentialAction\":[{\"@type\":\"SearchAction\",\"target\":{\"@type\":\"EntryPoint\",\"urlTemplate\":\"https:\/\/www.transtoyou.com\/da\/?s={search_term_string}\"},\"query-input\":{\"@type\":\"PropertyValueSpecification\",\"valueRequired\":true,\"valueName\":\"search_term_string\"}}],\"inLanguage\":\"da-DK\"},{\"@type\":\"Organization\",\"@id\":\"https:\/\/www.transtoyou.com\/da\/#organization\",\"name\":\"Transtoyou - DA\",\"url\":\"https:\/\/www.transtoyou.com\/da\/\",\"logo\":{\"@type\":\"ImageObject\",\"inLanguage\":\"da-DK\",\"@id\":\"https:\/\/www.transtoyou.com\/da\/#\/schema\/logo\/image\/\",\"url\":\"https:\/\/www.transtoyou.com\/da\/wp-content\/uploads\/sites\/6\/2026\/01\/logo-tty-menu-bar-300x87-1.webp\",\"contentUrl\":\"https:\/\/www.transtoyou.com\/da\/wp-content\/uploads\/sites\/6\/2026\/01\/logo-tty-menu-bar-300x87-1.webp\",\"width\":300,\"height\":87,\"caption\":\"Transtoyou - DA\"},\"image\":{\"@id\":\"https:\/\/www.transtoyou.com\/da\/#\/schema\/logo\/image\/\"}}]}<\/script>\n<!-- \/ Yoast SEO plugin. -->","yoast_head_json":{"title":"Utrogestan | St\u00f8tte til hormonbalance - Transtoyou","description":"Utrogestan, tilg\u00e6ngelig hos Transtoyou, tilbyder naturlig progesteronst\u00f8tte. K\u00f8b nu for en p\u00e5lidelig og effektiv sundhedsl\u00f8sning.","robots":{"index":"noindex","follow":"follow","max-snippet":"max-snippet:-1","max-image-preview":"max-image-preview:large","max-video-preview":"max-video-preview:-1"},"og_locale":"da_DK","og_type":"article","og_title":"Utrogestan | St\u00f8tte til hormonbalance - Transtoyou","og_description":"Utrogestan, tilg\u00e6ngelig hos Transtoyou, tilbyder naturlig progesteronst\u00f8tte. K\u00f8b nu for en p\u00e5lidelig og effektiv sundhedsl\u00f8sning.","og_url":"https:\/\/www.transtoyou.com\/da\/product\/utrogestan\/","og_site_name":"Transtoyou - DA","article_modified_time":"2026-03-06T14:02:07+00:00","twitter_card":"summary_large_image","twitter_misc":{"Estimeret l\u00e6setid":"1 minut"},"schema":{"@context":"https:\/\/schema.org","@graph":[{"@type":"WebPage","@id":"https:\/\/www.transtoyou.com\/da\/product\/utrogestan\/","url":"https:\/\/www.transtoyou.com\/da\/product\/utrogestan\/","name":"Utrogestan | St\u00f8tte til hormonbalance - Transtoyou","isPartOf":{"@id":"https:\/\/www.transtoyou.com\/da\/#website"},"primaryImageOfPage":{"@id":"https:\/\/www.transtoyou.com\/da\/product\/utrogestan\/#primaryimage"},"image":{"@id":"https:\/\/www.transtoyou.com\/da\/product\/utrogestan\/#primaryimage"},"thumbnailUrl":"https:\/\/www.transtoyou.com\/da\/wp-content\/uploads\/sites\/6\/2026\/01\/tty-no-product-image-48.webp","datePublished":"2026-01-23T20:07:06+00:00","dateModified":"2026-03-06T14:02:07+00:00","description":"Utrogestan, tilg\u00e6ngelig hos Transtoyou, tilbyder naturlig progesteronst\u00f8tte. K\u00f8b nu for en p\u00e5lidelig og effektiv sundhedsl\u00f8sning.","breadcrumb":{"@id":"https:\/\/www.transtoyou.com\/da\/product\/utrogestan\/#breadcrumb"},"inLanguage":"da-DK","potentialAction":[{"@type":"ReadAction","target":["https:\/\/www.transtoyou.com\/da\/product\/utrogestan\/"]}]},{"@type":"ImageObject","inLanguage":"da-DK","@id":"https:\/\/www.transtoyou.com\/da\/product\/utrogestan\/#primaryimage","url":"https:\/\/www.transtoyou.com\/da\/wp-content\/uploads\/sites\/6\/2026\/01\/tty-no-product-image-48.webp","contentUrl":"https:\/\/www.transtoyou.com\/da\/wp-content\/uploads\/sites\/6\/2026\/01\/tty-no-product-image-48.webp","width":1000,"height":1000,"caption":"Standard produktbillede"},{"@type":"WebSite","@id":"https:\/\/www.transtoyou.com\/da\/#website","url":"https:\/\/www.transtoyou.com\/da\/","name":"Transtoyou - DA","description":"","publisher":{"@id":"https:\/\/www.transtoyou.com\/da\/#organization"},"potentialAction":[{"@type":"SearchAction","target":{"@type":"EntryPoint","urlTemplate":"https:\/\/www.transtoyou.com\/da\/?s={search_term_string}"},"query-input":{"@type":"PropertyValueSpecification","valueRequired":true,"valueName":"search_term_string"}}],"inLanguage":"da-DK"},{"@type":"Organization","@id":"https:\/\/www.transtoyou.com\/da\/#organization","name":"Transtoyou - DA","url":"https:\/\/www.transtoyou.com\/da\/","logo":{"@type":"ImageObject","inLanguage":"da-DK","@id":"https:\/\/www.transtoyou.com\/da\/#\/schema\/logo\/image\/","url":"https:\/\/www.transtoyou.com\/da\/wp-content\/uploads\/sites\/6\/2026\/01\/logo-tty-menu-bar-300x87-1.webp","contentUrl":"https:\/\/www.transtoyou.com\/da\/wp-content\/uploads\/sites\/6\/2026\/01\/logo-tty-menu-bar-300x87-1.webp","width":300,"height":87,"caption":"Transtoyou - DA"},"image":{"@id":"https:\/\/www.transtoyou.com\/da\/#\/schema\/logo\/image\/"}}]}},"_links":{"self":[{"href":"https:\/\/www.transtoyou.com\/da\/wp-json\/wp\/v2\/product\/913","targetHints":{"allow":["GET"]}}],"collection":[{"href":"https:\/\/www.transtoyou.com\/da\/wp-json\/wp\/v2\/product"}],"about":[{"href":"https:\/\/www.transtoyou.com\/da\/wp-json\/wp\/v2\/types\/product"}],"replies":[{"embeddable":true,"href":"https:\/\/www.transtoyou.com\/da\/wp-json\/wp\/v2\/comments?post=913"}],"wp:featuredmedia":[{"embeddable":true,"href":"https:\/\/www.transtoyou.com\/da\/wp-json\/wp\/v2\/media\/915"}],"wp:attachment":[{"href":"https:\/\/www.transtoyou.com\/da\/wp-json\/wp\/v2\/media?parent=913"}],"wp:term":[{"taxonomy":"product_brand","embeddable":true,"href":"https:\/\/www.transtoyou.com\/da\/wp-json\/wp\/v2\/product_brand?post=913"},{"taxonomy":"product_cat","embeddable":true,"href":"https:\/\/www.transtoyou.com\/da\/wp-json\/wp\/v2\/product_cat?post=913"},{"taxonomy":"product_tag","embeddable":true,"href":"https:\/\/www.transtoyou.com\/da\/wp-json\/wp\/v2\/product_tag?post=913"},{"taxonomy":"expert","embeddable":true,"href":"https:\/\/www.transtoyou.com\/da\/wp-json\/wp\/v2\/expert?post=913"}],"curies":[{"name":"wp","href":"https:\/\/api.w.org\/{rel}","templated":true}]}}