{"id":916,"date":"2026-01-23T22:22:00","date_gmt":"2026-01-23T20:22:00","guid":{"rendered":"https:\/\/www.transtoyou.com\/da\/product\/amlodipine\/"},"modified":"2026-02-09T10:14:49","modified_gmt":"2026-02-09T08:14:49","slug":"amlodipin","status":"publish","type":"product","link":"https:\/\/www.transtoyou.com\/da\/product\/amlodipin\/","title":{"rendered":"Amlodipin"},"content":{"rendered":"<p>Amlodipin er en langtidsvirkende medicin, der bruges til at behandle forh\u00f8jet blodtryk. Det tilh\u00f8rer en gruppe af l\u00e6gemidler kaldet calciumkanalblokkere. Disse virker ved at afslappe blodkarrene, s\u00e5 blodet kan str\u00f8mme lettere og reducerer trykket inde i arterierne. Ved at s\u00e6nke blodtrykket hj\u00e6lper Amlodipin med at reducere risikoen for slagtilf\u00e6lde, hjerteanfald og nyreproblemer. Det kan ordineres alene eller i kombination med andre blodtryksneds\u00e6ttende medicin, afh\u00e6ngigt af individuelle behandlingsbehov.<\/p>\n<p>Amlodipin virker prim\u00e6rt ved at udvide selve blodkarrene. Dette g\u00f8r det s\u00e6rligt nyttigt for personer, hvis forh\u00f8jede blodtryk er relateret til vaskul\u00e6r modstand. Det bruges ogs\u00e5 almindeligvis til at behandle brystsmerter for\u00e5rsaget af angina og andre cirkulationsrelaterede problemer.<\/p>\n<p>Amlodipin tages normalt \u00e9n gang dagligt, og dets virkninger varer i hele 24 timer. Det kommer i tabletform og tolereres generelt godt. Fordi det har en gradvis virkning, kan patienter muligvis ikke m\u00e6rke en umiddelbar \u00e6ndring, men konsekvent daglig brug er afg\u00f8rende for at opn\u00e5 langsigtede fordele. Blodtrykket b\u00f8r overv\u00e5ges regelm\u00e6ssigt under behandlingen for at sikre, at det forbliver inden for det \u00f8nskede omr\u00e5de.<\/p>\n<p>De fleste mennesker oplever f\u00e5 bivirkninger med Amlodipin. Nogle kan bem\u00e6rke h\u00e6velse i anklerne eller f\u00f8dderne, r\u00f8dme eller en let hovedpine i de tidlige dage af behandlingen. Disse symptomer er typisk milde og midlertidige.<\/p>\n","protected":false},"excerpt":{"rendered":"<ul>\n<li>Daglig 24 timers trykkontrol<\/li>\n<li>Lindrer angina og Raynauds spasmer<\/li>\n<li>Godt tolereret, ingen langsom hjerterytme<\/li>\n<\/ul>\n","protected":false},"featured_media":918,"comment_status":"open","ping_status":"closed","template":"","meta":[],"product_brand":[],"product_cat":[136],"product_tag":[],"expert":[21],"class_list":{"0":"post-916","1":"product","2":"type-product","3":"status-publish","4":"has-post-thumbnail","6":"product_cat-hojt-blodtryk","7":"expert-dr-m-sharoyko","9":"first","10":"instock","11":"shipping-taxable","12":"product-type-variable"},"yoast_head":"<!-- This site is optimized with the Yoast SEO plugin v27.0 - https:\/\/yoast.com\/product\/yoast-seo-wordpress\/ -->\n<title>Amlodipin | Effektiv St\u00f8tte til Blodtryk - Transtoyou<\/title>\n<meta name=\"description\" content=\"Amlodipin tilg\u00e6ngelig hos Transtoyou, dit p\u00e5lidelige valg til blodtrykskontrol. F\u00e5 din forsyning i dag med professionel service.\" \/>\n<meta name=\"robots\" content=\"noindex, follow, max-snippet:-1, max-image-preview:large, max-video-preview:-1\" \/>\n<meta property=\"og:locale\" content=\"da_DK\" \/>\n<meta property=\"og:type\" content=\"article\" \/>\n<meta property=\"og:title\" content=\"Amlodipin | Effektiv St\u00f8tte til Blodtryk - Transtoyou\" \/>\n<meta property=\"og:description\" content=\"Amlodipin tilg\u00e6ngelig hos Transtoyou, dit p\u00e5lidelige valg til blodtrykskontrol. F\u00e5 din forsyning i dag med professionel service.\" \/>\n<meta property=\"og:url\" content=\"https:\/\/www.transtoyou.com\/da\/product\/amlodipine\/\" \/>\n<meta property=\"og:site_name\" content=\"Transtoyou - DA\" \/>\n<meta property=\"article:modified_time\" content=\"2026-02-09T08:14:49+00:00\" \/>\n<meta name=\"twitter:card\" content=\"summary_large_image\" \/>\n<meta name=\"twitter:label1\" content=\"Estimeret l\u00e6setid\" \/>\n\t<meta name=\"twitter:data1\" content=\"1 minut\" \/>\n<script type=\"application\/ld+json\" class=\"yoast-schema-graph\">{\"@context\":\"https:\/\/schema.org\",\"@graph\":[{\"@type\":\"WebPage\",\"@id\":\"https:\/\/www.transtoyou.com\/da\/product\/amlodipine\/\",\"url\":\"https:\/\/www.transtoyou.com\/da\/product\/amlodipine\/\",\"name\":\"Amlodipin | Effektiv St\u00f8tte til Blodtryk - Transtoyou\",\"isPartOf\":{\"@id\":\"https:\/\/www.transtoyou.com\/da\/#website\"},\"primaryImageOfPage\":{\"@id\":\"https:\/\/www.transtoyou.com\/da\/product\/amlodipine\/#primaryimage\"},\"image\":{\"@id\":\"https:\/\/www.transtoyou.com\/da\/product\/amlodipine\/#primaryimage\"},\"thumbnailUrl\":\"https:\/\/www.transtoyou.com\/da\/wp-content\/uploads\/sites\/6\/2026\/01\/tty-no-product-image-49.webp\",\"datePublished\":\"2026-01-23T20:22:00+00:00\",\"dateModified\":\"2026-02-09T08:14:49+00:00\",\"description\":\"Amlodipin tilg\u00e6ngelig hos Transtoyou, dit p\u00e5lidelige valg til blodtrykskontrol. F\u00e5 din forsyning i dag med professionel service.\",\"breadcrumb\":{\"@id\":\"https:\/\/www.transtoyou.com\/da\/product\/amlodipine\/#breadcrumb\"},\"inLanguage\":\"da-DK\",\"potentialAction\":[{\"@type\":\"ReadAction\",\"target\":[\"https:\/\/www.transtoyou.com\/da\/product\/amlodipine\/\"]}]},{\"@type\":\"ImageObject\",\"inLanguage\":\"da-DK\",\"@id\":\"https:\/\/www.transtoyou.com\/da\/product\/amlodipine\/#primaryimage\",\"url\":\"https:\/\/www.transtoyou.com\/da\/wp-content\/uploads\/sites\/6\/2026\/01\/tty-no-product-image-49.webp\",\"contentUrl\":\"https:\/\/www.transtoyou.com\/da\/wp-content\/uploads\/sites\/6\/2026\/01\/tty-no-product-image-49.webp\",\"width\":1000,\"height\":1000,\"caption\":\"Standard produktbillede\"},{\"@type\":\"WebSite\",\"@id\":\"https:\/\/www.transtoyou.com\/da\/#website\",\"url\":\"https:\/\/www.transtoyou.com\/da\/\",\"name\":\"Transtoyou - DA\",\"description\":\"\",\"publisher\":{\"@id\":\"https:\/\/www.transtoyou.com\/da\/#organization\"},\"potentialAction\":[{\"@type\":\"SearchAction\",\"target\":{\"@type\":\"EntryPoint\",\"urlTemplate\":\"https:\/\/www.transtoyou.com\/da\/?s={search_term_string}\"},\"query-input\":{\"@type\":\"PropertyValueSpecification\",\"valueRequired\":true,\"valueName\":\"search_term_string\"}}],\"inLanguage\":\"da-DK\"},{\"@type\":\"Organization\",\"@id\":\"https:\/\/www.transtoyou.com\/da\/#organization\",\"name\":\"Transtoyou - DA\",\"url\":\"https:\/\/www.transtoyou.com\/da\/\",\"logo\":{\"@type\":\"ImageObject\",\"inLanguage\":\"da-DK\",\"@id\":\"https:\/\/www.transtoyou.com\/da\/#\/schema\/logo\/image\/\",\"url\":\"https:\/\/www.transtoyou.com\/da\/wp-content\/uploads\/sites\/6\/2026\/01\/logo-tty-menu-bar-300x87-1.webp\",\"contentUrl\":\"https:\/\/www.transtoyou.com\/da\/wp-content\/uploads\/sites\/6\/2026\/01\/logo-tty-menu-bar-300x87-1.webp\",\"width\":300,\"height\":87,\"caption\":\"Transtoyou - DA\"},\"image\":{\"@id\":\"https:\/\/www.transtoyou.com\/da\/#\/schema\/logo\/image\/\"}}]}<\/script>\n<!-- \/ Yoast SEO plugin. -->","yoast_head_json":{"title":"Amlodipin | Effektiv St\u00f8tte til Blodtryk - Transtoyou","description":"Amlodipin tilg\u00e6ngelig hos Transtoyou, dit p\u00e5lidelige valg til blodtrykskontrol. F\u00e5 din forsyning i dag med professionel service.","robots":{"index":"noindex","follow":"follow","max-snippet":"max-snippet:-1","max-image-preview":"max-image-preview:large","max-video-preview":"max-video-preview:-1"},"og_locale":"da_DK","og_type":"article","og_title":"Amlodipin | Effektiv St\u00f8tte til Blodtryk - Transtoyou","og_description":"Amlodipin tilg\u00e6ngelig hos Transtoyou, dit p\u00e5lidelige valg til blodtrykskontrol. F\u00e5 din forsyning i dag med professionel service.","og_url":"https:\/\/www.transtoyou.com\/da\/product\/amlodipine\/","og_site_name":"Transtoyou - DA","article_modified_time":"2026-02-09T08:14:49+00:00","twitter_card":"summary_large_image","twitter_misc":{"Estimeret l\u00e6setid":"1 minut"},"schema":{"@context":"https:\/\/schema.org","@graph":[{"@type":"WebPage","@id":"https:\/\/www.transtoyou.com\/da\/product\/amlodipine\/","url":"https:\/\/www.transtoyou.com\/da\/product\/amlodipine\/","name":"Amlodipin | Effektiv St\u00f8tte til Blodtryk - Transtoyou","isPartOf":{"@id":"https:\/\/www.transtoyou.com\/da\/#website"},"primaryImageOfPage":{"@id":"https:\/\/www.transtoyou.com\/da\/product\/amlodipine\/#primaryimage"},"image":{"@id":"https:\/\/www.transtoyou.com\/da\/product\/amlodipine\/#primaryimage"},"thumbnailUrl":"https:\/\/www.transtoyou.com\/da\/wp-content\/uploads\/sites\/6\/2026\/01\/tty-no-product-image-49.webp","datePublished":"2026-01-23T20:22:00+00:00","dateModified":"2026-02-09T08:14:49+00:00","description":"Amlodipin tilg\u00e6ngelig hos Transtoyou, dit p\u00e5lidelige valg til blodtrykskontrol. F\u00e5 din forsyning i dag med professionel service.","breadcrumb":{"@id":"https:\/\/www.transtoyou.com\/da\/product\/amlodipine\/#breadcrumb"},"inLanguage":"da-DK","potentialAction":[{"@type":"ReadAction","target":["https:\/\/www.transtoyou.com\/da\/product\/amlodipine\/"]}]},{"@type":"ImageObject","inLanguage":"da-DK","@id":"https:\/\/www.transtoyou.com\/da\/product\/amlodipine\/#primaryimage","url":"https:\/\/www.transtoyou.com\/da\/wp-content\/uploads\/sites\/6\/2026\/01\/tty-no-product-image-49.webp","contentUrl":"https:\/\/www.transtoyou.com\/da\/wp-content\/uploads\/sites\/6\/2026\/01\/tty-no-product-image-49.webp","width":1000,"height":1000,"caption":"Standard produktbillede"},{"@type":"WebSite","@id":"https:\/\/www.transtoyou.com\/da\/#website","url":"https:\/\/www.transtoyou.com\/da\/","name":"Transtoyou - DA","description":"","publisher":{"@id":"https:\/\/www.transtoyou.com\/da\/#organization"},"potentialAction":[{"@type":"SearchAction","target":{"@type":"EntryPoint","urlTemplate":"https:\/\/www.transtoyou.com\/da\/?s={search_term_string}"},"query-input":{"@type":"PropertyValueSpecification","valueRequired":true,"valueName":"search_term_string"}}],"inLanguage":"da-DK"},{"@type":"Organization","@id":"https:\/\/www.transtoyou.com\/da\/#organization","name":"Transtoyou - DA","url":"https:\/\/www.transtoyou.com\/da\/","logo":{"@type":"ImageObject","inLanguage":"da-DK","@id":"https:\/\/www.transtoyou.com\/da\/#\/schema\/logo\/image\/","url":"https:\/\/www.transtoyou.com\/da\/wp-content\/uploads\/sites\/6\/2026\/01\/logo-tty-menu-bar-300x87-1.webp","contentUrl":"https:\/\/www.transtoyou.com\/da\/wp-content\/uploads\/sites\/6\/2026\/01\/logo-tty-menu-bar-300x87-1.webp","width":300,"height":87,"caption":"Transtoyou - DA"},"image":{"@id":"https:\/\/www.transtoyou.com\/da\/#\/schema\/logo\/image\/"}}]}},"_links":{"self":[{"href":"https:\/\/www.transtoyou.com\/da\/wp-json\/wp\/v2\/product\/916","targetHints":{"allow":["GET"]}}],"collection":[{"href":"https:\/\/www.transtoyou.com\/da\/wp-json\/wp\/v2\/product"}],"about":[{"href":"https:\/\/www.transtoyou.com\/da\/wp-json\/wp\/v2\/types\/product"}],"replies":[{"embeddable":true,"href":"https:\/\/www.transtoyou.com\/da\/wp-json\/wp\/v2\/comments?post=916"}],"wp:featuredmedia":[{"embeddable":true,"href":"https:\/\/www.transtoyou.com\/da\/wp-json\/wp\/v2\/media\/918"}],"wp:attachment":[{"href":"https:\/\/www.transtoyou.com\/da\/wp-json\/wp\/v2\/media?parent=916"}],"wp:term":[{"taxonomy":"product_brand","embeddable":true,"href":"https:\/\/www.transtoyou.com\/da\/wp-json\/wp\/v2\/product_brand?post=916"},{"taxonomy":"product_cat","embeddable":true,"href":"https:\/\/www.transtoyou.com\/da\/wp-json\/wp\/v2\/product_cat?post=916"},{"taxonomy":"product_tag","embeddable":true,"href":"https:\/\/www.transtoyou.com\/da\/wp-json\/wp\/v2\/product_tag?post=916"},{"taxonomy":"expert","embeddable":true,"href":"https:\/\/www.transtoyou.com\/da\/wp-json\/wp\/v2\/expert?post=916"}],"curies":[{"name":"wp","href":"https:\/\/api.w.org\/{rel}","templated":true}]}}