{"id":925,"date":"2026-01-23T23:16:37","date_gmt":"2026-01-23T21:16:37","guid":{"rendered":"https:\/\/www.transtoyou.com\/da\/product\/femoston\/"},"modified":"2026-02-16T11:09:58","modified_gmt":"2026-02-16T09:09:58","slug":"femoston","status":"publish","type":"product","link":"https:\/\/www.transtoyou.com\/da\/product\/femoston\/","title":{"rendered":"Femoston"},"content":{"rendered":"<p>Femoston er en tablet, der bruges som en del af hormonbehandling for at lindre symptomer forbundet med lave \u00f8strogenniveauer. Den indeholder to hormoner: estradiol, en form for \u00f8strogen, og dydrogesteron, et gestagen, der hj\u00e6lper med at beskytte livmoderslimhinden. Denne kombination bruges typisk af personer, der har n\u00e5et overgangsalderen og stadig har en livmoder.<\/p>\n<p>Overgangsalder-symptomer som hedeture, natlige svedeture, hum\u00f8rsvingninger og vaginal t\u00f8rhed opst\u00e5r p\u00e5 grund af reducerede \u00f8strogenniveauer. Femoston genopfylder dette hormon for at genoprette balancen og reducere ubehag. Gestagenkomponenten hj\u00e6lper med at forhindre, at livmoderslimhinden bliver for tyk, hvilket kan ske, n\u00e5r \u00f8strogen bruges alene.<\/p>\n<p>Femoston tages \u00e9n gang dagligt, med forskellige formuleringer tilg\u00e6ngelige afh\u00e6ngigt af, om der er behov for et kontinuerligt eller cyklisk hormonm\u00f8nster. Konsistent brug hj\u00e6lper med at h\u00e5ndtere b\u00e5de de kortvarige symptomer p\u00e5 \u00f8strogenmangel og bidrager til langsigtede m\u00e5l relateret til hormonstabilitet og livskvalitet.<\/p>\n","protected":false},"excerpt":{"rendered":"<ul>\n<li>Daglig oral hormon tablet<\/li>\n<li>Lindrer overgangsalderen<\/li>\n<li>Kombinerer \u00f8strogen og gestagen<\/li>\n<\/ul>\n","protected":false},"featured_media":927,"comment_status":"open","ping_status":"closed","template":"","meta":[],"product_brand":[],"product_cat":[139,145],"product_tag":[],"expert":[16],"class_list":{"0":"post-925","1":"product","2":"type-product","3":"status-publish","4":"has-post-thumbnail","6":"product_cat-hormonbehandling-hrt","7":"product_cat-menopause-pms-lindring","8":"expert-dr-c-alexandru","10":"first","11":"instock","12":"shipping-taxable","13":"product-type-variable"},"yoast_head":"<!-- This site is optimized with the Yoast SEO plugin v27.0 - https:\/\/yoast.com\/product\/yoast-seo-wordpress\/ -->\n<title>Femoston | St\u00f8tte til Hormonal Balance - Transtoyou<\/title>\n<meta name=\"description\" content=\"Femoston, tilg\u00e6ngelig hos Transtoyou. Opdag fordelene ved hormonbalance og velv\u00e6re. K\u00f8b nu for en p\u00e5lidelig l\u00f8sning.\" \/>\n<meta name=\"robots\" content=\"noindex, follow, max-snippet:-1, max-image-preview:large, max-video-preview:-1\" \/>\n<meta property=\"og:locale\" content=\"da_DK\" \/>\n<meta property=\"og:type\" content=\"article\" \/>\n<meta property=\"og:title\" content=\"Femoston | St\u00f8tte til Hormonal Balance - Transtoyou\" \/>\n<meta property=\"og:description\" content=\"Femoston, tilg\u00e6ngelig hos Transtoyou. Opdag fordelene ved hormonbalance og velv\u00e6re. K\u00f8b nu for en p\u00e5lidelig l\u00f8sning.\" \/>\n<meta property=\"og:url\" content=\"https:\/\/www.transtoyou.com\/da\/product\/femoston\/\" \/>\n<meta property=\"og:site_name\" content=\"Transtoyou - DA\" \/>\n<meta property=\"article:modified_time\" content=\"2026-02-16T09:09:58+00:00\" \/>\n<meta name=\"twitter:card\" content=\"summary_large_image\" \/>\n<meta name=\"twitter:label1\" content=\"Estimeret l\u00e6setid\" \/>\n\t<meta name=\"twitter:data1\" content=\"1 minut\" \/>\n<script type=\"application\/ld+json\" class=\"yoast-schema-graph\">{\"@context\":\"https:\/\/schema.org\",\"@graph\":[{\"@type\":\"WebPage\",\"@id\":\"https:\/\/www.transtoyou.com\/da\/product\/femoston\/\",\"url\":\"https:\/\/www.transtoyou.com\/da\/product\/femoston\/\",\"name\":\"Femoston | St\u00f8tte til Hormonal Balance - Transtoyou\",\"isPartOf\":{\"@id\":\"https:\/\/www.transtoyou.com\/da\/#website\"},\"primaryImageOfPage\":{\"@id\":\"https:\/\/www.transtoyou.com\/da\/product\/femoston\/#primaryimage\"},\"image\":{\"@id\":\"https:\/\/www.transtoyou.com\/da\/product\/femoston\/#primaryimage\"},\"thumbnailUrl\":\"https:\/\/www.transtoyou.com\/da\/wp-content\/uploads\/sites\/6\/2026\/01\/tty-no-product-image-52.webp\",\"datePublished\":\"2026-01-23T21:16:37+00:00\",\"dateModified\":\"2026-02-16T09:09:58+00:00\",\"description\":\"Femoston, tilg\u00e6ngelig hos Transtoyou. Opdag fordelene ved hormonbalance og velv\u00e6re. K\u00f8b nu for en p\u00e5lidelig l\u00f8sning.\",\"breadcrumb\":{\"@id\":\"https:\/\/www.transtoyou.com\/da\/product\/femoston\/#breadcrumb\"},\"inLanguage\":\"da-DK\",\"potentialAction\":[{\"@type\":\"ReadAction\",\"target\":[\"https:\/\/www.transtoyou.com\/da\/product\/femoston\/\"]}]},{\"@type\":\"ImageObject\",\"inLanguage\":\"da-DK\",\"@id\":\"https:\/\/www.transtoyou.com\/da\/product\/femoston\/#primaryimage\",\"url\":\"https:\/\/www.transtoyou.com\/da\/wp-content\/uploads\/sites\/6\/2026\/01\/tty-no-product-image-52.webp\",\"contentUrl\":\"https:\/\/www.transtoyou.com\/da\/wp-content\/uploads\/sites\/6\/2026\/01\/tty-no-product-image-52.webp\",\"width\":1000,\"height\":1000,\"caption\":\"Standard produktbillede\"},{\"@type\":\"WebSite\",\"@id\":\"https:\/\/www.transtoyou.com\/da\/#website\",\"url\":\"https:\/\/www.transtoyou.com\/da\/\",\"name\":\"Transtoyou - DA\",\"description\":\"\",\"publisher\":{\"@id\":\"https:\/\/www.transtoyou.com\/da\/#organization\"},\"potentialAction\":[{\"@type\":\"SearchAction\",\"target\":{\"@type\":\"EntryPoint\",\"urlTemplate\":\"https:\/\/www.transtoyou.com\/da\/?s={search_term_string}\"},\"query-input\":{\"@type\":\"PropertyValueSpecification\",\"valueRequired\":true,\"valueName\":\"search_term_string\"}}],\"inLanguage\":\"da-DK\"},{\"@type\":\"Organization\",\"@id\":\"https:\/\/www.transtoyou.com\/da\/#organization\",\"name\":\"Transtoyou - DA\",\"url\":\"https:\/\/www.transtoyou.com\/da\/\",\"logo\":{\"@type\":\"ImageObject\",\"inLanguage\":\"da-DK\",\"@id\":\"https:\/\/www.transtoyou.com\/da\/#\/schema\/logo\/image\/\",\"url\":\"https:\/\/www.transtoyou.com\/da\/wp-content\/uploads\/sites\/6\/2026\/01\/logo-tty-menu-bar-300x87-1.webp\",\"contentUrl\":\"https:\/\/www.transtoyou.com\/da\/wp-content\/uploads\/sites\/6\/2026\/01\/logo-tty-menu-bar-300x87-1.webp\",\"width\":300,\"height\":87,\"caption\":\"Transtoyou - DA\"},\"image\":{\"@id\":\"https:\/\/www.transtoyou.com\/da\/#\/schema\/logo\/image\/\"}}]}<\/script>\n<!-- \/ Yoast SEO plugin. -->","yoast_head_json":{"title":"Femoston | St\u00f8tte til Hormonal Balance - Transtoyou","description":"Femoston, tilg\u00e6ngelig hos Transtoyou. Opdag fordelene ved hormonbalance og velv\u00e6re. K\u00f8b nu for en p\u00e5lidelig l\u00f8sning.","robots":{"index":"noindex","follow":"follow","max-snippet":"max-snippet:-1","max-image-preview":"max-image-preview:large","max-video-preview":"max-video-preview:-1"},"og_locale":"da_DK","og_type":"article","og_title":"Femoston | St\u00f8tte til Hormonal Balance - Transtoyou","og_description":"Femoston, tilg\u00e6ngelig hos Transtoyou. Opdag fordelene ved hormonbalance og velv\u00e6re. K\u00f8b nu for en p\u00e5lidelig l\u00f8sning.","og_url":"https:\/\/www.transtoyou.com\/da\/product\/femoston\/","og_site_name":"Transtoyou - DA","article_modified_time":"2026-02-16T09:09:58+00:00","twitter_card":"summary_large_image","twitter_misc":{"Estimeret l\u00e6setid":"1 minut"},"schema":{"@context":"https:\/\/schema.org","@graph":[{"@type":"WebPage","@id":"https:\/\/www.transtoyou.com\/da\/product\/femoston\/","url":"https:\/\/www.transtoyou.com\/da\/product\/femoston\/","name":"Femoston | St\u00f8tte til Hormonal Balance - Transtoyou","isPartOf":{"@id":"https:\/\/www.transtoyou.com\/da\/#website"},"primaryImageOfPage":{"@id":"https:\/\/www.transtoyou.com\/da\/product\/femoston\/#primaryimage"},"image":{"@id":"https:\/\/www.transtoyou.com\/da\/product\/femoston\/#primaryimage"},"thumbnailUrl":"https:\/\/www.transtoyou.com\/da\/wp-content\/uploads\/sites\/6\/2026\/01\/tty-no-product-image-52.webp","datePublished":"2026-01-23T21:16:37+00:00","dateModified":"2026-02-16T09:09:58+00:00","description":"Femoston, tilg\u00e6ngelig hos Transtoyou. Opdag fordelene ved hormonbalance og velv\u00e6re. K\u00f8b nu for en p\u00e5lidelig l\u00f8sning.","breadcrumb":{"@id":"https:\/\/www.transtoyou.com\/da\/product\/femoston\/#breadcrumb"},"inLanguage":"da-DK","potentialAction":[{"@type":"ReadAction","target":["https:\/\/www.transtoyou.com\/da\/product\/femoston\/"]}]},{"@type":"ImageObject","inLanguage":"da-DK","@id":"https:\/\/www.transtoyou.com\/da\/product\/femoston\/#primaryimage","url":"https:\/\/www.transtoyou.com\/da\/wp-content\/uploads\/sites\/6\/2026\/01\/tty-no-product-image-52.webp","contentUrl":"https:\/\/www.transtoyou.com\/da\/wp-content\/uploads\/sites\/6\/2026\/01\/tty-no-product-image-52.webp","width":1000,"height":1000,"caption":"Standard produktbillede"},{"@type":"WebSite","@id":"https:\/\/www.transtoyou.com\/da\/#website","url":"https:\/\/www.transtoyou.com\/da\/","name":"Transtoyou - DA","description":"","publisher":{"@id":"https:\/\/www.transtoyou.com\/da\/#organization"},"potentialAction":[{"@type":"SearchAction","target":{"@type":"EntryPoint","urlTemplate":"https:\/\/www.transtoyou.com\/da\/?s={search_term_string}"},"query-input":{"@type":"PropertyValueSpecification","valueRequired":true,"valueName":"search_term_string"}}],"inLanguage":"da-DK"},{"@type":"Organization","@id":"https:\/\/www.transtoyou.com\/da\/#organization","name":"Transtoyou - DA","url":"https:\/\/www.transtoyou.com\/da\/","logo":{"@type":"ImageObject","inLanguage":"da-DK","@id":"https:\/\/www.transtoyou.com\/da\/#\/schema\/logo\/image\/","url":"https:\/\/www.transtoyou.com\/da\/wp-content\/uploads\/sites\/6\/2026\/01\/logo-tty-menu-bar-300x87-1.webp","contentUrl":"https:\/\/www.transtoyou.com\/da\/wp-content\/uploads\/sites\/6\/2026\/01\/logo-tty-menu-bar-300x87-1.webp","width":300,"height":87,"caption":"Transtoyou - DA"},"image":{"@id":"https:\/\/www.transtoyou.com\/da\/#\/schema\/logo\/image\/"}}]}},"_links":{"self":[{"href":"https:\/\/www.transtoyou.com\/da\/wp-json\/wp\/v2\/product\/925","targetHints":{"allow":["GET"]}}],"collection":[{"href":"https:\/\/www.transtoyou.com\/da\/wp-json\/wp\/v2\/product"}],"about":[{"href":"https:\/\/www.transtoyou.com\/da\/wp-json\/wp\/v2\/types\/product"}],"replies":[{"embeddable":true,"href":"https:\/\/www.transtoyou.com\/da\/wp-json\/wp\/v2\/comments?post=925"}],"wp:featuredmedia":[{"embeddable":true,"href":"https:\/\/www.transtoyou.com\/da\/wp-json\/wp\/v2\/media\/927"}],"wp:attachment":[{"href":"https:\/\/www.transtoyou.com\/da\/wp-json\/wp\/v2\/media?parent=925"}],"wp:term":[{"taxonomy":"product_brand","embeddable":true,"href":"https:\/\/www.transtoyou.com\/da\/wp-json\/wp\/v2\/product_brand?post=925"},{"taxonomy":"product_cat","embeddable":true,"href":"https:\/\/www.transtoyou.com\/da\/wp-json\/wp\/v2\/product_cat?post=925"},{"taxonomy":"product_tag","embeddable":true,"href":"https:\/\/www.transtoyou.com\/da\/wp-json\/wp\/v2\/product_tag?post=925"},{"taxonomy":"expert","embeddable":true,"href":"https:\/\/www.transtoyou.com\/da\/wp-json\/wp\/v2\/expert?post=925"}],"curies":[{"name":"wp","href":"https:\/\/api.w.org\/{rel}","templated":true}]}}