{"id":928,"date":"2026-01-23T23:29:39","date_gmt":"2026-01-23T21:29:39","guid":{"rendered":"https:\/\/www.transtoyou.com\/da\/product\/lenzetto\/"},"modified":"2026-01-23T23:30:30","modified_gmt":"2026-01-23T21:30:30","slug":"lenzetto","status":"publish","type":"product","link":"https:\/\/www.transtoyou.com\/da\/product\/lenzetto\/","title":{"rendered":"Lenzetto"},"content":{"rendered":"<p>Lenzetto er en spray, der bruges til at levere \u00f8strogen gennem huden og ind i blodbanen. Den indeholder estradiol, en form for \u00f8strogen, der er identisk med det hormon, der produceres naturligt i kroppen. Denne medicin anvendes i hormonbehandling for at behandle symptomer for\u00e5rsaget af lave \u00f8strogenniveauer og er ogs\u00e5 velegnet til brug i feminiserende hormonbehandling.<\/p>\n<p>Under overgangsalderen eller i situationer, hvor \u00f8strogen er n\u00f8dvendigt af andre \u00e5rsager, kan folk opleve symptomer som hedeture, natlige svedeture, hum\u00f8rsvingninger og vaginal t\u00f8rhed. Lenzetto genopretter \u00f8strogenniveauerne for at hj\u00e6lpe med at reducere sv\u00e6rhedsgraden af disse symptomer. Fordi sprayen p\u00e5f\u00f8res huden, undg\u00e5r den ford\u00f8jelsessystemet og tilbyder et fleksibelt, ikke-oralt alternativ til tabletter eller plaster.<\/p>\n<p>Sprayen p\u00e5f\u00f8res \u00e9n gang dagligt p\u00e5 ren, t\u00f8r hud, typisk p\u00e5 indersiden af underarmen. Den t\u00f8rrer hurtigt og efterlader ingen rester. Lenzetto muligg\u00f8r personlig dosering og en diskret, lavvedligeholdelsesmetode til \u00f8strogenlevering til b\u00e5de lindring af overgangsalderen og feminiserende pleje.<\/p>\n","protected":false},"excerpt":{"rendered":"<ul>\n<li>Spray \u00f8strogen til hudabsorption<\/li>\n<li>Bruges til overgangsalderen<\/li>\n<li>Justerbar daglig dosis<\/li>\n<\/ul>\n","protected":false},"featured_media":930,"comment_status":"open","ping_status":"closed","template":"","meta":[],"product_brand":[],"product_cat":[139],"product_tag":[],"expert":[16],"class_list":{"0":"post-928","1":"product","2":"type-product","3":"status-publish","4":"has-post-thumbnail","6":"product_cat-hormonbehandling-hrt","7":"expert-dr-c-alexandru","9":"first","10":"instock","11":"shipping-taxable","12":"product-type-variable"},"yoast_head":"<!-- This site is optimized with the Yoast SEO plugin v27.0 - https:\/\/yoast.com\/product\/yoast-seo-wordpress\/ -->\n<title>Lenzetto | Nem Anvendelse Hormon Spray - Transtoyou<\/title>\n<meta name=\"description\" content=\"Lenzetto, tilg\u00e6ngelig hos Transtoyou, tilbyder effektiv lindring af menopausale symptomer. Udforsk fordelene og k\u00f8b nu for en praktisk l\u00f8sning.\" \/>\n<meta name=\"robots\" content=\"noindex, follow, max-snippet:-1, max-image-preview:large, max-video-preview:-1\" \/>\n<meta property=\"og:locale\" content=\"da_DK\" \/>\n<meta property=\"og:type\" content=\"article\" \/>\n<meta property=\"og:title\" content=\"Lenzetto | Nem Anvendelse Hormon Spray - Transtoyou\" \/>\n<meta property=\"og:description\" content=\"Lenzetto, tilg\u00e6ngelig hos Transtoyou, tilbyder effektiv lindring af menopausale symptomer. Udforsk fordelene og k\u00f8b nu for en praktisk l\u00f8sning.\" \/>\n<meta property=\"og:url\" content=\"https:\/\/www.transtoyou.com\/da\/product\/lenzetto\/\" \/>\n<meta property=\"og:site_name\" content=\"Transtoyou - DA\" \/>\n<meta property=\"article:modified_time\" content=\"2026-01-23T21:30:30+00:00\" \/>\n<meta name=\"twitter:card\" content=\"summary_large_image\" \/>\n<meta name=\"twitter:label1\" content=\"Estimeret l\u00e6setid\" \/>\n\t<meta name=\"twitter:data1\" content=\"1 minut\" \/>\n<script type=\"application\/ld+json\" class=\"yoast-schema-graph\">{\"@context\":\"https:\/\/schema.org\",\"@graph\":[{\"@type\":\"WebPage\",\"@id\":\"https:\/\/www.transtoyou.com\/da\/product\/lenzetto\/\",\"url\":\"https:\/\/www.transtoyou.com\/da\/product\/lenzetto\/\",\"name\":\"Lenzetto | Nem Anvendelse Hormon Spray - Transtoyou\",\"isPartOf\":{\"@id\":\"https:\/\/www.transtoyou.com\/da\/#website\"},\"primaryImageOfPage\":{\"@id\":\"https:\/\/www.transtoyou.com\/da\/product\/lenzetto\/#primaryimage\"},\"image\":{\"@id\":\"https:\/\/www.transtoyou.com\/da\/product\/lenzetto\/#primaryimage\"},\"thumbnailUrl\":\"https:\/\/www.transtoyou.com\/da\/wp-content\/uploads\/sites\/6\/2026\/01\/tty-no-product-image-53.webp\",\"datePublished\":\"2026-01-23T21:29:39+00:00\",\"dateModified\":\"2026-01-23T21:30:30+00:00\",\"description\":\"Lenzetto, tilg\u00e6ngelig hos Transtoyou, tilbyder effektiv lindring af menopausale symptomer. Udforsk fordelene og k\u00f8b nu for en praktisk l\u00f8sning.\",\"breadcrumb\":{\"@id\":\"https:\/\/www.transtoyou.com\/da\/product\/lenzetto\/#breadcrumb\"},\"inLanguage\":\"da-DK\",\"potentialAction\":[{\"@type\":\"ReadAction\",\"target\":[\"https:\/\/www.transtoyou.com\/da\/product\/lenzetto\/\"]}]},{\"@type\":\"ImageObject\",\"inLanguage\":\"da-DK\",\"@id\":\"https:\/\/www.transtoyou.com\/da\/product\/lenzetto\/#primaryimage\",\"url\":\"https:\/\/www.transtoyou.com\/da\/wp-content\/uploads\/sites\/6\/2026\/01\/tty-no-product-image-53.webp\",\"contentUrl\":\"https:\/\/www.transtoyou.com\/da\/wp-content\/uploads\/sites\/6\/2026\/01\/tty-no-product-image-53.webp\",\"width\":1000,\"height\":1000,\"caption\":\"Standard produktbillede\"},{\"@type\":\"WebSite\",\"@id\":\"https:\/\/www.transtoyou.com\/da\/#website\",\"url\":\"https:\/\/www.transtoyou.com\/da\/\",\"name\":\"Transtoyou - DA\",\"description\":\"\",\"publisher\":{\"@id\":\"https:\/\/www.transtoyou.com\/da\/#organization\"},\"potentialAction\":[{\"@type\":\"SearchAction\",\"target\":{\"@type\":\"EntryPoint\",\"urlTemplate\":\"https:\/\/www.transtoyou.com\/da\/?s={search_term_string}\"},\"query-input\":{\"@type\":\"PropertyValueSpecification\",\"valueRequired\":true,\"valueName\":\"search_term_string\"}}],\"inLanguage\":\"da-DK\"},{\"@type\":\"Organization\",\"@id\":\"https:\/\/www.transtoyou.com\/da\/#organization\",\"name\":\"Transtoyou - DA\",\"url\":\"https:\/\/www.transtoyou.com\/da\/\",\"logo\":{\"@type\":\"ImageObject\",\"inLanguage\":\"da-DK\",\"@id\":\"https:\/\/www.transtoyou.com\/da\/#\/schema\/logo\/image\/\",\"url\":\"https:\/\/www.transtoyou.com\/da\/wp-content\/uploads\/sites\/6\/2026\/01\/logo-tty-menu-bar-300x87-1.webp\",\"contentUrl\":\"https:\/\/www.transtoyou.com\/da\/wp-content\/uploads\/sites\/6\/2026\/01\/logo-tty-menu-bar-300x87-1.webp\",\"width\":300,\"height\":87,\"caption\":\"Transtoyou - DA\"},\"image\":{\"@id\":\"https:\/\/www.transtoyou.com\/da\/#\/schema\/logo\/image\/\"}}]}<\/script>\n<!-- \/ Yoast SEO plugin. -->","yoast_head_json":{"title":"Lenzetto | Nem Anvendelse Hormon Spray - Transtoyou","description":"Lenzetto, tilg\u00e6ngelig hos Transtoyou, tilbyder effektiv lindring af menopausale symptomer. Udforsk fordelene og k\u00f8b nu for en praktisk l\u00f8sning.","robots":{"index":"noindex","follow":"follow","max-snippet":"max-snippet:-1","max-image-preview":"max-image-preview:large","max-video-preview":"max-video-preview:-1"},"og_locale":"da_DK","og_type":"article","og_title":"Lenzetto | Nem Anvendelse Hormon Spray - Transtoyou","og_description":"Lenzetto, tilg\u00e6ngelig hos Transtoyou, tilbyder effektiv lindring af menopausale symptomer. Udforsk fordelene og k\u00f8b nu for en praktisk l\u00f8sning.","og_url":"https:\/\/www.transtoyou.com\/da\/product\/lenzetto\/","og_site_name":"Transtoyou - DA","article_modified_time":"2026-01-23T21:30:30+00:00","twitter_card":"summary_large_image","twitter_misc":{"Estimeret l\u00e6setid":"1 minut"},"schema":{"@context":"https:\/\/schema.org","@graph":[{"@type":"WebPage","@id":"https:\/\/www.transtoyou.com\/da\/product\/lenzetto\/","url":"https:\/\/www.transtoyou.com\/da\/product\/lenzetto\/","name":"Lenzetto | Nem Anvendelse Hormon Spray - Transtoyou","isPartOf":{"@id":"https:\/\/www.transtoyou.com\/da\/#website"},"primaryImageOfPage":{"@id":"https:\/\/www.transtoyou.com\/da\/product\/lenzetto\/#primaryimage"},"image":{"@id":"https:\/\/www.transtoyou.com\/da\/product\/lenzetto\/#primaryimage"},"thumbnailUrl":"https:\/\/www.transtoyou.com\/da\/wp-content\/uploads\/sites\/6\/2026\/01\/tty-no-product-image-53.webp","datePublished":"2026-01-23T21:29:39+00:00","dateModified":"2026-01-23T21:30:30+00:00","description":"Lenzetto, tilg\u00e6ngelig hos Transtoyou, tilbyder effektiv lindring af menopausale symptomer. Udforsk fordelene og k\u00f8b nu for en praktisk l\u00f8sning.","breadcrumb":{"@id":"https:\/\/www.transtoyou.com\/da\/product\/lenzetto\/#breadcrumb"},"inLanguage":"da-DK","potentialAction":[{"@type":"ReadAction","target":["https:\/\/www.transtoyou.com\/da\/product\/lenzetto\/"]}]},{"@type":"ImageObject","inLanguage":"da-DK","@id":"https:\/\/www.transtoyou.com\/da\/product\/lenzetto\/#primaryimage","url":"https:\/\/www.transtoyou.com\/da\/wp-content\/uploads\/sites\/6\/2026\/01\/tty-no-product-image-53.webp","contentUrl":"https:\/\/www.transtoyou.com\/da\/wp-content\/uploads\/sites\/6\/2026\/01\/tty-no-product-image-53.webp","width":1000,"height":1000,"caption":"Standard produktbillede"},{"@type":"WebSite","@id":"https:\/\/www.transtoyou.com\/da\/#website","url":"https:\/\/www.transtoyou.com\/da\/","name":"Transtoyou - DA","description":"","publisher":{"@id":"https:\/\/www.transtoyou.com\/da\/#organization"},"potentialAction":[{"@type":"SearchAction","target":{"@type":"EntryPoint","urlTemplate":"https:\/\/www.transtoyou.com\/da\/?s={search_term_string}"},"query-input":{"@type":"PropertyValueSpecification","valueRequired":true,"valueName":"search_term_string"}}],"inLanguage":"da-DK"},{"@type":"Organization","@id":"https:\/\/www.transtoyou.com\/da\/#organization","name":"Transtoyou - DA","url":"https:\/\/www.transtoyou.com\/da\/","logo":{"@type":"ImageObject","inLanguage":"da-DK","@id":"https:\/\/www.transtoyou.com\/da\/#\/schema\/logo\/image\/","url":"https:\/\/www.transtoyou.com\/da\/wp-content\/uploads\/sites\/6\/2026\/01\/logo-tty-menu-bar-300x87-1.webp","contentUrl":"https:\/\/www.transtoyou.com\/da\/wp-content\/uploads\/sites\/6\/2026\/01\/logo-tty-menu-bar-300x87-1.webp","width":300,"height":87,"caption":"Transtoyou - DA"},"image":{"@id":"https:\/\/www.transtoyou.com\/da\/#\/schema\/logo\/image\/"}}]}},"_links":{"self":[{"href":"https:\/\/www.transtoyou.com\/da\/wp-json\/wp\/v2\/product\/928","targetHints":{"allow":["GET"]}}],"collection":[{"href":"https:\/\/www.transtoyou.com\/da\/wp-json\/wp\/v2\/product"}],"about":[{"href":"https:\/\/www.transtoyou.com\/da\/wp-json\/wp\/v2\/types\/product"}],"replies":[{"embeddable":true,"href":"https:\/\/www.transtoyou.com\/da\/wp-json\/wp\/v2\/comments?post=928"}],"wp:featuredmedia":[{"embeddable":true,"href":"https:\/\/www.transtoyou.com\/da\/wp-json\/wp\/v2\/media\/930"}],"wp:attachment":[{"href":"https:\/\/www.transtoyou.com\/da\/wp-json\/wp\/v2\/media?parent=928"}],"wp:term":[{"taxonomy":"product_brand","embeddable":true,"href":"https:\/\/www.transtoyou.com\/da\/wp-json\/wp\/v2\/product_brand?post=928"},{"taxonomy":"product_cat","embeddable":true,"href":"https:\/\/www.transtoyou.com\/da\/wp-json\/wp\/v2\/product_cat?post=928"},{"taxonomy":"product_tag","embeddable":true,"href":"https:\/\/www.transtoyou.com\/da\/wp-json\/wp\/v2\/product_tag?post=928"},{"taxonomy":"expert","embeddable":true,"href":"https:\/\/www.transtoyou.com\/da\/wp-json\/wp\/v2\/expert?post=928"}],"curies":[{"name":"wp","href":"https:\/\/api.w.org\/{rel}","templated":true}]}}