{"id":931,"date":"2026-01-23T23:44:01","date_gmt":"2026-01-23T21:44:01","guid":{"rendered":"https:\/\/www.transtoyou.com\/da\/product\/evorel-conti\/"},"modified":"2026-01-23T23:44:58","modified_gmt":"2026-01-23T21:44:58","slug":"evorel-conti","status":"publish","type":"product","link":"https:\/\/www.transtoyou.com\/da\/product\/evorel-conti\/","title":{"rendered":"Evorel Conti"},"content":{"rendered":"<p>Evorel Conti er en kontinuerlig kombineret hormonbehandling (HRT), der er designet til at hj\u00e6lpe med at h\u00e5ndtere symptomer relateret til overgangsalderen. Den indeholder to aktive ingredienser: estradiol (en form for \u00f8strogen) og norethisteron (et syntetisk gestagen). Denne kombination er beregnet til postmenopausale kvinder, der stadig har en livmoder og \u00f8nsker at lindre symptomer som hedeture, natlige svedeture, hum\u00f8rsvingninger og vaginal t\u00f8rhed.<\/p>\n<p>Evorel Conti administreres via transdermale plaster, der frigiver hormoner j\u00e6vnt gennem huden ind i blodbanen. Denne leveringsmetode kan st\u00f8tte mere stabile hormonniveauer og kan reducere gastrointestinale bivirkninger sammenlignet med oral HRT.<\/p>\n<p>Hvert plaster p\u00e5f\u00f8res ren, t\u00f8r, h\u00e5rfri hud, typisk p\u00e5 den nedre del af maven eller bagdelen \u2014 og skiftes to gange om ugen, idet der anvendes et andet omr\u00e5de ved hver p\u00e5f\u00f8ring.<\/p>\n<p>Evorel Conti for\u00e5rsager typisk ikke en m\u00e5nedlig tilbagetr\u00e6kningsbl\u00f8dning, hvilket g\u00f8r det til en bekvem mulighed for mange kvinder, der s\u00f8ger langvarig behandling. Terapien er egnet til kvinder, der er mere end 12 m\u00e5neder postmenopausale.<\/p>\n<p>Ud over symptomlindring kan Evorel Conti hj\u00e6lpe med at st\u00f8tte knoglesundheden og reducere risikoen for postmenopausal osteoporose forbundet med faldende \u00f8strogenniveauer. Mange brugere t\u00e5ler behandlingen godt, selvom bivirkninger som hudirritation, \u00f8mhed i brysterne eller mild kvalme kan forekomme.<\/p>\n","protected":false},"excerpt":{"rendered":"<ul>\n<li>Kontinuerlig kombineret HRT plaster<\/li>\n<li>Hj\u00e6lper med at h\u00e5ndtere symptomer p\u00e5 overgangsalderen<\/li>\n<li>To gange om ugen transdermal anvendelse<\/li>\n<\/ul>\n","protected":false},"featured_media":933,"comment_status":"open","ping_status":"closed","template":"","meta":[],"product_brand":[],"product_cat":[139,145],"product_tag":[],"expert":[19],"class_list":{"0":"post-931","1":"product","2":"type-product","3":"status-publish","4":"has-post-thumbnail","6":"product_cat-hormonbehandling-hrt","7":"product_cat-menopause-pms-lindring","8":"expert-dr-j-vazquez","10":"first","11":"instock","12":"shipping-taxable","13":"product-type-variable"},"yoast_head":"<!-- This site is optimized with the Yoast SEO plugin v27.0 - https:\/\/yoast.com\/product\/yoast-seo-wordpress\/ -->\n<title>Evorel Conti | Hormonbalance &amp; Menopause Lindring - Transtoyou<\/title>\n<meta name=\"description\" content=\"Evorel Conti hudplaster, tilg\u00e6ngelig nu, giver kontinuerlig frigivelse af \u00f8strogen og gestagen til at h\u00e5ndtere menopausale symptomer, tilg\u00e6ngelig hos Transtoyou.\" \/>\n<meta name=\"robots\" content=\"noindex, follow, max-snippet:-1, max-image-preview:large, max-video-preview:-1\" \/>\n<meta property=\"og:locale\" content=\"da_DK\" \/>\n<meta property=\"og:type\" content=\"article\" \/>\n<meta property=\"og:title\" content=\"Evorel Conti | Hormonbalance &amp; Menopause Lindring - Transtoyou\" \/>\n<meta property=\"og:description\" content=\"Evorel Conti hudplaster, tilg\u00e6ngelig nu, giver kontinuerlig frigivelse af \u00f8strogen og gestagen til at h\u00e5ndtere menopausale symptomer, tilg\u00e6ngelig hos Transtoyou.\" \/>\n<meta property=\"og:url\" content=\"https:\/\/www.transtoyou.com\/da\/product\/evorel-conti\/\" \/>\n<meta property=\"og:site_name\" content=\"Transtoyou - DA\" \/>\n<meta property=\"article:modified_time\" content=\"2026-01-23T21:44:58+00:00\" \/>\n<meta name=\"twitter:card\" content=\"summary_large_image\" \/>\n<meta name=\"twitter:label1\" content=\"Estimeret l\u00e6setid\" \/>\n\t<meta name=\"twitter:data1\" content=\"1 minut\" \/>\n<script type=\"application\/ld+json\" class=\"yoast-schema-graph\">{\"@context\":\"https:\/\/schema.org\",\"@graph\":[{\"@type\":\"WebPage\",\"@id\":\"https:\/\/www.transtoyou.com\/da\/product\/evorel-conti\/\",\"url\":\"https:\/\/www.transtoyou.com\/da\/product\/evorel-conti\/\",\"name\":\"Evorel Conti | Hormonbalance & Menopause Lindring - Transtoyou\",\"isPartOf\":{\"@id\":\"https:\/\/www.transtoyou.com\/da\/#website\"},\"primaryImageOfPage\":{\"@id\":\"https:\/\/www.transtoyou.com\/da\/product\/evorel-conti\/#primaryimage\"},\"image\":{\"@id\":\"https:\/\/www.transtoyou.com\/da\/product\/evorel-conti\/#primaryimage\"},\"thumbnailUrl\":\"https:\/\/www.transtoyou.com\/da\/wp-content\/uploads\/sites\/6\/2026\/01\/tty-no-product-image-54.webp\",\"datePublished\":\"2026-01-23T21:44:01+00:00\",\"dateModified\":\"2026-01-23T21:44:58+00:00\",\"description\":\"Evorel Conti hudplaster, tilg\u00e6ngelig nu, giver kontinuerlig frigivelse af \u00f8strogen og gestagen til at h\u00e5ndtere menopausale symptomer, tilg\u00e6ngelig hos Transtoyou.\",\"breadcrumb\":{\"@id\":\"https:\/\/www.transtoyou.com\/da\/product\/evorel-conti\/#breadcrumb\"},\"inLanguage\":\"da-DK\",\"potentialAction\":[{\"@type\":\"ReadAction\",\"target\":[\"https:\/\/www.transtoyou.com\/da\/product\/evorel-conti\/\"]}]},{\"@type\":\"ImageObject\",\"inLanguage\":\"da-DK\",\"@id\":\"https:\/\/www.transtoyou.com\/da\/product\/evorel-conti\/#primaryimage\",\"url\":\"https:\/\/www.transtoyou.com\/da\/wp-content\/uploads\/sites\/6\/2026\/01\/tty-no-product-image-54.webp\",\"contentUrl\":\"https:\/\/www.transtoyou.com\/da\/wp-content\/uploads\/sites\/6\/2026\/01\/tty-no-product-image-54.webp\",\"width\":1000,\"height\":1000,\"caption\":\"Standard produktbillede\"},{\"@type\":\"WebSite\",\"@id\":\"https:\/\/www.transtoyou.com\/da\/#website\",\"url\":\"https:\/\/www.transtoyou.com\/da\/\",\"name\":\"Transtoyou - DA\",\"description\":\"\",\"publisher\":{\"@id\":\"https:\/\/www.transtoyou.com\/da\/#organization\"},\"potentialAction\":[{\"@type\":\"SearchAction\",\"target\":{\"@type\":\"EntryPoint\",\"urlTemplate\":\"https:\/\/www.transtoyou.com\/da\/?s={search_term_string}\"},\"query-input\":{\"@type\":\"PropertyValueSpecification\",\"valueRequired\":true,\"valueName\":\"search_term_string\"}}],\"inLanguage\":\"da-DK\"},{\"@type\":\"Organization\",\"@id\":\"https:\/\/www.transtoyou.com\/da\/#organization\",\"name\":\"Transtoyou - DA\",\"url\":\"https:\/\/www.transtoyou.com\/da\/\",\"logo\":{\"@type\":\"ImageObject\",\"inLanguage\":\"da-DK\",\"@id\":\"https:\/\/www.transtoyou.com\/da\/#\/schema\/logo\/image\/\",\"url\":\"https:\/\/www.transtoyou.com\/da\/wp-content\/uploads\/sites\/6\/2026\/01\/logo-tty-menu-bar-300x87-1.webp\",\"contentUrl\":\"https:\/\/www.transtoyou.com\/da\/wp-content\/uploads\/sites\/6\/2026\/01\/logo-tty-menu-bar-300x87-1.webp\",\"width\":300,\"height\":87,\"caption\":\"Transtoyou - DA\"},\"image\":{\"@id\":\"https:\/\/www.transtoyou.com\/da\/#\/schema\/logo\/image\/\"}}]}<\/script>\n<!-- \/ Yoast SEO plugin. -->","yoast_head_json":{"title":"Evorel Conti | Hormonbalance & Menopause Lindring - Transtoyou","description":"Evorel Conti hudplaster, tilg\u00e6ngelig nu, giver kontinuerlig frigivelse af \u00f8strogen og gestagen til at h\u00e5ndtere menopausale symptomer, tilg\u00e6ngelig hos Transtoyou.","robots":{"index":"noindex","follow":"follow","max-snippet":"max-snippet:-1","max-image-preview":"max-image-preview:large","max-video-preview":"max-video-preview:-1"},"og_locale":"da_DK","og_type":"article","og_title":"Evorel Conti | Hormonbalance & Menopause Lindring - Transtoyou","og_description":"Evorel Conti hudplaster, tilg\u00e6ngelig nu, giver kontinuerlig frigivelse af \u00f8strogen og gestagen til at h\u00e5ndtere menopausale symptomer, tilg\u00e6ngelig hos Transtoyou.","og_url":"https:\/\/www.transtoyou.com\/da\/product\/evorel-conti\/","og_site_name":"Transtoyou - DA","article_modified_time":"2026-01-23T21:44:58+00:00","twitter_card":"summary_large_image","twitter_misc":{"Estimeret l\u00e6setid":"1 minut"},"schema":{"@context":"https:\/\/schema.org","@graph":[{"@type":"WebPage","@id":"https:\/\/www.transtoyou.com\/da\/product\/evorel-conti\/","url":"https:\/\/www.transtoyou.com\/da\/product\/evorel-conti\/","name":"Evorel Conti | Hormonbalance & Menopause Lindring - Transtoyou","isPartOf":{"@id":"https:\/\/www.transtoyou.com\/da\/#website"},"primaryImageOfPage":{"@id":"https:\/\/www.transtoyou.com\/da\/product\/evorel-conti\/#primaryimage"},"image":{"@id":"https:\/\/www.transtoyou.com\/da\/product\/evorel-conti\/#primaryimage"},"thumbnailUrl":"https:\/\/www.transtoyou.com\/da\/wp-content\/uploads\/sites\/6\/2026\/01\/tty-no-product-image-54.webp","datePublished":"2026-01-23T21:44:01+00:00","dateModified":"2026-01-23T21:44:58+00:00","description":"Evorel Conti hudplaster, tilg\u00e6ngelig nu, giver kontinuerlig frigivelse af \u00f8strogen og gestagen til at h\u00e5ndtere menopausale symptomer, tilg\u00e6ngelig hos Transtoyou.","breadcrumb":{"@id":"https:\/\/www.transtoyou.com\/da\/product\/evorel-conti\/#breadcrumb"},"inLanguage":"da-DK","potentialAction":[{"@type":"ReadAction","target":["https:\/\/www.transtoyou.com\/da\/product\/evorel-conti\/"]}]},{"@type":"ImageObject","inLanguage":"da-DK","@id":"https:\/\/www.transtoyou.com\/da\/product\/evorel-conti\/#primaryimage","url":"https:\/\/www.transtoyou.com\/da\/wp-content\/uploads\/sites\/6\/2026\/01\/tty-no-product-image-54.webp","contentUrl":"https:\/\/www.transtoyou.com\/da\/wp-content\/uploads\/sites\/6\/2026\/01\/tty-no-product-image-54.webp","width":1000,"height":1000,"caption":"Standard produktbillede"},{"@type":"WebSite","@id":"https:\/\/www.transtoyou.com\/da\/#website","url":"https:\/\/www.transtoyou.com\/da\/","name":"Transtoyou - DA","description":"","publisher":{"@id":"https:\/\/www.transtoyou.com\/da\/#organization"},"potentialAction":[{"@type":"SearchAction","target":{"@type":"EntryPoint","urlTemplate":"https:\/\/www.transtoyou.com\/da\/?s={search_term_string}"},"query-input":{"@type":"PropertyValueSpecification","valueRequired":true,"valueName":"search_term_string"}}],"inLanguage":"da-DK"},{"@type":"Organization","@id":"https:\/\/www.transtoyou.com\/da\/#organization","name":"Transtoyou - DA","url":"https:\/\/www.transtoyou.com\/da\/","logo":{"@type":"ImageObject","inLanguage":"da-DK","@id":"https:\/\/www.transtoyou.com\/da\/#\/schema\/logo\/image\/","url":"https:\/\/www.transtoyou.com\/da\/wp-content\/uploads\/sites\/6\/2026\/01\/logo-tty-menu-bar-300x87-1.webp","contentUrl":"https:\/\/www.transtoyou.com\/da\/wp-content\/uploads\/sites\/6\/2026\/01\/logo-tty-menu-bar-300x87-1.webp","width":300,"height":87,"caption":"Transtoyou - DA"},"image":{"@id":"https:\/\/www.transtoyou.com\/da\/#\/schema\/logo\/image\/"}}]}},"_links":{"self":[{"href":"https:\/\/www.transtoyou.com\/da\/wp-json\/wp\/v2\/product\/931","targetHints":{"allow":["GET"]}}],"collection":[{"href":"https:\/\/www.transtoyou.com\/da\/wp-json\/wp\/v2\/product"}],"about":[{"href":"https:\/\/www.transtoyou.com\/da\/wp-json\/wp\/v2\/types\/product"}],"replies":[{"embeddable":true,"href":"https:\/\/www.transtoyou.com\/da\/wp-json\/wp\/v2\/comments?post=931"}],"wp:featuredmedia":[{"embeddable":true,"href":"https:\/\/www.transtoyou.com\/da\/wp-json\/wp\/v2\/media\/933"}],"wp:attachment":[{"href":"https:\/\/www.transtoyou.com\/da\/wp-json\/wp\/v2\/media?parent=931"}],"wp:term":[{"taxonomy":"product_brand","embeddable":true,"href":"https:\/\/www.transtoyou.com\/da\/wp-json\/wp\/v2\/product_brand?post=931"},{"taxonomy":"product_cat","embeddable":true,"href":"https:\/\/www.transtoyou.com\/da\/wp-json\/wp\/v2\/product_cat?post=931"},{"taxonomy":"product_tag","embeddable":true,"href":"https:\/\/www.transtoyou.com\/da\/wp-json\/wp\/v2\/product_tag?post=931"},{"taxonomy":"expert","embeddable":true,"href":"https:\/\/www.transtoyou.com\/da\/wp-json\/wp\/v2\/expert?post=931"}],"curies":[{"name":"wp","href":"https:\/\/api.w.org\/{rel}","templated":true}]}}