{"id":937,"date":"2026-01-24T00:16:21","date_gmt":"2026-01-23T22:16:21","guid":{"rendered":"https:\/\/www.transtoyou.com\/da\/product\/metoprolol\/"},"modified":"2026-02-25T14:27:35","modified_gmt":"2026-02-25T12:27:35","slug":"metoprolol","status":"publish","type":"product","link":"https:\/\/www.transtoyou.com\/da\/product\/metoprolol\/","title":{"rendered":"Metoprolol"},"content":{"rendered":"<p>Metoprolol er en medicin, der tilh\u00f8rer klassen af beta-blokkere, som ofte ordineres til at h\u00e5ndtere forh\u00f8jet blodtryk. Ved at s\u00e6nke hjertefrekvensen og reducere styrken af hjertets sammentr\u00e6kninger hj\u00e6lper det hjertet med at arbejde mere effektivt og reducerer trykket p\u00e5 blodkarrene. Dette g\u00f8r det til en mulighed i b\u00e5de indledende og langsigtede behandlingsplaner for hypertension.<\/p>\n<p>N\u00e5r blodtrykket forbliver forh\u00f8jet over tid, \u00f8ger det risikoen for alvorlige sundhedskomplikationer s\u00e5som hjerteanfald, slagtilf\u00e6lde eller nyreskader. Metoprolol virker ved at blokere virkningen af visse naturlige kemikalier i kroppen, s\u00e5som adrenalin, p\u00e5 hjertet og blodkarrene. Som et resultat s\u00e6nker det hjertefrekvensen og letter belastningen p\u00e5 det kardiovaskul\u00e6re system.<\/p>\n<p>Metoprolol tages typisk i tabletform en eller to gange om dagen. Folk, der tager Metoprolol, m\u00e6rker generelt ikke dens virkninger direkte, men over tid hj\u00e6lper det med at beskytte hjertet og blodkarrene mod de skader, der for\u00e5rsages af langvarig hypertension. Konsistent brug er afg\u00f8rende for at opretholde stabile blodtryksniveauer og forhindre komplikationer, selvom der ikke er nogen symptomer til stede.<\/p>\n<p>Metoprolol kan for\u00e5rsage nogle milde bivirkninger, s\u00e5som tr\u00e6thed, kolde ekstremiteter eller svimmelhed, is\u00e6r n\u00e5r man starter p\u00e5 medicinen. Disse forsvinder normalt, efterh\u00e5nden som kroppen tilpasser sig. Som med enhver behandling af blodtryk er regelm\u00e6ssig overv\u00e5gning og medicinsk opf\u00f8lgning vigtig for at sikre sikkerhed og effektivitet.<\/p>\n","protected":false},"excerpt":{"rendered":"<ul>\n<li>Oncedaily hjerte-selektiv blokker<\/li>\n<li>Bevist at reducere postMI d\u00f8dsfald<\/li>\n<li>D\u00e6mper puls, tryk, hjertebanken<\/li>\n<\/ul>\n","protected":false},"featured_media":939,"comment_status":"open","ping_status":"closed","template":"","meta":[],"product_brand":[],"product_cat":[136],"product_tag":[],"expert":[21],"class_list":{"0":"post-937","1":"product","2":"type-product","3":"status-publish","4":"has-post-thumbnail","6":"product_cat-hojt-blodtryk","7":"expert-dr-m-sharoyko","9":"first","10":"instock","11":"shipping-taxable","12":"product-type-variable"},"yoast_head":"<!-- This site is optimized with the Yoast SEO plugin v27.0 - https:\/\/yoast.com\/product\/yoast-seo-wordpress\/ -->\n<title>Metoprolol | H\u00e5ndter Blodtryk Effektivt - Transtoyou<\/title>\n<meta name=\"description\" content=\"Opdag Metoprolol, en beta-blokker til behandling af forh\u00f8jet blodtryk, tilg\u00e6ngelig hos Transtoyou. Reducer hjertebelastning og forbedr hjerte-kar-sundhed.\" \/>\n<meta name=\"robots\" content=\"noindex, follow, max-snippet:-1, max-image-preview:large, max-video-preview:-1\" \/>\n<meta property=\"og:locale\" content=\"da_DK\" \/>\n<meta property=\"og:type\" content=\"article\" \/>\n<meta property=\"og:title\" content=\"Metoprolol | H\u00e5ndter Blodtryk Effektivt - Transtoyou\" \/>\n<meta property=\"og:description\" content=\"Opdag Metoprolol, en beta-blokker til behandling af forh\u00f8jet blodtryk, tilg\u00e6ngelig hos Transtoyou. Reducer hjertebelastning og forbedr hjerte-kar-sundhed.\" \/>\n<meta property=\"og:url\" content=\"https:\/\/www.transtoyou.com\/da\/product\/metoprolol\/\" \/>\n<meta property=\"og:site_name\" content=\"Transtoyou - DA\" \/>\n<meta property=\"article:modified_time\" content=\"2026-02-25T12:27:35+00:00\" \/>\n<meta name=\"twitter:card\" content=\"summary_large_image\" \/>\n<meta name=\"twitter:label1\" content=\"Estimeret l\u00e6setid\" \/>\n\t<meta name=\"twitter:data1\" content=\"1 minut\" \/>\n<script type=\"application\/ld+json\" class=\"yoast-schema-graph\">{\"@context\":\"https:\/\/schema.org\",\"@graph\":[{\"@type\":\"WebPage\",\"@id\":\"https:\/\/www.transtoyou.com\/da\/product\/metoprolol\/\",\"url\":\"https:\/\/www.transtoyou.com\/da\/product\/metoprolol\/\",\"name\":\"Metoprolol | H\u00e5ndter Blodtryk Effektivt - Transtoyou\",\"isPartOf\":{\"@id\":\"https:\/\/www.transtoyou.com\/da\/#website\"},\"primaryImageOfPage\":{\"@id\":\"https:\/\/www.transtoyou.com\/da\/product\/metoprolol\/#primaryimage\"},\"image\":{\"@id\":\"https:\/\/www.transtoyou.com\/da\/product\/metoprolol\/#primaryimage\"},\"thumbnailUrl\":\"https:\/\/www.transtoyou.com\/da\/wp-content\/uploads\/sites\/6\/2026\/01\/tty-no-product-image-56.webp\",\"datePublished\":\"2026-01-23T22:16:21+00:00\",\"dateModified\":\"2026-02-25T12:27:35+00:00\",\"description\":\"Opdag Metoprolol, en beta-blokker til behandling af forh\u00f8jet blodtryk, tilg\u00e6ngelig hos Transtoyou. Reducer hjertebelastning og forbedr hjerte-kar-sundhed.\",\"breadcrumb\":{\"@id\":\"https:\/\/www.transtoyou.com\/da\/product\/metoprolol\/#breadcrumb\"},\"inLanguage\":\"da-DK\",\"potentialAction\":[{\"@type\":\"ReadAction\",\"target\":[\"https:\/\/www.transtoyou.com\/da\/product\/metoprolol\/\"]}]},{\"@type\":\"ImageObject\",\"inLanguage\":\"da-DK\",\"@id\":\"https:\/\/www.transtoyou.com\/da\/product\/metoprolol\/#primaryimage\",\"url\":\"https:\/\/www.transtoyou.com\/da\/wp-content\/uploads\/sites\/6\/2026\/01\/tty-no-product-image-56.webp\",\"contentUrl\":\"https:\/\/www.transtoyou.com\/da\/wp-content\/uploads\/sites\/6\/2026\/01\/tty-no-product-image-56.webp\",\"width\":1000,\"height\":1000,\"caption\":\"Standard produktbillede\"},{\"@type\":\"WebSite\",\"@id\":\"https:\/\/www.transtoyou.com\/da\/#website\",\"url\":\"https:\/\/www.transtoyou.com\/da\/\",\"name\":\"Transtoyou - DA\",\"description\":\"\",\"publisher\":{\"@id\":\"https:\/\/www.transtoyou.com\/da\/#organization\"},\"potentialAction\":[{\"@type\":\"SearchAction\",\"target\":{\"@type\":\"EntryPoint\",\"urlTemplate\":\"https:\/\/www.transtoyou.com\/da\/?s={search_term_string}\"},\"query-input\":{\"@type\":\"PropertyValueSpecification\",\"valueRequired\":true,\"valueName\":\"search_term_string\"}}],\"inLanguage\":\"da-DK\"},{\"@type\":\"Organization\",\"@id\":\"https:\/\/www.transtoyou.com\/da\/#organization\",\"name\":\"Transtoyou - DA\",\"url\":\"https:\/\/www.transtoyou.com\/da\/\",\"logo\":{\"@type\":\"ImageObject\",\"inLanguage\":\"da-DK\",\"@id\":\"https:\/\/www.transtoyou.com\/da\/#\/schema\/logo\/image\/\",\"url\":\"https:\/\/www.transtoyou.com\/da\/wp-content\/uploads\/sites\/6\/2026\/01\/logo-tty-menu-bar-300x87-1.webp\",\"contentUrl\":\"https:\/\/www.transtoyou.com\/da\/wp-content\/uploads\/sites\/6\/2026\/01\/logo-tty-menu-bar-300x87-1.webp\",\"width\":300,\"height\":87,\"caption\":\"Transtoyou - DA\"},\"image\":{\"@id\":\"https:\/\/www.transtoyou.com\/da\/#\/schema\/logo\/image\/\"}}]}<\/script>\n<!-- \/ Yoast SEO plugin. -->","yoast_head_json":{"title":"Metoprolol | H\u00e5ndter Blodtryk Effektivt - Transtoyou","description":"Opdag Metoprolol, en beta-blokker til behandling af forh\u00f8jet blodtryk, tilg\u00e6ngelig hos Transtoyou. Reducer hjertebelastning og forbedr hjerte-kar-sundhed.","robots":{"index":"noindex","follow":"follow","max-snippet":"max-snippet:-1","max-image-preview":"max-image-preview:large","max-video-preview":"max-video-preview:-1"},"og_locale":"da_DK","og_type":"article","og_title":"Metoprolol | H\u00e5ndter Blodtryk Effektivt - Transtoyou","og_description":"Opdag Metoprolol, en beta-blokker til behandling af forh\u00f8jet blodtryk, tilg\u00e6ngelig hos Transtoyou. Reducer hjertebelastning og forbedr hjerte-kar-sundhed.","og_url":"https:\/\/www.transtoyou.com\/da\/product\/metoprolol\/","og_site_name":"Transtoyou - DA","article_modified_time":"2026-02-25T12:27:35+00:00","twitter_card":"summary_large_image","twitter_misc":{"Estimeret l\u00e6setid":"1 minut"},"schema":{"@context":"https:\/\/schema.org","@graph":[{"@type":"WebPage","@id":"https:\/\/www.transtoyou.com\/da\/product\/metoprolol\/","url":"https:\/\/www.transtoyou.com\/da\/product\/metoprolol\/","name":"Metoprolol | H\u00e5ndter Blodtryk Effektivt - Transtoyou","isPartOf":{"@id":"https:\/\/www.transtoyou.com\/da\/#website"},"primaryImageOfPage":{"@id":"https:\/\/www.transtoyou.com\/da\/product\/metoprolol\/#primaryimage"},"image":{"@id":"https:\/\/www.transtoyou.com\/da\/product\/metoprolol\/#primaryimage"},"thumbnailUrl":"https:\/\/www.transtoyou.com\/da\/wp-content\/uploads\/sites\/6\/2026\/01\/tty-no-product-image-56.webp","datePublished":"2026-01-23T22:16:21+00:00","dateModified":"2026-02-25T12:27:35+00:00","description":"Opdag Metoprolol, en beta-blokker til behandling af forh\u00f8jet blodtryk, tilg\u00e6ngelig hos Transtoyou. Reducer hjertebelastning og forbedr hjerte-kar-sundhed.","breadcrumb":{"@id":"https:\/\/www.transtoyou.com\/da\/product\/metoprolol\/#breadcrumb"},"inLanguage":"da-DK","potentialAction":[{"@type":"ReadAction","target":["https:\/\/www.transtoyou.com\/da\/product\/metoprolol\/"]}]},{"@type":"ImageObject","inLanguage":"da-DK","@id":"https:\/\/www.transtoyou.com\/da\/product\/metoprolol\/#primaryimage","url":"https:\/\/www.transtoyou.com\/da\/wp-content\/uploads\/sites\/6\/2026\/01\/tty-no-product-image-56.webp","contentUrl":"https:\/\/www.transtoyou.com\/da\/wp-content\/uploads\/sites\/6\/2026\/01\/tty-no-product-image-56.webp","width":1000,"height":1000,"caption":"Standard produktbillede"},{"@type":"WebSite","@id":"https:\/\/www.transtoyou.com\/da\/#website","url":"https:\/\/www.transtoyou.com\/da\/","name":"Transtoyou - DA","description":"","publisher":{"@id":"https:\/\/www.transtoyou.com\/da\/#organization"},"potentialAction":[{"@type":"SearchAction","target":{"@type":"EntryPoint","urlTemplate":"https:\/\/www.transtoyou.com\/da\/?s={search_term_string}"},"query-input":{"@type":"PropertyValueSpecification","valueRequired":true,"valueName":"search_term_string"}}],"inLanguage":"da-DK"},{"@type":"Organization","@id":"https:\/\/www.transtoyou.com\/da\/#organization","name":"Transtoyou - DA","url":"https:\/\/www.transtoyou.com\/da\/","logo":{"@type":"ImageObject","inLanguage":"da-DK","@id":"https:\/\/www.transtoyou.com\/da\/#\/schema\/logo\/image\/","url":"https:\/\/www.transtoyou.com\/da\/wp-content\/uploads\/sites\/6\/2026\/01\/logo-tty-menu-bar-300x87-1.webp","contentUrl":"https:\/\/www.transtoyou.com\/da\/wp-content\/uploads\/sites\/6\/2026\/01\/logo-tty-menu-bar-300x87-1.webp","width":300,"height":87,"caption":"Transtoyou - DA"},"image":{"@id":"https:\/\/www.transtoyou.com\/da\/#\/schema\/logo\/image\/"}}]}},"_links":{"self":[{"href":"https:\/\/www.transtoyou.com\/da\/wp-json\/wp\/v2\/product\/937","targetHints":{"allow":["GET"]}}],"collection":[{"href":"https:\/\/www.transtoyou.com\/da\/wp-json\/wp\/v2\/product"}],"about":[{"href":"https:\/\/www.transtoyou.com\/da\/wp-json\/wp\/v2\/types\/product"}],"replies":[{"embeddable":true,"href":"https:\/\/www.transtoyou.com\/da\/wp-json\/wp\/v2\/comments?post=937"}],"wp:featuredmedia":[{"embeddable":true,"href":"https:\/\/www.transtoyou.com\/da\/wp-json\/wp\/v2\/media\/939"}],"wp:attachment":[{"href":"https:\/\/www.transtoyou.com\/da\/wp-json\/wp\/v2\/media?parent=937"}],"wp:term":[{"taxonomy":"product_brand","embeddable":true,"href":"https:\/\/www.transtoyou.com\/da\/wp-json\/wp\/v2\/product_brand?post=937"},{"taxonomy":"product_cat","embeddable":true,"href":"https:\/\/www.transtoyou.com\/da\/wp-json\/wp\/v2\/product_cat?post=937"},{"taxonomy":"product_tag","embeddable":true,"href":"https:\/\/www.transtoyou.com\/da\/wp-json\/wp\/v2\/product_tag?post=937"},{"taxonomy":"expert","embeddable":true,"href":"https:\/\/www.transtoyou.com\/da\/wp-json\/wp\/v2\/expert?post=937"}],"curies":[{"name":"wp","href":"https:\/\/api.w.org\/{rel}","templated":true}]}}