{"id":940,"date":"2026-01-24T00:32:55","date_gmt":"2026-01-23T22:32:55","guid":{"rendered":"https:\/\/www.transtoyou.com\/da\/product\/testavan\/"},"modified":"2026-03-01T11:35:22","modified_gmt":"2026-03-01T09:35:22","slug":"testavan","status":"publish","type":"product","link":"https:\/\/www.transtoyou.com\/da\/product\/testavan\/","title":{"rendered":"Testavan"},"content":{"rendered":"<p>Testavan er en testosteron gel, der p\u00e5f\u00f8res direkte p\u00e5 huden, designet til at behandle lave testosteronniveauer hos voksne m\u00e6nd og personer, der gennemg\u00e5r maskuliniserende hormonbehandling. Det tilbyder et ikke-invasivt og bekvemt alternativ til injektioner, der giver stabile hormonniveauer gennem daglig topisk anvendelse. Testavan bruges ogs\u00e5 i forbindelse med testosteronbaseret behandling hos \u00e6ldre voksne, hvor det kan hj\u00e6lpe med at st\u00f8tte vitalitet og energi hos nogle personer med klinisk bekr\u00e6ftet testosteronmangel.<\/p>\n<p>Gelen indeholder testosteron i en formulering, der hurtigt absorberes gennem huden og leverer hormonet til blodbanen. Den er forbundet med effekter som forbedret hum\u00f8r, \u00f8get muskelmasse, st\u00f8rre energi, forbedret libido og, i forbindelse med k\u00f8nsbekr\u00e6ftende pleje, udviklingen af maskuliniserende fysiske tr\u00e6k som ansigtsh\u00e5r, dybere stemme og oph\u00f8r af menstruation.<\/p>\n<p>Testavan p\u00e5f\u00f8res \u00e9n gang dagligt, typisk p\u00e5 overarmen eller skulderen. Den hurtigt\u00f8rrende gel kr\u00e6ver muligvis ikke fuld gnidning, men b\u00f8r spredes let som anvist, og der skal tages forholdsregler for at undg\u00e5 kontakt med andre. Dens brugervenlighed g\u00f8r den til et foretrukket valg for personer, der v\u00e6lger en topisk tilgang til hormonbehandling eller \u00f8nsker at undg\u00e5 hyppige injektioner.<\/p>\n<p>Som alle testosteronbehandlinger kr\u00e6ver Testavan regelm\u00e6ssig overv\u00e5gning af hormonniveauer og andre sundhedsparametre. Bivirkninger kan omfatte hudirritation ved p\u00e5f\u00f8ringsstedet, akne, hum\u00f8rsvingninger eller \u00f8get antal r\u00f8de blodlegemer. Det er kontraindiceret hos personer med en historie med prostatakr\u00e6ft eller brystkr\u00e6ft og strengt kontraindiceret hos dem, der er gravide eller kan blive gravide.<\/p>\n","protected":false},"excerpt":{"rendered":"<ul>\n<li>Topisk testosteron gel<\/li>\n<li>Kan st\u00f8tte maskulinisering og energi<\/li>\n<li>Dagsanvendelse, ikke-invasiv<\/li>\n<\/ul>\n","protected":false},"featured_media":943,"comment_status":"open","ping_status":"closed","template":"","meta":[],"product_brand":[],"product_cat":[168,169],"product_tag":[],"expert":[19],"class_list":{"0":"post-940","1":"product","2":"type-product","3":"status-publish","4":"has-post-thumbnail","6":"product_cat-testosteron-anti-aldring","7":"product_cat-testosteron-maskuliniseringsterapi","8":"expert-dr-j-vazquez","10":"first","11":"instock","12":"shipping-taxable","13":"product-type-variable"},"yoast_head":"<!-- This site is optimized with the Yoast SEO plugin v27.0 - https:\/\/yoast.com\/product\/yoast-seo-wordpress\/ -->\n<title>Testavan | Praktisk Daglig Testosteron Gel - Transtoyou<\/title>\n<meta name=\"description\" content=\"Testavan testosteron gel \u00f8ger energi, hum\u00f8r og vitalitet. K\u00f8b nu en ikke-invasiv l\u00f8sning mod lavt testosteron hos Transtoyou.\" \/>\n<meta name=\"robots\" content=\"noindex, follow, max-snippet:-1, max-image-preview:large, max-video-preview:-1\" \/>\n<meta property=\"og:locale\" content=\"da_DK\" \/>\n<meta property=\"og:type\" content=\"article\" \/>\n<meta property=\"og:title\" content=\"Testavan | Praktisk Daglig Testosteron Gel - Transtoyou\" \/>\n<meta property=\"og:description\" content=\"Testavan testosteron gel \u00f8ger energi, hum\u00f8r og vitalitet. K\u00f8b nu en ikke-invasiv l\u00f8sning mod lavt testosteron hos Transtoyou.\" \/>\n<meta property=\"og:url\" content=\"https:\/\/www.transtoyou.com\/da\/product\/testavan\/\" \/>\n<meta property=\"og:site_name\" content=\"Transtoyou - DA\" \/>\n<meta property=\"article:modified_time\" content=\"2026-03-01T09:35:22+00:00\" \/>\n<meta name=\"twitter:card\" content=\"summary_large_image\" \/>\n<meta name=\"twitter:label1\" content=\"Estimeret l\u00e6setid\" \/>\n\t<meta name=\"twitter:data1\" content=\"1 minut\" \/>\n<script type=\"application\/ld+json\" class=\"yoast-schema-graph\">{\"@context\":\"https:\/\/schema.org\",\"@graph\":[{\"@type\":\"WebPage\",\"@id\":\"https:\/\/www.transtoyou.com\/da\/product\/testavan\/\",\"url\":\"https:\/\/www.transtoyou.com\/da\/product\/testavan\/\",\"name\":\"Testavan | Praktisk Daglig Testosteron Gel - Transtoyou\",\"isPartOf\":{\"@id\":\"https:\/\/www.transtoyou.com\/da\/#website\"},\"primaryImageOfPage\":{\"@id\":\"https:\/\/www.transtoyou.com\/da\/product\/testavan\/#primaryimage\"},\"image\":{\"@id\":\"https:\/\/www.transtoyou.com\/da\/product\/testavan\/#primaryimage\"},\"thumbnailUrl\":\"https:\/\/www.transtoyou.com\/da\/wp-content\/uploads\/sites\/6\/2026\/01\/tty-no-product-image-57.webp\",\"datePublished\":\"2026-01-23T22:32:55+00:00\",\"dateModified\":\"2026-03-01T09:35:22+00:00\",\"description\":\"Testavan testosteron gel \u00f8ger energi, hum\u00f8r og vitalitet. K\u00f8b nu en ikke-invasiv l\u00f8sning mod lavt testosteron hos Transtoyou.\",\"breadcrumb\":{\"@id\":\"https:\/\/www.transtoyou.com\/da\/product\/testavan\/#breadcrumb\"},\"inLanguage\":\"da-DK\",\"potentialAction\":[{\"@type\":\"ReadAction\",\"target\":[\"https:\/\/www.transtoyou.com\/da\/product\/testavan\/\"]}]},{\"@type\":\"ImageObject\",\"inLanguage\":\"da-DK\",\"@id\":\"https:\/\/www.transtoyou.com\/da\/product\/testavan\/#primaryimage\",\"url\":\"https:\/\/www.transtoyou.com\/da\/wp-content\/uploads\/sites\/6\/2026\/01\/tty-no-product-image-57.webp\",\"contentUrl\":\"https:\/\/www.transtoyou.com\/da\/wp-content\/uploads\/sites\/6\/2026\/01\/tty-no-product-image-57.webp\",\"width\":1000,\"height\":1000,\"caption\":\"Standard produktbillede\"},{\"@type\":\"WebSite\",\"@id\":\"https:\/\/www.transtoyou.com\/da\/#website\",\"url\":\"https:\/\/www.transtoyou.com\/da\/\",\"name\":\"Transtoyou - DA\",\"description\":\"\",\"publisher\":{\"@id\":\"https:\/\/www.transtoyou.com\/da\/#organization\"},\"potentialAction\":[{\"@type\":\"SearchAction\",\"target\":{\"@type\":\"EntryPoint\",\"urlTemplate\":\"https:\/\/www.transtoyou.com\/da\/?s={search_term_string}\"},\"query-input\":{\"@type\":\"PropertyValueSpecification\",\"valueRequired\":true,\"valueName\":\"search_term_string\"}}],\"inLanguage\":\"da-DK\"},{\"@type\":\"Organization\",\"@id\":\"https:\/\/www.transtoyou.com\/da\/#organization\",\"name\":\"Transtoyou - DA\",\"url\":\"https:\/\/www.transtoyou.com\/da\/\",\"logo\":{\"@type\":\"ImageObject\",\"inLanguage\":\"da-DK\",\"@id\":\"https:\/\/www.transtoyou.com\/da\/#\/schema\/logo\/image\/\",\"url\":\"https:\/\/www.transtoyou.com\/da\/wp-content\/uploads\/sites\/6\/2026\/01\/logo-tty-menu-bar-300x87-1.webp\",\"contentUrl\":\"https:\/\/www.transtoyou.com\/da\/wp-content\/uploads\/sites\/6\/2026\/01\/logo-tty-menu-bar-300x87-1.webp\",\"width\":300,\"height\":87,\"caption\":\"Transtoyou - DA\"},\"image\":{\"@id\":\"https:\/\/www.transtoyou.com\/da\/#\/schema\/logo\/image\/\"}}]}<\/script>\n<!-- \/ Yoast SEO plugin. -->","yoast_head_json":{"title":"Testavan | Praktisk Daglig Testosteron Gel - Transtoyou","description":"Testavan testosteron gel \u00f8ger energi, hum\u00f8r og vitalitet. K\u00f8b nu en ikke-invasiv l\u00f8sning mod lavt testosteron hos Transtoyou.","robots":{"index":"noindex","follow":"follow","max-snippet":"max-snippet:-1","max-image-preview":"max-image-preview:large","max-video-preview":"max-video-preview:-1"},"og_locale":"da_DK","og_type":"article","og_title":"Testavan | Praktisk Daglig Testosteron Gel - Transtoyou","og_description":"Testavan testosteron gel \u00f8ger energi, hum\u00f8r og vitalitet. K\u00f8b nu en ikke-invasiv l\u00f8sning mod lavt testosteron hos Transtoyou.","og_url":"https:\/\/www.transtoyou.com\/da\/product\/testavan\/","og_site_name":"Transtoyou - DA","article_modified_time":"2026-03-01T09:35:22+00:00","twitter_card":"summary_large_image","twitter_misc":{"Estimeret l\u00e6setid":"1 minut"},"schema":{"@context":"https:\/\/schema.org","@graph":[{"@type":"WebPage","@id":"https:\/\/www.transtoyou.com\/da\/product\/testavan\/","url":"https:\/\/www.transtoyou.com\/da\/product\/testavan\/","name":"Testavan | Praktisk Daglig Testosteron Gel - Transtoyou","isPartOf":{"@id":"https:\/\/www.transtoyou.com\/da\/#website"},"primaryImageOfPage":{"@id":"https:\/\/www.transtoyou.com\/da\/product\/testavan\/#primaryimage"},"image":{"@id":"https:\/\/www.transtoyou.com\/da\/product\/testavan\/#primaryimage"},"thumbnailUrl":"https:\/\/www.transtoyou.com\/da\/wp-content\/uploads\/sites\/6\/2026\/01\/tty-no-product-image-57.webp","datePublished":"2026-01-23T22:32:55+00:00","dateModified":"2026-03-01T09:35:22+00:00","description":"Testavan testosteron gel \u00f8ger energi, hum\u00f8r og vitalitet. K\u00f8b nu en ikke-invasiv l\u00f8sning mod lavt testosteron hos Transtoyou.","breadcrumb":{"@id":"https:\/\/www.transtoyou.com\/da\/product\/testavan\/#breadcrumb"},"inLanguage":"da-DK","potentialAction":[{"@type":"ReadAction","target":["https:\/\/www.transtoyou.com\/da\/product\/testavan\/"]}]},{"@type":"ImageObject","inLanguage":"da-DK","@id":"https:\/\/www.transtoyou.com\/da\/product\/testavan\/#primaryimage","url":"https:\/\/www.transtoyou.com\/da\/wp-content\/uploads\/sites\/6\/2026\/01\/tty-no-product-image-57.webp","contentUrl":"https:\/\/www.transtoyou.com\/da\/wp-content\/uploads\/sites\/6\/2026\/01\/tty-no-product-image-57.webp","width":1000,"height":1000,"caption":"Standard produktbillede"},{"@type":"WebSite","@id":"https:\/\/www.transtoyou.com\/da\/#website","url":"https:\/\/www.transtoyou.com\/da\/","name":"Transtoyou - DA","description":"","publisher":{"@id":"https:\/\/www.transtoyou.com\/da\/#organization"},"potentialAction":[{"@type":"SearchAction","target":{"@type":"EntryPoint","urlTemplate":"https:\/\/www.transtoyou.com\/da\/?s={search_term_string}"},"query-input":{"@type":"PropertyValueSpecification","valueRequired":true,"valueName":"search_term_string"}}],"inLanguage":"da-DK"},{"@type":"Organization","@id":"https:\/\/www.transtoyou.com\/da\/#organization","name":"Transtoyou - DA","url":"https:\/\/www.transtoyou.com\/da\/","logo":{"@type":"ImageObject","inLanguage":"da-DK","@id":"https:\/\/www.transtoyou.com\/da\/#\/schema\/logo\/image\/","url":"https:\/\/www.transtoyou.com\/da\/wp-content\/uploads\/sites\/6\/2026\/01\/logo-tty-menu-bar-300x87-1.webp","contentUrl":"https:\/\/www.transtoyou.com\/da\/wp-content\/uploads\/sites\/6\/2026\/01\/logo-tty-menu-bar-300x87-1.webp","width":300,"height":87,"caption":"Transtoyou - DA"},"image":{"@id":"https:\/\/www.transtoyou.com\/da\/#\/schema\/logo\/image\/"}}]}},"_links":{"self":[{"href":"https:\/\/www.transtoyou.com\/da\/wp-json\/wp\/v2\/product\/940","targetHints":{"allow":["GET"]}}],"collection":[{"href":"https:\/\/www.transtoyou.com\/da\/wp-json\/wp\/v2\/product"}],"about":[{"href":"https:\/\/www.transtoyou.com\/da\/wp-json\/wp\/v2\/types\/product"}],"replies":[{"embeddable":true,"href":"https:\/\/www.transtoyou.com\/da\/wp-json\/wp\/v2\/comments?post=940"}],"wp:featuredmedia":[{"embeddable":true,"href":"https:\/\/www.transtoyou.com\/da\/wp-json\/wp\/v2\/media\/943"}],"wp:attachment":[{"href":"https:\/\/www.transtoyou.com\/da\/wp-json\/wp\/v2\/media?parent=940"}],"wp:term":[{"taxonomy":"product_brand","embeddable":true,"href":"https:\/\/www.transtoyou.com\/da\/wp-json\/wp\/v2\/product_brand?post=940"},{"taxonomy":"product_cat","embeddable":true,"href":"https:\/\/www.transtoyou.com\/da\/wp-json\/wp\/v2\/product_cat?post=940"},{"taxonomy":"product_tag","embeddable":true,"href":"https:\/\/www.transtoyou.com\/da\/wp-json\/wp\/v2\/product_tag?post=940"},{"taxonomy":"expert","embeddable":true,"href":"https:\/\/www.transtoyou.com\/da\/wp-json\/wp\/v2\/expert?post=940"}],"curies":[{"name":"wp","href":"https:\/\/api.w.org\/{rel}","templated":true}]}}