{"id":950,"date":"2026-01-24T01:21:54","date_gmt":"2026-01-23T23:21:54","guid":{"rendered":"https:\/\/www.transtoyou.com\/da\/product\/tamiflu\/"},"modified":"2026-03-06T12:41:55","modified_gmt":"2026-03-06T10:41:55","slug":"tamiflu","status":"publish","type":"product","link":"https:\/\/www.transtoyou.com\/da\/product\/tamiflu\/","title":{"rendered":"Tamiflu"},"content":{"rendered":"<p>Tamiflu, kendt ved sit aktive stof oseltamivir, er en antiviral medicin, der bruges til at behandle og forebygge influenza, almindeligvis kaldet influenza. Det er ikke et almindeligt fork\u00f8lelsesmiddel, men derimod en m\u00e5lrettet behandling, der virker mod influenza-virus typer A og B, som er ansvarlige for s\u00e6sonbestemte influenzaudbrud.<\/p>\n<p>Tamiflu virker ved at h\u00e6mme neuraminidase-enzymet, et stof som influenza-virussen har brug for for at sprede sig fra inficerede celler til sunde celler i kroppen. Ved at blokere dette enzym hj\u00e6lper Tamiflu med at begr\u00e6nse spredningen af virussen, hvilket kan reducere b\u00e5de sv\u00e6rhedsgraden og varigheden af symptomer som feber, kulderystelser, ondt i halsen, muskelsmerter og tr\u00e6thed.<\/p>\n<p>Medikamentet er mest effektivt, n\u00e5r det startes inden for 48 timer efter symptomernes begyndelse, selvom det stadig kan give nogle fordele, hvis det tages senere. Det ordineres ofte til personer med h\u00f8jere risiko for influenza-komplikationer, s\u00e5som \u00e6ldre voksne, personer med underliggende helbredsproblemer eller dem med sv\u00e6kkede immunsystemer. I nogle tilf\u00e6lde bruges Tamiflu ogs\u00e5 som post-expositionsprofylakse for personer, der har v\u00e6ret udsat for influenza, men endnu ikke har symptomer.<\/p>\n<p>Tamiflu tages typisk som et fem-dages forl\u00f8b, med en kapsel taget to gange dagligt. Til forebyggelse er en engangsdaglig dosis over ti dage almindelig efter t\u00e6t kontakt med nogen, der har influenza.<\/p>\n<p>De fleste mennesker t\u00e5ler Tamiflu godt. Nogle kan opleve bivirkninger som kvalme, opkastning, hovedpine eller mavesmerter, is\u00e6r i starten af behandlingen. At tage medicinen med mad kan hj\u00e6lpe med at reducere mave-relaterede bivirkninger.<\/p>\n","protected":false},"excerpt":{"rendered":"<ul>\n<li>Begynder at virke inden for timer for at forkorte influenzanedtur<\/li>\n<li>75 mg kapsel eller p\u00e6diatrisk suspensionsmuligheder<\/li>\n<li>Bevist at reducere komplikationer i h\u00f8jrisikogrupper<\/li>\n<\/ul>\n","protected":false},"featured_media":952,"comment_status":"open","ping_status":"closed","template":"","meta":[],"product_brand":[],"product_cat":[123],"product_tag":[],"expert":[21],"class_list":{"0":"post-950","1":"product","2":"type-product","3":"status-publish","4":"has-post-thumbnail","6":"product_cat-influenza-hoste-forkolelsesmidler","7":"expert-dr-m-sharoyko","9":"first","10":"instock","11":"shipping-taxable","12":"purchasable","13":"product-type-variable"},"yoast_head":"<!-- This site is optimized with the Yoast SEO plugin v27.0 - https:\/\/yoast.com\/product\/yoast-seo-wordpress\/ -->\n<title>Tamiflu | M\u00e5lrettet lindring og forebyggelse af influenza - Transtoyou<\/title>\n<meta name=\"description\" content=\"Tamiflu, et antiviralt middel mod influenza A &amp; B, reducerer symptomer og sv\u00e6rhedsgrad. K\u00f8b nu hos Transtoyou for effektiv beskyttelse mod influenza.\" \/>\n<meta name=\"robots\" content=\"noindex, follow, max-snippet:-1, max-image-preview:large, max-video-preview:-1\" \/>\n<meta property=\"og:locale\" content=\"da_DK\" \/>\n<meta property=\"og:type\" content=\"article\" \/>\n<meta property=\"og:title\" content=\"Tamiflu | M\u00e5lrettet lindring og forebyggelse af influenza - Transtoyou\" \/>\n<meta property=\"og:description\" content=\"Tamiflu, et antiviralt middel mod influenza A &amp; B, reducerer symptomer og sv\u00e6rhedsgrad. K\u00f8b nu hos Transtoyou for effektiv beskyttelse mod influenza.\" \/>\n<meta property=\"og:url\" content=\"https:\/\/www.transtoyou.com\/da\/product\/tamiflu\/\" \/>\n<meta property=\"og:site_name\" content=\"Transtoyou - DA\" \/>\n<meta property=\"article:modified_time\" content=\"2026-03-06T10:41:55+00:00\" \/>\n<meta name=\"twitter:card\" content=\"summary_large_image\" \/>\n<meta name=\"twitter:label1\" content=\"Estimeret l\u00e6setid\" \/>\n\t<meta name=\"twitter:data1\" content=\"1 minut\" \/>\n<script type=\"application\/ld+json\" class=\"yoast-schema-graph\">{\"@context\":\"https:\/\/schema.org\",\"@graph\":[{\"@type\":\"WebPage\",\"@id\":\"https:\/\/www.transtoyou.com\/da\/product\/tamiflu\/\",\"url\":\"https:\/\/www.transtoyou.com\/da\/product\/tamiflu\/\",\"name\":\"Tamiflu | M\u00e5lrettet lindring og forebyggelse af influenza - Transtoyou\",\"isPartOf\":{\"@id\":\"https:\/\/www.transtoyou.com\/da\/#website\"},\"primaryImageOfPage\":{\"@id\":\"https:\/\/www.transtoyou.com\/da\/product\/tamiflu\/#primaryimage\"},\"image\":{\"@id\":\"https:\/\/www.transtoyou.com\/da\/product\/tamiflu\/#primaryimage\"},\"thumbnailUrl\":\"https:\/\/www.transtoyou.com\/da\/wp-content\/uploads\/sites\/6\/2026\/01\/tty-no-product-image-60.webp\",\"datePublished\":\"2026-01-23T23:21:54+00:00\",\"dateModified\":\"2026-03-06T10:41:55+00:00\",\"description\":\"Tamiflu, et antiviralt middel mod influenza A & B, reducerer symptomer og sv\u00e6rhedsgrad. K\u00f8b nu hos Transtoyou for effektiv beskyttelse mod influenza.\",\"breadcrumb\":{\"@id\":\"https:\/\/www.transtoyou.com\/da\/product\/tamiflu\/#breadcrumb\"},\"inLanguage\":\"da-DK\",\"potentialAction\":[{\"@type\":\"ReadAction\",\"target\":[\"https:\/\/www.transtoyou.com\/da\/product\/tamiflu\/\"]}]},{\"@type\":\"ImageObject\",\"inLanguage\":\"da-DK\",\"@id\":\"https:\/\/www.transtoyou.com\/da\/product\/tamiflu\/#primaryimage\",\"url\":\"https:\/\/www.transtoyou.com\/da\/wp-content\/uploads\/sites\/6\/2026\/01\/tty-no-product-image-60.webp\",\"contentUrl\":\"https:\/\/www.transtoyou.com\/da\/wp-content\/uploads\/sites\/6\/2026\/01\/tty-no-product-image-60.webp\",\"width\":1000,\"height\":1000,\"caption\":\"Standard produktbillede\"},{\"@type\":\"WebSite\",\"@id\":\"https:\/\/www.transtoyou.com\/da\/#website\",\"url\":\"https:\/\/www.transtoyou.com\/da\/\",\"name\":\"Transtoyou - DA\",\"description\":\"\",\"publisher\":{\"@id\":\"https:\/\/www.transtoyou.com\/da\/#organization\"},\"potentialAction\":[{\"@type\":\"SearchAction\",\"target\":{\"@type\":\"EntryPoint\",\"urlTemplate\":\"https:\/\/www.transtoyou.com\/da\/?s={search_term_string}\"},\"query-input\":{\"@type\":\"PropertyValueSpecification\",\"valueRequired\":true,\"valueName\":\"search_term_string\"}}],\"inLanguage\":\"da-DK\"},{\"@type\":\"Organization\",\"@id\":\"https:\/\/www.transtoyou.com\/da\/#organization\",\"name\":\"Transtoyou - DA\",\"url\":\"https:\/\/www.transtoyou.com\/da\/\",\"logo\":{\"@type\":\"ImageObject\",\"inLanguage\":\"da-DK\",\"@id\":\"https:\/\/www.transtoyou.com\/da\/#\/schema\/logo\/image\/\",\"url\":\"https:\/\/www.transtoyou.com\/da\/wp-content\/uploads\/sites\/6\/2026\/01\/logo-tty-menu-bar-300x87-1.webp\",\"contentUrl\":\"https:\/\/www.transtoyou.com\/da\/wp-content\/uploads\/sites\/6\/2026\/01\/logo-tty-menu-bar-300x87-1.webp\",\"width\":300,\"height\":87,\"caption\":\"Transtoyou - DA\"},\"image\":{\"@id\":\"https:\/\/www.transtoyou.com\/da\/#\/schema\/logo\/image\/\"}}]}<\/script>\n<!-- \/ Yoast SEO plugin. -->","yoast_head_json":{"title":"Tamiflu | M\u00e5lrettet lindring og forebyggelse af influenza - Transtoyou","description":"Tamiflu, et antiviralt middel mod influenza A & B, reducerer symptomer og sv\u00e6rhedsgrad. K\u00f8b nu hos Transtoyou for effektiv beskyttelse mod influenza.","robots":{"index":"noindex","follow":"follow","max-snippet":"max-snippet:-1","max-image-preview":"max-image-preview:large","max-video-preview":"max-video-preview:-1"},"og_locale":"da_DK","og_type":"article","og_title":"Tamiflu | M\u00e5lrettet lindring og forebyggelse af influenza - Transtoyou","og_description":"Tamiflu, et antiviralt middel mod influenza A & B, reducerer symptomer og sv\u00e6rhedsgrad. K\u00f8b nu hos Transtoyou for effektiv beskyttelse mod influenza.","og_url":"https:\/\/www.transtoyou.com\/da\/product\/tamiflu\/","og_site_name":"Transtoyou - DA","article_modified_time":"2026-03-06T10:41:55+00:00","twitter_card":"summary_large_image","twitter_misc":{"Estimeret l\u00e6setid":"1 minut"},"schema":{"@context":"https:\/\/schema.org","@graph":[{"@type":"WebPage","@id":"https:\/\/www.transtoyou.com\/da\/product\/tamiflu\/","url":"https:\/\/www.transtoyou.com\/da\/product\/tamiflu\/","name":"Tamiflu | M\u00e5lrettet lindring og forebyggelse af influenza - Transtoyou","isPartOf":{"@id":"https:\/\/www.transtoyou.com\/da\/#website"},"primaryImageOfPage":{"@id":"https:\/\/www.transtoyou.com\/da\/product\/tamiflu\/#primaryimage"},"image":{"@id":"https:\/\/www.transtoyou.com\/da\/product\/tamiflu\/#primaryimage"},"thumbnailUrl":"https:\/\/www.transtoyou.com\/da\/wp-content\/uploads\/sites\/6\/2026\/01\/tty-no-product-image-60.webp","datePublished":"2026-01-23T23:21:54+00:00","dateModified":"2026-03-06T10:41:55+00:00","description":"Tamiflu, et antiviralt middel mod influenza A & B, reducerer symptomer og sv\u00e6rhedsgrad. K\u00f8b nu hos Transtoyou for effektiv beskyttelse mod influenza.","breadcrumb":{"@id":"https:\/\/www.transtoyou.com\/da\/product\/tamiflu\/#breadcrumb"},"inLanguage":"da-DK","potentialAction":[{"@type":"ReadAction","target":["https:\/\/www.transtoyou.com\/da\/product\/tamiflu\/"]}]},{"@type":"ImageObject","inLanguage":"da-DK","@id":"https:\/\/www.transtoyou.com\/da\/product\/tamiflu\/#primaryimage","url":"https:\/\/www.transtoyou.com\/da\/wp-content\/uploads\/sites\/6\/2026\/01\/tty-no-product-image-60.webp","contentUrl":"https:\/\/www.transtoyou.com\/da\/wp-content\/uploads\/sites\/6\/2026\/01\/tty-no-product-image-60.webp","width":1000,"height":1000,"caption":"Standard produktbillede"},{"@type":"WebSite","@id":"https:\/\/www.transtoyou.com\/da\/#website","url":"https:\/\/www.transtoyou.com\/da\/","name":"Transtoyou - DA","description":"","publisher":{"@id":"https:\/\/www.transtoyou.com\/da\/#organization"},"potentialAction":[{"@type":"SearchAction","target":{"@type":"EntryPoint","urlTemplate":"https:\/\/www.transtoyou.com\/da\/?s={search_term_string}"},"query-input":{"@type":"PropertyValueSpecification","valueRequired":true,"valueName":"search_term_string"}}],"inLanguage":"da-DK"},{"@type":"Organization","@id":"https:\/\/www.transtoyou.com\/da\/#organization","name":"Transtoyou - DA","url":"https:\/\/www.transtoyou.com\/da\/","logo":{"@type":"ImageObject","inLanguage":"da-DK","@id":"https:\/\/www.transtoyou.com\/da\/#\/schema\/logo\/image\/","url":"https:\/\/www.transtoyou.com\/da\/wp-content\/uploads\/sites\/6\/2026\/01\/logo-tty-menu-bar-300x87-1.webp","contentUrl":"https:\/\/www.transtoyou.com\/da\/wp-content\/uploads\/sites\/6\/2026\/01\/logo-tty-menu-bar-300x87-1.webp","width":300,"height":87,"caption":"Transtoyou - DA"},"image":{"@id":"https:\/\/www.transtoyou.com\/da\/#\/schema\/logo\/image\/"}}]}},"_links":{"self":[{"href":"https:\/\/www.transtoyou.com\/da\/wp-json\/wp\/v2\/product\/950","targetHints":{"allow":["GET"]}}],"collection":[{"href":"https:\/\/www.transtoyou.com\/da\/wp-json\/wp\/v2\/product"}],"about":[{"href":"https:\/\/www.transtoyou.com\/da\/wp-json\/wp\/v2\/types\/product"}],"replies":[{"embeddable":true,"href":"https:\/\/www.transtoyou.com\/da\/wp-json\/wp\/v2\/comments?post=950"}],"wp:featuredmedia":[{"embeddable":true,"href":"https:\/\/www.transtoyou.com\/da\/wp-json\/wp\/v2\/media\/952"}],"wp:attachment":[{"href":"https:\/\/www.transtoyou.com\/da\/wp-json\/wp\/v2\/media?parent=950"}],"wp:term":[{"taxonomy":"product_brand","embeddable":true,"href":"https:\/\/www.transtoyou.com\/da\/wp-json\/wp\/v2\/product_brand?post=950"},{"taxonomy":"product_cat","embeddable":true,"href":"https:\/\/www.transtoyou.com\/da\/wp-json\/wp\/v2\/product_cat?post=950"},{"taxonomy":"product_tag","embeddable":true,"href":"https:\/\/www.transtoyou.com\/da\/wp-json\/wp\/v2\/product_tag?post=950"},{"taxonomy":"expert","embeddable":true,"href":"https:\/\/www.transtoyou.com\/da\/wp-json\/wp\/v2\/expert?post=950"}],"curies":[{"name":"wp","href":"https:\/\/api.w.org\/{rel}","templated":true}]}}