{"id":955,"date":"2026-01-24T01:53:38","date_gmt":"2026-01-23T23:53:38","guid":{"rendered":"https:\/\/www.transtoyou.com\/da\/product\/amitriptyline\/"},"modified":"2026-02-09T10:05:56","modified_gmt":"2026-02-09T08:05:56","slug":"amitriptylin","status":"publish","type":"product","link":"https:\/\/www.transtoyou.com\/da\/product\/amitriptylin\/","title":{"rendered":"Amitriptylin"},"content":{"rendered":"<p>Amitriptylin bruges i lave doser til at hj\u00e6lpe med at h\u00e5ndtere kroniske smerteforhold, herunder fibromyalgi. Fibromyalgi er en kompleks tilstand, der er kendetegnet ved udbredte muskel- og ledsmerter, tr\u00e6thed, s\u00f8vnforstyrrelser og \u00f8get f\u00f8lsomhed over for tryk. Amitriptylin bruges ikke til at behandle depression i denne sammenh\u00e6ng, men snarere til at lindre fysiske symptomer og forbedre livskvaliteten.<\/p>\n<p>Den m\u00e5de, Amitriptylin virker p\u00e5 ved fibromyalgi, er knyttet til dets evne til at modulere smertesignaler i nervesystemet. Det p\u00e5virker niveauerne af visse neurotransmittere, herunder serotonin og noradrenalin, som spiller en rolle i, hvordan smerte opfattes af hjernen. Dette hj\u00e6lper med at reducere smertens intensitet, forbedre s\u00f8vnm\u00f8nstre og kan mindske tr\u00e6thed eller hum\u00f8rrelaterede symptomer, der ofte f\u00f8lger med fibromyalgi.<\/p>\n<p>Medikamentet tages normalt i lave doser, ofte \u00e9n gang dagligt om aftenen eller f\u00f8r sengetid. Denne tidsplan underst\u00f8tter dets beroligende virkninger, som kan hj\u00e6lpe personer med fibromyalgi, der har sv\u00e6rt ved at falde i s\u00f8vn eller forblive sovende. Forbedringer i smerte og s\u00f8vn kan tage flere dage til et par uger, f\u00f8r de bliver m\u00e6rkbare, og dosen kan justeres baseret p\u00e5 respons og tolerance.<\/p>\n<p>Almindelige bivirkninger kan omfatte t\u00f8r mund, d\u00f8sighed, v\u00e6gt\u00f8gning eller forstoppelse. Disse virkninger er normalt milde og kan forbedres over tid, efterh\u00e5nden som kroppen tilpasser sig. P\u00e5 grund af dets beroligende egenskaber anbefales det at v\u00e6re forsigtig, n\u00e5r man udf\u00f8rer aktiviteter, der kr\u00e6ver \u00e5rv\u00e5genhed, is\u00e6r n\u00e5r man starter p\u00e5 medicinen.<\/p>\n","protected":false},"excerpt":{"rendered":"<ul>\n<li>Lavdosis nattablet til smerte, s\u00f8vn &amp; hum\u00f8r<\/li>\n<li>Forbedrer nerve-smerte tolerance inden for uger<\/li>\n<li>Overkommelig, \u00e5rtiers sikkerhedshistorik<\/li>\n<\/ul>\n","protected":false},"featured_media":957,"comment_status":"open","ping_status":"closed","template":"","meta":[],"product_brand":[],"product_cat":[122],"product_tag":[],"expert":[21],"class_list":{"0":"post-955","1":"product","2":"type-product","3":"status-publish","4":"has-post-thumbnail","6":"product_cat-fibromyalgi","7":"expert-dr-m-sharoyko","9":"first","10":"instock","11":"shipping-taxable","12":"product-type-variable"},"yoast_head":"<!-- This site is optimized with the Yoast SEO plugin v27.0 - https:\/\/yoast.com\/product\/yoast-seo-wordpress\/ -->\n<title>Amitriptylin | Lindre Fibromyalgi Smerter - Transtoyou<\/title>\n<meta name=\"description\" content=\"Amitriptylin hj\u00e6lper med fibromyalgi smerter, forbedrer s\u00f8vn og livskvalitet. F\u00e5 det nemt via Transtoyou i dag.\" \/>\n<meta name=\"robots\" content=\"noindex, follow, max-snippet:-1, max-image-preview:large, max-video-preview:-1\" \/>\n<meta property=\"og:locale\" content=\"da_DK\" \/>\n<meta property=\"og:type\" content=\"article\" \/>\n<meta property=\"og:title\" content=\"Amitriptylin | Lindre Fibromyalgi Smerter - Transtoyou\" \/>\n<meta property=\"og:description\" content=\"Amitriptylin hj\u00e6lper med fibromyalgi smerter, forbedrer s\u00f8vn og livskvalitet. F\u00e5 det nemt via Transtoyou i dag.\" \/>\n<meta property=\"og:url\" content=\"https:\/\/www.transtoyou.com\/da\/product\/amitriptyline\/\" \/>\n<meta property=\"og:site_name\" content=\"Transtoyou - DA\" \/>\n<meta property=\"article:modified_time\" content=\"2026-02-09T08:05:56+00:00\" \/>\n<meta name=\"twitter:card\" content=\"summary_large_image\" \/>\n<meta name=\"twitter:label1\" content=\"Estimeret l\u00e6setid\" \/>\n\t<meta name=\"twitter:data1\" content=\"1 minut\" \/>\n<script type=\"application\/ld+json\" class=\"yoast-schema-graph\">{\"@context\":\"https:\/\/schema.org\",\"@graph\":[{\"@type\":\"WebPage\",\"@id\":\"https:\/\/www.transtoyou.com\/da\/product\/amitriptyline\/\",\"url\":\"https:\/\/www.transtoyou.com\/da\/product\/amitriptyline\/\",\"name\":\"Amitriptylin | Lindre Fibromyalgi Smerter - Transtoyou\",\"isPartOf\":{\"@id\":\"https:\/\/www.transtoyou.com\/da\/#website\"},\"primaryImageOfPage\":{\"@id\":\"https:\/\/www.transtoyou.com\/da\/product\/amitriptyline\/#primaryimage\"},\"image\":{\"@id\":\"https:\/\/www.transtoyou.com\/da\/product\/amitriptyline\/#primaryimage\"},\"thumbnailUrl\":\"https:\/\/www.transtoyou.com\/da\/wp-content\/uploads\/sites\/6\/2026\/01\/tty-no-product-image-62.webp\",\"datePublished\":\"2026-01-23T23:53:38+00:00\",\"dateModified\":\"2026-02-09T08:05:56+00:00\",\"description\":\"Amitriptylin hj\u00e6lper med fibromyalgi smerter, forbedrer s\u00f8vn og livskvalitet. F\u00e5 det nemt via Transtoyou i dag.\",\"breadcrumb\":{\"@id\":\"https:\/\/www.transtoyou.com\/da\/product\/amitriptyline\/#breadcrumb\"},\"inLanguage\":\"da-DK\",\"potentialAction\":[{\"@type\":\"ReadAction\",\"target\":[\"https:\/\/www.transtoyou.com\/da\/product\/amitriptyline\/\"]}]},{\"@type\":\"ImageObject\",\"inLanguage\":\"da-DK\",\"@id\":\"https:\/\/www.transtoyou.com\/da\/product\/amitriptyline\/#primaryimage\",\"url\":\"https:\/\/www.transtoyou.com\/da\/wp-content\/uploads\/sites\/6\/2026\/01\/tty-no-product-image-62.webp\",\"contentUrl\":\"https:\/\/www.transtoyou.com\/da\/wp-content\/uploads\/sites\/6\/2026\/01\/tty-no-product-image-62.webp\",\"width\":1000,\"height\":1000,\"caption\":\"Standard produktbillede\"},{\"@type\":\"WebSite\",\"@id\":\"https:\/\/www.transtoyou.com\/da\/#website\",\"url\":\"https:\/\/www.transtoyou.com\/da\/\",\"name\":\"Transtoyou - DA\",\"description\":\"\",\"publisher\":{\"@id\":\"https:\/\/www.transtoyou.com\/da\/#organization\"},\"potentialAction\":[{\"@type\":\"SearchAction\",\"target\":{\"@type\":\"EntryPoint\",\"urlTemplate\":\"https:\/\/www.transtoyou.com\/da\/?s={search_term_string}\"},\"query-input\":{\"@type\":\"PropertyValueSpecification\",\"valueRequired\":true,\"valueName\":\"search_term_string\"}}],\"inLanguage\":\"da-DK\"},{\"@type\":\"Organization\",\"@id\":\"https:\/\/www.transtoyou.com\/da\/#organization\",\"name\":\"Transtoyou - DA\",\"url\":\"https:\/\/www.transtoyou.com\/da\/\",\"logo\":{\"@type\":\"ImageObject\",\"inLanguage\":\"da-DK\",\"@id\":\"https:\/\/www.transtoyou.com\/da\/#\/schema\/logo\/image\/\",\"url\":\"https:\/\/www.transtoyou.com\/da\/wp-content\/uploads\/sites\/6\/2026\/01\/logo-tty-menu-bar-300x87-1.webp\",\"contentUrl\":\"https:\/\/www.transtoyou.com\/da\/wp-content\/uploads\/sites\/6\/2026\/01\/logo-tty-menu-bar-300x87-1.webp\",\"width\":300,\"height\":87,\"caption\":\"Transtoyou - DA\"},\"image\":{\"@id\":\"https:\/\/www.transtoyou.com\/da\/#\/schema\/logo\/image\/\"}}]}<\/script>\n<!-- \/ Yoast SEO plugin. -->","yoast_head_json":{"title":"Amitriptylin | Lindre Fibromyalgi Smerter - Transtoyou","description":"Amitriptylin hj\u00e6lper med fibromyalgi smerter, forbedrer s\u00f8vn og livskvalitet. F\u00e5 det nemt via Transtoyou i dag.","robots":{"index":"noindex","follow":"follow","max-snippet":"max-snippet:-1","max-image-preview":"max-image-preview:large","max-video-preview":"max-video-preview:-1"},"og_locale":"da_DK","og_type":"article","og_title":"Amitriptylin | Lindre Fibromyalgi Smerter - Transtoyou","og_description":"Amitriptylin hj\u00e6lper med fibromyalgi smerter, forbedrer s\u00f8vn og livskvalitet. F\u00e5 det nemt via Transtoyou i dag.","og_url":"https:\/\/www.transtoyou.com\/da\/product\/amitriptyline\/","og_site_name":"Transtoyou - DA","article_modified_time":"2026-02-09T08:05:56+00:00","twitter_card":"summary_large_image","twitter_misc":{"Estimeret l\u00e6setid":"1 minut"},"schema":{"@context":"https:\/\/schema.org","@graph":[{"@type":"WebPage","@id":"https:\/\/www.transtoyou.com\/da\/product\/amitriptyline\/","url":"https:\/\/www.transtoyou.com\/da\/product\/amitriptyline\/","name":"Amitriptylin | Lindre Fibromyalgi Smerter - Transtoyou","isPartOf":{"@id":"https:\/\/www.transtoyou.com\/da\/#website"},"primaryImageOfPage":{"@id":"https:\/\/www.transtoyou.com\/da\/product\/amitriptyline\/#primaryimage"},"image":{"@id":"https:\/\/www.transtoyou.com\/da\/product\/amitriptyline\/#primaryimage"},"thumbnailUrl":"https:\/\/www.transtoyou.com\/da\/wp-content\/uploads\/sites\/6\/2026\/01\/tty-no-product-image-62.webp","datePublished":"2026-01-23T23:53:38+00:00","dateModified":"2026-02-09T08:05:56+00:00","description":"Amitriptylin hj\u00e6lper med fibromyalgi smerter, forbedrer s\u00f8vn og livskvalitet. F\u00e5 det nemt via Transtoyou i dag.","breadcrumb":{"@id":"https:\/\/www.transtoyou.com\/da\/product\/amitriptyline\/#breadcrumb"},"inLanguage":"da-DK","potentialAction":[{"@type":"ReadAction","target":["https:\/\/www.transtoyou.com\/da\/product\/amitriptyline\/"]}]},{"@type":"ImageObject","inLanguage":"da-DK","@id":"https:\/\/www.transtoyou.com\/da\/product\/amitriptyline\/#primaryimage","url":"https:\/\/www.transtoyou.com\/da\/wp-content\/uploads\/sites\/6\/2026\/01\/tty-no-product-image-62.webp","contentUrl":"https:\/\/www.transtoyou.com\/da\/wp-content\/uploads\/sites\/6\/2026\/01\/tty-no-product-image-62.webp","width":1000,"height":1000,"caption":"Standard produktbillede"},{"@type":"WebSite","@id":"https:\/\/www.transtoyou.com\/da\/#website","url":"https:\/\/www.transtoyou.com\/da\/","name":"Transtoyou - DA","description":"","publisher":{"@id":"https:\/\/www.transtoyou.com\/da\/#organization"},"potentialAction":[{"@type":"SearchAction","target":{"@type":"EntryPoint","urlTemplate":"https:\/\/www.transtoyou.com\/da\/?s={search_term_string}"},"query-input":{"@type":"PropertyValueSpecification","valueRequired":true,"valueName":"search_term_string"}}],"inLanguage":"da-DK"},{"@type":"Organization","@id":"https:\/\/www.transtoyou.com\/da\/#organization","name":"Transtoyou - DA","url":"https:\/\/www.transtoyou.com\/da\/","logo":{"@type":"ImageObject","inLanguage":"da-DK","@id":"https:\/\/www.transtoyou.com\/da\/#\/schema\/logo\/image\/","url":"https:\/\/www.transtoyou.com\/da\/wp-content\/uploads\/sites\/6\/2026\/01\/logo-tty-menu-bar-300x87-1.webp","contentUrl":"https:\/\/www.transtoyou.com\/da\/wp-content\/uploads\/sites\/6\/2026\/01\/logo-tty-menu-bar-300x87-1.webp","width":300,"height":87,"caption":"Transtoyou - DA"},"image":{"@id":"https:\/\/www.transtoyou.com\/da\/#\/schema\/logo\/image\/"}}]}},"_links":{"self":[{"href":"https:\/\/www.transtoyou.com\/da\/wp-json\/wp\/v2\/product\/955","targetHints":{"allow":["GET"]}}],"collection":[{"href":"https:\/\/www.transtoyou.com\/da\/wp-json\/wp\/v2\/product"}],"about":[{"href":"https:\/\/www.transtoyou.com\/da\/wp-json\/wp\/v2\/types\/product"}],"replies":[{"embeddable":true,"href":"https:\/\/www.transtoyou.com\/da\/wp-json\/wp\/v2\/comments?post=955"}],"wp:featuredmedia":[{"embeddable":true,"href":"https:\/\/www.transtoyou.com\/da\/wp-json\/wp\/v2\/media\/957"}],"wp:attachment":[{"href":"https:\/\/www.transtoyou.com\/da\/wp-json\/wp\/v2\/media?parent=955"}],"wp:term":[{"taxonomy":"product_brand","embeddable":true,"href":"https:\/\/www.transtoyou.com\/da\/wp-json\/wp\/v2\/product_brand?post=955"},{"taxonomy":"product_cat","embeddable":true,"href":"https:\/\/www.transtoyou.com\/da\/wp-json\/wp\/v2\/product_cat?post=955"},{"taxonomy":"product_tag","embeddable":true,"href":"https:\/\/www.transtoyou.com\/da\/wp-json\/wp\/v2\/product_tag?post=955"},{"taxonomy":"expert","embeddable":true,"href":"https:\/\/www.transtoyou.com\/da\/wp-json\/wp\/v2\/expert?post=955"}],"curies":[{"name":"wp","href":"https:\/\/api.w.org\/{rel}","templated":true}]}}