{"id":960,"date":"2026-01-24T02:26:14","date_gmt":"2026-01-24T00:26:14","guid":{"rendered":"https:\/\/www.transtoyou.com\/da\/product\/noriday\/"},"modified":"2026-02-13T13:42:13","modified_gmt":"2026-02-13T11:42:13","slug":"noriday","status":"publish","type":"product","link":"https:\/\/www.transtoyou.com\/da\/product\/noriday\/","title":{"rendered":"Noriday"},"content":{"rendered":"<p>Noriday er en gestagen-only p-pille, ofte kaldet en mini pille. Den indeholder norethisteron, en syntetisk version af hormonet progesteron, og bruges til at forhindre graviditet. Noriday er en \u00f8strogenfri mulighed, hvilket g\u00f8r den egnet til personer, der ikke kan eller ikke \u00f8nsker at tage \u00f8strogenbaseret pr\u00e6vention.<\/p>\n<p>Denne pille virker prim\u00e6rt ved at tykne livmoderhalsslimet, hvilket hj\u00e6lper med at reducere sandsynligheden for, at s\u00e6dceller n\u00e5r \u00e6gget. Den p\u00e5virker ogs\u00e5 livmoderslimhinden for at reducere sandsynligheden for implantation. Hos nogle personer kan den ogs\u00e5 undertrykke \u00e6gl\u00f8sning, men dette er ikke dens prim\u00e6re virkem\u00e5de. Noriday skal tages p\u00e5 samme tidspunkt hver dag, uden pauser mellem pakkerne.<\/p>\n<p>Noriday kan betragtes som passende for kvinder, der ammer, er over 35 \u00e5r, eller har sundhedsrisici, der g\u00f8r kombinerede piller upassende. Den kan ogs\u00e5 v\u00e6lges af personer, der s\u00f8ger en lavdosis, hormon-only pr\u00e6vention. Som med mange mini piller oplever nogle brugere \u00e6ndringer i deres menstruationsbl\u00f8dningsm\u00f8nster, s\u00e5som pletbl\u00f8dning, uregelm\u00e6ssige cykler eller helt frav\u00e6r af menstruation.<\/p>\n<p>For at opretholde sin effektivitet skal Noriday tages inden for et tre-timers vindue hver dag. Hvis den tages senere end dette, kan den pr\u00e6ventive beskyttelse v\u00e6re reduceret, og yderligere pr\u00e6vention anbefales i de n\u00e6ste to dage. Noriday tilbyder en diskret og p\u00e5lidelig mulighed for dem, der s\u00f8ger hormonbaseret pr\u00e6vention uden \u00f8strogen, n\u00e5r den bruges korrekt.<\/p>\n","protected":false},"excerpt":{"rendered":"<ul>\n<li>\u00d8strogenfri daglig pille<\/li>\n<li>Tykkere livmoderhalsslim og \u00e6ndrer livmoderslimhinden<\/li>\n<li>Foretr\u00e6kkes af personer med \u00f8strogenintolerance<\/li>\n<\/ul>\n","protected":false},"featured_media":962,"comment_status":"open","ping_status":"closed","template":"","meta":[],"product_brand":[],"product_cat":[152],"product_tag":[],"expert":[19],"class_list":{"0":"post-960","1":"product","2":"type-product","3":"status-publish","4":"has-post-thumbnail","6":"product_cat-mini-pille","7":"expert-dr-j-vazquez","9":"first","10":"instock","11":"shipping-taxable","12":"purchasable","13":"product-type-variable"},"yoast_head":"<!-- This site is optimized with the Yoast SEO plugin v27.0 - https:\/\/yoast.com\/product\/yoast-seo-wordpress\/ -->\n<title>Noriday | \u00d8strogenfri Antikonceptionspille - Transtoyou<\/title>\n<meta name=\"description\" content=\"Noriday mini pille, \u00f8strogenfri pr\u00e6vention, fortyger livmoderhalsslim for at forhindre graviditet. K\u00f8b Noriday i dag for et hormonbalanceret valg.\" \/>\n<meta name=\"robots\" content=\"noindex, follow, max-snippet:-1, max-image-preview:large, max-video-preview:-1\" \/>\n<meta property=\"og:locale\" content=\"da_DK\" \/>\n<meta property=\"og:type\" content=\"article\" \/>\n<meta property=\"og:title\" content=\"Noriday | \u00d8strogenfri Antikonceptionspille - Transtoyou\" \/>\n<meta property=\"og:description\" content=\"Noriday mini pille, \u00f8strogenfri pr\u00e6vention, fortyger livmoderhalsslim for at forhindre graviditet. K\u00f8b Noriday i dag for et hormonbalanceret valg.\" \/>\n<meta property=\"og:url\" content=\"https:\/\/www.transtoyou.com\/da\/product\/noriday\/\" \/>\n<meta property=\"og:site_name\" content=\"Transtoyou - DA\" \/>\n<meta property=\"article:modified_time\" content=\"2026-02-13T11:42:13+00:00\" \/>\n<meta name=\"twitter:card\" content=\"summary_large_image\" \/>\n<meta name=\"twitter:label1\" content=\"Estimeret l\u00e6setid\" \/>\n\t<meta name=\"twitter:data1\" content=\"1 minut\" \/>\n<script type=\"application\/ld+json\" class=\"yoast-schema-graph\">{\"@context\":\"https:\/\/schema.org\",\"@graph\":[{\"@type\":\"WebPage\",\"@id\":\"https:\/\/www.transtoyou.com\/da\/product\/noriday\/\",\"url\":\"https:\/\/www.transtoyou.com\/da\/product\/noriday\/\",\"name\":\"Noriday | \u00d8strogenfri Antikonceptionspille - Transtoyou\",\"isPartOf\":{\"@id\":\"https:\/\/www.transtoyou.com\/da\/#website\"},\"primaryImageOfPage\":{\"@id\":\"https:\/\/www.transtoyou.com\/da\/product\/noriday\/#primaryimage\"},\"image\":{\"@id\":\"https:\/\/www.transtoyou.com\/da\/product\/noriday\/#primaryimage\"},\"thumbnailUrl\":\"https:\/\/www.transtoyou.com\/da\/wp-content\/uploads\/sites\/6\/2026\/01\/tty-no-product-image-64.webp\",\"datePublished\":\"2026-01-24T00:26:14+00:00\",\"dateModified\":\"2026-02-13T11:42:13+00:00\",\"description\":\"Noriday mini pille, \u00f8strogenfri pr\u00e6vention, fortyger livmoderhalsslim for at forhindre graviditet. K\u00f8b Noriday i dag for et hormonbalanceret valg.\",\"breadcrumb\":{\"@id\":\"https:\/\/www.transtoyou.com\/da\/product\/noriday\/#breadcrumb\"},\"inLanguage\":\"da-DK\",\"potentialAction\":[{\"@type\":\"ReadAction\",\"target\":[\"https:\/\/www.transtoyou.com\/da\/product\/noriday\/\"]}]},{\"@type\":\"ImageObject\",\"inLanguage\":\"da-DK\",\"@id\":\"https:\/\/www.transtoyou.com\/da\/product\/noriday\/#primaryimage\",\"url\":\"https:\/\/www.transtoyou.com\/da\/wp-content\/uploads\/sites\/6\/2026\/01\/tty-no-product-image-64.webp\",\"contentUrl\":\"https:\/\/www.transtoyou.com\/da\/wp-content\/uploads\/sites\/6\/2026\/01\/tty-no-product-image-64.webp\",\"width\":1000,\"height\":1000,\"caption\":\"Standard produktbillede\"},{\"@type\":\"WebSite\",\"@id\":\"https:\/\/www.transtoyou.com\/da\/#website\",\"url\":\"https:\/\/www.transtoyou.com\/da\/\",\"name\":\"Transtoyou - DA\",\"description\":\"\",\"publisher\":{\"@id\":\"https:\/\/www.transtoyou.com\/da\/#organization\"},\"potentialAction\":[{\"@type\":\"SearchAction\",\"target\":{\"@type\":\"EntryPoint\",\"urlTemplate\":\"https:\/\/www.transtoyou.com\/da\/?s={search_term_string}\"},\"query-input\":{\"@type\":\"PropertyValueSpecification\",\"valueRequired\":true,\"valueName\":\"search_term_string\"}}],\"inLanguage\":\"da-DK\"},{\"@type\":\"Organization\",\"@id\":\"https:\/\/www.transtoyou.com\/da\/#organization\",\"name\":\"Transtoyou - DA\",\"url\":\"https:\/\/www.transtoyou.com\/da\/\",\"logo\":{\"@type\":\"ImageObject\",\"inLanguage\":\"da-DK\",\"@id\":\"https:\/\/www.transtoyou.com\/da\/#\/schema\/logo\/image\/\",\"url\":\"https:\/\/www.transtoyou.com\/da\/wp-content\/uploads\/sites\/6\/2026\/01\/logo-tty-menu-bar-300x87-1.webp\",\"contentUrl\":\"https:\/\/www.transtoyou.com\/da\/wp-content\/uploads\/sites\/6\/2026\/01\/logo-tty-menu-bar-300x87-1.webp\",\"width\":300,\"height\":87,\"caption\":\"Transtoyou - DA\"},\"image\":{\"@id\":\"https:\/\/www.transtoyou.com\/da\/#\/schema\/logo\/image\/\"}}]}<\/script>\n<!-- \/ Yoast SEO plugin. -->","yoast_head_json":{"title":"Noriday | \u00d8strogenfri Antikonceptionspille - Transtoyou","description":"Noriday mini pille, \u00f8strogenfri pr\u00e6vention, fortyger livmoderhalsslim for at forhindre graviditet. K\u00f8b Noriday i dag for et hormonbalanceret valg.","robots":{"index":"noindex","follow":"follow","max-snippet":"max-snippet:-1","max-image-preview":"max-image-preview:large","max-video-preview":"max-video-preview:-1"},"og_locale":"da_DK","og_type":"article","og_title":"Noriday | \u00d8strogenfri Antikonceptionspille - Transtoyou","og_description":"Noriday mini pille, \u00f8strogenfri pr\u00e6vention, fortyger livmoderhalsslim for at forhindre graviditet. K\u00f8b Noriday i dag for et hormonbalanceret valg.","og_url":"https:\/\/www.transtoyou.com\/da\/product\/noriday\/","og_site_name":"Transtoyou - DA","article_modified_time":"2026-02-13T11:42:13+00:00","twitter_card":"summary_large_image","twitter_misc":{"Estimeret l\u00e6setid":"1 minut"},"schema":{"@context":"https:\/\/schema.org","@graph":[{"@type":"WebPage","@id":"https:\/\/www.transtoyou.com\/da\/product\/noriday\/","url":"https:\/\/www.transtoyou.com\/da\/product\/noriday\/","name":"Noriday | \u00d8strogenfri Antikonceptionspille - Transtoyou","isPartOf":{"@id":"https:\/\/www.transtoyou.com\/da\/#website"},"primaryImageOfPage":{"@id":"https:\/\/www.transtoyou.com\/da\/product\/noriday\/#primaryimage"},"image":{"@id":"https:\/\/www.transtoyou.com\/da\/product\/noriday\/#primaryimage"},"thumbnailUrl":"https:\/\/www.transtoyou.com\/da\/wp-content\/uploads\/sites\/6\/2026\/01\/tty-no-product-image-64.webp","datePublished":"2026-01-24T00:26:14+00:00","dateModified":"2026-02-13T11:42:13+00:00","description":"Noriday mini pille, \u00f8strogenfri pr\u00e6vention, fortyger livmoderhalsslim for at forhindre graviditet. K\u00f8b Noriday i dag for et hormonbalanceret valg.","breadcrumb":{"@id":"https:\/\/www.transtoyou.com\/da\/product\/noriday\/#breadcrumb"},"inLanguage":"da-DK","potentialAction":[{"@type":"ReadAction","target":["https:\/\/www.transtoyou.com\/da\/product\/noriday\/"]}]},{"@type":"ImageObject","inLanguage":"da-DK","@id":"https:\/\/www.transtoyou.com\/da\/product\/noriday\/#primaryimage","url":"https:\/\/www.transtoyou.com\/da\/wp-content\/uploads\/sites\/6\/2026\/01\/tty-no-product-image-64.webp","contentUrl":"https:\/\/www.transtoyou.com\/da\/wp-content\/uploads\/sites\/6\/2026\/01\/tty-no-product-image-64.webp","width":1000,"height":1000,"caption":"Standard produktbillede"},{"@type":"WebSite","@id":"https:\/\/www.transtoyou.com\/da\/#website","url":"https:\/\/www.transtoyou.com\/da\/","name":"Transtoyou - DA","description":"","publisher":{"@id":"https:\/\/www.transtoyou.com\/da\/#organization"},"potentialAction":[{"@type":"SearchAction","target":{"@type":"EntryPoint","urlTemplate":"https:\/\/www.transtoyou.com\/da\/?s={search_term_string}"},"query-input":{"@type":"PropertyValueSpecification","valueRequired":true,"valueName":"search_term_string"}}],"inLanguage":"da-DK"},{"@type":"Organization","@id":"https:\/\/www.transtoyou.com\/da\/#organization","name":"Transtoyou - DA","url":"https:\/\/www.transtoyou.com\/da\/","logo":{"@type":"ImageObject","inLanguage":"da-DK","@id":"https:\/\/www.transtoyou.com\/da\/#\/schema\/logo\/image\/","url":"https:\/\/www.transtoyou.com\/da\/wp-content\/uploads\/sites\/6\/2026\/01\/logo-tty-menu-bar-300x87-1.webp","contentUrl":"https:\/\/www.transtoyou.com\/da\/wp-content\/uploads\/sites\/6\/2026\/01\/logo-tty-menu-bar-300x87-1.webp","width":300,"height":87,"caption":"Transtoyou - DA"},"image":{"@id":"https:\/\/www.transtoyou.com\/da\/#\/schema\/logo\/image\/"}}]}},"_links":{"self":[{"href":"https:\/\/www.transtoyou.com\/da\/wp-json\/wp\/v2\/product\/960","targetHints":{"allow":["GET"]}}],"collection":[{"href":"https:\/\/www.transtoyou.com\/da\/wp-json\/wp\/v2\/product"}],"about":[{"href":"https:\/\/www.transtoyou.com\/da\/wp-json\/wp\/v2\/types\/product"}],"replies":[{"embeddable":true,"href":"https:\/\/www.transtoyou.com\/da\/wp-json\/wp\/v2\/comments?post=960"}],"wp:featuredmedia":[{"embeddable":true,"href":"https:\/\/www.transtoyou.com\/da\/wp-json\/wp\/v2\/media\/962"}],"wp:attachment":[{"href":"https:\/\/www.transtoyou.com\/da\/wp-json\/wp\/v2\/media?parent=960"}],"wp:term":[{"taxonomy":"product_brand","embeddable":true,"href":"https:\/\/www.transtoyou.com\/da\/wp-json\/wp\/v2\/product_brand?post=960"},{"taxonomy":"product_cat","embeddable":true,"href":"https:\/\/www.transtoyou.com\/da\/wp-json\/wp\/v2\/product_cat?post=960"},{"taxonomy":"product_tag","embeddable":true,"href":"https:\/\/www.transtoyou.com\/da\/wp-json\/wp\/v2\/product_tag?post=960"},{"taxonomy":"expert","embeddable":true,"href":"https:\/\/www.transtoyou.com\/da\/wp-json\/wp\/v2\/expert?post=960"}],"curies":[{"name":"wp","href":"https:\/\/api.w.org\/{rel}","templated":true}]}}