{"id":966,"date":"2026-01-24T02:53:44","date_gmt":"2026-01-24T00:53:44","guid":{"rendered":"https:\/\/www.transtoyou.com\/da\/product\/lyrica\/"},"modified":"2026-02-25T09:14:29","modified_gmt":"2026-02-25T07:14:29","slug":"lyrica","status":"publish","type":"product","link":"https:\/\/www.transtoyou.com\/da\/product\/lyrica\/","title":{"rendered":"Lyrica"},"content":{"rendered":"<p>Lyrica, ogs\u00e5 kendt under sit generiske navn pregabalin, er en receptpligtig medicin, der bruges til at behandle nervepine og fibromyalgi. Den er ogs\u00e5 godkendt til brug ved generaliseret angstlidelse og som supplerende behandling for delvise anfald. Lyrica virker ved at berolige overaktive nervesignaler i hjernen og rygmarven, der for\u00e5rsager kronisk smerte, f\u00f8lsomhed eller unormale fornemmelser.<\/p>\n<p>Den ordineres ofte til nervepine forbundet med diabetes, helvedesild (postherpetisk neuralgi) eller rygmarvsskader. Ved fibromyalgi kan den hj\u00e6lpe med at lindre udbredt smerte, muskel\u00f8mhed og tr\u00e6thed. I mods\u00e6tning til opioider virker Lyrica ikke direkte p\u00e5 smertemodtagere, men modulerer i stedet calciumkanaler i nervesystemet for at reducere overdreven nerveaktivitet.<\/p>\n<p>Lyrica tages oralt, normalt to gange dagligt, og doserne justeres gradvist for at balancere effektivitet og tolerabilitet. De fleste brugere begynder at f\u00f8le en vis lindring inden for den f\u00f8rste uge, selvom det kan tage flere uger at opn\u00e5 fuld effekt. Nogle almindelige bivirkninger inkluderer svimmelhed, s\u00f8vnighed, h\u00e6velse eller t\u00f8r mund. Disse virkninger forbedres ofte, efterh\u00e5nden som kroppen tilpasser sig medicinen.<\/p>\n","protected":false},"excerpt":{"rendered":"<ul>\n<li>M\u00e5lrettet lindring af nervesmerter og fibromyalgi<\/li>\n<li>Modulerer nervesignaler for at reducere ubehag<\/li>\n<li>Ikke-opioid, oral behandling der tages regelm\u00e6ssigt<\/li>\n<\/ul>\n","protected":false},"featured_media":968,"comment_status":"open","ping_status":"closed","template":"","meta":[],"product_brand":[],"product_cat":[122,153],"product_tag":[],"expert":[19],"class_list":{"0":"post-966","1":"product","2":"type-product","3":"status-publish","4":"has-post-thumbnail","6":"product_cat-fibromyalgi","7":"product_cat-nerve-smerter","8":"expert-dr-j-vazquez","10":"first","11":"instock","12":"shipping-taxable","13":"product-type-variable"},"yoast_head":"<!-- This site is optimized with the Yoast SEO plugin v27.0 - https:\/\/yoast.com\/product\/yoast-seo-wordpress\/ -->\n<title>Lyrica | Lindring af nervesmerter og fibromyalgi - Transtoyou<\/title>\n<meta name=\"description\" content=\"Lyrica behandler nervesmerter, fibromyalgi og angst. Oplev fordelene ved Transtoyou, hvor ekspertpleje m\u00f8der bekvemmelighed.\" \/>\n<meta name=\"robots\" content=\"noindex, follow, max-snippet:-1, max-image-preview:large, max-video-preview:-1\" \/>\n<meta property=\"og:locale\" content=\"da_DK\" \/>\n<meta property=\"og:type\" content=\"article\" \/>\n<meta property=\"og:title\" content=\"Lyrica | Lindring af nervesmerter og fibromyalgi - Transtoyou\" \/>\n<meta property=\"og:description\" content=\"Lyrica behandler nervesmerter, fibromyalgi og angst. Oplev fordelene ved Transtoyou, hvor ekspertpleje m\u00f8der bekvemmelighed.\" \/>\n<meta property=\"og:url\" content=\"https:\/\/www.transtoyou.com\/da\/product\/lyrica\/\" \/>\n<meta property=\"og:site_name\" content=\"Transtoyou - DA\" \/>\n<meta property=\"article:modified_time\" content=\"2026-02-25T07:14:29+00:00\" \/>\n<meta name=\"twitter:card\" content=\"summary_large_image\" \/>\n<meta name=\"twitter:label1\" content=\"Estimeret l\u00e6setid\" \/>\n\t<meta name=\"twitter:data1\" content=\"1 minut\" \/>\n<script type=\"application\/ld+json\" class=\"yoast-schema-graph\">{\"@context\":\"https:\/\/schema.org\",\"@graph\":[{\"@type\":\"WebPage\",\"@id\":\"https:\/\/www.transtoyou.com\/da\/product\/lyrica\/\",\"url\":\"https:\/\/www.transtoyou.com\/da\/product\/lyrica\/\",\"name\":\"Lyrica | Lindring af nervesmerter og fibromyalgi - Transtoyou\",\"isPartOf\":{\"@id\":\"https:\/\/www.transtoyou.com\/da\/#website\"},\"primaryImageOfPage\":{\"@id\":\"https:\/\/www.transtoyou.com\/da\/product\/lyrica\/#primaryimage\"},\"image\":{\"@id\":\"https:\/\/www.transtoyou.com\/da\/product\/lyrica\/#primaryimage\"},\"thumbnailUrl\":\"https:\/\/www.transtoyou.com\/da\/wp-content\/uploads\/sites\/6\/2026\/01\/tty-no-product-image-66.webp\",\"datePublished\":\"2026-01-24T00:53:44+00:00\",\"dateModified\":\"2026-02-25T07:14:29+00:00\",\"description\":\"Lyrica behandler nervesmerter, fibromyalgi og angst. Oplev fordelene ved Transtoyou, hvor ekspertpleje m\u00f8der bekvemmelighed.\",\"breadcrumb\":{\"@id\":\"https:\/\/www.transtoyou.com\/da\/product\/lyrica\/#breadcrumb\"},\"inLanguage\":\"da-DK\",\"potentialAction\":[{\"@type\":\"ReadAction\",\"target\":[\"https:\/\/www.transtoyou.com\/da\/product\/lyrica\/\"]}]},{\"@type\":\"ImageObject\",\"inLanguage\":\"da-DK\",\"@id\":\"https:\/\/www.transtoyou.com\/da\/product\/lyrica\/#primaryimage\",\"url\":\"https:\/\/www.transtoyou.com\/da\/wp-content\/uploads\/sites\/6\/2026\/01\/tty-no-product-image-66.webp\",\"contentUrl\":\"https:\/\/www.transtoyou.com\/da\/wp-content\/uploads\/sites\/6\/2026\/01\/tty-no-product-image-66.webp\",\"width\":1000,\"height\":1000,\"caption\":\"Standard produktbillede\"},{\"@type\":\"WebSite\",\"@id\":\"https:\/\/www.transtoyou.com\/da\/#website\",\"url\":\"https:\/\/www.transtoyou.com\/da\/\",\"name\":\"Transtoyou - DA\",\"description\":\"\",\"publisher\":{\"@id\":\"https:\/\/www.transtoyou.com\/da\/#organization\"},\"potentialAction\":[{\"@type\":\"SearchAction\",\"target\":{\"@type\":\"EntryPoint\",\"urlTemplate\":\"https:\/\/www.transtoyou.com\/da\/?s={search_term_string}\"},\"query-input\":{\"@type\":\"PropertyValueSpecification\",\"valueRequired\":true,\"valueName\":\"search_term_string\"}}],\"inLanguage\":\"da-DK\"},{\"@type\":\"Organization\",\"@id\":\"https:\/\/www.transtoyou.com\/da\/#organization\",\"name\":\"Transtoyou - DA\",\"url\":\"https:\/\/www.transtoyou.com\/da\/\",\"logo\":{\"@type\":\"ImageObject\",\"inLanguage\":\"da-DK\",\"@id\":\"https:\/\/www.transtoyou.com\/da\/#\/schema\/logo\/image\/\",\"url\":\"https:\/\/www.transtoyou.com\/da\/wp-content\/uploads\/sites\/6\/2026\/01\/logo-tty-menu-bar-300x87-1.webp\",\"contentUrl\":\"https:\/\/www.transtoyou.com\/da\/wp-content\/uploads\/sites\/6\/2026\/01\/logo-tty-menu-bar-300x87-1.webp\",\"width\":300,\"height\":87,\"caption\":\"Transtoyou - DA\"},\"image\":{\"@id\":\"https:\/\/www.transtoyou.com\/da\/#\/schema\/logo\/image\/\"}}]}<\/script>\n<!-- \/ Yoast SEO plugin. -->","yoast_head_json":{"title":"Lyrica | Lindring af nervesmerter og fibromyalgi - Transtoyou","description":"Lyrica behandler nervesmerter, fibromyalgi og angst. Oplev fordelene ved Transtoyou, hvor ekspertpleje m\u00f8der bekvemmelighed.","robots":{"index":"noindex","follow":"follow","max-snippet":"max-snippet:-1","max-image-preview":"max-image-preview:large","max-video-preview":"max-video-preview:-1"},"og_locale":"da_DK","og_type":"article","og_title":"Lyrica | Lindring af nervesmerter og fibromyalgi - Transtoyou","og_description":"Lyrica behandler nervesmerter, fibromyalgi og angst. Oplev fordelene ved Transtoyou, hvor ekspertpleje m\u00f8der bekvemmelighed.","og_url":"https:\/\/www.transtoyou.com\/da\/product\/lyrica\/","og_site_name":"Transtoyou - DA","article_modified_time":"2026-02-25T07:14:29+00:00","twitter_card":"summary_large_image","twitter_misc":{"Estimeret l\u00e6setid":"1 minut"},"schema":{"@context":"https:\/\/schema.org","@graph":[{"@type":"WebPage","@id":"https:\/\/www.transtoyou.com\/da\/product\/lyrica\/","url":"https:\/\/www.transtoyou.com\/da\/product\/lyrica\/","name":"Lyrica | Lindring af nervesmerter og fibromyalgi - Transtoyou","isPartOf":{"@id":"https:\/\/www.transtoyou.com\/da\/#website"},"primaryImageOfPage":{"@id":"https:\/\/www.transtoyou.com\/da\/product\/lyrica\/#primaryimage"},"image":{"@id":"https:\/\/www.transtoyou.com\/da\/product\/lyrica\/#primaryimage"},"thumbnailUrl":"https:\/\/www.transtoyou.com\/da\/wp-content\/uploads\/sites\/6\/2026\/01\/tty-no-product-image-66.webp","datePublished":"2026-01-24T00:53:44+00:00","dateModified":"2026-02-25T07:14:29+00:00","description":"Lyrica behandler nervesmerter, fibromyalgi og angst. Oplev fordelene ved Transtoyou, hvor ekspertpleje m\u00f8der bekvemmelighed.","breadcrumb":{"@id":"https:\/\/www.transtoyou.com\/da\/product\/lyrica\/#breadcrumb"},"inLanguage":"da-DK","potentialAction":[{"@type":"ReadAction","target":["https:\/\/www.transtoyou.com\/da\/product\/lyrica\/"]}]},{"@type":"ImageObject","inLanguage":"da-DK","@id":"https:\/\/www.transtoyou.com\/da\/product\/lyrica\/#primaryimage","url":"https:\/\/www.transtoyou.com\/da\/wp-content\/uploads\/sites\/6\/2026\/01\/tty-no-product-image-66.webp","contentUrl":"https:\/\/www.transtoyou.com\/da\/wp-content\/uploads\/sites\/6\/2026\/01\/tty-no-product-image-66.webp","width":1000,"height":1000,"caption":"Standard produktbillede"},{"@type":"WebSite","@id":"https:\/\/www.transtoyou.com\/da\/#website","url":"https:\/\/www.transtoyou.com\/da\/","name":"Transtoyou - DA","description":"","publisher":{"@id":"https:\/\/www.transtoyou.com\/da\/#organization"},"potentialAction":[{"@type":"SearchAction","target":{"@type":"EntryPoint","urlTemplate":"https:\/\/www.transtoyou.com\/da\/?s={search_term_string}"},"query-input":{"@type":"PropertyValueSpecification","valueRequired":true,"valueName":"search_term_string"}}],"inLanguage":"da-DK"},{"@type":"Organization","@id":"https:\/\/www.transtoyou.com\/da\/#organization","name":"Transtoyou - DA","url":"https:\/\/www.transtoyou.com\/da\/","logo":{"@type":"ImageObject","inLanguage":"da-DK","@id":"https:\/\/www.transtoyou.com\/da\/#\/schema\/logo\/image\/","url":"https:\/\/www.transtoyou.com\/da\/wp-content\/uploads\/sites\/6\/2026\/01\/logo-tty-menu-bar-300x87-1.webp","contentUrl":"https:\/\/www.transtoyou.com\/da\/wp-content\/uploads\/sites\/6\/2026\/01\/logo-tty-menu-bar-300x87-1.webp","width":300,"height":87,"caption":"Transtoyou - DA"},"image":{"@id":"https:\/\/www.transtoyou.com\/da\/#\/schema\/logo\/image\/"}}]}},"_links":{"self":[{"href":"https:\/\/www.transtoyou.com\/da\/wp-json\/wp\/v2\/product\/966","targetHints":{"allow":["GET"]}}],"collection":[{"href":"https:\/\/www.transtoyou.com\/da\/wp-json\/wp\/v2\/product"}],"about":[{"href":"https:\/\/www.transtoyou.com\/da\/wp-json\/wp\/v2\/types\/product"}],"replies":[{"embeddable":true,"href":"https:\/\/www.transtoyou.com\/da\/wp-json\/wp\/v2\/comments?post=966"}],"wp:featuredmedia":[{"embeddable":true,"href":"https:\/\/www.transtoyou.com\/da\/wp-json\/wp\/v2\/media\/968"}],"wp:attachment":[{"href":"https:\/\/www.transtoyou.com\/da\/wp-json\/wp\/v2\/media?parent=966"}],"wp:term":[{"taxonomy":"product_brand","embeddable":true,"href":"https:\/\/www.transtoyou.com\/da\/wp-json\/wp\/v2\/product_brand?post=966"},{"taxonomy":"product_cat","embeddable":true,"href":"https:\/\/www.transtoyou.com\/da\/wp-json\/wp\/v2\/product_cat?post=966"},{"taxonomy":"product_tag","embeddable":true,"href":"https:\/\/www.transtoyou.com\/da\/wp-json\/wp\/v2\/product_tag?post=966"},{"taxonomy":"expert","embeddable":true,"href":"https:\/\/www.transtoyou.com\/da\/wp-json\/wp\/v2\/expert?post=966"}],"curies":[{"name":"wp","href":"https:\/\/api.w.org\/{rel}","templated":true}]}}