{"id":969,"date":"2026-01-24T03:07:33","date_gmt":"2026-01-24T01:07:33","guid":{"rendered":"https:\/\/www.transtoyou.com\/da\/product\/alendronic-acid\/"},"modified":"2026-02-05T13:44:28","modified_gmt":"2026-02-05T11:44:28","slug":"alendronsyre","status":"publish","type":"product","link":"https:\/\/www.transtoyou.com\/da\/product\/alendronsyre\/","title":{"rendered":"Alendronsyre"},"content":{"rendered":"<p>Alendronsyre er en medicin, der bruges til at forebygge og behandle osteoporose, en tilstand hvor knoglerne bliver svage og skr\u00f8belige. Den tilh\u00f8rer en klasse af l\u00e6gemidler kaldet bisfosfonater, som virker ved at neds\u00e6tte hastigheden, hvormed knogler nedbrydes i kroppen. Dette hj\u00e6lper med at opretholde knoglet\u00e6theden og reducere risikoen for brud, is\u00e6r i rygs\u00f8jlen, hofterne og h\u00e5ndleddene.<\/p>\n<p>Alendronsyre ordineres oftest til postmenopausale kvinder og personer, der har en \u00f8get risiko for knogletab p\u00e5 grund af alder, langvarig steroidbrug eller underliggende sundhedsm\u00e6ssige forhold. Ved at reducere knogleoms\u00e6tningen styrker det knoglerne og underst\u00f8tter langvarig skelethelse.<\/p>\n<p>Det tages normalt \u00e9n gang om ugen i tabletform. For at maksimere absorptionen og undg\u00e5 irritation af spiser\u00f8ret, skal tabletten sluges hel med et fuldt glas vand p\u00e5 tom mave. Brugere skal forblive oprejst i mindst 30 minutter efter indtagelse af dosen og b\u00f8r undg\u00e5 at spise og drikke (undtagen vand) eller tage andre l\u00e6gemidler i den periode.<\/p>\n","protected":false},"excerpt":{"rendered":"<ul>\n<li>Ugentlig tablet til at styrke knoglerne<\/li>\n<li>Reducerer risikoen for brud<\/li>\n<li>Forsinker knogletab ved osteoporose<\/li>\n<\/ul>\n","protected":false},"featured_media":971,"comment_status":"open","ping_status":"closed","template":"","meta":[],"product_brand":[],"product_cat":[154],"product_tag":[],"expert":[21],"class_list":{"0":"post-969","1":"product","2":"type-product","3":"status-publish","4":"has-post-thumbnail","6":"product_cat-osteoporose","7":"expert-dr-m-sharoyko","9":"first","10":"instock","11":"shipping-taxable","12":"product-type-variable"},"yoast_head":"<!-- This site is optimized with the Yoast SEO plugin v27.0 - https:\/\/yoast.com\/product\/yoast-seo-wordpress\/ -->\n<title>Alendronsyre | Styrker knogler, reducerer brud - Transtoyou<\/title>\n<meta name=\"description\" content=\"Alendronsyre, nu tilg\u00e6ngelig hos Transtoyou, st\u00f8tter knoglesundhed og reducerer risikoen for osteoporose. K\u00f8b i dag for st\u00e6rkere knogler!\" \/>\n<meta name=\"robots\" content=\"noindex, follow, max-snippet:-1, max-image-preview:large, max-video-preview:-1\" \/>\n<meta property=\"og:locale\" content=\"da_DK\" \/>\n<meta property=\"og:type\" content=\"article\" \/>\n<meta property=\"og:title\" content=\"Alendronsyre | Styrker knogler, reducerer brud - Transtoyou\" \/>\n<meta property=\"og:description\" content=\"Alendronsyre, nu tilg\u00e6ngelig hos Transtoyou, st\u00f8tter knoglesundhed og reducerer risikoen for osteoporose. K\u00f8b i dag for st\u00e6rkere knogler!\" \/>\n<meta property=\"og:url\" content=\"https:\/\/www.transtoyou.com\/da\/product\/alendronic-acid\/\" \/>\n<meta property=\"og:site_name\" content=\"Transtoyou - DA\" \/>\n<meta property=\"article:modified_time\" content=\"2026-02-05T11:44:28+00:00\" \/>\n<meta name=\"twitter:card\" content=\"summary_large_image\" \/>\n<meta name=\"twitter:label1\" content=\"Estimeret l\u00e6setid\" \/>\n\t<meta name=\"twitter:data1\" content=\"1 minut\" \/>\n<script type=\"application\/ld+json\" class=\"yoast-schema-graph\">{\"@context\":\"https:\/\/schema.org\",\"@graph\":[{\"@type\":\"WebPage\",\"@id\":\"https:\/\/www.transtoyou.com\/da\/product\/alendronic-acid\/\",\"url\":\"https:\/\/www.transtoyou.com\/da\/product\/alendronic-acid\/\",\"name\":\"Alendronsyre | Styrker knogler, reducerer brud - Transtoyou\",\"isPartOf\":{\"@id\":\"https:\/\/www.transtoyou.com\/da\/#website\"},\"primaryImageOfPage\":{\"@id\":\"https:\/\/www.transtoyou.com\/da\/product\/alendronic-acid\/#primaryimage\"},\"image\":{\"@id\":\"https:\/\/www.transtoyou.com\/da\/product\/alendronic-acid\/#primaryimage\"},\"thumbnailUrl\":\"https:\/\/www.transtoyou.com\/da\/wp-content\/uploads\/sites\/6\/2026\/01\/tty-no-product-image-67.webp\",\"datePublished\":\"2026-01-24T01:07:33+00:00\",\"dateModified\":\"2026-02-05T11:44:28+00:00\",\"description\":\"Alendronsyre, nu tilg\u00e6ngelig hos Transtoyou, st\u00f8tter knoglesundhed og reducerer risikoen for osteoporose. K\u00f8b i dag for st\u00e6rkere knogler!\",\"breadcrumb\":{\"@id\":\"https:\/\/www.transtoyou.com\/da\/product\/alendronic-acid\/#breadcrumb\"},\"inLanguage\":\"da-DK\",\"potentialAction\":[{\"@type\":\"ReadAction\",\"target\":[\"https:\/\/www.transtoyou.com\/da\/product\/alendronic-acid\/\"]}]},{\"@type\":\"ImageObject\",\"inLanguage\":\"da-DK\",\"@id\":\"https:\/\/www.transtoyou.com\/da\/product\/alendronic-acid\/#primaryimage\",\"url\":\"https:\/\/www.transtoyou.com\/da\/wp-content\/uploads\/sites\/6\/2026\/01\/tty-no-product-image-67.webp\",\"contentUrl\":\"https:\/\/www.transtoyou.com\/da\/wp-content\/uploads\/sites\/6\/2026\/01\/tty-no-product-image-67.webp\",\"width\":1000,\"height\":1000,\"caption\":\"Standard produktbillede\"},{\"@type\":\"WebSite\",\"@id\":\"https:\/\/www.transtoyou.com\/da\/#website\",\"url\":\"https:\/\/www.transtoyou.com\/da\/\",\"name\":\"Transtoyou - DA\",\"description\":\"\",\"publisher\":{\"@id\":\"https:\/\/www.transtoyou.com\/da\/#organization\"},\"potentialAction\":[{\"@type\":\"SearchAction\",\"target\":{\"@type\":\"EntryPoint\",\"urlTemplate\":\"https:\/\/www.transtoyou.com\/da\/?s={search_term_string}\"},\"query-input\":{\"@type\":\"PropertyValueSpecification\",\"valueRequired\":true,\"valueName\":\"search_term_string\"}}],\"inLanguage\":\"da-DK\"},{\"@type\":\"Organization\",\"@id\":\"https:\/\/www.transtoyou.com\/da\/#organization\",\"name\":\"Transtoyou - DA\",\"url\":\"https:\/\/www.transtoyou.com\/da\/\",\"logo\":{\"@type\":\"ImageObject\",\"inLanguage\":\"da-DK\",\"@id\":\"https:\/\/www.transtoyou.com\/da\/#\/schema\/logo\/image\/\",\"url\":\"https:\/\/www.transtoyou.com\/da\/wp-content\/uploads\/sites\/6\/2026\/01\/logo-tty-menu-bar-300x87-1.webp\",\"contentUrl\":\"https:\/\/www.transtoyou.com\/da\/wp-content\/uploads\/sites\/6\/2026\/01\/logo-tty-menu-bar-300x87-1.webp\",\"width\":300,\"height\":87,\"caption\":\"Transtoyou - DA\"},\"image\":{\"@id\":\"https:\/\/www.transtoyou.com\/da\/#\/schema\/logo\/image\/\"}}]}<\/script>\n<!-- \/ Yoast SEO plugin. -->","yoast_head_json":{"title":"Alendronsyre | Styrker knogler, reducerer brud - Transtoyou","description":"Alendronsyre, nu tilg\u00e6ngelig hos Transtoyou, st\u00f8tter knoglesundhed og reducerer risikoen for osteoporose. K\u00f8b i dag for st\u00e6rkere knogler!","robots":{"index":"noindex","follow":"follow","max-snippet":"max-snippet:-1","max-image-preview":"max-image-preview:large","max-video-preview":"max-video-preview:-1"},"og_locale":"da_DK","og_type":"article","og_title":"Alendronsyre | Styrker knogler, reducerer brud - Transtoyou","og_description":"Alendronsyre, nu tilg\u00e6ngelig hos Transtoyou, st\u00f8tter knoglesundhed og reducerer risikoen for osteoporose. K\u00f8b i dag for st\u00e6rkere knogler!","og_url":"https:\/\/www.transtoyou.com\/da\/product\/alendronic-acid\/","og_site_name":"Transtoyou - DA","article_modified_time":"2026-02-05T11:44:28+00:00","twitter_card":"summary_large_image","twitter_misc":{"Estimeret l\u00e6setid":"1 minut"},"schema":{"@context":"https:\/\/schema.org","@graph":[{"@type":"WebPage","@id":"https:\/\/www.transtoyou.com\/da\/product\/alendronic-acid\/","url":"https:\/\/www.transtoyou.com\/da\/product\/alendronic-acid\/","name":"Alendronsyre | Styrker knogler, reducerer brud - Transtoyou","isPartOf":{"@id":"https:\/\/www.transtoyou.com\/da\/#website"},"primaryImageOfPage":{"@id":"https:\/\/www.transtoyou.com\/da\/product\/alendronic-acid\/#primaryimage"},"image":{"@id":"https:\/\/www.transtoyou.com\/da\/product\/alendronic-acid\/#primaryimage"},"thumbnailUrl":"https:\/\/www.transtoyou.com\/da\/wp-content\/uploads\/sites\/6\/2026\/01\/tty-no-product-image-67.webp","datePublished":"2026-01-24T01:07:33+00:00","dateModified":"2026-02-05T11:44:28+00:00","description":"Alendronsyre, nu tilg\u00e6ngelig hos Transtoyou, st\u00f8tter knoglesundhed og reducerer risikoen for osteoporose. K\u00f8b i dag for st\u00e6rkere knogler!","breadcrumb":{"@id":"https:\/\/www.transtoyou.com\/da\/product\/alendronic-acid\/#breadcrumb"},"inLanguage":"da-DK","potentialAction":[{"@type":"ReadAction","target":["https:\/\/www.transtoyou.com\/da\/product\/alendronic-acid\/"]}]},{"@type":"ImageObject","inLanguage":"da-DK","@id":"https:\/\/www.transtoyou.com\/da\/product\/alendronic-acid\/#primaryimage","url":"https:\/\/www.transtoyou.com\/da\/wp-content\/uploads\/sites\/6\/2026\/01\/tty-no-product-image-67.webp","contentUrl":"https:\/\/www.transtoyou.com\/da\/wp-content\/uploads\/sites\/6\/2026\/01\/tty-no-product-image-67.webp","width":1000,"height":1000,"caption":"Standard produktbillede"},{"@type":"WebSite","@id":"https:\/\/www.transtoyou.com\/da\/#website","url":"https:\/\/www.transtoyou.com\/da\/","name":"Transtoyou - DA","description":"","publisher":{"@id":"https:\/\/www.transtoyou.com\/da\/#organization"},"potentialAction":[{"@type":"SearchAction","target":{"@type":"EntryPoint","urlTemplate":"https:\/\/www.transtoyou.com\/da\/?s={search_term_string}"},"query-input":{"@type":"PropertyValueSpecification","valueRequired":true,"valueName":"search_term_string"}}],"inLanguage":"da-DK"},{"@type":"Organization","@id":"https:\/\/www.transtoyou.com\/da\/#organization","name":"Transtoyou - DA","url":"https:\/\/www.transtoyou.com\/da\/","logo":{"@type":"ImageObject","inLanguage":"da-DK","@id":"https:\/\/www.transtoyou.com\/da\/#\/schema\/logo\/image\/","url":"https:\/\/www.transtoyou.com\/da\/wp-content\/uploads\/sites\/6\/2026\/01\/logo-tty-menu-bar-300x87-1.webp","contentUrl":"https:\/\/www.transtoyou.com\/da\/wp-content\/uploads\/sites\/6\/2026\/01\/logo-tty-menu-bar-300x87-1.webp","width":300,"height":87,"caption":"Transtoyou - DA"},"image":{"@id":"https:\/\/www.transtoyou.com\/da\/#\/schema\/logo\/image\/"}}]}},"_links":{"self":[{"href":"https:\/\/www.transtoyou.com\/da\/wp-json\/wp\/v2\/product\/969","targetHints":{"allow":["GET"]}}],"collection":[{"href":"https:\/\/www.transtoyou.com\/da\/wp-json\/wp\/v2\/product"}],"about":[{"href":"https:\/\/www.transtoyou.com\/da\/wp-json\/wp\/v2\/types\/product"}],"replies":[{"embeddable":true,"href":"https:\/\/www.transtoyou.com\/da\/wp-json\/wp\/v2\/comments?post=969"}],"wp:featuredmedia":[{"embeddable":true,"href":"https:\/\/www.transtoyou.com\/da\/wp-json\/wp\/v2\/media\/971"}],"wp:attachment":[{"href":"https:\/\/www.transtoyou.com\/da\/wp-json\/wp\/v2\/media?parent=969"}],"wp:term":[{"taxonomy":"product_brand","embeddable":true,"href":"https:\/\/www.transtoyou.com\/da\/wp-json\/wp\/v2\/product_brand?post=969"},{"taxonomy":"product_cat","embeddable":true,"href":"https:\/\/www.transtoyou.com\/da\/wp-json\/wp\/v2\/product_cat?post=969"},{"taxonomy":"product_tag","embeddable":true,"href":"https:\/\/www.transtoyou.com\/da\/wp-json\/wp\/v2\/product_tag?post=969"},{"taxonomy":"expert","embeddable":true,"href":"https:\/\/www.transtoyou.com\/da\/wp-json\/wp\/v2\/expert?post=969"}],"curies":[{"name":"wp","href":"https:\/\/api.w.org\/{rel}","templated":true}]}}