{"id":975,"date":"2026-01-24T03:34:39","date_gmt":"2026-01-24T01:34:39","guid":{"rendered":"https:\/\/www.transtoyou.com\/da\/product\/atovaquone-proguanil\/"},"modified":"2026-02-07T15:04:45","modified_gmt":"2026-02-07T13:04:45","slug":"atovaquone-proguanil","status":"publish","type":"product","link":"https:\/\/www.transtoyou.com\/da\/product\/atovaquone-proguanil\/","title":{"rendered":"Atovaquone-Proguanil"},"content":{"rendered":"<p>Atovaquone-Proguanil er en kombinationsmedicin, der bruges til at forebygge og behandle malaria, en parasitisk sygdom, der overf\u00f8res gennem bid af inficerede myg. Medicinen kombinerer to aktive stoffer: Atovaquone, som forstyrrer energiproduktionen hos malariaparasitter, og Proguanil, som h\u00e6mmer deres evne til at reproducere. Sammen giver de en potent dobbeltmekanisme, der retter sig mod parasitten p\u00e5 flere stadier af dens livscyklus.<\/p>\n<p>Denne medicin er effektiv mod Plasmodium falciparum, den farligste og l\u00e6gemiddelresistente form for malaria. Den ordineres ofte til rejsende, der bes\u00f8ger omr\u00e5der, hvor malaria er endemisk, samt til kortvarig behandling af dem, der bliver inficeret.<\/p>\n<p>Atovaquone-Proguanil tages normalt \u00e9n gang om dagen med mad eller en m\u00e6lkeagtig drik for at forbedre absorptionen. Til forebyggelse p\u00e5begyndes det en eller to dage f\u00f8r indtr\u00e6den i et malaria-risikoomr\u00e5de og forts\u00e6ttes i en uge efter afrejse. Til behandling tages det i tre p\u00e5 hinanden f\u00f8lgende dage.<\/p>\n<p>Sammenlignet med \u00e6ldre malariamediciner tolereres denne kombination generelt godt og kr\u00e6ver ikke lange doseringsplaner f\u00f8r rejser. Bivirkninger er normalt milde og kan inkludere mavesmerter, kvalme, opkastning, hovedpine eller s\u00f8vnforstyrrelser. Den er ikke egnet til langvarig forebyggelse over flere m\u00e5neder, men er ideel til kortere ture og ukompliceret behandling.<\/p>\n","protected":false},"excerpt":{"rendered":"<ul>\n<li>Dobbeltvirkende malariaforebyggelse og -behandling<\/li>\n<li>Effektiv mod l\u00e6gemiddelresistente malaria-stammer<\/li>\n<li>Praktisk \u00e9n gang daglig dosering<\/li>\n<\/ul>\n","protected":false},"featured_media":977,"comment_status":"open","ping_status":"closed","template":"","meta":[],"product_brand":[],"product_cat":[155],"product_tag":[],"expert":[16],"class_list":{"0":"post-975","1":"product","2":"type-product","3":"status-publish","4":"has-post-thumbnail","6":"product_cat-parasitter","7":"expert-dr-c-alexandru","9":"first","10":"instock","11":"shipping-taxable","12":"product-type-variable"},"yoast_head":"<!-- This site is optimized with the Yoast SEO plugin v27.0 - https:\/\/yoast.com\/product\/yoast-seo-wordpress\/ -->\n<title>Atovaquone-Proguanil | Effektiv Malariabeskyttelse - Transtoyou<\/title>\n<meta name=\"description\" content=\"Atovaquone-Proguanil, tilg\u00e6ngelig her, giver dobbeltbeskyttelse mod malaria. Effektiv mod Plasmodium falciparum, perfekt til rejseforebyggelse.\" \/>\n<meta name=\"robots\" content=\"noindex, follow, max-snippet:-1, max-image-preview:large, max-video-preview:-1\" \/>\n<meta property=\"og:locale\" content=\"da_DK\" \/>\n<meta property=\"og:type\" content=\"article\" \/>\n<meta property=\"og:title\" content=\"Atovaquone-Proguanil | Effektiv Malariabeskyttelse - Transtoyou\" \/>\n<meta property=\"og:description\" content=\"Atovaquone-Proguanil, tilg\u00e6ngelig her, giver dobbeltbeskyttelse mod malaria. Effektiv mod Plasmodium falciparum, perfekt til rejseforebyggelse.\" \/>\n<meta property=\"og:url\" content=\"https:\/\/www.transtoyou.com\/da\/product\/atovaquone-proguanil\/\" \/>\n<meta property=\"og:site_name\" content=\"Transtoyou - DA\" \/>\n<meta property=\"article:modified_time\" content=\"2026-02-07T13:04:45+00:00\" \/>\n<meta name=\"twitter:card\" content=\"summary_large_image\" \/>\n<meta name=\"twitter:label1\" content=\"Estimeret l\u00e6setid\" \/>\n\t<meta name=\"twitter:data1\" content=\"1 minut\" \/>\n<script type=\"application\/ld+json\" class=\"yoast-schema-graph\">{\"@context\":\"https:\/\/schema.org\",\"@graph\":[{\"@type\":\"WebPage\",\"@id\":\"https:\/\/www.transtoyou.com\/da\/product\/atovaquone-proguanil\/\",\"url\":\"https:\/\/www.transtoyou.com\/da\/product\/atovaquone-proguanil\/\",\"name\":\"Atovaquone-Proguanil | Effektiv Malariabeskyttelse - Transtoyou\",\"isPartOf\":{\"@id\":\"https:\/\/www.transtoyou.com\/da\/#website\"},\"primaryImageOfPage\":{\"@id\":\"https:\/\/www.transtoyou.com\/da\/product\/atovaquone-proguanil\/#primaryimage\"},\"image\":{\"@id\":\"https:\/\/www.transtoyou.com\/da\/product\/atovaquone-proguanil\/#primaryimage\"},\"thumbnailUrl\":\"https:\/\/www.transtoyou.com\/da\/wp-content\/uploads\/sites\/6\/2026\/01\/tty-no-product-image-69.webp\",\"datePublished\":\"2026-01-24T01:34:39+00:00\",\"dateModified\":\"2026-02-07T13:04:45+00:00\",\"description\":\"Atovaquone-Proguanil, tilg\u00e6ngelig her, giver dobbeltbeskyttelse mod malaria. Effektiv mod Plasmodium falciparum, perfekt til rejseforebyggelse.\",\"breadcrumb\":{\"@id\":\"https:\/\/www.transtoyou.com\/da\/product\/atovaquone-proguanil\/#breadcrumb\"},\"inLanguage\":\"da-DK\",\"potentialAction\":[{\"@type\":\"ReadAction\",\"target\":[\"https:\/\/www.transtoyou.com\/da\/product\/atovaquone-proguanil\/\"]}]},{\"@type\":\"ImageObject\",\"inLanguage\":\"da-DK\",\"@id\":\"https:\/\/www.transtoyou.com\/da\/product\/atovaquone-proguanil\/#primaryimage\",\"url\":\"https:\/\/www.transtoyou.com\/da\/wp-content\/uploads\/sites\/6\/2026\/01\/tty-no-product-image-69.webp\",\"contentUrl\":\"https:\/\/www.transtoyou.com\/da\/wp-content\/uploads\/sites\/6\/2026\/01\/tty-no-product-image-69.webp\",\"width\":1000,\"height\":1000,\"caption\":\"Standard produktbillede\"},{\"@type\":\"WebSite\",\"@id\":\"https:\/\/www.transtoyou.com\/da\/#website\",\"url\":\"https:\/\/www.transtoyou.com\/da\/\",\"name\":\"Transtoyou - DA\",\"description\":\"\",\"publisher\":{\"@id\":\"https:\/\/www.transtoyou.com\/da\/#organization\"},\"potentialAction\":[{\"@type\":\"SearchAction\",\"target\":{\"@type\":\"EntryPoint\",\"urlTemplate\":\"https:\/\/www.transtoyou.com\/da\/?s={search_term_string}\"},\"query-input\":{\"@type\":\"PropertyValueSpecification\",\"valueRequired\":true,\"valueName\":\"search_term_string\"}}],\"inLanguage\":\"da-DK\"},{\"@type\":\"Organization\",\"@id\":\"https:\/\/www.transtoyou.com\/da\/#organization\",\"name\":\"Transtoyou - DA\",\"url\":\"https:\/\/www.transtoyou.com\/da\/\",\"logo\":{\"@type\":\"ImageObject\",\"inLanguage\":\"da-DK\",\"@id\":\"https:\/\/www.transtoyou.com\/da\/#\/schema\/logo\/image\/\",\"url\":\"https:\/\/www.transtoyou.com\/da\/wp-content\/uploads\/sites\/6\/2026\/01\/logo-tty-menu-bar-300x87-1.webp\",\"contentUrl\":\"https:\/\/www.transtoyou.com\/da\/wp-content\/uploads\/sites\/6\/2026\/01\/logo-tty-menu-bar-300x87-1.webp\",\"width\":300,\"height\":87,\"caption\":\"Transtoyou - DA\"},\"image\":{\"@id\":\"https:\/\/www.transtoyou.com\/da\/#\/schema\/logo\/image\/\"}}]}<\/script>\n<!-- \/ Yoast SEO plugin. -->","yoast_head_json":{"title":"Atovaquone-Proguanil | Effektiv Malariabeskyttelse - Transtoyou","description":"Atovaquone-Proguanil, tilg\u00e6ngelig her, giver dobbeltbeskyttelse mod malaria. Effektiv mod Plasmodium falciparum, perfekt til rejseforebyggelse.","robots":{"index":"noindex","follow":"follow","max-snippet":"max-snippet:-1","max-image-preview":"max-image-preview:large","max-video-preview":"max-video-preview:-1"},"og_locale":"da_DK","og_type":"article","og_title":"Atovaquone-Proguanil | Effektiv Malariabeskyttelse - Transtoyou","og_description":"Atovaquone-Proguanil, tilg\u00e6ngelig her, giver dobbeltbeskyttelse mod malaria. Effektiv mod Plasmodium falciparum, perfekt til rejseforebyggelse.","og_url":"https:\/\/www.transtoyou.com\/da\/product\/atovaquone-proguanil\/","og_site_name":"Transtoyou - DA","article_modified_time":"2026-02-07T13:04:45+00:00","twitter_card":"summary_large_image","twitter_misc":{"Estimeret l\u00e6setid":"1 minut"},"schema":{"@context":"https:\/\/schema.org","@graph":[{"@type":"WebPage","@id":"https:\/\/www.transtoyou.com\/da\/product\/atovaquone-proguanil\/","url":"https:\/\/www.transtoyou.com\/da\/product\/atovaquone-proguanil\/","name":"Atovaquone-Proguanil | Effektiv Malariabeskyttelse - Transtoyou","isPartOf":{"@id":"https:\/\/www.transtoyou.com\/da\/#website"},"primaryImageOfPage":{"@id":"https:\/\/www.transtoyou.com\/da\/product\/atovaquone-proguanil\/#primaryimage"},"image":{"@id":"https:\/\/www.transtoyou.com\/da\/product\/atovaquone-proguanil\/#primaryimage"},"thumbnailUrl":"https:\/\/www.transtoyou.com\/da\/wp-content\/uploads\/sites\/6\/2026\/01\/tty-no-product-image-69.webp","datePublished":"2026-01-24T01:34:39+00:00","dateModified":"2026-02-07T13:04:45+00:00","description":"Atovaquone-Proguanil, tilg\u00e6ngelig her, giver dobbeltbeskyttelse mod malaria. Effektiv mod Plasmodium falciparum, perfekt til rejseforebyggelse.","breadcrumb":{"@id":"https:\/\/www.transtoyou.com\/da\/product\/atovaquone-proguanil\/#breadcrumb"},"inLanguage":"da-DK","potentialAction":[{"@type":"ReadAction","target":["https:\/\/www.transtoyou.com\/da\/product\/atovaquone-proguanil\/"]}]},{"@type":"ImageObject","inLanguage":"da-DK","@id":"https:\/\/www.transtoyou.com\/da\/product\/atovaquone-proguanil\/#primaryimage","url":"https:\/\/www.transtoyou.com\/da\/wp-content\/uploads\/sites\/6\/2026\/01\/tty-no-product-image-69.webp","contentUrl":"https:\/\/www.transtoyou.com\/da\/wp-content\/uploads\/sites\/6\/2026\/01\/tty-no-product-image-69.webp","width":1000,"height":1000,"caption":"Standard produktbillede"},{"@type":"WebSite","@id":"https:\/\/www.transtoyou.com\/da\/#website","url":"https:\/\/www.transtoyou.com\/da\/","name":"Transtoyou - DA","description":"","publisher":{"@id":"https:\/\/www.transtoyou.com\/da\/#organization"},"potentialAction":[{"@type":"SearchAction","target":{"@type":"EntryPoint","urlTemplate":"https:\/\/www.transtoyou.com\/da\/?s={search_term_string}"},"query-input":{"@type":"PropertyValueSpecification","valueRequired":true,"valueName":"search_term_string"}}],"inLanguage":"da-DK"},{"@type":"Organization","@id":"https:\/\/www.transtoyou.com\/da\/#organization","name":"Transtoyou - DA","url":"https:\/\/www.transtoyou.com\/da\/","logo":{"@type":"ImageObject","inLanguage":"da-DK","@id":"https:\/\/www.transtoyou.com\/da\/#\/schema\/logo\/image\/","url":"https:\/\/www.transtoyou.com\/da\/wp-content\/uploads\/sites\/6\/2026\/01\/logo-tty-menu-bar-300x87-1.webp","contentUrl":"https:\/\/www.transtoyou.com\/da\/wp-content\/uploads\/sites\/6\/2026\/01\/logo-tty-menu-bar-300x87-1.webp","width":300,"height":87,"caption":"Transtoyou - DA"},"image":{"@id":"https:\/\/www.transtoyou.com\/da\/#\/schema\/logo\/image\/"}}]}},"_links":{"self":[{"href":"https:\/\/www.transtoyou.com\/da\/wp-json\/wp\/v2\/product\/975","targetHints":{"allow":["GET"]}}],"collection":[{"href":"https:\/\/www.transtoyou.com\/da\/wp-json\/wp\/v2\/product"}],"about":[{"href":"https:\/\/www.transtoyou.com\/da\/wp-json\/wp\/v2\/types\/product"}],"replies":[{"embeddable":true,"href":"https:\/\/www.transtoyou.com\/da\/wp-json\/wp\/v2\/comments?post=975"}],"wp:featuredmedia":[{"embeddable":true,"href":"https:\/\/www.transtoyou.com\/da\/wp-json\/wp\/v2\/media\/977"}],"wp:attachment":[{"href":"https:\/\/www.transtoyou.com\/da\/wp-json\/wp\/v2\/media?parent=975"}],"wp:term":[{"taxonomy":"product_brand","embeddable":true,"href":"https:\/\/www.transtoyou.com\/da\/wp-json\/wp\/v2\/product_brand?post=975"},{"taxonomy":"product_cat","embeddable":true,"href":"https:\/\/www.transtoyou.com\/da\/wp-json\/wp\/v2\/product_cat?post=975"},{"taxonomy":"product_tag","embeddable":true,"href":"https:\/\/www.transtoyou.com\/da\/wp-json\/wp\/v2\/product_tag?post=975"},{"taxonomy":"expert","embeddable":true,"href":"https:\/\/www.transtoyou.com\/da\/wp-json\/wp\/v2\/expert?post=975"}],"curies":[{"name":"wp","href":"https:\/\/api.w.org\/{rel}","templated":true}]}}