{"id":978,"date":"2026-01-24T03:48:59","date_gmt":"2026-01-24T01:48:59","guid":{"rendered":"https:\/\/www.transtoyou.com\/da\/product\/avodart\/"},"modified":"2026-02-13T12:25:05","modified_gmt":"2026-02-13T10:25:05","slug":"avodart","status":"publish","type":"product","link":"https:\/\/www.transtoyou.com\/da\/product\/avodart\/","title":{"rendered":"Avodart"},"content":{"rendered":"<p>Avodart indeholder dutasterid, en medicin der bruges til at behandle benign prostatahyperplasi, en tilstand der almindeligvis kendes som forst\u00f8rret prostata. Denne tilstand p\u00e5virker mange m\u00e6nd, efterh\u00e5nden som de bliver \u00e6ldre, og kan f\u00f8re til urin symptomer s\u00e5som hyppig vandladning, vanskeligheder med at starte eller stoppe str\u00f8mmen, og svag str\u00e5le. Avodart virker ved at mindske prostataen over tid, hvilket hj\u00e6lper med at lindre disse symptomer og forbedre urinstr\u00f8mmen.<\/p>\n<p>Dutasterid tilh\u00f8rer en klasse af l\u00e6gemidler kaldet 5-alpha-reduktaseh\u00e6mmere. Det reducerer niveauerne af dihydrotestosteron, et hormon der f\u00e5r prostataen til at vokse. Lavere hormon niveauer f\u00f8rer til en mindre prostata, hvilket igen letter trykket p\u00e5 urinr\u00f8ret og g\u00f8r vandladning lettere. Effekterne opbygges gradvist og kan tage flere m\u00e5neder at vise forbedring.<\/p>\n<p>Avodart tages som en daglig kapsel (som en engang-daglig kapsel) og skal sluges hel med vand. Konsistens er vigtig, da manglende doser kan reducere effektiviteten. Det bruges ofte p\u00e5 lang sigt for at opretholde fordelene og reducere risikoen for komplikationer s\u00e5som akut urinretention eller behovet for prostata kirurgi.<\/p>\n<p>Avodart tolereres normalt godt. Bivirkninger kan inkludere nedsat libido, \u00f8mhed i brysterne eller seksuel dysfunktion. Disse effekter har tendens til at forbedre sig med tiden eller efter oph\u00f8r.<\/p>\n","protected":false},"excerpt":{"rendered":"<ul>\n<li>Dagskapsel til forst\u00f8rret prostata<\/li>\n<li>Reducerer prostatast\u00f8rrelse og urin symptomer<\/li>\n<li>Hj\u00e6lper med at forhindre langvarige prostata komplikationer<\/li>\n<\/ul>\n","protected":false},"featured_media":980,"comment_status":"open","ping_status":"closed","template":"","meta":[],"product_brand":[],"product_cat":[158],"product_tag":[],"expert":[21],"class_list":{"0":"post-978","1":"product","2":"type-product","3":"status-publish","4":"has-post-thumbnail","6":"product_cat-prostatasalut","7":"expert-dr-m-sharoyko","9":"first","10":"instock","11":"shipping-taxable","12":"product-type-variable"},"yoast_head":"<!-- This site is optimized with the Yoast SEO plugin v27.0 - https:\/\/yoast.com\/product\/yoast-seo-wordpress\/ -->\n<title>Avodart | Hurtig Lindring af Prostatasygdomme - Transtoyou<\/title>\n<meta name=\"description\" content=\"Opdag Avodart hos Transtoyou, der behandler symptomer p\u00e5 forst\u00f8rret prostata. F\u00e5 lindring med dutasterid for bedre urinstr\u00f8m. Shop nu.\" \/>\n<meta name=\"robots\" content=\"noindex, follow, max-snippet:-1, max-image-preview:large, max-video-preview:-1\" \/>\n<meta property=\"og:locale\" content=\"da_DK\" \/>\n<meta property=\"og:type\" content=\"article\" \/>\n<meta property=\"og:title\" content=\"Avodart | Hurtig Lindring af Prostatasygdomme - Transtoyou\" \/>\n<meta property=\"og:description\" content=\"Opdag Avodart hos Transtoyou, der behandler symptomer p\u00e5 forst\u00f8rret prostata. F\u00e5 lindring med dutasterid for bedre urinstr\u00f8m. Shop nu.\" \/>\n<meta property=\"og:url\" content=\"https:\/\/www.transtoyou.com\/da\/product\/avodart\/\" \/>\n<meta property=\"og:site_name\" content=\"Transtoyou - DA\" \/>\n<meta property=\"article:modified_time\" content=\"2026-02-13T10:25:05+00:00\" \/>\n<meta name=\"twitter:card\" content=\"summary_large_image\" \/>\n<meta name=\"twitter:label1\" content=\"Estimeret l\u00e6setid\" \/>\n\t<meta name=\"twitter:data1\" content=\"1 minut\" \/>\n<script type=\"application\/ld+json\" class=\"yoast-schema-graph\">{\"@context\":\"https:\/\/schema.org\",\"@graph\":[{\"@type\":\"WebPage\",\"@id\":\"https:\/\/www.transtoyou.com\/da\/product\/avodart\/\",\"url\":\"https:\/\/www.transtoyou.com\/da\/product\/avodart\/\",\"name\":\"Avodart | Hurtig Lindring af Prostatasygdomme - Transtoyou\",\"isPartOf\":{\"@id\":\"https:\/\/www.transtoyou.com\/da\/#website\"},\"primaryImageOfPage\":{\"@id\":\"https:\/\/www.transtoyou.com\/da\/product\/avodart\/#primaryimage\"},\"image\":{\"@id\":\"https:\/\/www.transtoyou.com\/da\/product\/avodart\/#primaryimage\"},\"thumbnailUrl\":\"https:\/\/www.transtoyou.com\/da\/wp-content\/uploads\/sites\/6\/2026\/01\/tty-no-product-image-70.webp\",\"datePublished\":\"2026-01-24T01:48:59+00:00\",\"dateModified\":\"2026-02-13T10:25:05+00:00\",\"description\":\"Opdag Avodart hos Transtoyou, der behandler symptomer p\u00e5 forst\u00f8rret prostata. F\u00e5 lindring med dutasterid for bedre urinstr\u00f8m. Shop nu.\",\"breadcrumb\":{\"@id\":\"https:\/\/www.transtoyou.com\/da\/product\/avodart\/#breadcrumb\"},\"inLanguage\":\"da-DK\",\"potentialAction\":[{\"@type\":\"ReadAction\",\"target\":[\"https:\/\/www.transtoyou.com\/da\/product\/avodart\/\"]}]},{\"@type\":\"ImageObject\",\"inLanguage\":\"da-DK\",\"@id\":\"https:\/\/www.transtoyou.com\/da\/product\/avodart\/#primaryimage\",\"url\":\"https:\/\/www.transtoyou.com\/da\/wp-content\/uploads\/sites\/6\/2026\/01\/tty-no-product-image-70.webp\",\"contentUrl\":\"https:\/\/www.transtoyou.com\/da\/wp-content\/uploads\/sites\/6\/2026\/01\/tty-no-product-image-70.webp\",\"width\":1000,\"height\":1000,\"caption\":\"Standard produktbillede\"},{\"@type\":\"WebSite\",\"@id\":\"https:\/\/www.transtoyou.com\/da\/#website\",\"url\":\"https:\/\/www.transtoyou.com\/da\/\",\"name\":\"Transtoyou - DA\",\"description\":\"\",\"publisher\":{\"@id\":\"https:\/\/www.transtoyou.com\/da\/#organization\"},\"potentialAction\":[{\"@type\":\"SearchAction\",\"target\":{\"@type\":\"EntryPoint\",\"urlTemplate\":\"https:\/\/www.transtoyou.com\/da\/?s={search_term_string}\"},\"query-input\":{\"@type\":\"PropertyValueSpecification\",\"valueRequired\":true,\"valueName\":\"search_term_string\"}}],\"inLanguage\":\"da-DK\"},{\"@type\":\"Organization\",\"@id\":\"https:\/\/www.transtoyou.com\/da\/#organization\",\"name\":\"Transtoyou - DA\",\"url\":\"https:\/\/www.transtoyou.com\/da\/\",\"logo\":{\"@type\":\"ImageObject\",\"inLanguage\":\"da-DK\",\"@id\":\"https:\/\/www.transtoyou.com\/da\/#\/schema\/logo\/image\/\",\"url\":\"https:\/\/www.transtoyou.com\/da\/wp-content\/uploads\/sites\/6\/2026\/01\/logo-tty-menu-bar-300x87-1.webp\",\"contentUrl\":\"https:\/\/www.transtoyou.com\/da\/wp-content\/uploads\/sites\/6\/2026\/01\/logo-tty-menu-bar-300x87-1.webp\",\"width\":300,\"height\":87,\"caption\":\"Transtoyou - DA\"},\"image\":{\"@id\":\"https:\/\/www.transtoyou.com\/da\/#\/schema\/logo\/image\/\"}}]}<\/script>\n<!-- \/ Yoast SEO plugin. -->","yoast_head_json":{"title":"Avodart | Hurtig Lindring af Prostatasygdomme - Transtoyou","description":"Opdag Avodart hos Transtoyou, der behandler symptomer p\u00e5 forst\u00f8rret prostata. F\u00e5 lindring med dutasterid for bedre urinstr\u00f8m. Shop nu.","robots":{"index":"noindex","follow":"follow","max-snippet":"max-snippet:-1","max-image-preview":"max-image-preview:large","max-video-preview":"max-video-preview:-1"},"og_locale":"da_DK","og_type":"article","og_title":"Avodart | Hurtig Lindring af Prostatasygdomme - Transtoyou","og_description":"Opdag Avodart hos Transtoyou, der behandler symptomer p\u00e5 forst\u00f8rret prostata. F\u00e5 lindring med dutasterid for bedre urinstr\u00f8m. Shop nu.","og_url":"https:\/\/www.transtoyou.com\/da\/product\/avodart\/","og_site_name":"Transtoyou - DA","article_modified_time":"2026-02-13T10:25:05+00:00","twitter_card":"summary_large_image","twitter_misc":{"Estimeret l\u00e6setid":"1 minut"},"schema":{"@context":"https:\/\/schema.org","@graph":[{"@type":"WebPage","@id":"https:\/\/www.transtoyou.com\/da\/product\/avodart\/","url":"https:\/\/www.transtoyou.com\/da\/product\/avodart\/","name":"Avodart | Hurtig Lindring af Prostatasygdomme - Transtoyou","isPartOf":{"@id":"https:\/\/www.transtoyou.com\/da\/#website"},"primaryImageOfPage":{"@id":"https:\/\/www.transtoyou.com\/da\/product\/avodart\/#primaryimage"},"image":{"@id":"https:\/\/www.transtoyou.com\/da\/product\/avodart\/#primaryimage"},"thumbnailUrl":"https:\/\/www.transtoyou.com\/da\/wp-content\/uploads\/sites\/6\/2026\/01\/tty-no-product-image-70.webp","datePublished":"2026-01-24T01:48:59+00:00","dateModified":"2026-02-13T10:25:05+00:00","description":"Opdag Avodart hos Transtoyou, der behandler symptomer p\u00e5 forst\u00f8rret prostata. F\u00e5 lindring med dutasterid for bedre urinstr\u00f8m. Shop nu.","breadcrumb":{"@id":"https:\/\/www.transtoyou.com\/da\/product\/avodart\/#breadcrumb"},"inLanguage":"da-DK","potentialAction":[{"@type":"ReadAction","target":["https:\/\/www.transtoyou.com\/da\/product\/avodart\/"]}]},{"@type":"ImageObject","inLanguage":"da-DK","@id":"https:\/\/www.transtoyou.com\/da\/product\/avodart\/#primaryimage","url":"https:\/\/www.transtoyou.com\/da\/wp-content\/uploads\/sites\/6\/2026\/01\/tty-no-product-image-70.webp","contentUrl":"https:\/\/www.transtoyou.com\/da\/wp-content\/uploads\/sites\/6\/2026\/01\/tty-no-product-image-70.webp","width":1000,"height":1000,"caption":"Standard produktbillede"},{"@type":"WebSite","@id":"https:\/\/www.transtoyou.com\/da\/#website","url":"https:\/\/www.transtoyou.com\/da\/","name":"Transtoyou - DA","description":"","publisher":{"@id":"https:\/\/www.transtoyou.com\/da\/#organization"},"potentialAction":[{"@type":"SearchAction","target":{"@type":"EntryPoint","urlTemplate":"https:\/\/www.transtoyou.com\/da\/?s={search_term_string}"},"query-input":{"@type":"PropertyValueSpecification","valueRequired":true,"valueName":"search_term_string"}}],"inLanguage":"da-DK"},{"@type":"Organization","@id":"https:\/\/www.transtoyou.com\/da\/#organization","name":"Transtoyou - DA","url":"https:\/\/www.transtoyou.com\/da\/","logo":{"@type":"ImageObject","inLanguage":"da-DK","@id":"https:\/\/www.transtoyou.com\/da\/#\/schema\/logo\/image\/","url":"https:\/\/www.transtoyou.com\/da\/wp-content\/uploads\/sites\/6\/2026\/01\/logo-tty-menu-bar-300x87-1.webp","contentUrl":"https:\/\/www.transtoyou.com\/da\/wp-content\/uploads\/sites\/6\/2026\/01\/logo-tty-menu-bar-300x87-1.webp","width":300,"height":87,"caption":"Transtoyou - DA"},"image":{"@id":"https:\/\/www.transtoyou.com\/da\/#\/schema\/logo\/image\/"}}]}},"_links":{"self":[{"href":"https:\/\/www.transtoyou.com\/da\/wp-json\/wp\/v2\/product\/978","targetHints":{"allow":["GET"]}}],"collection":[{"href":"https:\/\/www.transtoyou.com\/da\/wp-json\/wp\/v2\/product"}],"about":[{"href":"https:\/\/www.transtoyou.com\/da\/wp-json\/wp\/v2\/types\/product"}],"replies":[{"embeddable":true,"href":"https:\/\/www.transtoyou.com\/da\/wp-json\/wp\/v2\/comments?post=978"}],"wp:featuredmedia":[{"embeddable":true,"href":"https:\/\/www.transtoyou.com\/da\/wp-json\/wp\/v2\/media\/980"}],"wp:attachment":[{"href":"https:\/\/www.transtoyou.com\/da\/wp-json\/wp\/v2\/media?parent=978"}],"wp:term":[{"taxonomy":"product_brand","embeddable":true,"href":"https:\/\/www.transtoyou.com\/da\/wp-json\/wp\/v2\/product_brand?post=978"},{"taxonomy":"product_cat","embeddable":true,"href":"https:\/\/www.transtoyou.com\/da\/wp-json\/wp\/v2\/product_cat?post=978"},{"taxonomy":"product_tag","embeddable":true,"href":"https:\/\/www.transtoyou.com\/da\/wp-json\/wp\/v2\/product_tag?post=978"},{"taxonomy":"expert","embeddable":true,"href":"https:\/\/www.transtoyou.com\/da\/wp-json\/wp\/v2\/expert?post=978"}],"curies":[{"name":"wp","href":"https:\/\/api.w.org\/{rel}","templated":true}]}}