{"id":987,"date":"2026-01-24T04:32:12","date_gmt":"2026-01-24T02:32:12","guid":{"rendered":"https:\/\/www.transtoyou.com\/da\/product\/loceryl\/"},"modified":"2026-01-24T04:33:15","modified_gmt":"2026-01-24T02:33:15","slug":"loceryl","status":"publish","type":"product","link":"https:\/\/www.transtoyou.com\/da\/product\/loceryl\/","title":{"rendered":"Loceryl"},"content":{"rendered":"<p>Loceryl er en topisk antifungal behandling, der er specielt designet til at m\u00e5lrette svampeinfektioner i t\u00e5negle og fingernails. Det indeholder den aktive ingrediens amorolfin, som virker ved at forstyrre strukturen af svampens cellemembraner. Dette forhindrer svampene i at vokse og f\u00f8rer til deres d\u00f8d.<\/p>\n<p>Loceryl bruges mest almindeligt til at behandle onychomycosis, en vedholdende svampeinfektion i neglene, der for\u00e5rsager fortykkede, misfarvede eller skr\u00f8belige negle. Det bruges ogs\u00e5 nogle gange til svampeinfektioner i huden som fodboldsvamp, n\u00e5r de p\u00e5virker omr\u00e5det omkring neglen. I mods\u00e6tning til orale antifungale l\u00e6gemidler p\u00e5f\u00f8res Loceryl direkte p\u00e5 den ber\u00f8rte negl og den omgivende hud, hvilket muligg\u00f8r lokal behandling uden systemiske bivirkninger.<\/p>\n<p>Lakken p\u00e5f\u00f8res typisk en eller to gange om ugen, afh\u00e6ngigt af infektionens sv\u00e6rhedsgrad og behandlingsplanen. Efter p\u00e5f\u00f8ring t\u00f8rrer den og danner en beskyttende film, der g\u00f8r det muligt for den aktive ingrediens at tr\u00e6nge ind i neglen over tid. Denne langsomme frigivelseseffekt g\u00f8r, at medicinen forbliver aktiv i flere dage ved hver brug.<\/p>\n<p>Synlig forbedring kan tage flere uger, og fuld behandling kan vare 6 til 12 m\u00e5neder, da det tager tid for den inficerede negl at vokse ud og blive erstattet af sundt v\u00e6v.<\/p>\n<p>Bivirkninger er sj\u00e6ldne, men kan omfatte mild irritation, br\u00e6ndende fornemmelse eller r\u00f8dme omkring neglen. Loceryl tolereres generelt godt og betragtes som sikkert til langtidsbrug.<\/p>\n","protected":false},"excerpt":{"rendered":"<ul>\n<li>Topisk antifungal neglebehandling<\/li>\n<li>Retter sig mod svampeinfektioner i neglene<\/li>\n<li>Langtidsvirkende lakformel<\/li>\n<\/ul>\n","protected":false},"featured_media":988,"comment_status":"open","ping_status":"closed","template":"","meta":[],"product_brand":[],"product_cat":[171],"product_tag":[],"expert":[18],"class_list":{"0":"post-987","1":"product","2":"type-product","3":"status-publish","4":"has-post-thumbnail","6":"product_cat-neglesvamp-fodsvamp","7":"expert-dr-g-varbanov","9":"first","10":"instock","11":"shipping-taxable","12":"product-type-simple"},"yoast_head":"<!-- This site is optimized with the Yoast SEO plugin v27.0 - https:\/\/yoast.com\/product\/yoast-seo-wordpress\/ -->\n<title>Loceryl | Effektiv Antifungal L\u00f8sning - Transtoyou<\/title>\n<meta name=\"description\" content=\"Loceryl antifungal lak bek\u00e6mper negleinfektioner med amorolfin. F\u00e5s her, og tilbyder lokal behandling uden systemiske virkninger.\" \/>\n<meta name=\"robots\" content=\"noindex, follow, max-snippet:-1, max-image-preview:large, max-video-preview:-1\" \/>\n<meta property=\"og:locale\" content=\"da_DK\" \/>\n<meta property=\"og:type\" content=\"article\" \/>\n<meta property=\"og:title\" content=\"Loceryl | Effektiv Antifungal L\u00f8sning - Transtoyou\" \/>\n<meta property=\"og:description\" content=\"Loceryl antifungal lak bek\u00e6mper negleinfektioner med amorolfin. F\u00e5s her, og tilbyder lokal behandling uden systemiske virkninger.\" \/>\n<meta property=\"og:url\" content=\"https:\/\/www.transtoyou.com\/da\/product\/loceryl\/\" \/>\n<meta property=\"og:site_name\" content=\"Transtoyou - DA\" \/>\n<meta property=\"article:modified_time\" content=\"2026-01-24T02:33:15+00:00\" \/>\n<meta name=\"twitter:card\" content=\"summary_large_image\" \/>\n<meta name=\"twitter:label1\" content=\"Estimeret l\u00e6setid\" \/>\n\t<meta name=\"twitter:data1\" content=\"1 minut\" \/>\n<script type=\"application\/ld+json\" class=\"yoast-schema-graph\">{\"@context\":\"https:\/\/schema.org\",\"@graph\":[{\"@type\":\"WebPage\",\"@id\":\"https:\/\/www.transtoyou.com\/da\/product\/loceryl\/\",\"url\":\"https:\/\/www.transtoyou.com\/da\/product\/loceryl\/\",\"name\":\"Loceryl | Effektiv Antifungal L\u00f8sning - Transtoyou\",\"isPartOf\":{\"@id\":\"https:\/\/www.transtoyou.com\/da\/#website\"},\"primaryImageOfPage\":{\"@id\":\"https:\/\/www.transtoyou.com\/da\/product\/loceryl\/#primaryimage\"},\"image\":{\"@id\":\"https:\/\/www.transtoyou.com\/da\/product\/loceryl\/#primaryimage\"},\"thumbnailUrl\":\"https:\/\/www.transtoyou.com\/da\/wp-content\/uploads\/sites\/6\/2026\/01\/tty-no-product-image-73.webp\",\"datePublished\":\"2026-01-24T02:32:12+00:00\",\"dateModified\":\"2026-01-24T02:33:15+00:00\",\"description\":\"Loceryl antifungal lak bek\u00e6mper negleinfektioner med amorolfin. F\u00e5s her, og tilbyder lokal behandling uden systemiske virkninger.\",\"breadcrumb\":{\"@id\":\"https:\/\/www.transtoyou.com\/da\/product\/loceryl\/#breadcrumb\"},\"inLanguage\":\"da-DK\",\"potentialAction\":[{\"@type\":\"ReadAction\",\"target\":[\"https:\/\/www.transtoyou.com\/da\/product\/loceryl\/\"]}]},{\"@type\":\"ImageObject\",\"inLanguage\":\"da-DK\",\"@id\":\"https:\/\/www.transtoyou.com\/da\/product\/loceryl\/#primaryimage\",\"url\":\"https:\/\/www.transtoyou.com\/da\/wp-content\/uploads\/sites\/6\/2026\/01\/tty-no-product-image-73.webp\",\"contentUrl\":\"https:\/\/www.transtoyou.com\/da\/wp-content\/uploads\/sites\/6\/2026\/01\/tty-no-product-image-73.webp\",\"width\":1000,\"height\":1000,\"caption\":\"Standard produktbillede\"},{\"@type\":\"WebSite\",\"@id\":\"https:\/\/www.transtoyou.com\/da\/#website\",\"url\":\"https:\/\/www.transtoyou.com\/da\/\",\"name\":\"Transtoyou - DA\",\"description\":\"\",\"publisher\":{\"@id\":\"https:\/\/www.transtoyou.com\/da\/#organization\"},\"potentialAction\":[{\"@type\":\"SearchAction\",\"target\":{\"@type\":\"EntryPoint\",\"urlTemplate\":\"https:\/\/www.transtoyou.com\/da\/?s={search_term_string}\"},\"query-input\":{\"@type\":\"PropertyValueSpecification\",\"valueRequired\":true,\"valueName\":\"search_term_string\"}}],\"inLanguage\":\"da-DK\"},{\"@type\":\"Organization\",\"@id\":\"https:\/\/www.transtoyou.com\/da\/#organization\",\"name\":\"Transtoyou - DA\",\"url\":\"https:\/\/www.transtoyou.com\/da\/\",\"logo\":{\"@type\":\"ImageObject\",\"inLanguage\":\"da-DK\",\"@id\":\"https:\/\/www.transtoyou.com\/da\/#\/schema\/logo\/image\/\",\"url\":\"https:\/\/www.transtoyou.com\/da\/wp-content\/uploads\/sites\/6\/2026\/01\/logo-tty-menu-bar-300x87-1.webp\",\"contentUrl\":\"https:\/\/www.transtoyou.com\/da\/wp-content\/uploads\/sites\/6\/2026\/01\/logo-tty-menu-bar-300x87-1.webp\",\"width\":300,\"height\":87,\"caption\":\"Transtoyou - DA\"},\"image\":{\"@id\":\"https:\/\/www.transtoyou.com\/da\/#\/schema\/logo\/image\/\"}}]}<\/script>\n<!-- \/ Yoast SEO plugin. -->","yoast_head_json":{"title":"Loceryl | Effektiv Antifungal L\u00f8sning - Transtoyou","description":"Loceryl antifungal lak bek\u00e6mper negleinfektioner med amorolfin. F\u00e5s her, og tilbyder lokal behandling uden systemiske virkninger.","robots":{"index":"noindex","follow":"follow","max-snippet":"max-snippet:-1","max-image-preview":"max-image-preview:large","max-video-preview":"max-video-preview:-1"},"og_locale":"da_DK","og_type":"article","og_title":"Loceryl | Effektiv Antifungal L\u00f8sning - Transtoyou","og_description":"Loceryl antifungal lak bek\u00e6mper negleinfektioner med amorolfin. F\u00e5s her, og tilbyder lokal behandling uden systemiske virkninger.","og_url":"https:\/\/www.transtoyou.com\/da\/product\/loceryl\/","og_site_name":"Transtoyou - DA","article_modified_time":"2026-01-24T02:33:15+00:00","twitter_card":"summary_large_image","twitter_misc":{"Estimeret l\u00e6setid":"1 minut"},"schema":{"@context":"https:\/\/schema.org","@graph":[{"@type":"WebPage","@id":"https:\/\/www.transtoyou.com\/da\/product\/loceryl\/","url":"https:\/\/www.transtoyou.com\/da\/product\/loceryl\/","name":"Loceryl | Effektiv Antifungal L\u00f8sning - Transtoyou","isPartOf":{"@id":"https:\/\/www.transtoyou.com\/da\/#website"},"primaryImageOfPage":{"@id":"https:\/\/www.transtoyou.com\/da\/product\/loceryl\/#primaryimage"},"image":{"@id":"https:\/\/www.transtoyou.com\/da\/product\/loceryl\/#primaryimage"},"thumbnailUrl":"https:\/\/www.transtoyou.com\/da\/wp-content\/uploads\/sites\/6\/2026\/01\/tty-no-product-image-73.webp","datePublished":"2026-01-24T02:32:12+00:00","dateModified":"2026-01-24T02:33:15+00:00","description":"Loceryl antifungal lak bek\u00e6mper negleinfektioner med amorolfin. F\u00e5s her, og tilbyder lokal behandling uden systemiske virkninger.","breadcrumb":{"@id":"https:\/\/www.transtoyou.com\/da\/product\/loceryl\/#breadcrumb"},"inLanguage":"da-DK","potentialAction":[{"@type":"ReadAction","target":["https:\/\/www.transtoyou.com\/da\/product\/loceryl\/"]}]},{"@type":"ImageObject","inLanguage":"da-DK","@id":"https:\/\/www.transtoyou.com\/da\/product\/loceryl\/#primaryimage","url":"https:\/\/www.transtoyou.com\/da\/wp-content\/uploads\/sites\/6\/2026\/01\/tty-no-product-image-73.webp","contentUrl":"https:\/\/www.transtoyou.com\/da\/wp-content\/uploads\/sites\/6\/2026\/01\/tty-no-product-image-73.webp","width":1000,"height":1000,"caption":"Standard produktbillede"},{"@type":"WebSite","@id":"https:\/\/www.transtoyou.com\/da\/#website","url":"https:\/\/www.transtoyou.com\/da\/","name":"Transtoyou - DA","description":"","publisher":{"@id":"https:\/\/www.transtoyou.com\/da\/#organization"},"potentialAction":[{"@type":"SearchAction","target":{"@type":"EntryPoint","urlTemplate":"https:\/\/www.transtoyou.com\/da\/?s={search_term_string}"},"query-input":{"@type":"PropertyValueSpecification","valueRequired":true,"valueName":"search_term_string"}}],"inLanguage":"da-DK"},{"@type":"Organization","@id":"https:\/\/www.transtoyou.com\/da\/#organization","name":"Transtoyou - DA","url":"https:\/\/www.transtoyou.com\/da\/","logo":{"@type":"ImageObject","inLanguage":"da-DK","@id":"https:\/\/www.transtoyou.com\/da\/#\/schema\/logo\/image\/","url":"https:\/\/www.transtoyou.com\/da\/wp-content\/uploads\/sites\/6\/2026\/01\/logo-tty-menu-bar-300x87-1.webp","contentUrl":"https:\/\/www.transtoyou.com\/da\/wp-content\/uploads\/sites\/6\/2026\/01\/logo-tty-menu-bar-300x87-1.webp","width":300,"height":87,"caption":"Transtoyou - DA"},"image":{"@id":"https:\/\/www.transtoyou.com\/da\/#\/schema\/logo\/image\/"}}]}},"_links":{"self":[{"href":"https:\/\/www.transtoyou.com\/da\/wp-json\/wp\/v2\/product\/987","targetHints":{"allow":["GET"]}}],"collection":[{"href":"https:\/\/www.transtoyou.com\/da\/wp-json\/wp\/v2\/product"}],"about":[{"href":"https:\/\/www.transtoyou.com\/da\/wp-json\/wp\/v2\/types\/product"}],"replies":[{"embeddable":true,"href":"https:\/\/www.transtoyou.com\/da\/wp-json\/wp\/v2\/comments?post=987"}],"wp:featuredmedia":[{"embeddable":true,"href":"https:\/\/www.transtoyou.com\/da\/wp-json\/wp\/v2\/media\/988"}],"wp:attachment":[{"href":"https:\/\/www.transtoyou.com\/da\/wp-json\/wp\/v2\/media?parent=987"}],"wp:term":[{"taxonomy":"product_brand","embeddable":true,"href":"https:\/\/www.transtoyou.com\/da\/wp-json\/wp\/v2\/product_brand?post=987"},{"taxonomy":"product_cat","embeddable":true,"href":"https:\/\/www.transtoyou.com\/da\/wp-json\/wp\/v2\/product_cat?post=987"},{"taxonomy":"product_tag","embeddable":true,"href":"https:\/\/www.transtoyou.com\/da\/wp-json\/wp\/v2\/product_tag?post=987"},{"taxonomy":"expert","embeddable":true,"href":"https:\/\/www.transtoyou.com\/da\/wp-json\/wp\/v2\/expert?post=987"}],"curies":[{"name":"wp","href":"https:\/\/api.w.org\/{rel}","templated":true}]}}