{"id":991,"date":"2026-01-24T05:01:36","date_gmt":"2026-01-24T03:01:36","guid":{"rendered":"https:\/\/www.transtoyou.com\/da\/product\/betmiga\/"},"modified":"2026-02-13T13:42:13","modified_gmt":"2026-02-13T11:42:13","slug":"betmiga","status":"publish","type":"product","link":"https:\/\/www.transtoyou.com\/da\/product\/betmiga\/","title":{"rendered":"Betmiga"},"content":{"rendered":"<p>Betmiga er en receptpligtig medicin, der bruges til at behandle symptomer p\u00e5 overaktiv bl\u00e6re (OAB), herunder urintrang, hyppighed og tranginkontinens. Den indeholder den aktive ingrediens mirabegron, som tilh\u00f8rer en klasse af l\u00e6gemidler kaldet beta-3 adrenerge agonister. I mods\u00e6tning til traditionelle antimuskarine behandlinger virker Betmiga ved at slappe af i bl\u00e6remusklen under opbevaringsfasen, hvilket g\u00f8r det muligt for bl\u00e6ren at holde mere urin og reducerer behovet for hyppig vandladning.<\/p>\n<p>Overaktiv bl\u00e6re kan have en betydelig indvirkning p\u00e5 det daglige liv, ofte medf\u00f8rer forstyrrelser i arbejde, s\u00f8vn og sociale aktiviteter. Betmiga hj\u00e6lper med at genoprette bl\u00e6rekontrol og giver lindring fra ubehaget og besv\u00e6ret ved ufrivillige l\u00e6kager eller konstante trang til at urinere.<\/p>\n<p>Betmiga tages \u00e9n gang dagligt, med eller uden mad. Dets virkninger opbygges gradvist, og det kan tage flere uger at opleve fuld forbedring. For mange patienter begynder symptomerne at aftage inden for de f\u00f8rste to til fire uger med konsekvent brug.<\/p>\n<p>En af fordelene ved Betmiga er dens forskellige virkningsmekanisme sammenlignet med \u00e6ldre OAB-mediciner, hvilket g\u00f8r den til et passende alternativ for patienter, der oplever bivirkninger som t\u00f8r mund eller forstoppelse med antimuskariner.<\/p>\n<p>Almindelige bivirkninger inkluderer forh\u00f8jet blodtryk, urinvejsinfektioner eller hovedpine. Betmiga er ikke egnet til personer med sv\u00e6r, ukontrolleret forh\u00f8jet blodtryk eller visse hjerteforhold. Regelm\u00e6ssig overv\u00e5gning kan v\u00e6re n\u00f8dvendig, is\u00e6r hos personer med eksisterende kardiovaskul\u00e6re risici.<\/p>\n","protected":false},"excerpt":{"rendered":"<ul>\n<li>Daglig bl\u00e6rekontrol<\/li>\n<li>Lindrer trang og hyppighed<\/li>\n<li>Underst\u00f8tter lindring af overaktiv bl\u00e6re<\/li>\n<\/ul>\n","protected":false},"featured_media":993,"comment_status":"open","ping_status":"closed","template":"","meta":[],"product_brand":[],"product_cat":[173],"product_tag":[],"expert":[18],"class_list":{"0":"post-991","1":"product","2":"type-product","3":"status-publish","4":"has-post-thumbnail","6":"product_cat-urininkontinens","7":"expert-dr-g-varbanov","9":"first","10":"instock","11":"shipping-taxable","12":"product-type-variable"},"yoast_head":"<!-- This site is optimized with the Yoast SEO plugin v27.0 - https:\/\/yoast.com\/product\/yoast-seo-wordpress\/ -->\n<title>Betmiga | Effektiv kontrol af OAB-symptomer - Transtoyou<\/title>\n<meta name=\"description\" content=\"Betmiga tilg\u00e6ngelig hos Transtoyou, behandler symptomer p\u00e5 overaktiv bl\u00e6re med mirabegron. Forbedr bl\u00e6rekontrollen i dag med klinisk gennemg\u00e5ede recepter.\" \/>\n<meta name=\"robots\" content=\"noindex, follow, max-snippet:-1, max-image-preview:large, max-video-preview:-1\" \/>\n<meta property=\"og:locale\" content=\"da_DK\" \/>\n<meta property=\"og:type\" content=\"article\" \/>\n<meta property=\"og:title\" content=\"Betmiga | Effektiv kontrol af OAB-symptomer - Transtoyou\" \/>\n<meta property=\"og:description\" content=\"Betmiga tilg\u00e6ngelig hos Transtoyou, behandler symptomer p\u00e5 overaktiv bl\u00e6re med mirabegron. Forbedr bl\u00e6rekontrollen i dag med klinisk gennemg\u00e5ede recepter.\" \/>\n<meta property=\"og:url\" content=\"https:\/\/www.transtoyou.com\/da\/product\/betmiga\/\" \/>\n<meta property=\"og:site_name\" content=\"Transtoyou - DA\" \/>\n<meta property=\"article:modified_time\" content=\"2026-02-13T11:42:13+00:00\" \/>\n<meta name=\"twitter:card\" content=\"summary_large_image\" \/>\n<meta name=\"twitter:label1\" content=\"Estimeret l\u00e6setid\" \/>\n\t<meta name=\"twitter:data1\" content=\"1 minut\" \/>\n<script type=\"application\/ld+json\" class=\"yoast-schema-graph\">{\"@context\":\"https:\/\/schema.org\",\"@graph\":[{\"@type\":\"WebPage\",\"@id\":\"https:\/\/www.transtoyou.com\/da\/product\/betmiga\/\",\"url\":\"https:\/\/www.transtoyou.com\/da\/product\/betmiga\/\",\"name\":\"Betmiga | Effektiv kontrol af OAB-symptomer - Transtoyou\",\"isPartOf\":{\"@id\":\"https:\/\/www.transtoyou.com\/da\/#website\"},\"primaryImageOfPage\":{\"@id\":\"https:\/\/www.transtoyou.com\/da\/product\/betmiga\/#primaryimage\"},\"image\":{\"@id\":\"https:\/\/www.transtoyou.com\/da\/product\/betmiga\/#primaryimage\"},\"thumbnailUrl\":\"https:\/\/www.transtoyou.com\/da\/wp-content\/uploads\/sites\/6\/2026\/01\/tty-no-product-image-75.webp\",\"datePublished\":\"2026-01-24T03:01:36+00:00\",\"dateModified\":\"2026-02-13T11:42:13+00:00\",\"description\":\"Betmiga tilg\u00e6ngelig hos Transtoyou, behandler symptomer p\u00e5 overaktiv bl\u00e6re med mirabegron. Forbedr bl\u00e6rekontrollen i dag med klinisk gennemg\u00e5ede recepter.\",\"breadcrumb\":{\"@id\":\"https:\/\/www.transtoyou.com\/da\/product\/betmiga\/#breadcrumb\"},\"inLanguage\":\"da-DK\",\"potentialAction\":[{\"@type\":\"ReadAction\",\"target\":[\"https:\/\/www.transtoyou.com\/da\/product\/betmiga\/\"]}]},{\"@type\":\"ImageObject\",\"inLanguage\":\"da-DK\",\"@id\":\"https:\/\/www.transtoyou.com\/da\/product\/betmiga\/#primaryimage\",\"url\":\"https:\/\/www.transtoyou.com\/da\/wp-content\/uploads\/sites\/6\/2026\/01\/tty-no-product-image-75.webp\",\"contentUrl\":\"https:\/\/www.transtoyou.com\/da\/wp-content\/uploads\/sites\/6\/2026\/01\/tty-no-product-image-75.webp\",\"width\":1000,\"height\":1000,\"caption\":\"Standard produktbillede\"},{\"@type\":\"WebSite\",\"@id\":\"https:\/\/www.transtoyou.com\/da\/#website\",\"url\":\"https:\/\/www.transtoyou.com\/da\/\",\"name\":\"Transtoyou - DA\",\"description\":\"\",\"publisher\":{\"@id\":\"https:\/\/www.transtoyou.com\/da\/#organization\"},\"potentialAction\":[{\"@type\":\"SearchAction\",\"target\":{\"@type\":\"EntryPoint\",\"urlTemplate\":\"https:\/\/www.transtoyou.com\/da\/?s={search_term_string}\"},\"query-input\":{\"@type\":\"PropertyValueSpecification\",\"valueRequired\":true,\"valueName\":\"search_term_string\"}}],\"inLanguage\":\"da-DK\"},{\"@type\":\"Organization\",\"@id\":\"https:\/\/www.transtoyou.com\/da\/#organization\",\"name\":\"Transtoyou - DA\",\"url\":\"https:\/\/www.transtoyou.com\/da\/\",\"logo\":{\"@type\":\"ImageObject\",\"inLanguage\":\"da-DK\",\"@id\":\"https:\/\/www.transtoyou.com\/da\/#\/schema\/logo\/image\/\",\"url\":\"https:\/\/www.transtoyou.com\/da\/wp-content\/uploads\/sites\/6\/2026\/01\/logo-tty-menu-bar-300x87-1.webp\",\"contentUrl\":\"https:\/\/www.transtoyou.com\/da\/wp-content\/uploads\/sites\/6\/2026\/01\/logo-tty-menu-bar-300x87-1.webp\",\"width\":300,\"height\":87,\"caption\":\"Transtoyou - DA\"},\"image\":{\"@id\":\"https:\/\/www.transtoyou.com\/da\/#\/schema\/logo\/image\/\"}}]}<\/script>\n<!-- \/ Yoast SEO plugin. -->","yoast_head_json":{"title":"Betmiga | Effektiv kontrol af OAB-symptomer - Transtoyou","description":"Betmiga tilg\u00e6ngelig hos Transtoyou, behandler symptomer p\u00e5 overaktiv bl\u00e6re med mirabegron. Forbedr bl\u00e6rekontrollen i dag med klinisk gennemg\u00e5ede recepter.","robots":{"index":"noindex","follow":"follow","max-snippet":"max-snippet:-1","max-image-preview":"max-image-preview:large","max-video-preview":"max-video-preview:-1"},"og_locale":"da_DK","og_type":"article","og_title":"Betmiga | Effektiv kontrol af OAB-symptomer - Transtoyou","og_description":"Betmiga tilg\u00e6ngelig hos Transtoyou, behandler symptomer p\u00e5 overaktiv bl\u00e6re med mirabegron. Forbedr bl\u00e6rekontrollen i dag med klinisk gennemg\u00e5ede recepter.","og_url":"https:\/\/www.transtoyou.com\/da\/product\/betmiga\/","og_site_name":"Transtoyou - DA","article_modified_time":"2026-02-13T11:42:13+00:00","twitter_card":"summary_large_image","twitter_misc":{"Estimeret l\u00e6setid":"1 minut"},"schema":{"@context":"https:\/\/schema.org","@graph":[{"@type":"WebPage","@id":"https:\/\/www.transtoyou.com\/da\/product\/betmiga\/","url":"https:\/\/www.transtoyou.com\/da\/product\/betmiga\/","name":"Betmiga | Effektiv kontrol af OAB-symptomer - Transtoyou","isPartOf":{"@id":"https:\/\/www.transtoyou.com\/da\/#website"},"primaryImageOfPage":{"@id":"https:\/\/www.transtoyou.com\/da\/product\/betmiga\/#primaryimage"},"image":{"@id":"https:\/\/www.transtoyou.com\/da\/product\/betmiga\/#primaryimage"},"thumbnailUrl":"https:\/\/www.transtoyou.com\/da\/wp-content\/uploads\/sites\/6\/2026\/01\/tty-no-product-image-75.webp","datePublished":"2026-01-24T03:01:36+00:00","dateModified":"2026-02-13T11:42:13+00:00","description":"Betmiga tilg\u00e6ngelig hos Transtoyou, behandler symptomer p\u00e5 overaktiv bl\u00e6re med mirabegron. Forbedr bl\u00e6rekontrollen i dag med klinisk gennemg\u00e5ede recepter.","breadcrumb":{"@id":"https:\/\/www.transtoyou.com\/da\/product\/betmiga\/#breadcrumb"},"inLanguage":"da-DK","potentialAction":[{"@type":"ReadAction","target":["https:\/\/www.transtoyou.com\/da\/product\/betmiga\/"]}]},{"@type":"ImageObject","inLanguage":"da-DK","@id":"https:\/\/www.transtoyou.com\/da\/product\/betmiga\/#primaryimage","url":"https:\/\/www.transtoyou.com\/da\/wp-content\/uploads\/sites\/6\/2026\/01\/tty-no-product-image-75.webp","contentUrl":"https:\/\/www.transtoyou.com\/da\/wp-content\/uploads\/sites\/6\/2026\/01\/tty-no-product-image-75.webp","width":1000,"height":1000,"caption":"Standard produktbillede"},{"@type":"WebSite","@id":"https:\/\/www.transtoyou.com\/da\/#website","url":"https:\/\/www.transtoyou.com\/da\/","name":"Transtoyou - DA","description":"","publisher":{"@id":"https:\/\/www.transtoyou.com\/da\/#organization"},"potentialAction":[{"@type":"SearchAction","target":{"@type":"EntryPoint","urlTemplate":"https:\/\/www.transtoyou.com\/da\/?s={search_term_string}"},"query-input":{"@type":"PropertyValueSpecification","valueRequired":true,"valueName":"search_term_string"}}],"inLanguage":"da-DK"},{"@type":"Organization","@id":"https:\/\/www.transtoyou.com\/da\/#organization","name":"Transtoyou - DA","url":"https:\/\/www.transtoyou.com\/da\/","logo":{"@type":"ImageObject","inLanguage":"da-DK","@id":"https:\/\/www.transtoyou.com\/da\/#\/schema\/logo\/image\/","url":"https:\/\/www.transtoyou.com\/da\/wp-content\/uploads\/sites\/6\/2026\/01\/logo-tty-menu-bar-300x87-1.webp","contentUrl":"https:\/\/www.transtoyou.com\/da\/wp-content\/uploads\/sites\/6\/2026\/01\/logo-tty-menu-bar-300x87-1.webp","width":300,"height":87,"caption":"Transtoyou - DA"},"image":{"@id":"https:\/\/www.transtoyou.com\/da\/#\/schema\/logo\/image\/"}}]}},"_links":{"self":[{"href":"https:\/\/www.transtoyou.com\/da\/wp-json\/wp\/v2\/product\/991","targetHints":{"allow":["GET"]}}],"collection":[{"href":"https:\/\/www.transtoyou.com\/da\/wp-json\/wp\/v2\/product"}],"about":[{"href":"https:\/\/www.transtoyou.com\/da\/wp-json\/wp\/v2\/types\/product"}],"replies":[{"embeddable":true,"href":"https:\/\/www.transtoyou.com\/da\/wp-json\/wp\/v2\/comments?post=991"}],"wp:featuredmedia":[{"embeddable":true,"href":"https:\/\/www.transtoyou.com\/da\/wp-json\/wp\/v2\/media\/993"}],"wp:attachment":[{"href":"https:\/\/www.transtoyou.com\/da\/wp-json\/wp\/v2\/media?parent=991"}],"wp:term":[{"taxonomy":"product_brand","embeddable":true,"href":"https:\/\/www.transtoyou.com\/da\/wp-json\/wp\/v2\/product_brand?post=991"},{"taxonomy":"product_cat","embeddable":true,"href":"https:\/\/www.transtoyou.com\/da\/wp-json\/wp\/v2\/product_cat?post=991"},{"taxonomy":"product_tag","embeddable":true,"href":"https:\/\/www.transtoyou.com\/da\/wp-json\/wp\/v2\/product_tag?post=991"},{"taxonomy":"expert","embeddable":true,"href":"https:\/\/www.transtoyou.com\/da\/wp-json\/wp\/v2\/expert?post=991"}],"curies":[{"name":"wp","href":"https:\/\/api.w.org\/{rel}","templated":true}]}}