{"id":997,"date":"2026-01-24T05:32:59","date_gmt":"2026-01-24T03:32:59","guid":{"rendered":"https:\/\/www.transtoyou.com\/da\/product\/sumatriptan\/"},"modified":"2026-03-05T16:27:54","modified_gmt":"2026-03-05T14:27:54","slug":"sumatriptan","status":"publish","type":"product","link":"https:\/\/www.transtoyou.com\/da\/product\/sumatriptan\/","title":{"rendered":"Sumatriptan"},"content":{"rendered":"<p>Sumatriptan er en medicin, der bruges til at behandle akutte migr\u00e6neanfald og klyngehovedpine. Det tilh\u00f8rer en gruppe af l\u00e6gemidler kendt som triptaner, som er specielt designet til at lindre symptomerne p\u00e5 migr\u00e6ne, n\u00e5r de f\u00f8rst opst\u00e5r. Sumatriptan bruges ikke til at forebygge migr\u00e6ne, men snarere til at afbryde et anfald, efter det er startet.<\/p>\n<p>Migr\u00e6nesymptomer kan omfatte bankende hovedpine, kvalme, f\u00f8lsomhed over for lys eller lyd og synsforstyrrelser. Sumatriptan hj\u00e6lper ved at indsn\u00e6vre udvidede blodkar i hjernen og blokere frigivelsen af visse kemikalier, der menes at udl\u00f8se migr\u00e6nesymptomer. Denne handling hj\u00e6lper med at reducere smerte og relaterede symptomer inden for en relativt kort tid.<\/p>\n<p>For orale tabletter er den s\u00e6dvanlige dosis 50 mg eller 100 mg, taget ved begyndelsen af en migr\u00e6ne. Hvis symptomerne vender tilbage, kan en anden dosis tages efter mindst to timer, men ikke mere end to doser b\u00f8r tages inden for 24 timer.<\/p>\n<p>Sumatriptan virker bedst, n\u00e5r det tages tidligt i et migr\u00e6neanfald, f\u00f8r hovedpinen bliver mere alvorlig. Mange personer oplever betydelig lindring inden for 30 til 60 minutter efter at have taget medicinen.<\/p>\n<p>Almindelige bivirkninger kan omfatte prikkende fornemmelser, r\u00f8dmen, tr\u00e6thed eller en f\u00f8lelse af tryk i brystet eller halsen. Disse virkninger er typisk kortvarige. Sumatriptan er muligvis ikke egnet til personer med visse kardiovaskul\u00e6re tilstande, da det p\u00e5virker blodkar.<\/p>\n","protected":false},"excerpt":{"rendered":"<ul>\n<li>Hurtig lindring af migr\u00e6nesymptomer<\/li>\n<li>Retter sig mod den vaskul\u00e6re \u00e5rsag til hovedpine<\/li>\n<li>Behandler ogs\u00e5 klyngehovedpine effektivt<\/li>\n<\/ul>\n","protected":false},"featured_media":999,"comment_status":"open","ping_status":"closed","template":"","meta":[],"product_brand":[],"product_cat":[129],"product_tag":[],"expert":[16],"class_list":{"0":"post-997","1":"product","2":"type-product","3":"status-publish","4":"has-post-thumbnail","6":"product_cat-hovedpine-migraene","7":"expert-dr-c-alexandru","9":"first","10":"instock","11":"shipping-taxable","12":"product-type-variable"},"yoast_head":"<!-- This site is optimized with the Yoast SEO plugin v27.0 - https:\/\/yoast.com\/product\/yoast-seo-wordpress\/ -->\n<title>Sumatriptan | Lindre Migr\u00e6ne Hurtigt - Transtoyou<\/title>\n<meta name=\"description\" content=\"Sumatriptan tilg\u00e6ngelig hos Transtoyou, hj\u00e6lper med hurtigt at lindre akutte migr\u00e6ner. Tjek symptomer effektivt med denne p\u00e5lidelige behandling.\" \/>\n<meta name=\"robots\" content=\"noindex, follow, max-snippet:-1, max-image-preview:large, max-video-preview:-1\" \/>\n<meta property=\"og:locale\" content=\"da_DK\" \/>\n<meta property=\"og:type\" content=\"article\" \/>\n<meta property=\"og:title\" content=\"Sumatriptan | Lindre Migr\u00e6ne Hurtigt - Transtoyou\" \/>\n<meta property=\"og:description\" content=\"Sumatriptan tilg\u00e6ngelig hos Transtoyou, hj\u00e6lper med hurtigt at lindre akutte migr\u00e6ner. Tjek symptomer effektivt med denne p\u00e5lidelige behandling.\" \/>\n<meta property=\"og:url\" content=\"https:\/\/www.transtoyou.com\/da\/product\/sumatriptan\/\" \/>\n<meta property=\"og:site_name\" content=\"Transtoyou - DA\" \/>\n<meta property=\"article:modified_time\" content=\"2026-03-05T14:27:54+00:00\" \/>\n<meta name=\"twitter:card\" content=\"summary_large_image\" \/>\n<meta name=\"twitter:label1\" content=\"Estimeret l\u00e6setid\" \/>\n\t<meta name=\"twitter:data1\" content=\"1 minut\" \/>\n<script type=\"application\/ld+json\" class=\"yoast-schema-graph\">{\"@context\":\"https:\/\/schema.org\",\"@graph\":[{\"@type\":\"WebPage\",\"@id\":\"https:\/\/www.transtoyou.com\/da\/product\/sumatriptan\/\",\"url\":\"https:\/\/www.transtoyou.com\/da\/product\/sumatriptan\/\",\"name\":\"Sumatriptan | Lindre Migr\u00e6ne Hurtigt - Transtoyou\",\"isPartOf\":{\"@id\":\"https:\/\/www.transtoyou.com\/da\/#website\"},\"primaryImageOfPage\":{\"@id\":\"https:\/\/www.transtoyou.com\/da\/product\/sumatriptan\/#primaryimage\"},\"image\":{\"@id\":\"https:\/\/www.transtoyou.com\/da\/product\/sumatriptan\/#primaryimage\"},\"thumbnailUrl\":\"https:\/\/www.transtoyou.com\/da\/wp-content\/uploads\/sites\/6\/2026\/01\/tty-no-product-image-77.webp\",\"datePublished\":\"2026-01-24T03:32:59+00:00\",\"dateModified\":\"2026-03-05T14:27:54+00:00\",\"description\":\"Sumatriptan tilg\u00e6ngelig hos Transtoyou, hj\u00e6lper med hurtigt at lindre akutte migr\u00e6ner. Tjek symptomer effektivt med denne p\u00e5lidelige behandling.\",\"breadcrumb\":{\"@id\":\"https:\/\/www.transtoyou.com\/da\/product\/sumatriptan\/#breadcrumb\"},\"inLanguage\":\"da-DK\",\"potentialAction\":[{\"@type\":\"ReadAction\",\"target\":[\"https:\/\/www.transtoyou.com\/da\/product\/sumatriptan\/\"]}]},{\"@type\":\"ImageObject\",\"inLanguage\":\"da-DK\",\"@id\":\"https:\/\/www.transtoyou.com\/da\/product\/sumatriptan\/#primaryimage\",\"url\":\"https:\/\/www.transtoyou.com\/da\/wp-content\/uploads\/sites\/6\/2026\/01\/tty-no-product-image-77.webp\",\"contentUrl\":\"https:\/\/www.transtoyou.com\/da\/wp-content\/uploads\/sites\/6\/2026\/01\/tty-no-product-image-77.webp\",\"width\":1000,\"height\":1000,\"caption\":\"Standard produktbillede\"},{\"@type\":\"WebSite\",\"@id\":\"https:\/\/www.transtoyou.com\/da\/#website\",\"url\":\"https:\/\/www.transtoyou.com\/da\/\",\"name\":\"Transtoyou - DA\",\"description\":\"\",\"publisher\":{\"@id\":\"https:\/\/www.transtoyou.com\/da\/#organization\"},\"potentialAction\":[{\"@type\":\"SearchAction\",\"target\":{\"@type\":\"EntryPoint\",\"urlTemplate\":\"https:\/\/www.transtoyou.com\/da\/?s={search_term_string}\"},\"query-input\":{\"@type\":\"PropertyValueSpecification\",\"valueRequired\":true,\"valueName\":\"search_term_string\"}}],\"inLanguage\":\"da-DK\"},{\"@type\":\"Organization\",\"@id\":\"https:\/\/www.transtoyou.com\/da\/#organization\",\"name\":\"Transtoyou - DA\",\"url\":\"https:\/\/www.transtoyou.com\/da\/\",\"logo\":{\"@type\":\"ImageObject\",\"inLanguage\":\"da-DK\",\"@id\":\"https:\/\/www.transtoyou.com\/da\/#\/schema\/logo\/image\/\",\"url\":\"https:\/\/www.transtoyou.com\/da\/wp-content\/uploads\/sites\/6\/2026\/01\/logo-tty-menu-bar-300x87-1.webp\",\"contentUrl\":\"https:\/\/www.transtoyou.com\/da\/wp-content\/uploads\/sites\/6\/2026\/01\/logo-tty-menu-bar-300x87-1.webp\",\"width\":300,\"height\":87,\"caption\":\"Transtoyou - DA\"},\"image\":{\"@id\":\"https:\/\/www.transtoyou.com\/da\/#\/schema\/logo\/image\/\"}}]}<\/script>\n<!-- \/ Yoast SEO plugin. -->","yoast_head_json":{"title":"Sumatriptan | Lindre Migr\u00e6ne Hurtigt - Transtoyou","description":"Sumatriptan tilg\u00e6ngelig hos Transtoyou, hj\u00e6lper med hurtigt at lindre akutte migr\u00e6ner. Tjek symptomer effektivt med denne p\u00e5lidelige behandling.","robots":{"index":"noindex","follow":"follow","max-snippet":"max-snippet:-1","max-image-preview":"max-image-preview:large","max-video-preview":"max-video-preview:-1"},"og_locale":"da_DK","og_type":"article","og_title":"Sumatriptan | Lindre Migr\u00e6ne Hurtigt - Transtoyou","og_description":"Sumatriptan tilg\u00e6ngelig hos Transtoyou, hj\u00e6lper med hurtigt at lindre akutte migr\u00e6ner. Tjek symptomer effektivt med denne p\u00e5lidelige behandling.","og_url":"https:\/\/www.transtoyou.com\/da\/product\/sumatriptan\/","og_site_name":"Transtoyou - DA","article_modified_time":"2026-03-05T14:27:54+00:00","twitter_card":"summary_large_image","twitter_misc":{"Estimeret l\u00e6setid":"1 minut"},"schema":{"@context":"https:\/\/schema.org","@graph":[{"@type":"WebPage","@id":"https:\/\/www.transtoyou.com\/da\/product\/sumatriptan\/","url":"https:\/\/www.transtoyou.com\/da\/product\/sumatriptan\/","name":"Sumatriptan | Lindre Migr\u00e6ne Hurtigt - Transtoyou","isPartOf":{"@id":"https:\/\/www.transtoyou.com\/da\/#website"},"primaryImageOfPage":{"@id":"https:\/\/www.transtoyou.com\/da\/product\/sumatriptan\/#primaryimage"},"image":{"@id":"https:\/\/www.transtoyou.com\/da\/product\/sumatriptan\/#primaryimage"},"thumbnailUrl":"https:\/\/www.transtoyou.com\/da\/wp-content\/uploads\/sites\/6\/2026\/01\/tty-no-product-image-77.webp","datePublished":"2026-01-24T03:32:59+00:00","dateModified":"2026-03-05T14:27:54+00:00","description":"Sumatriptan tilg\u00e6ngelig hos Transtoyou, hj\u00e6lper med hurtigt at lindre akutte migr\u00e6ner. Tjek symptomer effektivt med denne p\u00e5lidelige behandling.","breadcrumb":{"@id":"https:\/\/www.transtoyou.com\/da\/product\/sumatriptan\/#breadcrumb"},"inLanguage":"da-DK","potentialAction":[{"@type":"ReadAction","target":["https:\/\/www.transtoyou.com\/da\/product\/sumatriptan\/"]}]},{"@type":"ImageObject","inLanguage":"da-DK","@id":"https:\/\/www.transtoyou.com\/da\/product\/sumatriptan\/#primaryimage","url":"https:\/\/www.transtoyou.com\/da\/wp-content\/uploads\/sites\/6\/2026\/01\/tty-no-product-image-77.webp","contentUrl":"https:\/\/www.transtoyou.com\/da\/wp-content\/uploads\/sites\/6\/2026\/01\/tty-no-product-image-77.webp","width":1000,"height":1000,"caption":"Standard produktbillede"},{"@type":"WebSite","@id":"https:\/\/www.transtoyou.com\/da\/#website","url":"https:\/\/www.transtoyou.com\/da\/","name":"Transtoyou - DA","description":"","publisher":{"@id":"https:\/\/www.transtoyou.com\/da\/#organization"},"potentialAction":[{"@type":"SearchAction","target":{"@type":"EntryPoint","urlTemplate":"https:\/\/www.transtoyou.com\/da\/?s={search_term_string}"},"query-input":{"@type":"PropertyValueSpecification","valueRequired":true,"valueName":"search_term_string"}}],"inLanguage":"da-DK"},{"@type":"Organization","@id":"https:\/\/www.transtoyou.com\/da\/#organization","name":"Transtoyou - DA","url":"https:\/\/www.transtoyou.com\/da\/","logo":{"@type":"ImageObject","inLanguage":"da-DK","@id":"https:\/\/www.transtoyou.com\/da\/#\/schema\/logo\/image\/","url":"https:\/\/www.transtoyou.com\/da\/wp-content\/uploads\/sites\/6\/2026\/01\/logo-tty-menu-bar-300x87-1.webp","contentUrl":"https:\/\/www.transtoyou.com\/da\/wp-content\/uploads\/sites\/6\/2026\/01\/logo-tty-menu-bar-300x87-1.webp","width":300,"height":87,"caption":"Transtoyou - DA"},"image":{"@id":"https:\/\/www.transtoyou.com\/da\/#\/schema\/logo\/image\/"}}]}},"_links":{"self":[{"href":"https:\/\/www.transtoyou.com\/da\/wp-json\/wp\/v2\/product\/997","targetHints":{"allow":["GET"]}}],"collection":[{"href":"https:\/\/www.transtoyou.com\/da\/wp-json\/wp\/v2\/product"}],"about":[{"href":"https:\/\/www.transtoyou.com\/da\/wp-json\/wp\/v2\/types\/product"}],"replies":[{"embeddable":true,"href":"https:\/\/www.transtoyou.com\/da\/wp-json\/wp\/v2\/comments?post=997"}],"wp:featuredmedia":[{"embeddable":true,"href":"https:\/\/www.transtoyou.com\/da\/wp-json\/wp\/v2\/media\/999"}],"wp:attachment":[{"href":"https:\/\/www.transtoyou.com\/da\/wp-json\/wp\/v2\/media?parent=997"}],"wp:term":[{"taxonomy":"product_brand","embeddable":true,"href":"https:\/\/www.transtoyou.com\/da\/wp-json\/wp\/v2\/product_brand?post=997"},{"taxonomy":"product_cat","embeddable":true,"href":"https:\/\/www.transtoyou.com\/da\/wp-json\/wp\/v2\/product_cat?post=997"},{"taxonomy":"product_tag","embeddable":true,"href":"https:\/\/www.transtoyou.com\/da\/wp-json\/wp\/v2\/product_tag?post=997"},{"taxonomy":"expert","embeddable":true,"href":"https:\/\/www.transtoyou.com\/da\/wp-json\/wp\/v2\/expert?post=997"}],"curies":[{"name":"wp","href":"https:\/\/api.w.org\/{rel}","templated":true}]}}