{"id":145,"date":"2026-01-19T14:46:38","date_gmt":"2026-01-19T12:46:38","guid":{"rendered":"https:\/\/www.transtoyou.com\/de\/?page_id=145"},"modified":"2026-01-26T10:03:05","modified_gmt":"2026-01-26T08:03:05","slug":"online-arzt","status":"publish","type":"page","link":"https:\/\/www.transtoyou.com\/de\/online-arzt\/","title":{"rendered":"Online-Arzt"},"content":{"rendered":"","protected":false},"excerpt":{"rendered":"","protected":false},"author":13,"featured_media":146,"parent":0,"menu_order":0,"comment_status":"closed","ping_status":"closed","template":"","meta":{"footnotes":""},"class_list":["post-145","page","type-page","status-publish","has-post-thumbnail","hentry"],"yoast_head":"<!-- This site is optimized with the Yoast SEO plugin v27.0 - https:\/\/yoast.com\/product\/yoast-seo-wordpress\/ -->\n<title>Online-Arztkonsultationen und Rezepte - Transtoyou<\/title>\n<meta name=\"description\" content=\"Verbinde dich online mit lizenzierten \u00c4rzten bei Transtoyou f\u00fcr sichere Konsultationen, Rezepte und Gesundheitsprodukte. Immer medizinisch gepr\u00fcft und reguliert.\" \/>\n<meta name=\"robots\" content=\"noindex, follow, max-snippet:-1, max-image-preview:large, max-video-preview:-1\" \/>\n<meta property=\"og:locale\" content=\"de_DE\" \/>\n<meta property=\"og:type\" content=\"article\" \/>\n<meta property=\"og:title\" content=\"Online Doctor Consultations and Prescriptions - Transtoyou\" \/>\n<meta property=\"og:description\" content=\"Verbinde dich online mit lizenzierten \u00c4rzten bei Transtoyou f\u00fcr sichere Konsultationen, Rezepte und Gesundheitsprodukte. Immer medizinisch gepr\u00fcft und reguliert.\" \/>\n<meta property=\"og:url\" content=\"https:\/\/www.transtoyou.com\/de\/online-arzt\/\" \/>\n<meta property=\"og:site_name\" content=\"Transtoyou - DE\" \/>\n<meta property=\"article:modified_time\" content=\"2026-01-26T08:03:05+00:00\" \/>\n<meta property=\"og:image\" content=\"https:\/\/www.transtoyou.com\/de\/wp-content\/uploads\/sites\/4\/2026\/01\/Logo-500x500-bg-13.png\" \/>\n\t<meta property=\"og:image:width\" content=\"500\" \/>\n\t<meta property=\"og:image:height\" content=\"500\" \/>\n\t<meta property=\"og:image:type\" content=\"image\/png\" \/>\n<meta name=\"twitter:card\" content=\"summary_large_image\" \/>\n<meta name=\"twitter:title\" content=\"Online Doctor Consultations and Prescriptions - Transtoyou\" \/>\n<meta name=\"twitter:label1\" content=\"Gesch\u00e4tzte Lesezeit\" \/>\n\t<meta name=\"twitter:data1\" content=\"1\u00a0Minute\" \/>\n<script type=\"application\/ld+json\" class=\"yoast-schema-graph\">{\"@context\":\"https:\/\/schema.org\",\"@graph\":[{\"@type\":\"WebPage\",\"@id\":\"https:\/\/www.transtoyou.com\/de\/online-arzt\/\",\"url\":\"https:\/\/www.transtoyou.com\/de\/online-arzt\/\",\"name\":\"Online-Arztkonsultationen und Rezepte - Transtoyou\",\"isPartOf\":{\"@id\":\"https:\/\/www.transtoyou.com\/de\/#website\"},\"primaryImageOfPage\":{\"@id\":\"https:\/\/www.transtoyou.com\/de\/online-arzt\/#primaryimage\"},\"image\":{\"@id\":\"https:\/\/www.transtoyou.com\/de\/online-arzt\/#primaryimage\"},\"thumbnailUrl\":\"https:\/\/www.transtoyou.com\/de\/wp-content\/uploads\/sites\/4\/2026\/01\/Logo-500x500-bg-13.png\",\"datePublished\":\"2026-01-19T12:46:38+00:00\",\"dateModified\":\"2026-01-26T08:03:05+00:00\",\"description\":\"Verbinde dich online mit lizenzierten \u00c4rzten bei Transtoyou f\u00fcr sichere Konsultationen, Rezepte und Gesundheitsprodukte. Immer medizinisch gepr\u00fcft und reguliert.\",\"breadcrumb\":{\"@id\":\"https:\/\/www.transtoyou.com\/de\/online-arzt\/#breadcrumb\"},\"inLanguage\":\"de\",\"potentialAction\":[{\"@type\":\"ReadAction\",\"target\":[\"https:\/\/www.transtoyou.com\/de\/online-arzt\/\"]}]},{\"@type\":\"ImageObject\",\"inLanguage\":\"de\",\"@id\":\"https:\/\/www.transtoyou.com\/de\/online-arzt\/#primaryimage\",\"url\":\"https:\/\/www.transtoyou.com\/de\/wp-content\/uploads\/sites\/4\/2026\/01\/Logo-500x500-bg-13.png\",\"contentUrl\":\"https:\/\/www.transtoyou.com\/de\/wp-content\/uploads\/sites\/4\/2026\/01\/Logo-500x500-bg-13.png\",\"width\":500,\"height\":500,\"caption\":\"Transtoyou Logo\"},{\"@type\":\"WebSite\",\"@id\":\"https:\/\/www.transtoyou.com\/de\/#website\",\"url\":\"https:\/\/www.transtoyou.com\/de\/\",\"name\":\"Transtoyou - DE\",\"description\":\"DE\",\"publisher\":{\"@id\":\"https:\/\/www.transtoyou.com\/de\/#organization\"},\"potentialAction\":[{\"@type\":\"SearchAction\",\"target\":{\"@type\":\"EntryPoint\",\"urlTemplate\":\"https:\/\/www.transtoyou.com\/de\/?s={search_term_string}\"},\"query-input\":{\"@type\":\"PropertyValueSpecification\",\"valueRequired\":true,\"valueName\":\"search_term_string\"}}],\"inLanguage\":\"de\"},{\"@type\":\"Organization\",\"@id\":\"https:\/\/www.transtoyou.com\/de\/#organization\",\"name\":\"Transtoyou - DE\",\"url\":\"https:\/\/www.transtoyou.com\/de\/\",\"logo\":{\"@type\":\"ImageObject\",\"inLanguage\":\"de\",\"@id\":\"https:\/\/www.transtoyou.com\/de\/#\/schema\/logo\/image\/\",\"url\":\"https:\/\/www.transtoyou.com\/de\/wp-content\/uploads\/sites\/4\/2026\/01\/logo-tty-menu-bar-300x87-1.webp\",\"contentUrl\":\"https:\/\/www.transtoyou.com\/de\/wp-content\/uploads\/sites\/4\/2026\/01\/logo-tty-menu-bar-300x87-1.webp\",\"width\":300,\"height\":87,\"caption\":\"Transtoyou - DE\"},\"image\":{\"@id\":\"https:\/\/www.transtoyou.com\/de\/#\/schema\/logo\/image\/\"}}]}<\/script>\n<!-- \/ Yoast SEO plugin. -->","yoast_head_json":{"title":"Online-Arztkonsultationen und Rezepte - Transtoyou","description":"Verbinde dich online mit lizenzierten \u00c4rzten bei Transtoyou f\u00fcr sichere Konsultationen, Rezepte und Gesundheitsprodukte. Immer medizinisch gepr\u00fcft und reguliert.","robots":{"index":"noindex","follow":"follow","max-snippet":"max-snippet:-1","max-image-preview":"max-image-preview:large","max-video-preview":"max-video-preview:-1"},"og_locale":"de_DE","og_type":"article","og_title":"Online Doctor Consultations and Prescriptions - Transtoyou","og_description":"Verbinde dich online mit lizenzierten \u00c4rzten bei Transtoyou f\u00fcr sichere Konsultationen, Rezepte und Gesundheitsprodukte. Immer medizinisch gepr\u00fcft und reguliert.","og_url":"https:\/\/www.transtoyou.com\/de\/online-arzt\/","og_site_name":"Transtoyou - DE","article_modified_time":"2026-01-26T08:03:05+00:00","og_image":[{"width":500,"height":500,"url":"https:\/\/www.transtoyou.com\/de\/wp-content\/uploads\/sites\/4\/2026\/01\/Logo-500x500-bg-13.png","type":"image\/png"}],"twitter_card":"summary_large_image","twitter_title":"Online Doctor Consultations and Prescriptions - Transtoyou","twitter_misc":{"Gesch\u00e4tzte Lesezeit":"1\u00a0Minute"},"schema":{"@context":"https:\/\/schema.org","@graph":[{"@type":"WebPage","@id":"https:\/\/www.transtoyou.com\/de\/online-arzt\/","url":"https:\/\/www.transtoyou.com\/de\/online-arzt\/","name":"Online-Arztkonsultationen und Rezepte - Transtoyou","isPartOf":{"@id":"https:\/\/www.transtoyou.com\/de\/#website"},"primaryImageOfPage":{"@id":"https:\/\/www.transtoyou.com\/de\/online-arzt\/#primaryimage"},"image":{"@id":"https:\/\/www.transtoyou.com\/de\/online-arzt\/#primaryimage"},"thumbnailUrl":"https:\/\/www.transtoyou.com\/de\/wp-content\/uploads\/sites\/4\/2026\/01\/Logo-500x500-bg-13.png","datePublished":"2026-01-19T12:46:38+00:00","dateModified":"2026-01-26T08:03:05+00:00","description":"Verbinde dich online mit lizenzierten \u00c4rzten bei Transtoyou f\u00fcr sichere Konsultationen, Rezepte und Gesundheitsprodukte. Immer medizinisch gepr\u00fcft und reguliert.","breadcrumb":{"@id":"https:\/\/www.transtoyou.com\/de\/online-arzt\/#breadcrumb"},"inLanguage":"de","potentialAction":[{"@type":"ReadAction","target":["https:\/\/www.transtoyou.com\/de\/online-arzt\/"]}]},{"@type":"ImageObject","inLanguage":"de","@id":"https:\/\/www.transtoyou.com\/de\/online-arzt\/#primaryimage","url":"https:\/\/www.transtoyou.com\/de\/wp-content\/uploads\/sites\/4\/2026\/01\/Logo-500x500-bg-13.png","contentUrl":"https:\/\/www.transtoyou.com\/de\/wp-content\/uploads\/sites\/4\/2026\/01\/Logo-500x500-bg-13.png","width":500,"height":500,"caption":"Transtoyou Logo"},{"@type":"WebSite","@id":"https:\/\/www.transtoyou.com\/de\/#website","url":"https:\/\/www.transtoyou.com\/de\/","name":"Transtoyou - DE","description":"DE","publisher":{"@id":"https:\/\/www.transtoyou.com\/de\/#organization"},"potentialAction":[{"@type":"SearchAction","target":{"@type":"EntryPoint","urlTemplate":"https:\/\/www.transtoyou.com\/de\/?s={search_term_string}"},"query-input":{"@type":"PropertyValueSpecification","valueRequired":true,"valueName":"search_term_string"}}],"inLanguage":"de"},{"@type":"Organization","@id":"https:\/\/www.transtoyou.com\/de\/#organization","name":"Transtoyou - DE","url":"https:\/\/www.transtoyou.com\/de\/","logo":{"@type":"ImageObject","inLanguage":"de","@id":"https:\/\/www.transtoyou.com\/de\/#\/schema\/logo\/image\/","url":"https:\/\/www.transtoyou.com\/de\/wp-content\/uploads\/sites\/4\/2026\/01\/logo-tty-menu-bar-300x87-1.webp","contentUrl":"https:\/\/www.transtoyou.com\/de\/wp-content\/uploads\/sites\/4\/2026\/01\/logo-tty-menu-bar-300x87-1.webp","width":300,"height":87,"caption":"Transtoyou - DE"},"image":{"@id":"https:\/\/www.transtoyou.com\/de\/#\/schema\/logo\/image\/"}}]}},"_links":{"self":[{"href":"https:\/\/www.transtoyou.com\/de\/wp-json\/wp\/v2\/pages\/145","targetHints":{"allow":["GET"]}}],"collection":[{"href":"https:\/\/www.transtoyou.com\/de\/wp-json\/wp\/v2\/pages"}],"about":[{"href":"https:\/\/www.transtoyou.com\/de\/wp-json\/wp\/v2\/types\/page"}],"author":[{"embeddable":true,"href":"https:\/\/www.transtoyou.com\/de\/wp-json\/wp\/v2\/users\/13"}],"replies":[{"embeddable":true,"href":"https:\/\/www.transtoyou.com\/de\/wp-json\/wp\/v2\/comments?post=145"}],"version-history":[{"count":1,"href":"https:\/\/www.transtoyou.com\/de\/wp-json\/wp\/v2\/pages\/145\/revisions"}],"predecessor-version":[{"id":147,"href":"https:\/\/www.transtoyou.com\/de\/wp-json\/wp\/v2\/pages\/145\/revisions\/147"}],"wp:featuredmedia":[{"embeddable":true,"href":"https:\/\/www.transtoyou.com\/de\/wp-json\/wp\/v2\/media\/146"}],"wp:attachment":[{"href":"https:\/\/www.transtoyou.com\/de\/wp-json\/wp\/v2\/media?parent=145"}],"curies":[{"name":"wp","href":"https:\/\/api.w.org\/{rel}","templated":true}]}}