{"id":148,"date":"2026-01-19T14:46:46","date_gmt":"2026-01-19T12:46:46","guid":{"rendered":"https:\/\/www.transtoyou.com\/de\/?page_id=148"},"modified":"2026-04-09T09:53:08","modified_gmt":"2026-04-09T06:53:08","slug":"online-video-beratung","status":"publish","type":"page","link":"https:\/\/www.transtoyou.com\/de\/online-video-beratung\/","title":{"rendered":"Online- &#038; Video-Beratung"},"content":{"rendered":"","protected":false},"excerpt":{"rendered":"","protected":false},"author":13,"featured_media":149,"parent":0,"menu_order":0,"comment_status":"closed","ping_status":"closed","template":"","meta":{"footnotes":""},"class_list":["post-148","page","type-page","status-publish","has-post-thumbnail","hentry"],"yoast_head":"<!-- This site is optimized with the Yoast SEO plugin v27.0 - https:\/\/yoast.com\/product\/yoast-seo-wordpress\/ -->\n<title>Online-Arztberatung - Transtoyou<\/title>\n<meta name=\"description\" content=\"Entdecke Transtoyou f\u00fcr professionelle Online-Consults, verbinde dich mit registrierten \u00c4rzten f\u00fcr pers\u00f6nliche Gesundheitsberatung und medizinisch genehmigte Rezepte.\" \/>\n<meta name=\"robots\" content=\"noindex, follow, max-snippet:-1, max-image-preview:large, max-video-preview:-1\" \/>\n<meta property=\"og:locale\" content=\"de_DE\" \/>\n<meta property=\"og:type\" content=\"article\" \/>\n<meta property=\"og:title\" content=\"Online Doctor Consultation Services - Transtoyou\" \/>\n<meta property=\"og:description\" content=\"Entdecke Transtoyou f\u00fcr professionelle Online-Consults, verbinde dich mit registrierten \u00c4rzten f\u00fcr pers\u00f6nliche Gesundheitsberatung und medizinisch genehmigte Rezepte.\" \/>\n<meta property=\"og:url\" content=\"https:\/\/www.transtoyou.com\/de\/online-video-beratung\/\" \/>\n<meta property=\"og:site_name\" content=\"Transtoyou - DE\" \/>\n<meta property=\"article:modified_time\" content=\"2026-04-09T06:53:08+00:00\" \/>\n<meta property=\"og:image\" content=\"https:\/\/www.transtoyou.com\/de\/wp-content\/uploads\/sites\/4\/2026\/01\/Logo-500x500-bg-14.png\" \/>\n\t<meta property=\"og:image:width\" content=\"500\" \/>\n\t<meta property=\"og:image:height\" content=\"500\" \/>\n\t<meta property=\"og:image:type\" content=\"image\/png\" \/>\n<meta name=\"twitter:card\" content=\"summary_large_image\" \/>\n<meta name=\"twitter:title\" content=\"Online Doctor Consultation Services - Transtoyou\" \/>\n<meta name=\"twitter:label1\" content=\"Gesch\u00e4tzte Lesezeit\" \/>\n\t<meta name=\"twitter:data1\" content=\"1\u00a0Minute\" \/>\n<script type=\"application\/ld+json\" class=\"yoast-schema-graph\">{\"@context\":\"https:\/\/schema.org\",\"@graph\":[{\"@type\":\"WebPage\",\"@id\":\"https:\/\/www.transtoyou.com\/de\/online-video-beratung\/\",\"url\":\"https:\/\/www.transtoyou.com\/de\/online-video-beratung\/\",\"name\":\"Online-Arztberatung - Transtoyou\",\"isPartOf\":{\"@id\":\"https:\/\/www.transtoyou.com\/de\/#website\"},\"primaryImageOfPage\":{\"@id\":\"https:\/\/www.transtoyou.com\/de\/online-video-beratung\/#primaryimage\"},\"image\":{\"@id\":\"https:\/\/www.transtoyou.com\/de\/online-video-beratung\/#primaryimage\"},\"thumbnailUrl\":\"https:\/\/www.transtoyou.com\/de\/wp-content\/uploads\/sites\/4\/2026\/01\/Logo-500x500-bg-14.png\",\"datePublished\":\"2026-01-19T12:46:46+00:00\",\"dateModified\":\"2026-04-09T06:53:08+00:00\",\"description\":\"Entdecke Transtoyou f\u00fcr professionelle Online-Consults, verbinde dich mit registrierten \u00c4rzten f\u00fcr pers\u00f6nliche Gesundheitsberatung und medizinisch genehmigte Rezepte.\",\"breadcrumb\":{\"@id\":\"https:\/\/www.transtoyou.com\/de\/online-video-beratung\/#breadcrumb\"},\"inLanguage\":\"de\",\"potentialAction\":[{\"@type\":\"ReadAction\",\"target\":[\"https:\/\/www.transtoyou.com\/de\/online-video-beratung\/\"]}]},{\"@type\":\"ImageObject\",\"inLanguage\":\"de\",\"@id\":\"https:\/\/www.transtoyou.com\/de\/online-video-beratung\/#primaryimage\",\"url\":\"https:\/\/www.transtoyou.com\/de\/wp-content\/uploads\/sites\/4\/2026\/01\/Logo-500x500-bg-14.png\",\"contentUrl\":\"https:\/\/www.transtoyou.com\/de\/wp-content\/uploads\/sites\/4\/2026\/01\/Logo-500x500-bg-14.png\",\"width\":500,\"height\":500,\"caption\":\"Transtoyou Logo\"},{\"@type\":\"WebSite\",\"@id\":\"https:\/\/www.transtoyou.com\/de\/#website\",\"url\":\"https:\/\/www.transtoyou.com\/de\/\",\"name\":\"Transtoyou - DE\",\"description\":\"DE\",\"publisher\":{\"@id\":\"https:\/\/www.transtoyou.com\/de\/#organization\"},\"potentialAction\":[{\"@type\":\"SearchAction\",\"target\":{\"@type\":\"EntryPoint\",\"urlTemplate\":\"https:\/\/www.transtoyou.com\/de\/?s={search_term_string}\"},\"query-input\":{\"@type\":\"PropertyValueSpecification\",\"valueRequired\":true,\"valueName\":\"search_term_string\"}}],\"inLanguage\":\"de\"},{\"@type\":\"Organization\",\"@id\":\"https:\/\/www.transtoyou.com\/de\/#organization\",\"name\":\"Transtoyou - DE\",\"url\":\"https:\/\/www.transtoyou.com\/de\/\",\"logo\":{\"@type\":\"ImageObject\",\"inLanguage\":\"de\",\"@id\":\"https:\/\/www.transtoyou.com\/de\/#\/schema\/logo\/image\/\",\"url\":\"https:\/\/www.transtoyou.com\/de\/wp-content\/uploads\/sites\/4\/2026\/01\/logo-tty-menu-bar-300x87-1.webp\",\"contentUrl\":\"https:\/\/www.transtoyou.com\/de\/wp-content\/uploads\/sites\/4\/2026\/01\/logo-tty-menu-bar-300x87-1.webp\",\"width\":300,\"height\":87,\"caption\":\"Transtoyou - DE\"},\"image\":{\"@id\":\"https:\/\/www.transtoyou.com\/de\/#\/schema\/logo\/image\/\"}}]}<\/script>\n<!-- \/ Yoast SEO plugin. -->","yoast_head_json":{"title":"Online-Arztberatung - Transtoyou","description":"Entdecke Transtoyou f\u00fcr professionelle Online-Consults, verbinde dich mit registrierten \u00c4rzten f\u00fcr pers\u00f6nliche Gesundheitsberatung und medizinisch genehmigte Rezepte.","robots":{"index":"noindex","follow":"follow","max-snippet":"max-snippet:-1","max-image-preview":"max-image-preview:large","max-video-preview":"max-video-preview:-1"},"og_locale":"de_DE","og_type":"article","og_title":"Online Doctor Consultation Services - Transtoyou","og_description":"Entdecke Transtoyou f\u00fcr professionelle Online-Consults, verbinde dich mit registrierten \u00c4rzten f\u00fcr pers\u00f6nliche Gesundheitsberatung und medizinisch genehmigte Rezepte.","og_url":"https:\/\/www.transtoyou.com\/de\/online-video-beratung\/","og_site_name":"Transtoyou - DE","article_modified_time":"2026-04-09T06:53:08+00:00","og_image":[{"width":500,"height":500,"url":"https:\/\/www.transtoyou.com\/de\/wp-content\/uploads\/sites\/4\/2026\/01\/Logo-500x500-bg-14.png","type":"image\/png"}],"twitter_card":"summary_large_image","twitter_title":"Online Doctor Consultation Services - Transtoyou","twitter_misc":{"Gesch\u00e4tzte Lesezeit":"1\u00a0Minute"},"schema":{"@context":"https:\/\/schema.org","@graph":[{"@type":"WebPage","@id":"https:\/\/www.transtoyou.com\/de\/online-video-beratung\/","url":"https:\/\/www.transtoyou.com\/de\/online-video-beratung\/","name":"Online-Arztberatung - Transtoyou","isPartOf":{"@id":"https:\/\/www.transtoyou.com\/de\/#website"},"primaryImageOfPage":{"@id":"https:\/\/www.transtoyou.com\/de\/online-video-beratung\/#primaryimage"},"image":{"@id":"https:\/\/www.transtoyou.com\/de\/online-video-beratung\/#primaryimage"},"thumbnailUrl":"https:\/\/www.transtoyou.com\/de\/wp-content\/uploads\/sites\/4\/2026\/01\/Logo-500x500-bg-14.png","datePublished":"2026-01-19T12:46:46+00:00","dateModified":"2026-04-09T06:53:08+00:00","description":"Entdecke Transtoyou f\u00fcr professionelle Online-Consults, verbinde dich mit registrierten \u00c4rzten f\u00fcr pers\u00f6nliche Gesundheitsberatung und medizinisch genehmigte Rezepte.","breadcrumb":{"@id":"https:\/\/www.transtoyou.com\/de\/online-video-beratung\/#breadcrumb"},"inLanguage":"de","potentialAction":[{"@type":"ReadAction","target":["https:\/\/www.transtoyou.com\/de\/online-video-beratung\/"]}]},{"@type":"ImageObject","inLanguage":"de","@id":"https:\/\/www.transtoyou.com\/de\/online-video-beratung\/#primaryimage","url":"https:\/\/www.transtoyou.com\/de\/wp-content\/uploads\/sites\/4\/2026\/01\/Logo-500x500-bg-14.png","contentUrl":"https:\/\/www.transtoyou.com\/de\/wp-content\/uploads\/sites\/4\/2026\/01\/Logo-500x500-bg-14.png","width":500,"height":500,"caption":"Transtoyou Logo"},{"@type":"WebSite","@id":"https:\/\/www.transtoyou.com\/de\/#website","url":"https:\/\/www.transtoyou.com\/de\/","name":"Transtoyou - DE","description":"DE","publisher":{"@id":"https:\/\/www.transtoyou.com\/de\/#organization"},"potentialAction":[{"@type":"SearchAction","target":{"@type":"EntryPoint","urlTemplate":"https:\/\/www.transtoyou.com\/de\/?s={search_term_string}"},"query-input":{"@type":"PropertyValueSpecification","valueRequired":true,"valueName":"search_term_string"}}],"inLanguage":"de"},{"@type":"Organization","@id":"https:\/\/www.transtoyou.com\/de\/#organization","name":"Transtoyou - DE","url":"https:\/\/www.transtoyou.com\/de\/","logo":{"@type":"ImageObject","inLanguage":"de","@id":"https:\/\/www.transtoyou.com\/de\/#\/schema\/logo\/image\/","url":"https:\/\/www.transtoyou.com\/de\/wp-content\/uploads\/sites\/4\/2026\/01\/logo-tty-menu-bar-300x87-1.webp","contentUrl":"https:\/\/www.transtoyou.com\/de\/wp-content\/uploads\/sites\/4\/2026\/01\/logo-tty-menu-bar-300x87-1.webp","width":300,"height":87,"caption":"Transtoyou - DE"},"image":{"@id":"https:\/\/www.transtoyou.com\/de\/#\/schema\/logo\/image\/"}}]}},"_links":{"self":[{"href":"https:\/\/www.transtoyou.com\/de\/wp-json\/wp\/v2\/pages\/148","targetHints":{"allow":["GET"]}}],"collection":[{"href":"https:\/\/www.transtoyou.com\/de\/wp-json\/wp\/v2\/pages"}],"about":[{"href":"https:\/\/www.transtoyou.com\/de\/wp-json\/wp\/v2\/types\/page"}],"author":[{"embeddable":true,"href":"https:\/\/www.transtoyou.com\/de\/wp-json\/wp\/v2\/users\/13"}],"replies":[{"embeddable":true,"href":"https:\/\/www.transtoyou.com\/de\/wp-json\/wp\/v2\/comments?post=148"}],"version-history":[{"count":2,"href":"https:\/\/www.transtoyou.com\/de\/wp-json\/wp\/v2\/pages\/148\/revisions"}],"predecessor-version":[{"id":3815,"href":"https:\/\/www.transtoyou.com\/de\/wp-json\/wp\/v2\/pages\/148\/revisions\/3815"}],"wp:featuredmedia":[{"embeddable":true,"href":"https:\/\/www.transtoyou.com\/de\/wp-json\/wp\/v2\/media\/149"}],"wp:attachment":[{"href":"https:\/\/www.transtoyou.com\/de\/wp-json\/wp\/v2\/media?parent=148"}],"curies":[{"name":"wp","href":"https:\/\/api.w.org\/{rel}","templated":true}]}}