{"id":163,"date":"2026-01-19T14:47:25","date_gmt":"2026-01-19T12:47:25","guid":{"rendered":"https:\/\/www.transtoyou.com\/de\/?page_id=163"},"modified":"2026-01-26T09:47:58","modified_gmt":"2026-01-26T07:47:58","slug":"editorial-richtlinie","status":"publish","type":"page","link":"https:\/\/www.transtoyou.com\/de\/editorial-richtlinie\/","title":{"rendered":"Redaktionsrichtlinien"},"content":{"rendered":"","protected":false},"excerpt":{"rendered":"","protected":false},"author":13,"featured_media":0,"parent":0,"menu_order":0,"comment_status":"closed","ping_status":"closed","template":"","meta":{"footnotes":""},"class_list":["post-163","page","type-page","status-publish","hentry"],"yoast_head":"<!-- This site is optimized with the Yoast SEO plugin v27.0 - https:\/\/yoast.com\/product\/yoast-seo-wordpress\/ -->\n<title>\u00dcbersicht der redaktionellen Richtlinien - Transtoyou<\/title>\n<meta name=\"description\" content=\"Entdecke die redaktionelle Richtlinie von Transtoyou zu Gesundheitsinhalten und Compliance, um zuverl\u00e4ssige, medizinisch gepr\u00fcfte Informationen f\u00fcr informierte Entscheidungen zu erhalten.\" \/>\n<meta name=\"robots\" content=\"noindex, follow, max-snippet:-1, max-image-preview:large, max-video-preview:-1\" \/>\n<meta property=\"og:locale\" content=\"de_DE\" \/>\n<meta property=\"og:type\" content=\"article\" \/>\n<meta property=\"og:title\" content=\"\u00dcbersicht der redaktionellen Richtlinien - Transtoyou\" \/>\n<meta property=\"og:description\" content=\"Entdecke die redaktionelle Richtlinie von Transtoyou zu Gesundheitsinhalten und Compliance, um zuverl\u00e4ssige, medizinisch gepr\u00fcfte Informationen f\u00fcr informierte Entscheidungen zu erhalten.\" \/>\n<meta property=\"og:url\" content=\"https:\/\/www.transtoyou.com\/de\/editorial-richtlinie\/\" \/>\n<meta property=\"og:site_name\" content=\"Transtoyou - DE\" \/>\n<meta property=\"article:modified_time\" content=\"2026-01-26T07:47:58+00:00\" \/>\n<meta name=\"twitter:card\" content=\"summary_large_image\" \/>\n<script type=\"application\/ld+json\" class=\"yoast-schema-graph\">{\"@context\":\"https:\/\/schema.org\",\"@graph\":[{\"@type\":\"WebPage\",\"@id\":\"https:\/\/www.transtoyou.com\/de\/editorial-richtlinie\/\",\"url\":\"https:\/\/www.transtoyou.com\/de\/editorial-richtlinie\/\",\"name\":\"\u00dcbersicht der redaktionellen Richtlinien - Transtoyou\",\"isPartOf\":{\"@id\":\"https:\/\/www.transtoyou.com\/de\/#website\"},\"datePublished\":\"2026-01-19T12:47:25+00:00\",\"dateModified\":\"2026-01-26T07:47:58+00:00\",\"description\":\"Entdecke die redaktionelle Richtlinie von Transtoyou zu Gesundheitsinhalten und Compliance, um zuverl\u00e4ssige, medizinisch gepr\u00fcfte Informationen f\u00fcr informierte Entscheidungen zu erhalten.\",\"breadcrumb\":{\"@id\":\"https:\/\/www.transtoyou.com\/de\/editorial-richtlinie\/#breadcrumb\"},\"inLanguage\":\"de\",\"potentialAction\":[{\"@type\":\"ReadAction\",\"target\":[\"https:\/\/www.transtoyou.com\/de\/editorial-richtlinie\/\"]}]},{\"@type\":\"WebSite\",\"@id\":\"https:\/\/www.transtoyou.com\/de\/#website\",\"url\":\"https:\/\/www.transtoyou.com\/de\/\",\"name\":\"Transtoyou - DE\",\"description\":\"DE\",\"publisher\":{\"@id\":\"https:\/\/www.transtoyou.com\/de\/#organization\"},\"potentialAction\":[{\"@type\":\"SearchAction\",\"target\":{\"@type\":\"EntryPoint\",\"urlTemplate\":\"https:\/\/www.transtoyou.com\/de\/?s={search_term_string}\"},\"query-input\":{\"@type\":\"PropertyValueSpecification\",\"valueRequired\":true,\"valueName\":\"search_term_string\"}}],\"inLanguage\":\"de\"},{\"@type\":\"Organization\",\"@id\":\"https:\/\/www.transtoyou.com\/de\/#organization\",\"name\":\"Transtoyou - DE\",\"url\":\"https:\/\/www.transtoyou.com\/de\/\",\"logo\":{\"@type\":\"ImageObject\",\"inLanguage\":\"de\",\"@id\":\"https:\/\/www.transtoyou.com\/de\/#\/schema\/logo\/image\/\",\"url\":\"https:\/\/www.transtoyou.com\/de\/wp-content\/uploads\/sites\/4\/2026\/01\/logo-tty-menu-bar-300x87-1.webp\",\"contentUrl\":\"https:\/\/www.transtoyou.com\/de\/wp-content\/uploads\/sites\/4\/2026\/01\/logo-tty-menu-bar-300x87-1.webp\",\"width\":300,\"height\":87,\"caption\":\"Transtoyou - DE\"},\"image\":{\"@id\":\"https:\/\/www.transtoyou.com\/de\/#\/schema\/logo\/image\/\"}}]}<\/script>\n<!-- \/ Yoast SEO plugin. -->","yoast_head_json":{"title":"\u00dcbersicht der redaktionellen Richtlinien - Transtoyou","description":"Entdecke die redaktionelle Richtlinie von Transtoyou zu Gesundheitsinhalten und Compliance, um zuverl\u00e4ssige, medizinisch gepr\u00fcfte Informationen f\u00fcr informierte Entscheidungen zu erhalten.","robots":{"index":"noindex","follow":"follow","max-snippet":"max-snippet:-1","max-image-preview":"max-image-preview:large","max-video-preview":"max-video-preview:-1"},"og_locale":"de_DE","og_type":"article","og_title":"\u00dcbersicht der redaktionellen Richtlinien - Transtoyou","og_description":"Entdecke die redaktionelle Richtlinie von Transtoyou zu Gesundheitsinhalten und Compliance, um zuverl\u00e4ssige, medizinisch gepr\u00fcfte Informationen f\u00fcr informierte Entscheidungen zu erhalten.","og_url":"https:\/\/www.transtoyou.com\/de\/editorial-richtlinie\/","og_site_name":"Transtoyou - DE","article_modified_time":"2026-01-26T07:47:58+00:00","twitter_card":"summary_large_image","schema":{"@context":"https:\/\/schema.org","@graph":[{"@type":"WebPage","@id":"https:\/\/www.transtoyou.com\/de\/editorial-richtlinie\/","url":"https:\/\/www.transtoyou.com\/de\/editorial-richtlinie\/","name":"\u00dcbersicht der redaktionellen Richtlinien - Transtoyou","isPartOf":{"@id":"https:\/\/www.transtoyou.com\/de\/#website"},"datePublished":"2026-01-19T12:47:25+00:00","dateModified":"2026-01-26T07:47:58+00:00","description":"Entdecke die redaktionelle Richtlinie von Transtoyou zu Gesundheitsinhalten und Compliance, um zuverl\u00e4ssige, medizinisch gepr\u00fcfte Informationen f\u00fcr informierte Entscheidungen zu erhalten.","breadcrumb":{"@id":"https:\/\/www.transtoyou.com\/de\/editorial-richtlinie\/#breadcrumb"},"inLanguage":"de","potentialAction":[{"@type":"ReadAction","target":["https:\/\/www.transtoyou.com\/de\/editorial-richtlinie\/"]}]},{"@type":"WebSite","@id":"https:\/\/www.transtoyou.com\/de\/#website","url":"https:\/\/www.transtoyou.com\/de\/","name":"Transtoyou - DE","description":"DE","publisher":{"@id":"https:\/\/www.transtoyou.com\/de\/#organization"},"potentialAction":[{"@type":"SearchAction","target":{"@type":"EntryPoint","urlTemplate":"https:\/\/www.transtoyou.com\/de\/?s={search_term_string}"},"query-input":{"@type":"PropertyValueSpecification","valueRequired":true,"valueName":"search_term_string"}}],"inLanguage":"de"},{"@type":"Organization","@id":"https:\/\/www.transtoyou.com\/de\/#organization","name":"Transtoyou - DE","url":"https:\/\/www.transtoyou.com\/de\/","logo":{"@type":"ImageObject","inLanguage":"de","@id":"https:\/\/www.transtoyou.com\/de\/#\/schema\/logo\/image\/","url":"https:\/\/www.transtoyou.com\/de\/wp-content\/uploads\/sites\/4\/2026\/01\/logo-tty-menu-bar-300x87-1.webp","contentUrl":"https:\/\/www.transtoyou.com\/de\/wp-content\/uploads\/sites\/4\/2026\/01\/logo-tty-menu-bar-300x87-1.webp","width":300,"height":87,"caption":"Transtoyou - DE"},"image":{"@id":"https:\/\/www.transtoyou.com\/de\/#\/schema\/logo\/image\/"}}]}},"_links":{"self":[{"href":"https:\/\/www.transtoyou.com\/de\/wp-json\/wp\/v2\/pages\/163","targetHints":{"allow":["GET"]}}],"collection":[{"href":"https:\/\/www.transtoyou.com\/de\/wp-json\/wp\/v2\/pages"}],"about":[{"href":"https:\/\/www.transtoyou.com\/de\/wp-json\/wp\/v2\/types\/page"}],"author":[{"embeddable":true,"href":"https:\/\/www.transtoyou.com\/de\/wp-json\/wp\/v2\/users\/13"}],"replies":[{"embeddable":true,"href":"https:\/\/www.transtoyou.com\/de\/wp-json\/wp\/v2\/comments?post=163"}],"version-history":[{"count":1,"href":"https:\/\/www.transtoyou.com\/de\/wp-json\/wp\/v2\/pages\/163\/revisions"}],"predecessor-version":[{"id":164,"href":"https:\/\/www.transtoyou.com\/de\/wp-json\/wp\/v2\/pages\/163\/revisions\/164"}],"wp:attachment":[{"href":"https:\/\/www.transtoyou.com\/de\/wp-json\/wp\/v2\/media?parent=163"}],"curies":[{"name":"wp","href":"https:\/\/api.w.org\/{rel}","templated":true}]}}