{"id":1002,"date":"2026-01-24T09:03:18","date_gmt":"2026-01-24T07:03:18","guid":{"rendered":"https:\/\/www.transtoyou.com\/de\/product\/tadalafil\/"},"modified":"2026-03-05T17:28:27","modified_gmt":"2026-03-05T15:28:27","slug":"tadalafil","status":"publish","type":"product","link":"https:\/\/www.transtoyou.com\/de\/product\/tadalafil\/","title":{"rendered":"Tadalafil"},"content":{"rendered":"<p>Tadalafil ist ein Medikament zur Behandlung von erektiler Dysfunktion, das M\u00e4nnern hilft, eine Erektion zu erreichen und aufrechtzuerhalten, die f\u00fcr sexuelle Aktivit\u00e4ten ausreichend ist. Es geh\u00f6rt zur Klasse der Medikamente, die als PDE5-Hemmer bezeichnet werden, welche den Blutfluss zum Penis verbessern, indem sie die glatten Muskeln in den W\u00e4nden der Blutgef\u00e4\u00dfe entspannen.<\/p>\n<p>Was Tadalafil von anderen ED-Behandlungen unterscheidet, ist seine lange Wirkungsdauer. Nach der Einnahme einer einzelnen Dosis k\u00f6nnen die Wirkungen bis zu 36 Stunden anhalten, was ein flexibleres und nat\u00fcrlicheres Erlebnis rund um die Intimit\u00e4t bietet. Dieses erweiterte Zeitfenster hat Tadalafil den Ruf eingebracht, eine \u201eWochenendpille\u201c zu sein, die es M\u00e4nnern und ihren Partnern erm\u00f6glicht, sexuelle Aktivit\u00e4ten ohne den Druck einer genauen Zeitplanung zu genie\u00dfen.<\/p>\n<p>Tadalafil kann auf zwei Arten eingenommen werden.<\/p>\n<ol>\n<li>Die erste ist nach Bedarf, typischerweise in einer Dosis von 10 mg oder 20 mg, die etwa 30 Minuten vor geplanter sexueller Aktivit\u00e4t eingenommen wird.<\/li>\n<li>Die zweite ist einmal t\u00e4glich, in einer viel niedrigeren Dosis (2,5 mg oder 5 mg), die einen konstanten Medikamentenspiegel im K\u00f6rper aufrechterh\u00e4lt. Dieser t\u00e4gliche Ansatz ist ideal f\u00fcr M\u00e4nner, die jederzeit bereit sein m\u00f6chten, ohne im Voraus planen zu m\u00fcssen.<\/li>\n<\/ol>\n<p>Das Medikament wird oral eingenommen und kann mit oder ohne Nahrung verwendet werden. Die Wirkungszeit betr\u00e4gt normalerweise 30 bis 60 Minuten. Die meisten Anwender vertragen es gut, obwohl einige leichte Nebenwirkungen wie Kopfschmerzen, Muskelschmerzen, Verdauungsst\u00f6rungen oder Nasenverstopfung erfahren k\u00f6nnen. Tadalafil sollte nicht zusammen mit Nitraten oder bestimmten Blutdruckmedikamenten eingenommen werden, da dies das Risiko eines ernsthaften Blutdruckabfalls erh\u00f6ht.<\/p>\n","protected":false},"excerpt":{"rendered":"<ul>\n<li>Langanhaltende ED-Behandlung: bis zu 36 Stunden Wirksamkeit<\/li>\n<li>Unterst\u00fctzt auch Harnsymptome im Zusammenhang mit BPH<\/li>\n<li>Option f\u00fcr t\u00e4gliche oder bedarfsorientierte Dosierung<\/li>\n<\/ul>\n","protected":false},"featured_media":1004,"comment_status":"open","ping_status":"closed","template":"","meta":[],"product_brand":[],"product_cat":[118],"product_tag":[],"expert":[16],"class_list":{"0":"post-1002","1":"product","2":"type-product","3":"status-publish","4":"has-post-thumbnail","6":"product_cat-erektile-dysfunktion-behandlungen","7":"expert-dr-c-alexandru","9":"first","10":"instock","11":"shipping-taxable","12":"product-type-variable"},"yoast_head":"<!-- This site is optimized with the Yoast SEO plugin v27.0 - https:\/\/yoast.com\/product\/yoast-seo-wordpress\/ -->\n<title>Tadalafil | Langfristige ED-L\u00f6sung - Transtoyou<\/title>\n<meta name=\"description\" content=\"Tadalafil, eine langanhaltende ED-Behandlung, verbessert die Durchblutung bis zu 36 Stunden. Entdecke mehr Flexibilit\u00e4t und Intimit\u00e4t. Jetzt informieren.\" \/>\n<meta name=\"robots\" content=\"noindex, follow, max-snippet:-1, max-image-preview:large, max-video-preview:-1\" \/>\n<meta property=\"og:locale\" content=\"de_DE\" \/>\n<meta property=\"og:type\" content=\"article\" \/>\n<meta property=\"og:title\" content=\"Tadalafil | Langfristige ED-L\u00f6sung - Transtoyou\" \/>\n<meta property=\"og:description\" content=\"Tadalafil, eine langanhaltende ED-Behandlung, verbessert die Durchblutung bis zu 36 Stunden. Entdecke mehr Flexibilit\u00e4t und Intimit\u00e4t. Jetzt informieren.\" \/>\n<meta property=\"og:url\" content=\"https:\/\/www.transtoyou.com\/de\/product\/tadalafil\/\" \/>\n<meta property=\"og:site_name\" content=\"Transtoyou - DE\" \/>\n<meta property=\"article:modified_time\" content=\"2026-03-05T15:28:27+00:00\" \/>\n<meta name=\"twitter:card\" content=\"summary_large_image\" \/>\n<meta name=\"twitter:label1\" content=\"Gesch\u00e4tzte Lesezeit\" \/>\n\t<meta name=\"twitter:data1\" content=\"1\u00a0Minute\" \/>\n<script type=\"application\/ld+json\" class=\"yoast-schema-graph\">{\"@context\":\"https:\/\/schema.org\",\"@graph\":[{\"@type\":\"WebPage\",\"@id\":\"https:\/\/www.transtoyou.com\/de\/product\/tadalafil\/\",\"url\":\"https:\/\/www.transtoyou.com\/de\/product\/tadalafil\/\",\"name\":\"Tadalafil | Langfristige ED-L\u00f6sung - Transtoyou\",\"isPartOf\":{\"@id\":\"https:\/\/www.transtoyou.com\/de\/#website\"},\"primaryImageOfPage\":{\"@id\":\"https:\/\/www.transtoyou.com\/de\/product\/tadalafil\/#primaryimage\"},\"image\":{\"@id\":\"https:\/\/www.transtoyou.com\/de\/product\/tadalafil\/#primaryimage\"},\"thumbnailUrl\":\"https:\/\/www.transtoyou.com\/de\/wp-content\/uploads\/sites\/4\/2026\/01\/tty-no-product-image-90.webp\",\"datePublished\":\"2026-01-24T07:03:18+00:00\",\"dateModified\":\"2026-03-05T15:28:27+00:00\",\"description\":\"Tadalafil, eine langanhaltende ED-Behandlung, verbessert die Durchblutung bis zu 36 Stunden. Entdecke mehr Flexibilit\u00e4t und Intimit\u00e4t. Jetzt informieren.\",\"breadcrumb\":{\"@id\":\"https:\/\/www.transtoyou.com\/de\/product\/tadalafil\/#breadcrumb\"},\"inLanguage\":\"de\",\"potentialAction\":[{\"@type\":\"ReadAction\",\"target\":[\"https:\/\/www.transtoyou.com\/de\/product\/tadalafil\/\"]}]},{\"@type\":\"ImageObject\",\"inLanguage\":\"de\",\"@id\":\"https:\/\/www.transtoyou.com\/de\/product\/tadalafil\/#primaryimage\",\"url\":\"https:\/\/www.transtoyou.com\/de\/wp-content\/uploads\/sites\/4\/2026\/01\/tty-no-product-image-90.webp\",\"contentUrl\":\"https:\/\/www.transtoyou.com\/de\/wp-content\/uploads\/sites\/4\/2026\/01\/tty-no-product-image-90.webp\",\"width\":1000,\"height\":1000,\"caption\":\"Standardproduktbild\"},{\"@type\":\"WebSite\",\"@id\":\"https:\/\/www.transtoyou.com\/de\/#website\",\"url\":\"https:\/\/www.transtoyou.com\/de\/\",\"name\":\"Transtoyou - DE\",\"description\":\"DE\",\"publisher\":{\"@id\":\"https:\/\/www.transtoyou.com\/de\/#organization\"},\"potentialAction\":[{\"@type\":\"SearchAction\",\"target\":{\"@type\":\"EntryPoint\",\"urlTemplate\":\"https:\/\/www.transtoyou.com\/de\/?s={search_term_string}\"},\"query-input\":{\"@type\":\"PropertyValueSpecification\",\"valueRequired\":true,\"valueName\":\"search_term_string\"}}],\"inLanguage\":\"de\"},{\"@type\":\"Organization\",\"@id\":\"https:\/\/www.transtoyou.com\/de\/#organization\",\"name\":\"Transtoyou - DE\",\"url\":\"https:\/\/www.transtoyou.com\/de\/\",\"logo\":{\"@type\":\"ImageObject\",\"inLanguage\":\"de\",\"@id\":\"https:\/\/www.transtoyou.com\/de\/#\/schema\/logo\/image\/\",\"url\":\"https:\/\/www.transtoyou.com\/de\/wp-content\/uploads\/sites\/4\/2026\/01\/logo-tty-menu-bar-300x87-1.webp\",\"contentUrl\":\"https:\/\/www.transtoyou.com\/de\/wp-content\/uploads\/sites\/4\/2026\/01\/logo-tty-menu-bar-300x87-1.webp\",\"width\":300,\"height\":87,\"caption\":\"Transtoyou - DE\"},\"image\":{\"@id\":\"https:\/\/www.transtoyou.com\/de\/#\/schema\/logo\/image\/\"}}]}<\/script>\n<!-- \/ Yoast SEO plugin. -->","yoast_head_json":{"title":"Tadalafil | Langfristige ED-L\u00f6sung - Transtoyou","description":"Tadalafil, eine langanhaltende ED-Behandlung, verbessert die Durchblutung bis zu 36 Stunden. Entdecke mehr Flexibilit\u00e4t und Intimit\u00e4t. Jetzt informieren.","robots":{"index":"noindex","follow":"follow","max-snippet":"max-snippet:-1","max-image-preview":"max-image-preview:large","max-video-preview":"max-video-preview:-1"},"og_locale":"de_DE","og_type":"article","og_title":"Tadalafil | Langfristige ED-L\u00f6sung - Transtoyou","og_description":"Tadalafil, eine langanhaltende ED-Behandlung, verbessert die Durchblutung bis zu 36 Stunden. Entdecke mehr Flexibilit\u00e4t und Intimit\u00e4t. Jetzt informieren.","og_url":"https:\/\/www.transtoyou.com\/de\/product\/tadalafil\/","og_site_name":"Transtoyou - DE","article_modified_time":"2026-03-05T15:28:27+00:00","twitter_card":"summary_large_image","twitter_misc":{"Gesch\u00e4tzte Lesezeit":"1\u00a0Minute"},"schema":{"@context":"https:\/\/schema.org","@graph":[{"@type":"WebPage","@id":"https:\/\/www.transtoyou.com\/de\/product\/tadalafil\/","url":"https:\/\/www.transtoyou.com\/de\/product\/tadalafil\/","name":"Tadalafil | Langfristige ED-L\u00f6sung - Transtoyou","isPartOf":{"@id":"https:\/\/www.transtoyou.com\/de\/#website"},"primaryImageOfPage":{"@id":"https:\/\/www.transtoyou.com\/de\/product\/tadalafil\/#primaryimage"},"image":{"@id":"https:\/\/www.transtoyou.com\/de\/product\/tadalafil\/#primaryimage"},"thumbnailUrl":"https:\/\/www.transtoyou.com\/de\/wp-content\/uploads\/sites\/4\/2026\/01\/tty-no-product-image-90.webp","datePublished":"2026-01-24T07:03:18+00:00","dateModified":"2026-03-05T15:28:27+00:00","description":"Tadalafil, eine langanhaltende ED-Behandlung, verbessert die Durchblutung bis zu 36 Stunden. Entdecke mehr Flexibilit\u00e4t und Intimit\u00e4t. Jetzt informieren.","breadcrumb":{"@id":"https:\/\/www.transtoyou.com\/de\/product\/tadalafil\/#breadcrumb"},"inLanguage":"de","potentialAction":[{"@type":"ReadAction","target":["https:\/\/www.transtoyou.com\/de\/product\/tadalafil\/"]}]},{"@type":"ImageObject","inLanguage":"de","@id":"https:\/\/www.transtoyou.com\/de\/product\/tadalafil\/#primaryimage","url":"https:\/\/www.transtoyou.com\/de\/wp-content\/uploads\/sites\/4\/2026\/01\/tty-no-product-image-90.webp","contentUrl":"https:\/\/www.transtoyou.com\/de\/wp-content\/uploads\/sites\/4\/2026\/01\/tty-no-product-image-90.webp","width":1000,"height":1000,"caption":"Standardproduktbild"},{"@type":"WebSite","@id":"https:\/\/www.transtoyou.com\/de\/#website","url":"https:\/\/www.transtoyou.com\/de\/","name":"Transtoyou - DE","description":"DE","publisher":{"@id":"https:\/\/www.transtoyou.com\/de\/#organization"},"potentialAction":[{"@type":"SearchAction","target":{"@type":"EntryPoint","urlTemplate":"https:\/\/www.transtoyou.com\/de\/?s={search_term_string}"},"query-input":{"@type":"PropertyValueSpecification","valueRequired":true,"valueName":"search_term_string"}}],"inLanguage":"de"},{"@type":"Organization","@id":"https:\/\/www.transtoyou.com\/de\/#organization","name":"Transtoyou - DE","url":"https:\/\/www.transtoyou.com\/de\/","logo":{"@type":"ImageObject","inLanguage":"de","@id":"https:\/\/www.transtoyou.com\/de\/#\/schema\/logo\/image\/","url":"https:\/\/www.transtoyou.com\/de\/wp-content\/uploads\/sites\/4\/2026\/01\/logo-tty-menu-bar-300x87-1.webp","contentUrl":"https:\/\/www.transtoyou.com\/de\/wp-content\/uploads\/sites\/4\/2026\/01\/logo-tty-menu-bar-300x87-1.webp","width":300,"height":87,"caption":"Transtoyou - DE"},"image":{"@id":"https:\/\/www.transtoyou.com\/de\/#\/schema\/logo\/image\/"}}]}},"_links":{"self":[{"href":"https:\/\/www.transtoyou.com\/de\/wp-json\/wp\/v2\/product\/1002","targetHints":{"allow":["GET"]}}],"collection":[{"href":"https:\/\/www.transtoyou.com\/de\/wp-json\/wp\/v2\/product"}],"about":[{"href":"https:\/\/www.transtoyou.com\/de\/wp-json\/wp\/v2\/types\/product"}],"replies":[{"embeddable":true,"href":"https:\/\/www.transtoyou.com\/de\/wp-json\/wp\/v2\/comments?post=1002"}],"wp:featuredmedia":[{"embeddable":true,"href":"https:\/\/www.transtoyou.com\/de\/wp-json\/wp\/v2\/media\/1004"}],"wp:attachment":[{"href":"https:\/\/www.transtoyou.com\/de\/wp-json\/wp\/v2\/media?parent=1002"}],"wp:term":[{"taxonomy":"product_brand","embeddable":true,"href":"https:\/\/www.transtoyou.com\/de\/wp-json\/wp\/v2\/product_brand?post=1002"},{"taxonomy":"product_cat","embeddable":true,"href":"https:\/\/www.transtoyou.com\/de\/wp-json\/wp\/v2\/product_cat?post=1002"},{"taxonomy":"product_tag","embeddable":true,"href":"https:\/\/www.transtoyou.com\/de\/wp-json\/wp\/v2\/product_tag?post=1002"},{"taxonomy":"expert","embeddable":true,"href":"https:\/\/www.transtoyou.com\/de\/wp-json\/wp\/v2\/expert?post=1002"}],"curies":[{"name":"wp","href":"https:\/\/api.w.org\/{rel}","templated":true}]}}