{"id":1005,"date":"2026-01-24T09:19:00","date_gmt":"2026-01-24T07:19:00","guid":{"rendered":"https:\/\/www.transtoyou.com\/de\/product\/vardenafil\/"},"modified":"2026-03-07T14:54:47","modified_gmt":"2026-03-07T12:54:47","slug":"vardenafil","status":"publish","type":"product","link":"https:\/\/www.transtoyou.com\/de\/product\/vardenafil\/","title":{"rendered":"Vardenafil"},"content":{"rendered":"<p>Vardenafil ist ein Medikament zur Behandlung von erektiler Dysfunktion, das M\u00e4nnern hilft, ihr Selbstvertrauen und ihre sexuelle Aktivit\u00e4t zur\u00fcckzugewinnen. Es geh\u00f6rt zur Klasse der Medikamente, die als PDE5-Hemmer bekannt sind, die wirken, indem sie den Blutfluss zum Penis w\u00e4hrend der sexuellen Stimulation erh\u00f6hen. Dies f\u00fchrt zu einer st\u00e4rkeren und zuverl\u00e4ssigeren Erektion, die es einfacher macht, Intimit\u00e4t einzugehen und aufrechtzuerhalten.<\/p>\n<p>Vardenafil wirkt, indem es die glatten Muskeln in den Blutgef\u00e4\u00dfen des Penis entspannt. Wenn ein Mann sexuell erregt ist, erm\u00f6glicht diese Entspannung, dass mehr Blut in das erektile Gewebe einstr\u00f6mt, was zu einer nat\u00fcrlich anf\u00fchlenden Erektion f\u00fchrt. Das Medikament erzeugt nicht von selbst eine Erektion, daher ist sexuelle Stimulation weiterhin erforderlich, damit es wirkt.<\/p>\n<p>Dieses Medikament wird normalerweise als Tablette etwa 25 bis 60 Minuten vor der sexuellen Aktivit\u00e4t eingenommen. Die Wirkung kann etwa vier bis f\u00fcnf Stunden anhalten und bietet ein angenehmes Zeitfenster f\u00fcr spontane Intimit\u00e4t. In einigen F\u00e4llen stellen M\u00e4nner fest, dass es bereits nach 15 Minuten zu wirken beginnt, obwohl dies von Person zu Person variiert. Vardenafil wird oft mit einer Anfangsdosis von 10 mg verschrieben, die je nach Reaktion und Vertr\u00e4glichkeit angepasst werden kann.<\/p>\n<p>Vardenafil kann mit oder ohne Nahrung eingenommen werden, obwohl eine schwere oder fettreiche Mahlzeit den Wirkungseintritt leicht verz\u00f6gern k\u00f6nnte. Zu den h\u00e4ufigsten Nebenwirkungen geh\u00f6ren leichte Kopfschmerzen, Hitzewallungen, Nasenverstopfung oder Verdauungsst\u00f6rungen. Diese Wirkungen sind in der Regel vor\u00fcbergehend und lassen nach, wenn das Medikament nachl\u00e4sst. Es sollte nicht zusammen mit nitrathaltigen Medikamenten oder anderen Substanzen, die den Blutdruck senken, verwendet werden.<\/p>\n","protected":false},"excerpt":{"rendered":"<ul>\n<li>Schnell wirkende L\u00f6sung f\u00fcr erektile Dysfunktion<\/li>\n<li>Verbessert die Durchblutung f\u00fcr eine nat\u00fcrliche erektile Reaktion<\/li>\n<li>Hilft, Vertrauen und Intimit\u00e4t wiederherzustellen<\/li>\n<\/ul>\n","protected":false},"featured_media":1007,"comment_status":"open","ping_status":"closed","template":"","meta":[],"product_brand":[],"product_cat":[118],"product_tag":[],"expert":[16],"class_list":{"0":"post-1005","1":"product","2":"type-product","3":"status-publish","4":"has-post-thumbnail","6":"product_cat-erektile-dysfunktion-behandlungen","7":"expert-dr-c-alexandru","9":"first","10":"instock","11":"shipping-taxable","12":"product-type-variable"},"yoast_head":"<!-- This site is optimized with the Yoast SEO plugin v27.0 - https:\/\/yoast.com\/product\/yoast-seo-wordpress\/ -->\n<title>Vardenafil | Steigert Leistung und Selbstbewusstsein - Transtoyou<\/title>\n<meta name=\"description\" content=\"Vardenafil, erh\u00e4ltlich bei Transtoyou, verbessert die Intimit\u00e4t durch erh\u00f6hten Blutfluss f\u00fcr eine st\u00e4rkere Erektion. Jetzt effektiv helfen!\" \/>\n<meta name=\"robots\" content=\"noindex, follow, max-snippet:-1, max-image-preview:large, max-video-preview:-1\" \/>\n<meta property=\"og:locale\" content=\"de_DE\" \/>\n<meta property=\"og:type\" content=\"article\" \/>\n<meta property=\"og:title\" content=\"Vardenafil | Steigert Leistung und Selbstbewusstsein - Transtoyou\" \/>\n<meta property=\"og:description\" content=\"Vardenafil, erh\u00e4ltlich bei Transtoyou, verbessert die Intimit\u00e4t durch erh\u00f6hten Blutfluss f\u00fcr eine st\u00e4rkere Erektion. Jetzt effektiv helfen!\" \/>\n<meta property=\"og:url\" content=\"https:\/\/www.transtoyou.com\/de\/product\/vardenafil\/\" \/>\n<meta property=\"og:site_name\" content=\"Transtoyou - DE\" \/>\n<meta property=\"article:modified_time\" content=\"2026-03-07T12:54:47+00:00\" \/>\n<meta name=\"twitter:card\" content=\"summary_large_image\" \/>\n<meta name=\"twitter:label1\" content=\"Gesch\u00e4tzte Lesezeit\" \/>\n\t<meta name=\"twitter:data1\" content=\"1\u00a0Minute\" \/>\n<script type=\"application\/ld+json\" class=\"yoast-schema-graph\">{\"@context\":\"https:\/\/schema.org\",\"@graph\":[{\"@type\":\"WebPage\",\"@id\":\"https:\/\/www.transtoyou.com\/de\/product\/vardenafil\/\",\"url\":\"https:\/\/www.transtoyou.com\/de\/product\/vardenafil\/\",\"name\":\"Vardenafil | Steigert Leistung und Selbstbewusstsein - Transtoyou\",\"isPartOf\":{\"@id\":\"https:\/\/www.transtoyou.com\/de\/#website\"},\"primaryImageOfPage\":{\"@id\":\"https:\/\/www.transtoyou.com\/de\/product\/vardenafil\/#primaryimage\"},\"image\":{\"@id\":\"https:\/\/www.transtoyou.com\/de\/product\/vardenafil\/#primaryimage\"},\"thumbnailUrl\":\"https:\/\/www.transtoyou.com\/de\/wp-content\/uploads\/sites\/4\/2026\/01\/tty-no-product-image-91.webp\",\"datePublished\":\"2026-01-24T07:19:00+00:00\",\"dateModified\":\"2026-03-07T12:54:47+00:00\",\"description\":\"Vardenafil, erh\u00e4ltlich bei Transtoyou, verbessert die Intimit\u00e4t durch erh\u00f6hten Blutfluss f\u00fcr eine st\u00e4rkere Erektion. Jetzt effektiv helfen!\",\"breadcrumb\":{\"@id\":\"https:\/\/www.transtoyou.com\/de\/product\/vardenafil\/#breadcrumb\"},\"inLanguage\":\"de\",\"potentialAction\":[{\"@type\":\"ReadAction\",\"target\":[\"https:\/\/www.transtoyou.com\/de\/product\/vardenafil\/\"]}]},{\"@type\":\"ImageObject\",\"inLanguage\":\"de\",\"@id\":\"https:\/\/www.transtoyou.com\/de\/product\/vardenafil\/#primaryimage\",\"url\":\"https:\/\/www.transtoyou.com\/de\/wp-content\/uploads\/sites\/4\/2026\/01\/tty-no-product-image-91.webp\",\"contentUrl\":\"https:\/\/www.transtoyou.com\/de\/wp-content\/uploads\/sites\/4\/2026\/01\/tty-no-product-image-91.webp\",\"width\":1000,\"height\":1000,\"caption\":\"Standardproduktbild\"},{\"@type\":\"WebSite\",\"@id\":\"https:\/\/www.transtoyou.com\/de\/#website\",\"url\":\"https:\/\/www.transtoyou.com\/de\/\",\"name\":\"Transtoyou - DE\",\"description\":\"DE\",\"publisher\":{\"@id\":\"https:\/\/www.transtoyou.com\/de\/#organization\"},\"potentialAction\":[{\"@type\":\"SearchAction\",\"target\":{\"@type\":\"EntryPoint\",\"urlTemplate\":\"https:\/\/www.transtoyou.com\/de\/?s={search_term_string}\"},\"query-input\":{\"@type\":\"PropertyValueSpecification\",\"valueRequired\":true,\"valueName\":\"search_term_string\"}}],\"inLanguage\":\"de\"},{\"@type\":\"Organization\",\"@id\":\"https:\/\/www.transtoyou.com\/de\/#organization\",\"name\":\"Transtoyou - DE\",\"url\":\"https:\/\/www.transtoyou.com\/de\/\",\"logo\":{\"@type\":\"ImageObject\",\"inLanguage\":\"de\",\"@id\":\"https:\/\/www.transtoyou.com\/de\/#\/schema\/logo\/image\/\",\"url\":\"https:\/\/www.transtoyou.com\/de\/wp-content\/uploads\/sites\/4\/2026\/01\/logo-tty-menu-bar-300x87-1.webp\",\"contentUrl\":\"https:\/\/www.transtoyou.com\/de\/wp-content\/uploads\/sites\/4\/2026\/01\/logo-tty-menu-bar-300x87-1.webp\",\"width\":300,\"height\":87,\"caption\":\"Transtoyou - DE\"},\"image\":{\"@id\":\"https:\/\/www.transtoyou.com\/de\/#\/schema\/logo\/image\/\"}}]}<\/script>\n<!-- \/ Yoast SEO plugin. -->","yoast_head_json":{"title":"Vardenafil | Steigert Leistung und Selbstbewusstsein - Transtoyou","description":"Vardenafil, erh\u00e4ltlich bei Transtoyou, verbessert die Intimit\u00e4t durch erh\u00f6hten Blutfluss f\u00fcr eine st\u00e4rkere Erektion. Jetzt effektiv helfen!","robots":{"index":"noindex","follow":"follow","max-snippet":"max-snippet:-1","max-image-preview":"max-image-preview:large","max-video-preview":"max-video-preview:-1"},"og_locale":"de_DE","og_type":"article","og_title":"Vardenafil | Steigert Leistung und Selbstbewusstsein - Transtoyou","og_description":"Vardenafil, erh\u00e4ltlich bei Transtoyou, verbessert die Intimit\u00e4t durch erh\u00f6hten Blutfluss f\u00fcr eine st\u00e4rkere Erektion. Jetzt effektiv helfen!","og_url":"https:\/\/www.transtoyou.com\/de\/product\/vardenafil\/","og_site_name":"Transtoyou - DE","article_modified_time":"2026-03-07T12:54:47+00:00","twitter_card":"summary_large_image","twitter_misc":{"Gesch\u00e4tzte Lesezeit":"1\u00a0Minute"},"schema":{"@context":"https:\/\/schema.org","@graph":[{"@type":"WebPage","@id":"https:\/\/www.transtoyou.com\/de\/product\/vardenafil\/","url":"https:\/\/www.transtoyou.com\/de\/product\/vardenafil\/","name":"Vardenafil | Steigert Leistung und Selbstbewusstsein - Transtoyou","isPartOf":{"@id":"https:\/\/www.transtoyou.com\/de\/#website"},"primaryImageOfPage":{"@id":"https:\/\/www.transtoyou.com\/de\/product\/vardenafil\/#primaryimage"},"image":{"@id":"https:\/\/www.transtoyou.com\/de\/product\/vardenafil\/#primaryimage"},"thumbnailUrl":"https:\/\/www.transtoyou.com\/de\/wp-content\/uploads\/sites\/4\/2026\/01\/tty-no-product-image-91.webp","datePublished":"2026-01-24T07:19:00+00:00","dateModified":"2026-03-07T12:54:47+00:00","description":"Vardenafil, erh\u00e4ltlich bei Transtoyou, verbessert die Intimit\u00e4t durch erh\u00f6hten Blutfluss f\u00fcr eine st\u00e4rkere Erektion. Jetzt effektiv helfen!","breadcrumb":{"@id":"https:\/\/www.transtoyou.com\/de\/product\/vardenafil\/#breadcrumb"},"inLanguage":"de","potentialAction":[{"@type":"ReadAction","target":["https:\/\/www.transtoyou.com\/de\/product\/vardenafil\/"]}]},{"@type":"ImageObject","inLanguage":"de","@id":"https:\/\/www.transtoyou.com\/de\/product\/vardenafil\/#primaryimage","url":"https:\/\/www.transtoyou.com\/de\/wp-content\/uploads\/sites\/4\/2026\/01\/tty-no-product-image-91.webp","contentUrl":"https:\/\/www.transtoyou.com\/de\/wp-content\/uploads\/sites\/4\/2026\/01\/tty-no-product-image-91.webp","width":1000,"height":1000,"caption":"Standardproduktbild"},{"@type":"WebSite","@id":"https:\/\/www.transtoyou.com\/de\/#website","url":"https:\/\/www.transtoyou.com\/de\/","name":"Transtoyou - DE","description":"DE","publisher":{"@id":"https:\/\/www.transtoyou.com\/de\/#organization"},"potentialAction":[{"@type":"SearchAction","target":{"@type":"EntryPoint","urlTemplate":"https:\/\/www.transtoyou.com\/de\/?s={search_term_string}"},"query-input":{"@type":"PropertyValueSpecification","valueRequired":true,"valueName":"search_term_string"}}],"inLanguage":"de"},{"@type":"Organization","@id":"https:\/\/www.transtoyou.com\/de\/#organization","name":"Transtoyou - DE","url":"https:\/\/www.transtoyou.com\/de\/","logo":{"@type":"ImageObject","inLanguage":"de","@id":"https:\/\/www.transtoyou.com\/de\/#\/schema\/logo\/image\/","url":"https:\/\/www.transtoyou.com\/de\/wp-content\/uploads\/sites\/4\/2026\/01\/logo-tty-menu-bar-300x87-1.webp","contentUrl":"https:\/\/www.transtoyou.com\/de\/wp-content\/uploads\/sites\/4\/2026\/01\/logo-tty-menu-bar-300x87-1.webp","width":300,"height":87,"caption":"Transtoyou - DE"},"image":{"@id":"https:\/\/www.transtoyou.com\/de\/#\/schema\/logo\/image\/"}}]}},"_links":{"self":[{"href":"https:\/\/www.transtoyou.com\/de\/wp-json\/wp\/v2\/product\/1005","targetHints":{"allow":["GET"]}}],"collection":[{"href":"https:\/\/www.transtoyou.com\/de\/wp-json\/wp\/v2\/product"}],"about":[{"href":"https:\/\/www.transtoyou.com\/de\/wp-json\/wp\/v2\/types\/product"}],"replies":[{"embeddable":true,"href":"https:\/\/www.transtoyou.com\/de\/wp-json\/wp\/v2\/comments?post=1005"}],"wp:featuredmedia":[{"embeddable":true,"href":"https:\/\/www.transtoyou.com\/de\/wp-json\/wp\/v2\/media\/1007"}],"wp:attachment":[{"href":"https:\/\/www.transtoyou.com\/de\/wp-json\/wp\/v2\/media?parent=1005"}],"wp:term":[{"taxonomy":"product_brand","embeddable":true,"href":"https:\/\/www.transtoyou.com\/de\/wp-json\/wp\/v2\/product_brand?post=1005"},{"taxonomy":"product_cat","embeddable":true,"href":"https:\/\/www.transtoyou.com\/de\/wp-json\/wp\/v2\/product_cat?post=1005"},{"taxonomy":"product_tag","embeddable":true,"href":"https:\/\/www.transtoyou.com\/de\/wp-json\/wp\/v2\/product_tag?post=1005"},{"taxonomy":"expert","embeddable":true,"href":"https:\/\/www.transtoyou.com\/de\/wp-json\/wp\/v2\/expert?post=1005"}],"curies":[{"name":"wp","href":"https:\/\/api.w.org\/{rel}","templated":true}]}}