{"id":1008,"date":"2026-01-24T09:35:16","date_gmt":"2026-01-24T07:35:16","guid":{"rendered":"https:\/\/www.transtoyou.com\/de\/product\/viagra-connect\/"},"modified":"2026-03-07T16:29:34","modified_gmt":"2026-03-07T14:29:34","slug":"viagra-verbinden","status":"publish","type":"product","link":"https:\/\/www.transtoyou.com\/de\/product\/viagra-verbinden\/","title":{"rendered":"Viagra Connect"},"content":{"rendered":"<p>Viagra Connect ist ein rezeptfreies Medikament zur Behandlung von erektiler Dysfunktion (ED) bei erwachsenen M\u00e4nnern. Es enth\u00e4lt 50 mg Sildenafilcitrat, das zu einer Klasse von Arzneimitteln geh\u00f6rt, die als Phosphodiesterase-5 (PDE5)-Hemmer bekannt sind.<\/p>\n<p>Das Medikament wirkt, indem es den Blutfluss zum Penis w\u00e4hrend der sexuellen Erregung erh\u00f6ht. Dies geschieht durch die Hemmung des PDE5-Enzyms, das zyklisches Guanosinmonophosphat (cGMP) abbaut. Dieses chemische Element ist verantwortlich f\u00fcr die Entspannung der glatten Muskulatur und erm\u00f6glicht einen erh\u00f6hten Blutfluss im erektilen Gewebe. Bei sexueller Stimulation hilft dieser Prozess, eine Erektion zu erreichen und aufrechtzuerhalten.<\/p>\n<p>Viagra Connect ist angezeigt zur Behandlung von erektiler Dysfunktion, einem Zustand, bei dem ein Mann Schwierigkeiten hat, eine Erektion zu erreichen oder aufrechtzuerhalten, die f\u00fcr sexuelle Aktivit\u00e4ten geeignet ist. Es ist nicht f\u00fcr die Anwendung bei Personen ohne ED oder als Freizeitmittel gedacht.<\/p>\n<p>Die Wirkungen setzen in der Regel innerhalb von 30 bis 60 Minuten nach der Einnahme der Tablette ein, und die Vorteile k\u00f6nnen bis zu 4 Stunden anhalten, abh\u00e4ngig von der individuellen Reaktion und \u00e4u\u00dferen Faktoren wie der Nahrungsaufnahme.<\/p>\n<p>Die Vorteile von Viagra Connect umfassen einen schnellen Wirkungseintritt, die einfache Verf\u00fcgbarkeit ohne Rezept und ein gut etabliertes Sicherheitsprofil. Es bietet eine zuverl\u00e4ssige und bequeme L\u00f6sung f\u00fcr M\u00e4nner mit leichter bis m\u00e4\u00dfiger ED, insbesondere wenn es unter angemessener medizinischer Anleitung verwendet wird.<\/p>\n<p>Bitte beachten Sie, dass das Medikament keine Erektion von selbst verursacht, sondern nat\u00fcrliche physiologische Reaktionen auf sexuelle Erregung unterst\u00fctzt.<\/p>\n","protected":false},"excerpt":{"rendered":"<ul>\n<li>Schnell wirkende Behandlung von erektiler Dysfunktion<\/li>\n<li>Wirkung bis zu 4 Stunden<\/li>\n<li>Rezeptfrei erh\u00e4ltlich<\/li>\n<\/ul>\n","protected":false},"featured_media":1010,"comment_status":"open","ping_status":"closed","template":"","meta":[],"product_brand":[],"product_cat":[118],"product_tag":[],"expert":[19],"class_list":{"0":"post-1008","1":"product","2":"type-product","3":"status-publish","4":"has-post-thumbnail","6":"product_cat-erektile-dysfunktion-behandlungen","7":"expert-dr-j-vazquez","9":"first","10":"instock","11":"shipping-taxable","12":"product-type-variable"},"yoast_head":"<!-- This site is optimized with the Yoast SEO plugin v27.0 - https:\/\/yoast.com\/product\/yoast-seo-wordpress\/ -->\n<title>Viagra Connect | Nat\u00fcrliche Verbesserung der Durchblutung - Transtoyou<\/title>\n<meta name=\"description\" content=\"Viagra Connect, hier erh\u00e4ltlich, hilft bei erektiler Dysfunktion durch bessere Durchblutung. Jetzt effektiv und rezeptfrei bestellen.\" \/>\n<meta name=\"robots\" content=\"noindex, follow, max-snippet:-1, max-image-preview:large, max-video-preview:-1\" \/>\n<meta property=\"og:locale\" content=\"de_DE\" \/>\n<meta property=\"og:type\" content=\"article\" \/>\n<meta property=\"og:title\" content=\"Viagra Connect | Nat\u00fcrliche Verbesserung der Durchblutung - Transtoyou\" \/>\n<meta property=\"og:description\" content=\"Viagra Connect, hier erh\u00e4ltlich, hilft bei erektiler Dysfunktion durch bessere Durchblutung. Jetzt effektiv und rezeptfrei bestellen.\" \/>\n<meta property=\"og:url\" content=\"https:\/\/www.transtoyou.com\/de\/product\/viagra-connect\/\" \/>\n<meta property=\"og:site_name\" content=\"Transtoyou - DE\" \/>\n<meta property=\"article:modified_time\" content=\"2026-03-07T14:29:34+00:00\" \/>\n<meta name=\"twitter:card\" content=\"summary_large_image\" \/>\n<meta name=\"twitter:label1\" content=\"Gesch\u00e4tzte Lesezeit\" \/>\n\t<meta name=\"twitter:data1\" content=\"1\u00a0Minute\" \/>\n<script type=\"application\/ld+json\" class=\"yoast-schema-graph\">{\"@context\":\"https:\/\/schema.org\",\"@graph\":[{\"@type\":\"WebPage\",\"@id\":\"https:\/\/www.transtoyou.com\/de\/product\/viagra-connect\/\",\"url\":\"https:\/\/www.transtoyou.com\/de\/product\/viagra-connect\/\",\"name\":\"Viagra Connect | Nat\u00fcrliche Verbesserung der Durchblutung - Transtoyou\",\"isPartOf\":{\"@id\":\"https:\/\/www.transtoyou.com\/de\/#website\"},\"primaryImageOfPage\":{\"@id\":\"https:\/\/www.transtoyou.com\/de\/product\/viagra-connect\/#primaryimage\"},\"image\":{\"@id\":\"https:\/\/www.transtoyou.com\/de\/product\/viagra-connect\/#primaryimage\"},\"thumbnailUrl\":\"https:\/\/www.transtoyou.com\/de\/wp-content\/uploads\/sites\/4\/2026\/01\/tty-no-product-image-92.webp\",\"datePublished\":\"2026-01-24T07:35:16+00:00\",\"dateModified\":\"2026-03-07T14:29:34+00:00\",\"description\":\"Viagra Connect, hier erh\u00e4ltlich, hilft bei erektiler Dysfunktion durch bessere Durchblutung. Jetzt effektiv und rezeptfrei bestellen.\",\"breadcrumb\":{\"@id\":\"https:\/\/www.transtoyou.com\/de\/product\/viagra-connect\/#breadcrumb\"},\"inLanguage\":\"de\",\"potentialAction\":[{\"@type\":\"ReadAction\",\"target\":[\"https:\/\/www.transtoyou.com\/de\/product\/viagra-connect\/\"]}]},{\"@type\":\"ImageObject\",\"inLanguage\":\"de\",\"@id\":\"https:\/\/www.transtoyou.com\/de\/product\/viagra-connect\/#primaryimage\",\"url\":\"https:\/\/www.transtoyou.com\/de\/wp-content\/uploads\/sites\/4\/2026\/01\/tty-no-product-image-92.webp\",\"contentUrl\":\"https:\/\/www.transtoyou.com\/de\/wp-content\/uploads\/sites\/4\/2026\/01\/tty-no-product-image-92.webp\",\"width\":1000,\"height\":1000,\"caption\":\"Standardproduktbild\"},{\"@type\":\"WebSite\",\"@id\":\"https:\/\/www.transtoyou.com\/de\/#website\",\"url\":\"https:\/\/www.transtoyou.com\/de\/\",\"name\":\"Transtoyou - DE\",\"description\":\"DE\",\"publisher\":{\"@id\":\"https:\/\/www.transtoyou.com\/de\/#organization\"},\"potentialAction\":[{\"@type\":\"SearchAction\",\"target\":{\"@type\":\"EntryPoint\",\"urlTemplate\":\"https:\/\/www.transtoyou.com\/de\/?s={search_term_string}\"},\"query-input\":{\"@type\":\"PropertyValueSpecification\",\"valueRequired\":true,\"valueName\":\"search_term_string\"}}],\"inLanguage\":\"de\"},{\"@type\":\"Organization\",\"@id\":\"https:\/\/www.transtoyou.com\/de\/#organization\",\"name\":\"Transtoyou - DE\",\"url\":\"https:\/\/www.transtoyou.com\/de\/\",\"logo\":{\"@type\":\"ImageObject\",\"inLanguage\":\"de\",\"@id\":\"https:\/\/www.transtoyou.com\/de\/#\/schema\/logo\/image\/\",\"url\":\"https:\/\/www.transtoyou.com\/de\/wp-content\/uploads\/sites\/4\/2026\/01\/logo-tty-menu-bar-300x87-1.webp\",\"contentUrl\":\"https:\/\/www.transtoyou.com\/de\/wp-content\/uploads\/sites\/4\/2026\/01\/logo-tty-menu-bar-300x87-1.webp\",\"width\":300,\"height\":87,\"caption\":\"Transtoyou - DE\"},\"image\":{\"@id\":\"https:\/\/www.transtoyou.com\/de\/#\/schema\/logo\/image\/\"}}]}<\/script>\n<!-- \/ Yoast SEO plugin. -->","yoast_head_json":{"title":"Viagra Connect | Nat\u00fcrliche Verbesserung der Durchblutung - Transtoyou","description":"Viagra Connect, hier erh\u00e4ltlich, hilft bei erektiler Dysfunktion durch bessere Durchblutung. Jetzt effektiv und rezeptfrei bestellen.","robots":{"index":"noindex","follow":"follow","max-snippet":"max-snippet:-1","max-image-preview":"max-image-preview:large","max-video-preview":"max-video-preview:-1"},"og_locale":"de_DE","og_type":"article","og_title":"Viagra Connect | Nat\u00fcrliche Verbesserung der Durchblutung - Transtoyou","og_description":"Viagra Connect, hier erh\u00e4ltlich, hilft bei erektiler Dysfunktion durch bessere Durchblutung. Jetzt effektiv und rezeptfrei bestellen.","og_url":"https:\/\/www.transtoyou.com\/de\/product\/viagra-connect\/","og_site_name":"Transtoyou - DE","article_modified_time":"2026-03-07T14:29:34+00:00","twitter_card":"summary_large_image","twitter_misc":{"Gesch\u00e4tzte Lesezeit":"1\u00a0Minute"},"schema":{"@context":"https:\/\/schema.org","@graph":[{"@type":"WebPage","@id":"https:\/\/www.transtoyou.com\/de\/product\/viagra-connect\/","url":"https:\/\/www.transtoyou.com\/de\/product\/viagra-connect\/","name":"Viagra Connect | Nat\u00fcrliche Verbesserung der Durchblutung - Transtoyou","isPartOf":{"@id":"https:\/\/www.transtoyou.com\/de\/#website"},"primaryImageOfPage":{"@id":"https:\/\/www.transtoyou.com\/de\/product\/viagra-connect\/#primaryimage"},"image":{"@id":"https:\/\/www.transtoyou.com\/de\/product\/viagra-connect\/#primaryimage"},"thumbnailUrl":"https:\/\/www.transtoyou.com\/de\/wp-content\/uploads\/sites\/4\/2026\/01\/tty-no-product-image-92.webp","datePublished":"2026-01-24T07:35:16+00:00","dateModified":"2026-03-07T14:29:34+00:00","description":"Viagra Connect, hier erh\u00e4ltlich, hilft bei erektiler Dysfunktion durch bessere Durchblutung. Jetzt effektiv und rezeptfrei bestellen.","breadcrumb":{"@id":"https:\/\/www.transtoyou.com\/de\/product\/viagra-connect\/#breadcrumb"},"inLanguage":"de","potentialAction":[{"@type":"ReadAction","target":["https:\/\/www.transtoyou.com\/de\/product\/viagra-connect\/"]}]},{"@type":"ImageObject","inLanguage":"de","@id":"https:\/\/www.transtoyou.com\/de\/product\/viagra-connect\/#primaryimage","url":"https:\/\/www.transtoyou.com\/de\/wp-content\/uploads\/sites\/4\/2026\/01\/tty-no-product-image-92.webp","contentUrl":"https:\/\/www.transtoyou.com\/de\/wp-content\/uploads\/sites\/4\/2026\/01\/tty-no-product-image-92.webp","width":1000,"height":1000,"caption":"Standardproduktbild"},{"@type":"WebSite","@id":"https:\/\/www.transtoyou.com\/de\/#website","url":"https:\/\/www.transtoyou.com\/de\/","name":"Transtoyou - DE","description":"DE","publisher":{"@id":"https:\/\/www.transtoyou.com\/de\/#organization"},"potentialAction":[{"@type":"SearchAction","target":{"@type":"EntryPoint","urlTemplate":"https:\/\/www.transtoyou.com\/de\/?s={search_term_string}"},"query-input":{"@type":"PropertyValueSpecification","valueRequired":true,"valueName":"search_term_string"}}],"inLanguage":"de"},{"@type":"Organization","@id":"https:\/\/www.transtoyou.com\/de\/#organization","name":"Transtoyou - DE","url":"https:\/\/www.transtoyou.com\/de\/","logo":{"@type":"ImageObject","inLanguage":"de","@id":"https:\/\/www.transtoyou.com\/de\/#\/schema\/logo\/image\/","url":"https:\/\/www.transtoyou.com\/de\/wp-content\/uploads\/sites\/4\/2026\/01\/logo-tty-menu-bar-300x87-1.webp","contentUrl":"https:\/\/www.transtoyou.com\/de\/wp-content\/uploads\/sites\/4\/2026\/01\/logo-tty-menu-bar-300x87-1.webp","width":300,"height":87,"caption":"Transtoyou - DE"},"image":{"@id":"https:\/\/www.transtoyou.com\/de\/#\/schema\/logo\/image\/"}}]}},"_links":{"self":[{"href":"https:\/\/www.transtoyou.com\/de\/wp-json\/wp\/v2\/product\/1008","targetHints":{"allow":["GET"]}}],"collection":[{"href":"https:\/\/www.transtoyou.com\/de\/wp-json\/wp\/v2\/product"}],"about":[{"href":"https:\/\/www.transtoyou.com\/de\/wp-json\/wp\/v2\/types\/product"}],"replies":[{"embeddable":true,"href":"https:\/\/www.transtoyou.com\/de\/wp-json\/wp\/v2\/comments?post=1008"}],"wp:featuredmedia":[{"embeddable":true,"href":"https:\/\/www.transtoyou.com\/de\/wp-json\/wp\/v2\/media\/1010"}],"wp:attachment":[{"href":"https:\/\/www.transtoyou.com\/de\/wp-json\/wp\/v2\/media?parent=1008"}],"wp:term":[{"taxonomy":"product_brand","embeddable":true,"href":"https:\/\/www.transtoyou.com\/de\/wp-json\/wp\/v2\/product_brand?post=1008"},{"taxonomy":"product_cat","embeddable":true,"href":"https:\/\/www.transtoyou.com\/de\/wp-json\/wp\/v2\/product_cat?post=1008"},{"taxonomy":"product_tag","embeddable":true,"href":"https:\/\/www.transtoyou.com\/de\/wp-json\/wp\/v2\/product_tag?post=1008"},{"taxonomy":"expert","embeddable":true,"href":"https:\/\/www.transtoyou.com\/de\/wp-json\/wp\/v2\/expert?post=1008"}],"curies":[{"name":"wp","href":"https:\/\/api.w.org\/{rel}","templated":true}]}}