{"id":1011,"date":"2026-01-24T09:49:15","date_gmt":"2026-01-24T07:49:15","guid":{"rendered":"https:\/\/www.transtoyou.com\/de\/product\/vitaros-creme\/"},"modified":"2026-01-24T09:50:08","modified_gmt":"2026-01-24T07:50:08","slug":"vitaros-creme","status":"publish","type":"product","link":"https:\/\/www.transtoyou.com\/de\/product\/vitaros-creme\/","title":{"rendered":"Vitaros Creme"},"content":{"rendered":"<p>Vitaros Creme ist ein topisches Medikament zur Behandlung von erektiler Dysfunktion (ED) bei erwachsenen M\u00e4nnern. Im Gegensatz zu oralen ED-Behandlungen, die systemisch wirken, wirkt Vitaros lokal durch direkte Anwendung auf die Spitze des Penis. Es enth\u00e4lt den Wirkstoff Alprostadil, eine synthetische Version von Prostaglandin E1, einer nat\u00fcrlich im K\u00f6rper vorkommenden Substanz, die an der Erweiterung der Blutgef\u00e4\u00dfe beteiligt ist.<\/p>\n<p>Vitaros wirkt, indem es das glatte Muskelgewebe im Corpus cavernosum entspannt und die Blutgef\u00e4\u00dfe im Penisbereich erweitert. Dies erh\u00f6ht den Blutfluss zum Penis und erleichtert so eine Erektion als Reaktion auf sexuelle Stimulation. Da es nicht auf den Stickstoffmonoxid-Weg wie PDE5-Hemmer (z. B. Sildenafil) angewiesen ist, kann Vitaros eine effektive Option f\u00fcr M\u00e4nner sein, die keine geeigneten Kandidaten f\u00fcr orale ED-Medikamente sind oder auf diese nicht angesprochen haben.<\/p>\n<p>Die Indikationen f\u00fcr Vitaros umfassen die Behandlung von leichter bis schwerer erektiler Dysfunktion, insbesondere in F\u00e4llen, die mit Diabetes, R\u00fcckenmarksverletzungen oder psychologischen Erkrankungen zusammenh\u00e4ngen, wenn systemische Behandlungen nicht vertragen werden oder kontraindiziert sind.<\/p>\n<p>Das Medikament beginnt innerhalb von 5 bis 30 Minuten nach der Anwendung zu wirken, und seine Wirkung h\u00e4lt typischerweise 1 bis 2 Stunden an. Es ist eine nicht-invasive Alternative zu injizierbaren oder oralen ED-Behandlungen und vermeidet systemische Nebenwirkungen wie Kopfschmerzen oder kardiovaskul\u00e4re Probleme.<\/p>\n","protected":false},"excerpt":{"rendered":"<ul>\n<li>Topische Behandlung f\u00fcr erektile Dysfunktion<\/li>\n<li>Wirkt lokal innerhalb von 30 Minuten<\/li>\n<li>Ideal f\u00fcr M\u00e4nner, die orale Medikamente vermeiden<\/li>\n<\/ul>\n","protected":false},"featured_media":1013,"comment_status":"open","ping_status":"closed","template":"","meta":[],"product_brand":[],"product_cat":[118],"product_tag":[],"expert":[19],"class_list":{"0":"post-1011","1":"product","2":"type-product","3":"status-publish","4":"has-post-thumbnail","6":"product_cat-erektile-dysfunktion-behandlungen","7":"expert-dr-j-vazquez","9":"first","10":"instock","11":"shipping-taxable","12":"product-type-variable"},"yoast_head":"<!-- This site is optimized with the Yoast SEO plugin v27.0 - https:\/\/yoast.com\/product\/yoast-seo-wordpress\/ -->\n<title>Vitaros Creme | Gezielte ED Linderung - Transtoyou<\/title>\n<meta name=\"description\" content=\"Vitaros Creme behandelt erektile Dysfunktion direkt. Steigere die Durchblutung und erziele Ergebnisse mit lokaler Anwendung. Jetzt f\u00fcr effektive ED-Linderung einkaufen.\" \/>\n<meta name=\"robots\" content=\"noindex, follow, max-snippet:-1, max-image-preview:large, max-video-preview:-1\" \/>\n<meta property=\"og:locale\" content=\"de_DE\" \/>\n<meta property=\"og:type\" content=\"article\" \/>\n<meta property=\"og:title\" content=\"Vitaros Creme | Gezielte ED Linderung - Transtoyou\" \/>\n<meta property=\"og:description\" content=\"Vitaros Creme behandelt erektile Dysfunktion direkt. Steigere die Durchblutung und erziele Ergebnisse mit lokaler Anwendung. Jetzt f\u00fcr effektive ED-Linderung einkaufen.\" \/>\n<meta property=\"og:url\" content=\"https:\/\/www.transtoyou.com\/de\/product\/vitaros-creme\/\" \/>\n<meta property=\"og:site_name\" content=\"Transtoyou - DE\" \/>\n<meta property=\"article:modified_time\" content=\"2026-01-24T07:50:08+00:00\" \/>\n<meta name=\"twitter:card\" content=\"summary_large_image\" \/>\n<meta name=\"twitter:label1\" content=\"Gesch\u00e4tzte Lesezeit\" \/>\n\t<meta name=\"twitter:data1\" content=\"1\u00a0Minute\" \/>\n<script type=\"application\/ld+json\" class=\"yoast-schema-graph\">{\"@context\":\"https:\/\/schema.org\",\"@graph\":[{\"@type\":\"WebPage\",\"@id\":\"https:\/\/www.transtoyou.com\/de\/product\/vitaros-creme\/\",\"url\":\"https:\/\/www.transtoyou.com\/de\/product\/vitaros-creme\/\",\"name\":\"Vitaros Creme | Gezielte ED Linderung - Transtoyou\",\"isPartOf\":{\"@id\":\"https:\/\/www.transtoyou.com\/de\/#website\"},\"primaryImageOfPage\":{\"@id\":\"https:\/\/www.transtoyou.com\/de\/product\/vitaros-creme\/#primaryimage\"},\"image\":{\"@id\":\"https:\/\/www.transtoyou.com\/de\/product\/vitaros-creme\/#primaryimage\"},\"thumbnailUrl\":\"https:\/\/www.transtoyou.com\/de\/wp-content\/uploads\/sites\/4\/2026\/01\/tty-no-product-image-93.webp\",\"datePublished\":\"2026-01-24T07:49:15+00:00\",\"dateModified\":\"2026-01-24T07:50:08+00:00\",\"description\":\"Vitaros Creme behandelt erektile Dysfunktion direkt. Steigere die Durchblutung und erziele Ergebnisse mit lokaler Anwendung. Jetzt f\u00fcr effektive ED-Linderung einkaufen.\",\"breadcrumb\":{\"@id\":\"https:\/\/www.transtoyou.com\/de\/product\/vitaros-creme\/#breadcrumb\"},\"inLanguage\":\"de\",\"potentialAction\":[{\"@type\":\"ReadAction\",\"target\":[\"https:\/\/www.transtoyou.com\/de\/product\/vitaros-creme\/\"]}]},{\"@type\":\"ImageObject\",\"inLanguage\":\"de\",\"@id\":\"https:\/\/www.transtoyou.com\/de\/product\/vitaros-creme\/#primaryimage\",\"url\":\"https:\/\/www.transtoyou.com\/de\/wp-content\/uploads\/sites\/4\/2026\/01\/tty-no-product-image-93.webp\",\"contentUrl\":\"https:\/\/www.transtoyou.com\/de\/wp-content\/uploads\/sites\/4\/2026\/01\/tty-no-product-image-93.webp\",\"width\":1000,\"height\":1000,\"caption\":\"Standardproduktbild\"},{\"@type\":\"WebSite\",\"@id\":\"https:\/\/www.transtoyou.com\/de\/#website\",\"url\":\"https:\/\/www.transtoyou.com\/de\/\",\"name\":\"Transtoyou - DE\",\"description\":\"DE\",\"publisher\":{\"@id\":\"https:\/\/www.transtoyou.com\/de\/#organization\"},\"potentialAction\":[{\"@type\":\"SearchAction\",\"target\":{\"@type\":\"EntryPoint\",\"urlTemplate\":\"https:\/\/www.transtoyou.com\/de\/?s={search_term_string}\"},\"query-input\":{\"@type\":\"PropertyValueSpecification\",\"valueRequired\":true,\"valueName\":\"search_term_string\"}}],\"inLanguage\":\"de\"},{\"@type\":\"Organization\",\"@id\":\"https:\/\/www.transtoyou.com\/de\/#organization\",\"name\":\"Transtoyou - DE\",\"url\":\"https:\/\/www.transtoyou.com\/de\/\",\"logo\":{\"@type\":\"ImageObject\",\"inLanguage\":\"de\",\"@id\":\"https:\/\/www.transtoyou.com\/de\/#\/schema\/logo\/image\/\",\"url\":\"https:\/\/www.transtoyou.com\/de\/wp-content\/uploads\/sites\/4\/2026\/01\/logo-tty-menu-bar-300x87-1.webp\",\"contentUrl\":\"https:\/\/www.transtoyou.com\/de\/wp-content\/uploads\/sites\/4\/2026\/01\/logo-tty-menu-bar-300x87-1.webp\",\"width\":300,\"height\":87,\"caption\":\"Transtoyou - DE\"},\"image\":{\"@id\":\"https:\/\/www.transtoyou.com\/de\/#\/schema\/logo\/image\/\"}}]}<\/script>\n<!-- \/ Yoast SEO plugin. -->","yoast_head_json":{"title":"Vitaros Creme | Gezielte ED Linderung - Transtoyou","description":"Vitaros Creme behandelt erektile Dysfunktion direkt. Steigere die Durchblutung und erziele Ergebnisse mit lokaler Anwendung. Jetzt f\u00fcr effektive ED-Linderung einkaufen.","robots":{"index":"noindex","follow":"follow","max-snippet":"max-snippet:-1","max-image-preview":"max-image-preview:large","max-video-preview":"max-video-preview:-1"},"og_locale":"de_DE","og_type":"article","og_title":"Vitaros Creme | Gezielte ED Linderung - Transtoyou","og_description":"Vitaros Creme behandelt erektile Dysfunktion direkt. Steigere die Durchblutung und erziele Ergebnisse mit lokaler Anwendung. Jetzt f\u00fcr effektive ED-Linderung einkaufen.","og_url":"https:\/\/www.transtoyou.com\/de\/product\/vitaros-creme\/","og_site_name":"Transtoyou - DE","article_modified_time":"2026-01-24T07:50:08+00:00","twitter_card":"summary_large_image","twitter_misc":{"Gesch\u00e4tzte Lesezeit":"1\u00a0Minute"},"schema":{"@context":"https:\/\/schema.org","@graph":[{"@type":"WebPage","@id":"https:\/\/www.transtoyou.com\/de\/product\/vitaros-creme\/","url":"https:\/\/www.transtoyou.com\/de\/product\/vitaros-creme\/","name":"Vitaros Creme | Gezielte ED Linderung - Transtoyou","isPartOf":{"@id":"https:\/\/www.transtoyou.com\/de\/#website"},"primaryImageOfPage":{"@id":"https:\/\/www.transtoyou.com\/de\/product\/vitaros-creme\/#primaryimage"},"image":{"@id":"https:\/\/www.transtoyou.com\/de\/product\/vitaros-creme\/#primaryimage"},"thumbnailUrl":"https:\/\/www.transtoyou.com\/de\/wp-content\/uploads\/sites\/4\/2026\/01\/tty-no-product-image-93.webp","datePublished":"2026-01-24T07:49:15+00:00","dateModified":"2026-01-24T07:50:08+00:00","description":"Vitaros Creme behandelt erektile Dysfunktion direkt. Steigere die Durchblutung und erziele Ergebnisse mit lokaler Anwendung. Jetzt f\u00fcr effektive ED-Linderung einkaufen.","breadcrumb":{"@id":"https:\/\/www.transtoyou.com\/de\/product\/vitaros-creme\/#breadcrumb"},"inLanguage":"de","potentialAction":[{"@type":"ReadAction","target":["https:\/\/www.transtoyou.com\/de\/product\/vitaros-creme\/"]}]},{"@type":"ImageObject","inLanguage":"de","@id":"https:\/\/www.transtoyou.com\/de\/product\/vitaros-creme\/#primaryimage","url":"https:\/\/www.transtoyou.com\/de\/wp-content\/uploads\/sites\/4\/2026\/01\/tty-no-product-image-93.webp","contentUrl":"https:\/\/www.transtoyou.com\/de\/wp-content\/uploads\/sites\/4\/2026\/01\/tty-no-product-image-93.webp","width":1000,"height":1000,"caption":"Standardproduktbild"},{"@type":"WebSite","@id":"https:\/\/www.transtoyou.com\/de\/#website","url":"https:\/\/www.transtoyou.com\/de\/","name":"Transtoyou - DE","description":"DE","publisher":{"@id":"https:\/\/www.transtoyou.com\/de\/#organization"},"potentialAction":[{"@type":"SearchAction","target":{"@type":"EntryPoint","urlTemplate":"https:\/\/www.transtoyou.com\/de\/?s={search_term_string}"},"query-input":{"@type":"PropertyValueSpecification","valueRequired":true,"valueName":"search_term_string"}}],"inLanguage":"de"},{"@type":"Organization","@id":"https:\/\/www.transtoyou.com\/de\/#organization","name":"Transtoyou - DE","url":"https:\/\/www.transtoyou.com\/de\/","logo":{"@type":"ImageObject","inLanguage":"de","@id":"https:\/\/www.transtoyou.com\/de\/#\/schema\/logo\/image\/","url":"https:\/\/www.transtoyou.com\/de\/wp-content\/uploads\/sites\/4\/2026\/01\/logo-tty-menu-bar-300x87-1.webp","contentUrl":"https:\/\/www.transtoyou.com\/de\/wp-content\/uploads\/sites\/4\/2026\/01\/logo-tty-menu-bar-300x87-1.webp","width":300,"height":87,"caption":"Transtoyou - DE"},"image":{"@id":"https:\/\/www.transtoyou.com\/de\/#\/schema\/logo\/image\/"}}]}},"_links":{"self":[{"href":"https:\/\/www.transtoyou.com\/de\/wp-json\/wp\/v2\/product\/1011","targetHints":{"allow":["GET"]}}],"collection":[{"href":"https:\/\/www.transtoyou.com\/de\/wp-json\/wp\/v2\/product"}],"about":[{"href":"https:\/\/www.transtoyou.com\/de\/wp-json\/wp\/v2\/types\/product"}],"replies":[{"embeddable":true,"href":"https:\/\/www.transtoyou.com\/de\/wp-json\/wp\/v2\/comments?post=1011"}],"wp:featuredmedia":[{"embeddable":true,"href":"https:\/\/www.transtoyou.com\/de\/wp-json\/wp\/v2\/media\/1013"}],"wp:attachment":[{"href":"https:\/\/www.transtoyou.com\/de\/wp-json\/wp\/v2\/media?parent=1011"}],"wp:term":[{"taxonomy":"product_brand","embeddable":true,"href":"https:\/\/www.transtoyou.com\/de\/wp-json\/wp\/v2\/product_brand?post=1011"},{"taxonomy":"product_cat","embeddable":true,"href":"https:\/\/www.transtoyou.com\/de\/wp-json\/wp\/v2\/product_cat?post=1011"},{"taxonomy":"product_tag","embeddable":true,"href":"https:\/\/www.transtoyou.com\/de\/wp-json\/wp\/v2\/product_tag?post=1011"},{"taxonomy":"expert","embeddable":true,"href":"https:\/\/www.transtoyou.com\/de\/wp-json\/wp\/v2\/expert?post=1011"}],"curies":[{"name":"wp","href":"https:\/\/api.w.org\/{rel}","templated":true}]}}