{"id":1014,"date":"2026-01-24T10:03:07","date_gmt":"2026-01-24T08:03:07","guid":{"rendered":"https:\/\/www.transtoyou.com\/de\/product\/warticon-podophyllotoxin\/"},"modified":"2026-01-24T10:04:07","modified_gmt":"2026-01-24T08:04:07","slug":"warticon-podophyllotoxin","status":"publish","type":"product","link":"https:\/\/www.transtoyou.com\/de\/product\/warticon-podophyllotoxin\/","title":{"rendered":"Warticon (Podophyllotoxin)"},"content":{"rendered":"<p>Warticon ist eine topische L\u00f6sung zur Behandlung von \u00e4u\u00dferen Genitalwarzen unter medizinischer Aufsicht. Es enth\u00e4lt Podophyllotoxin, eine pflanzliche Verbindung, die auf das Warzengewebe wirkt, um eine Reduktion zu f\u00f6rdern. Podophyllotoxin stoppt das Wachstum der Warzenzellen, was schlie\u00dflich zu deren Zerst\u00f6rung und Entfernung f\u00fchrt.<\/p>\n<p>Genitalwarzen werden durch bestimmte St\u00e4mme des humanen Papillomavirus (HPV) verursacht und k\u00f6nnen als kleine, fleischfarbene Erhebungen im Genitalbereich auftreten. Obwohl sie oft schmerzlos sind, k\u00f6nnen sie Reizungen, Juckreiz oder Unbehagen verursachen und sich ausbreiten, wenn sie unbehandelt bleiben. Warticon kann helfen, die Symptome zu lindern, indem es die infizierten Hautzellen beeinflusst und die Ausbreitung der Warze verhindert.<\/p>\n<p>Warticon wird normalerweise zweimal t\u00e4glich \u00fcber drei aufeinanderfolgende Tage angewendet, gefolgt von einer vier-t\u00e4gigen Pause. Dieser Zyklus kann bis zu vier Wochen wiederholt werden, abh\u00e4ngig von der Gr\u00f6\u00dfe und Anzahl der Warzen. Die Behandlung sollte sorgf\u00e4ltig auf die Warze selbst aufgetragen werden, wobei gesunde umgebende Haut zu vermeiden ist.<\/p>\n<p>Einige Personen k\u00f6nnen innerhalb einer Woche nach Beginn der Behandlung sichtbare Ver\u00e4nderungen bemerken, einschlie\u00dflich m\u00f6glicher Schrumpfung, Trockenheit oder Aufl\u00f6sung der Warzen. Leichte Reizungen, R\u00f6tungen oder ein brennendes Gef\u00fchl sind an der Anwendungsstelle, insbesondere in den ersten Tagen der Anwendung, h\u00e4ufig.<\/p>\n<p>Warticon sollte nicht auf verletzter Haut, offenen Wunden oder gro\u00dfen Bereichen mit Warzen angewendet werden. Es ist nicht f\u00fcr die interne Anwendung bestimmt und muss von Augen, Mund und Schleimh\u00e4uten ferngehalten werden.<\/p>\n","protected":false},"excerpt":{"rendered":"<ul>\n<li>Zielt auf Gewebe von Genitalwarzen ab<\/li>\n<li>Pflanzenbasierter Wirkstoff<\/li>\n<li>Kurzfristige topische Selbstbehandlung<\/li>\n<\/ul>\n","protected":false},"featured_media":1015,"comment_status":"open","ping_status":"closed","template":"","meta":[],"product_brand":[],"product_cat":[179],"product_tag":[],"expert":[19],"class_list":{"0":"post-1014","1":"product","2":"type-product","3":"status-publish","4":"has-post-thumbnail","6":"product_cat-warzen","7":"expert-dr-j-vazquez","9":"first","10":"instock","11":"shipping-taxable","12":"product-type-simple"},"yoast_head":"<!-- This site is optimized with the Yoast SEO plugin v27.0 - https:\/\/yoast.com\/product\/yoast-seo-wordpress\/ -->\n<title>Warticon (Podophyllotoxin) | Warzen Symptome behandeln - Transtoyou<\/title>\n<meta name=\"description\" content=\"Warticon (Podophyllotoxin) behandelt Genitalwarzen, indem es Warzenzellen angreift. Jetzt erh\u00e4ltlich, verwalte Symptome effektiv mit dieser vertrauensw\u00fcrdigen L\u00f6sung.\" \/>\n<meta name=\"robots\" content=\"noindex, follow, max-snippet:-1, max-image-preview:large, max-video-preview:-1\" \/>\n<meta property=\"og:locale\" content=\"de_DE\" \/>\n<meta property=\"og:type\" content=\"article\" \/>\n<meta property=\"og:title\" content=\"Warticon (Podophyllotoxin) | Warzen Symptome behandeln - Transtoyou\" \/>\n<meta property=\"og:description\" content=\"Warticon (Podophyllotoxin) behandelt Genitalwarzen, indem es Warzenzellen angreift. Jetzt erh\u00e4ltlich, verwalte Symptome effektiv mit dieser vertrauensw\u00fcrdigen L\u00f6sung.\" \/>\n<meta property=\"og:url\" content=\"https:\/\/www.transtoyou.com\/de\/product\/warticon-podophyllotoxin\/\" \/>\n<meta property=\"og:site_name\" content=\"Transtoyou - DE\" \/>\n<meta property=\"article:modified_time\" content=\"2026-01-24T08:04:07+00:00\" \/>\n<meta name=\"twitter:card\" content=\"summary_large_image\" \/>\n<meta name=\"twitter:label1\" content=\"Gesch\u00e4tzte Lesezeit\" \/>\n\t<meta name=\"twitter:data1\" content=\"1\u00a0Minute\" \/>\n<script type=\"application\/ld+json\" class=\"yoast-schema-graph\">{\"@context\":\"https:\/\/schema.org\",\"@graph\":[{\"@type\":\"WebPage\",\"@id\":\"https:\/\/www.transtoyou.com\/de\/product\/warticon-podophyllotoxin\/\",\"url\":\"https:\/\/www.transtoyou.com\/de\/product\/warticon-podophyllotoxin\/\",\"name\":\"Warticon (Podophyllotoxin) | Warzen Symptome behandeln - Transtoyou\",\"isPartOf\":{\"@id\":\"https:\/\/www.transtoyou.com\/de\/#website\"},\"primaryImageOfPage\":{\"@id\":\"https:\/\/www.transtoyou.com\/de\/product\/warticon-podophyllotoxin\/#primaryimage\"},\"image\":{\"@id\":\"https:\/\/www.transtoyou.com\/de\/product\/warticon-podophyllotoxin\/#primaryimage\"},\"thumbnailUrl\":\"https:\/\/www.transtoyou.com\/de\/wp-content\/uploads\/sites\/4\/2026\/01\/tty-no-product-image-94.webp\",\"datePublished\":\"2026-01-24T08:03:07+00:00\",\"dateModified\":\"2026-01-24T08:04:07+00:00\",\"description\":\"Warticon (Podophyllotoxin) behandelt Genitalwarzen, indem es Warzenzellen angreift. Jetzt erh\u00e4ltlich, verwalte Symptome effektiv mit dieser vertrauensw\u00fcrdigen L\u00f6sung.\",\"breadcrumb\":{\"@id\":\"https:\/\/www.transtoyou.com\/de\/product\/warticon-podophyllotoxin\/#breadcrumb\"},\"inLanguage\":\"de\",\"potentialAction\":[{\"@type\":\"ReadAction\",\"target\":[\"https:\/\/www.transtoyou.com\/de\/product\/warticon-podophyllotoxin\/\"]}]},{\"@type\":\"ImageObject\",\"inLanguage\":\"de\",\"@id\":\"https:\/\/www.transtoyou.com\/de\/product\/warticon-podophyllotoxin\/#primaryimage\",\"url\":\"https:\/\/www.transtoyou.com\/de\/wp-content\/uploads\/sites\/4\/2026\/01\/tty-no-product-image-94.webp\",\"contentUrl\":\"https:\/\/www.transtoyou.com\/de\/wp-content\/uploads\/sites\/4\/2026\/01\/tty-no-product-image-94.webp\",\"width\":1000,\"height\":1000,\"caption\":\"Standardproduktbild\"},{\"@type\":\"WebSite\",\"@id\":\"https:\/\/www.transtoyou.com\/de\/#website\",\"url\":\"https:\/\/www.transtoyou.com\/de\/\",\"name\":\"Transtoyou - DE\",\"description\":\"DE\",\"publisher\":{\"@id\":\"https:\/\/www.transtoyou.com\/de\/#organization\"},\"potentialAction\":[{\"@type\":\"SearchAction\",\"target\":{\"@type\":\"EntryPoint\",\"urlTemplate\":\"https:\/\/www.transtoyou.com\/de\/?s={search_term_string}\"},\"query-input\":{\"@type\":\"PropertyValueSpecification\",\"valueRequired\":true,\"valueName\":\"search_term_string\"}}],\"inLanguage\":\"de\"},{\"@type\":\"Organization\",\"@id\":\"https:\/\/www.transtoyou.com\/de\/#organization\",\"name\":\"Transtoyou - DE\",\"url\":\"https:\/\/www.transtoyou.com\/de\/\",\"logo\":{\"@type\":\"ImageObject\",\"inLanguage\":\"de\",\"@id\":\"https:\/\/www.transtoyou.com\/de\/#\/schema\/logo\/image\/\",\"url\":\"https:\/\/www.transtoyou.com\/de\/wp-content\/uploads\/sites\/4\/2026\/01\/logo-tty-menu-bar-300x87-1.webp\",\"contentUrl\":\"https:\/\/www.transtoyou.com\/de\/wp-content\/uploads\/sites\/4\/2026\/01\/logo-tty-menu-bar-300x87-1.webp\",\"width\":300,\"height\":87,\"caption\":\"Transtoyou - DE\"},\"image\":{\"@id\":\"https:\/\/www.transtoyou.com\/de\/#\/schema\/logo\/image\/\"}}]}<\/script>\n<!-- \/ Yoast SEO plugin. -->","yoast_head_json":{"title":"Warticon (Podophyllotoxin) | Warzen Symptome behandeln - Transtoyou","description":"Warticon (Podophyllotoxin) behandelt Genitalwarzen, indem es Warzenzellen angreift. Jetzt erh\u00e4ltlich, verwalte Symptome effektiv mit dieser vertrauensw\u00fcrdigen L\u00f6sung.","robots":{"index":"noindex","follow":"follow","max-snippet":"max-snippet:-1","max-image-preview":"max-image-preview:large","max-video-preview":"max-video-preview:-1"},"og_locale":"de_DE","og_type":"article","og_title":"Warticon (Podophyllotoxin) | Warzen Symptome behandeln - Transtoyou","og_description":"Warticon (Podophyllotoxin) behandelt Genitalwarzen, indem es Warzenzellen angreift. Jetzt erh\u00e4ltlich, verwalte Symptome effektiv mit dieser vertrauensw\u00fcrdigen L\u00f6sung.","og_url":"https:\/\/www.transtoyou.com\/de\/product\/warticon-podophyllotoxin\/","og_site_name":"Transtoyou - DE","article_modified_time":"2026-01-24T08:04:07+00:00","twitter_card":"summary_large_image","twitter_misc":{"Gesch\u00e4tzte Lesezeit":"1\u00a0Minute"},"schema":{"@context":"https:\/\/schema.org","@graph":[{"@type":"WebPage","@id":"https:\/\/www.transtoyou.com\/de\/product\/warticon-podophyllotoxin\/","url":"https:\/\/www.transtoyou.com\/de\/product\/warticon-podophyllotoxin\/","name":"Warticon (Podophyllotoxin) | Warzen Symptome behandeln - Transtoyou","isPartOf":{"@id":"https:\/\/www.transtoyou.com\/de\/#website"},"primaryImageOfPage":{"@id":"https:\/\/www.transtoyou.com\/de\/product\/warticon-podophyllotoxin\/#primaryimage"},"image":{"@id":"https:\/\/www.transtoyou.com\/de\/product\/warticon-podophyllotoxin\/#primaryimage"},"thumbnailUrl":"https:\/\/www.transtoyou.com\/de\/wp-content\/uploads\/sites\/4\/2026\/01\/tty-no-product-image-94.webp","datePublished":"2026-01-24T08:03:07+00:00","dateModified":"2026-01-24T08:04:07+00:00","description":"Warticon (Podophyllotoxin) behandelt Genitalwarzen, indem es Warzenzellen angreift. Jetzt erh\u00e4ltlich, verwalte Symptome effektiv mit dieser vertrauensw\u00fcrdigen L\u00f6sung.","breadcrumb":{"@id":"https:\/\/www.transtoyou.com\/de\/product\/warticon-podophyllotoxin\/#breadcrumb"},"inLanguage":"de","potentialAction":[{"@type":"ReadAction","target":["https:\/\/www.transtoyou.com\/de\/product\/warticon-podophyllotoxin\/"]}]},{"@type":"ImageObject","inLanguage":"de","@id":"https:\/\/www.transtoyou.com\/de\/product\/warticon-podophyllotoxin\/#primaryimage","url":"https:\/\/www.transtoyou.com\/de\/wp-content\/uploads\/sites\/4\/2026\/01\/tty-no-product-image-94.webp","contentUrl":"https:\/\/www.transtoyou.com\/de\/wp-content\/uploads\/sites\/4\/2026\/01\/tty-no-product-image-94.webp","width":1000,"height":1000,"caption":"Standardproduktbild"},{"@type":"WebSite","@id":"https:\/\/www.transtoyou.com\/de\/#website","url":"https:\/\/www.transtoyou.com\/de\/","name":"Transtoyou - DE","description":"DE","publisher":{"@id":"https:\/\/www.transtoyou.com\/de\/#organization"},"potentialAction":[{"@type":"SearchAction","target":{"@type":"EntryPoint","urlTemplate":"https:\/\/www.transtoyou.com\/de\/?s={search_term_string}"},"query-input":{"@type":"PropertyValueSpecification","valueRequired":true,"valueName":"search_term_string"}}],"inLanguage":"de"},{"@type":"Organization","@id":"https:\/\/www.transtoyou.com\/de\/#organization","name":"Transtoyou - DE","url":"https:\/\/www.transtoyou.com\/de\/","logo":{"@type":"ImageObject","inLanguage":"de","@id":"https:\/\/www.transtoyou.com\/de\/#\/schema\/logo\/image\/","url":"https:\/\/www.transtoyou.com\/de\/wp-content\/uploads\/sites\/4\/2026\/01\/logo-tty-menu-bar-300x87-1.webp","contentUrl":"https:\/\/www.transtoyou.com\/de\/wp-content\/uploads\/sites\/4\/2026\/01\/logo-tty-menu-bar-300x87-1.webp","width":300,"height":87,"caption":"Transtoyou - DE"},"image":{"@id":"https:\/\/www.transtoyou.com\/de\/#\/schema\/logo\/image\/"}}]}},"_links":{"self":[{"href":"https:\/\/www.transtoyou.com\/de\/wp-json\/wp\/v2\/product\/1014","targetHints":{"allow":["GET"]}}],"collection":[{"href":"https:\/\/www.transtoyou.com\/de\/wp-json\/wp\/v2\/product"}],"about":[{"href":"https:\/\/www.transtoyou.com\/de\/wp-json\/wp\/v2\/types\/product"}],"replies":[{"embeddable":true,"href":"https:\/\/www.transtoyou.com\/de\/wp-json\/wp\/v2\/comments?post=1014"}],"wp:featuredmedia":[{"embeddable":true,"href":"https:\/\/www.transtoyou.com\/de\/wp-json\/wp\/v2\/media\/1015"}],"wp:attachment":[{"href":"https:\/\/www.transtoyou.com\/de\/wp-json\/wp\/v2\/media?parent=1014"}],"wp:term":[{"taxonomy":"product_brand","embeddable":true,"href":"https:\/\/www.transtoyou.com\/de\/wp-json\/wp\/v2\/product_brand?post=1014"},{"taxonomy":"product_cat","embeddable":true,"href":"https:\/\/www.transtoyou.com\/de\/wp-json\/wp\/v2\/product_cat?post=1014"},{"taxonomy":"product_tag","embeddable":true,"href":"https:\/\/www.transtoyou.com\/de\/wp-json\/wp\/v2\/product_tag?post=1014"},{"taxonomy":"expert","embeddable":true,"href":"https:\/\/www.transtoyou.com\/de\/wp-json\/wp\/v2\/expert?post=1014"}],"curies":[{"name":"wp","href":"https:\/\/api.w.org\/{rel}","templated":true}]}}