{"id":1019,"date":"2026-01-24T10:33:42","date_gmt":"2026-01-24T08:33:42","guid":{"rendered":"https:\/\/www.transtoyou.com\/de\/product\/collomak\/"},"modified":"2026-01-24T10:34:42","modified_gmt":"2026-01-24T08:34:42","slug":"collomak","status":"publish","type":"product","link":"https:\/\/www.transtoyou.com\/de\/product\/collomak\/","title":{"rendered":"Collomak"},"content":{"rendered":"<p>Collomak ist eine topische L\u00f6sung, die unter medizinischer Anleitung zur Behandlung von Warzen, H\u00fchneraugen und Hornhaut verwendet werden kann. Sie enth\u00e4lt eine Kombination aus Salicyls\u00e4ure und Milchs\u00e4ure, zwei keratolytischen Wirkstoffen, die zusammenwirken, um verdickte, verh\u00e4rtete Haut, die durch diese h\u00e4ufigen Hautwucherungen verursacht wird, zu erweichen und abzubauen. Die Formel ist f\u00fcr die direkte Anwendung auf die betroffene Stelle konzipiert und f\u00f6rdert die allm\u00e4hliche Exfoliation und Entfernung des Warzen- oder Hornhautgewebes im Laufe der Zeit.<\/p>\n<p>Warzen werden durch das humane Papillomavirus (HPV) verursacht und treten h\u00e4ufig an H\u00e4nden, F\u00fc\u00dfen oder anderen Druckpunkten auf. Obwohl sie normalerweise harmlos sind, k\u00f6nnen sie unansehnlich, unangenehm oder sogar schmerzhaft sein, wenn sie sich an belasteten Stellen wie den Fu\u00dfsohlen befinden.<\/p>\n<p>Collomak wird einmal oder zweimal t\u00e4glich mit dem integrierten Applikator auf die Warze aufgetragen. Eine Schutzschicht bildet sich \u00fcber der Haut, w\u00e4hrend sie trocknet, und schlie\u00dft die Wirkstoffe ein, wodurch deren Wirksamkeit erh\u00f6ht wird. Vor jeder neuen Anwendung kann die erweichte Haut vorsichtig mit einer Feile oder einem Bimsstein entfernt werden, um die Penetration und die Ergebnisse zu verbessern.<\/p>\n<p>Collomak wird im Allgemeinen gut vertragen. Leichte Reizungen, R\u00f6tungen oder Abschuppungen im Bereich der Behandlung k\u00f6nnen auftreten, insbesondere wenn es auf gesunde Haut angewendet wird. Eine sorgf\u00e4ltige und pr\u00e4zise Anwendung ist wichtig, um unerw\u00fcnschte Effekte zu minimieren. Die L\u00f6sung sollte nicht auf verletzter Haut, infizierten Wunden oder Muttermalen angewendet werden.<\/p>\n","protected":false},"excerpt":{"rendered":"<ul>\n<li>Hilft, Warzen zu erweichen und zu entfernen<\/li>\n<li>S\u00e4urebasiertes Behandlungsmittel f\u00fcr den Heimgebrauch<\/li>\n<li>Zielt auf harte, verdickte Haut ab<\/li>\n<\/ul>\n","protected":false},"featured_media":1020,"comment_status":"open","ping_status":"closed","template":"","meta":[],"product_brand":[],"product_cat":[179],"product_tag":[],"expert":[19],"class_list":{"0":"post-1019","1":"product","2":"type-product","3":"status-publish","4":"has-post-thumbnail","6":"product_cat-warzen","7":"expert-dr-j-vazquez","9":"first","10":"instock","11":"shipping-taxable","12":"product-type-simple"},"yoast_head":"<!-- This site is optimized with the Yoast SEO plugin v27.0 - https:\/\/yoast.com\/product\/yoast-seo-wordpress\/ -->\n<title>Collomak | Effektive Warzen- &amp; Hornhautl\u00f6sung - Transtoyou<\/title>\n<meta name=\"description\" content=\"Collomak, eine topische L\u00f6sung gegen Warzen, H\u00fchneraugen und Hornhaut, ist hier erh\u00e4ltlich. Erlebe noch heute effektive Hautweichmachung und Peeling.\" \/>\n<meta name=\"robots\" content=\"noindex, follow, max-snippet:-1, max-image-preview:large, max-video-preview:-1\" \/>\n<meta property=\"og:locale\" content=\"de_DE\" \/>\n<meta property=\"og:type\" content=\"article\" \/>\n<meta property=\"og:title\" content=\"Collomak | Effektive Warzen- &amp; Hornhautl\u00f6sung - Transtoyou\" \/>\n<meta property=\"og:description\" content=\"Collomak, eine topische L\u00f6sung gegen Warzen, H\u00fchneraugen und Hornhaut, ist hier erh\u00e4ltlich. Erlebe noch heute effektive Hautweichmachung und Peeling.\" \/>\n<meta property=\"og:url\" content=\"https:\/\/www.transtoyou.com\/de\/product\/collomak\/\" \/>\n<meta property=\"og:site_name\" content=\"Transtoyou - DE\" \/>\n<meta property=\"article:modified_time\" content=\"2026-01-24T08:34:42+00:00\" \/>\n<meta name=\"twitter:card\" content=\"summary_large_image\" \/>\n<meta name=\"twitter:label1\" content=\"Gesch\u00e4tzte Lesezeit\" \/>\n\t<meta name=\"twitter:data1\" content=\"1\u00a0Minute\" \/>\n<script type=\"application\/ld+json\" class=\"yoast-schema-graph\">{\"@context\":\"https:\/\/schema.org\",\"@graph\":[{\"@type\":\"WebPage\",\"@id\":\"https:\/\/www.transtoyou.com\/de\/product\/collomak\/\",\"url\":\"https:\/\/www.transtoyou.com\/de\/product\/collomak\/\",\"name\":\"Collomak | Effektive Warzen- & Hornhautl\u00f6sung - Transtoyou\",\"isPartOf\":{\"@id\":\"https:\/\/www.transtoyou.com\/de\/#website\"},\"primaryImageOfPage\":{\"@id\":\"https:\/\/www.transtoyou.com\/de\/product\/collomak\/#primaryimage\"},\"image\":{\"@id\":\"https:\/\/www.transtoyou.com\/de\/product\/collomak\/#primaryimage\"},\"thumbnailUrl\":\"https:\/\/www.transtoyou.com\/de\/wp-content\/uploads\/sites\/4\/2026\/01\/tty-no-product-image-96.webp\",\"datePublished\":\"2026-01-24T08:33:42+00:00\",\"dateModified\":\"2026-01-24T08:34:42+00:00\",\"description\":\"Collomak, eine topische L\u00f6sung gegen Warzen, H\u00fchneraugen und Hornhaut, ist hier erh\u00e4ltlich. Erlebe noch heute effektive Hautweichmachung und Peeling.\",\"breadcrumb\":{\"@id\":\"https:\/\/www.transtoyou.com\/de\/product\/collomak\/#breadcrumb\"},\"inLanguage\":\"de\",\"potentialAction\":[{\"@type\":\"ReadAction\",\"target\":[\"https:\/\/www.transtoyou.com\/de\/product\/collomak\/\"]}]},{\"@type\":\"ImageObject\",\"inLanguage\":\"de\",\"@id\":\"https:\/\/www.transtoyou.com\/de\/product\/collomak\/#primaryimage\",\"url\":\"https:\/\/www.transtoyou.com\/de\/wp-content\/uploads\/sites\/4\/2026\/01\/tty-no-product-image-96.webp\",\"contentUrl\":\"https:\/\/www.transtoyou.com\/de\/wp-content\/uploads\/sites\/4\/2026\/01\/tty-no-product-image-96.webp\",\"width\":1000,\"height\":1000,\"caption\":\"Standardproduktbild\"},{\"@type\":\"WebSite\",\"@id\":\"https:\/\/www.transtoyou.com\/de\/#website\",\"url\":\"https:\/\/www.transtoyou.com\/de\/\",\"name\":\"Transtoyou - DE\",\"description\":\"DE\",\"publisher\":{\"@id\":\"https:\/\/www.transtoyou.com\/de\/#organization\"},\"potentialAction\":[{\"@type\":\"SearchAction\",\"target\":{\"@type\":\"EntryPoint\",\"urlTemplate\":\"https:\/\/www.transtoyou.com\/de\/?s={search_term_string}\"},\"query-input\":{\"@type\":\"PropertyValueSpecification\",\"valueRequired\":true,\"valueName\":\"search_term_string\"}}],\"inLanguage\":\"de\"},{\"@type\":\"Organization\",\"@id\":\"https:\/\/www.transtoyou.com\/de\/#organization\",\"name\":\"Transtoyou - DE\",\"url\":\"https:\/\/www.transtoyou.com\/de\/\",\"logo\":{\"@type\":\"ImageObject\",\"inLanguage\":\"de\",\"@id\":\"https:\/\/www.transtoyou.com\/de\/#\/schema\/logo\/image\/\",\"url\":\"https:\/\/www.transtoyou.com\/de\/wp-content\/uploads\/sites\/4\/2026\/01\/logo-tty-menu-bar-300x87-1.webp\",\"contentUrl\":\"https:\/\/www.transtoyou.com\/de\/wp-content\/uploads\/sites\/4\/2026\/01\/logo-tty-menu-bar-300x87-1.webp\",\"width\":300,\"height\":87,\"caption\":\"Transtoyou - DE\"},\"image\":{\"@id\":\"https:\/\/www.transtoyou.com\/de\/#\/schema\/logo\/image\/\"}}]}<\/script>\n<!-- \/ Yoast SEO plugin. -->","yoast_head_json":{"title":"Collomak | Effektive Warzen- & Hornhautl\u00f6sung - Transtoyou","description":"Collomak, eine topische L\u00f6sung gegen Warzen, H\u00fchneraugen und Hornhaut, ist hier erh\u00e4ltlich. Erlebe noch heute effektive Hautweichmachung und Peeling.","robots":{"index":"noindex","follow":"follow","max-snippet":"max-snippet:-1","max-image-preview":"max-image-preview:large","max-video-preview":"max-video-preview:-1"},"og_locale":"de_DE","og_type":"article","og_title":"Collomak | Effektive Warzen- & Hornhautl\u00f6sung - Transtoyou","og_description":"Collomak, eine topische L\u00f6sung gegen Warzen, H\u00fchneraugen und Hornhaut, ist hier erh\u00e4ltlich. Erlebe noch heute effektive Hautweichmachung und Peeling.","og_url":"https:\/\/www.transtoyou.com\/de\/product\/collomak\/","og_site_name":"Transtoyou - DE","article_modified_time":"2026-01-24T08:34:42+00:00","twitter_card":"summary_large_image","twitter_misc":{"Gesch\u00e4tzte Lesezeit":"1\u00a0Minute"},"schema":{"@context":"https:\/\/schema.org","@graph":[{"@type":"WebPage","@id":"https:\/\/www.transtoyou.com\/de\/product\/collomak\/","url":"https:\/\/www.transtoyou.com\/de\/product\/collomak\/","name":"Collomak | Effektive Warzen- & Hornhautl\u00f6sung - Transtoyou","isPartOf":{"@id":"https:\/\/www.transtoyou.com\/de\/#website"},"primaryImageOfPage":{"@id":"https:\/\/www.transtoyou.com\/de\/product\/collomak\/#primaryimage"},"image":{"@id":"https:\/\/www.transtoyou.com\/de\/product\/collomak\/#primaryimage"},"thumbnailUrl":"https:\/\/www.transtoyou.com\/de\/wp-content\/uploads\/sites\/4\/2026\/01\/tty-no-product-image-96.webp","datePublished":"2026-01-24T08:33:42+00:00","dateModified":"2026-01-24T08:34:42+00:00","description":"Collomak, eine topische L\u00f6sung gegen Warzen, H\u00fchneraugen und Hornhaut, ist hier erh\u00e4ltlich. Erlebe noch heute effektive Hautweichmachung und Peeling.","breadcrumb":{"@id":"https:\/\/www.transtoyou.com\/de\/product\/collomak\/#breadcrumb"},"inLanguage":"de","potentialAction":[{"@type":"ReadAction","target":["https:\/\/www.transtoyou.com\/de\/product\/collomak\/"]}]},{"@type":"ImageObject","inLanguage":"de","@id":"https:\/\/www.transtoyou.com\/de\/product\/collomak\/#primaryimage","url":"https:\/\/www.transtoyou.com\/de\/wp-content\/uploads\/sites\/4\/2026\/01\/tty-no-product-image-96.webp","contentUrl":"https:\/\/www.transtoyou.com\/de\/wp-content\/uploads\/sites\/4\/2026\/01\/tty-no-product-image-96.webp","width":1000,"height":1000,"caption":"Standardproduktbild"},{"@type":"WebSite","@id":"https:\/\/www.transtoyou.com\/de\/#website","url":"https:\/\/www.transtoyou.com\/de\/","name":"Transtoyou - DE","description":"DE","publisher":{"@id":"https:\/\/www.transtoyou.com\/de\/#organization"},"potentialAction":[{"@type":"SearchAction","target":{"@type":"EntryPoint","urlTemplate":"https:\/\/www.transtoyou.com\/de\/?s={search_term_string}"},"query-input":{"@type":"PropertyValueSpecification","valueRequired":true,"valueName":"search_term_string"}}],"inLanguage":"de"},{"@type":"Organization","@id":"https:\/\/www.transtoyou.com\/de\/#organization","name":"Transtoyou - DE","url":"https:\/\/www.transtoyou.com\/de\/","logo":{"@type":"ImageObject","inLanguage":"de","@id":"https:\/\/www.transtoyou.com\/de\/#\/schema\/logo\/image\/","url":"https:\/\/www.transtoyou.com\/de\/wp-content\/uploads\/sites\/4\/2026\/01\/logo-tty-menu-bar-300x87-1.webp","contentUrl":"https:\/\/www.transtoyou.com\/de\/wp-content\/uploads\/sites\/4\/2026\/01\/logo-tty-menu-bar-300x87-1.webp","width":300,"height":87,"caption":"Transtoyou - DE"},"image":{"@id":"https:\/\/www.transtoyou.com\/de\/#\/schema\/logo\/image\/"}}]}},"_links":{"self":[{"href":"https:\/\/www.transtoyou.com\/de\/wp-json\/wp\/v2\/product\/1019","targetHints":{"allow":["GET"]}}],"collection":[{"href":"https:\/\/www.transtoyou.com\/de\/wp-json\/wp\/v2\/product"}],"about":[{"href":"https:\/\/www.transtoyou.com\/de\/wp-json\/wp\/v2\/types\/product"}],"replies":[{"embeddable":true,"href":"https:\/\/www.transtoyou.com\/de\/wp-json\/wp\/v2\/comments?post=1019"}],"wp:featuredmedia":[{"embeddable":true,"href":"https:\/\/www.transtoyou.com\/de\/wp-json\/wp\/v2\/media\/1020"}],"wp:attachment":[{"href":"https:\/\/www.transtoyou.com\/de\/wp-json\/wp\/v2\/media?parent=1019"}],"wp:term":[{"taxonomy":"product_brand","embeddable":true,"href":"https:\/\/www.transtoyou.com\/de\/wp-json\/wp\/v2\/product_brand?post=1019"},{"taxonomy":"product_cat","embeddable":true,"href":"https:\/\/www.transtoyou.com\/de\/wp-json\/wp\/v2\/product_cat?post=1019"},{"taxonomy":"product_tag","embeddable":true,"href":"https:\/\/www.transtoyou.com\/de\/wp-json\/wp\/v2\/product_tag?post=1019"},{"taxonomy":"expert","embeddable":true,"href":"https:\/\/www.transtoyou.com\/de\/wp-json\/wp\/v2\/expert?post=1019"}],"curies":[{"name":"wp","href":"https:\/\/api.w.org\/{rel}","templated":true}]}}