{"id":1024,"date":"2026-01-24T11:03:43","date_gmt":"2026-01-24T09:03:43","guid":{"rendered":"https:\/\/www.transtoyou.com\/de\/product\/cialis\/"},"modified":"2026-02-10T16:20:30","modified_gmt":"2026-02-10T14:20:30","slug":"cialis","status":"publish","type":"product","link":"https:\/\/www.transtoyou.com\/de\/product\/cialis\/","title":{"rendered":"Cialis"},"content":{"rendered":"<p>Cialis ist ein Medikament zur Behandlung von erektiler Dysfunktion (ED). Der Wirkstoff Tadalafil verbessert die Durchblutung des Penis und hilft M\u00e4nnern, eine Erektion zu erreichen und aufrechtzuerhalten, wenn sie sexuell stimuliert werden. Was Cialis von anderen ED-Behandlungen unterscheidet, ist die Flexibilit\u00e4t: Es kann je nach Lebensstil und Vorlieben des Nutzers entweder nach Bedarf vor sexueller Aktivit\u00e4t oder als niedrig dosierte t\u00e4gliche Tablette eingenommen werden.<\/p>\n<p>F\u00fcr M\u00e4nner, die Spontaneit\u00e4t bevorzugen, ist Cialis in einer Standardst\u00e4rke von 10 &#8211; 20 mg erh\u00e4ltlich, die bei Bedarf etwa 30 Minuten vor der Intimit\u00e4t eingenommen werden kann. Die Wirkung kann bis zu 36 Stunden anhalten, was ein gro\u00dfz\u00fcgiges Zeitfenster f\u00fcr nat\u00fcrliche und unbeschwerte sexuelle Aktivit\u00e4ten bietet.<\/p>\n<p>Diese l\u00e4ngere Wirkungsdauer wird oft von Paaren gesch\u00e4tzt, die Intimit\u00e4t ohne strenge Zeitplanung sch\u00e4tzen. Alternativ wird Cialis auch als einmal t\u00e4glich einzunehmende Tablette verschrieben, die in einer niedrigeren Dosis (2,5 &#8211; 5 mg) jeden Tag eingenommen wird, unabh\u00e4ngig davon, wann sexuelle Aktivit\u00e4ten geplant sind. Diese Option bietet kontinuierliche Unterst\u00fctzung und beseitigt die Notwendigkeit, die Einnahme des Medikaments zu timen.<\/p>\n<p>Es ist besonders hilfreich f\u00fcr M\u00e4nner, die regelm\u00e4\u00dfige sexuelle Aktivit\u00e4ten haben oder jederzeit bereit sein m\u00f6chten, ohne im Voraus planen zu m\u00fcssen. Cialis wird oral eingenommen und kann mit oder ohne Nahrung verwendet werden. Es beginnt bei den meisten Nutzern innerhalb von 30 bis 60 Minuten zu wirken.<\/p>\n<p>M\u00f6gliche Nebenwirkungen sind Kopfschmerzen, Verdauungsst\u00f6rungen, Muskelschmerzen oder Gesichtsr\u00f6tungen, obwohl die meisten mild und vor\u00fcbergehend sind. Cialis sollte nicht mit Nitraten oder bestimmten blutdrucksenkenden Medikamenten kombiniert werden.<\/p>\n","protected":false},"excerpt":{"rendered":"<ul>\n<li>Lang anhaltende Wirkungen von bis zu 36 Stunden<\/li>\n<li>Behandelt erektile Dysfunktion und BPH<\/li>\n<li>Schnell wirkend, wirkt innerhalb von 30 Minuten<\/li>\n<\/ul>\n","protected":false},"featured_media":1026,"comment_status":"open","ping_status":"closed","template":"","meta":[],"product_brand":[],"product_cat":[118],"product_tag":[],"expert":[18],"class_list":{"0":"post-1024","1":"product","2":"type-product","3":"status-publish","4":"has-post-thumbnail","6":"product_cat-erektile-dysfunktion-behandlungen","7":"expert-dr-g-varbanov","9":"first","10":"instock","11":"shipping-taxable","12":"product-type-variable"},"yoast_head":"<!-- This site is optimized with the Yoast SEO plugin v27.0 - https:\/\/yoast.com\/product\/yoast-seo-wordpress\/ -->\n<title>Cialis - Transtoyou - DE<\/title>\n<meta name=\"robots\" content=\"noindex, follow, max-snippet:-1, max-image-preview:large, max-video-preview:-1\" \/>\n<meta property=\"og:locale\" content=\"de_DE\" \/>\n<meta property=\"og:type\" content=\"article\" \/>\n<meta property=\"og:title\" content=\"Cialis - Transtoyou - DE\" \/>\n<meta property=\"og:description\" content=\"Lang anhaltende Wirkungen von bis zu 36 Stunden  Behandelt erektile Dysfunktion und BPH  Schnell wirkend, wirkt innerhalb von 30 Minuten\" \/>\n<meta property=\"og:url\" content=\"https:\/\/www.transtoyou.com\/de\/product\/cialis\/\" \/>\n<meta property=\"og:site_name\" content=\"Transtoyou - DE\" \/>\n<meta property=\"article:modified_time\" content=\"2026-02-10T14:20:30+00:00\" \/>\n<meta property=\"og:image\" content=\"https:\/\/www.transtoyou.com\/de\/wp-content\/uploads\/sites\/4\/2026\/01\/tty-no-product-image-98.webp\" \/>\n\t<meta property=\"og:image:width\" content=\"1000\" \/>\n\t<meta property=\"og:image:height\" content=\"1000\" \/>\n\t<meta property=\"og:image:type\" content=\"image\/webp\" \/>\n<meta name=\"twitter:card\" content=\"summary_large_image\" \/>\n<meta name=\"twitter:label1\" content=\"Gesch\u00e4tzte Lesezeit\" \/>\n\t<meta name=\"twitter:data1\" content=\"1\u00a0Minute\" \/>\n<script type=\"application\/ld+json\" class=\"yoast-schema-graph\">{\"@context\":\"https:\/\/schema.org\",\"@graph\":[{\"@type\":\"WebPage\",\"@id\":\"https:\/\/www.transtoyou.com\/de\/product\/cialis\/\",\"url\":\"https:\/\/www.transtoyou.com\/de\/product\/cialis\/\",\"name\":\"Cialis - Transtoyou - DE\",\"isPartOf\":{\"@id\":\"https:\/\/www.transtoyou.com\/de\/#website\"},\"primaryImageOfPage\":{\"@id\":\"https:\/\/www.transtoyou.com\/de\/product\/cialis\/#primaryimage\"},\"image\":{\"@id\":\"https:\/\/www.transtoyou.com\/de\/product\/cialis\/#primaryimage\"},\"thumbnailUrl\":\"https:\/\/www.transtoyou.com\/de\/wp-content\/uploads\/sites\/4\/2026\/01\/tty-no-product-image-98.webp\",\"datePublished\":\"2026-01-24T09:03:43+00:00\",\"dateModified\":\"2026-02-10T14:20:30+00:00\",\"breadcrumb\":{\"@id\":\"https:\/\/www.transtoyou.com\/de\/product\/cialis\/#breadcrumb\"},\"inLanguage\":\"de\",\"potentialAction\":[{\"@type\":\"ReadAction\",\"target\":[\"https:\/\/www.transtoyou.com\/de\/product\/cialis\/\"]}]},{\"@type\":\"ImageObject\",\"inLanguage\":\"de\",\"@id\":\"https:\/\/www.transtoyou.com\/de\/product\/cialis\/#primaryimage\",\"url\":\"https:\/\/www.transtoyou.com\/de\/wp-content\/uploads\/sites\/4\/2026\/01\/tty-no-product-image-98.webp\",\"contentUrl\":\"https:\/\/www.transtoyou.com\/de\/wp-content\/uploads\/sites\/4\/2026\/01\/tty-no-product-image-98.webp\",\"width\":1000,\"height\":1000,\"caption\":\"Standardproduktbild\"},{\"@type\":\"WebSite\",\"@id\":\"https:\/\/www.transtoyou.com\/de\/#website\",\"url\":\"https:\/\/www.transtoyou.com\/de\/\",\"name\":\"Transtoyou - DE\",\"description\":\"DE\",\"publisher\":{\"@id\":\"https:\/\/www.transtoyou.com\/de\/#organization\"},\"potentialAction\":[{\"@type\":\"SearchAction\",\"target\":{\"@type\":\"EntryPoint\",\"urlTemplate\":\"https:\/\/www.transtoyou.com\/de\/?s={search_term_string}\"},\"query-input\":{\"@type\":\"PropertyValueSpecification\",\"valueRequired\":true,\"valueName\":\"search_term_string\"}}],\"inLanguage\":\"de\"},{\"@type\":\"Organization\",\"@id\":\"https:\/\/www.transtoyou.com\/de\/#organization\",\"name\":\"Transtoyou - DE\",\"url\":\"https:\/\/www.transtoyou.com\/de\/\",\"logo\":{\"@type\":\"ImageObject\",\"inLanguage\":\"de\",\"@id\":\"https:\/\/www.transtoyou.com\/de\/#\/schema\/logo\/image\/\",\"url\":\"https:\/\/www.transtoyou.com\/de\/wp-content\/uploads\/sites\/4\/2026\/01\/logo-tty-menu-bar-300x87-1.webp\",\"contentUrl\":\"https:\/\/www.transtoyou.com\/de\/wp-content\/uploads\/sites\/4\/2026\/01\/logo-tty-menu-bar-300x87-1.webp\",\"width\":300,\"height\":87,\"caption\":\"Transtoyou - DE\"},\"image\":{\"@id\":\"https:\/\/www.transtoyou.com\/de\/#\/schema\/logo\/image\/\"}}]}<\/script>\n<!-- \/ Yoast SEO plugin. -->","yoast_head_json":{"title":"Cialis - Transtoyou - DE","robots":{"index":"noindex","follow":"follow","max-snippet":"max-snippet:-1","max-image-preview":"max-image-preview:large","max-video-preview":"max-video-preview:-1"},"og_locale":"de_DE","og_type":"article","og_title":"Cialis - Transtoyou - DE","og_description":"Lang anhaltende Wirkungen von bis zu 36 Stunden  Behandelt erektile Dysfunktion und BPH  Schnell wirkend, wirkt innerhalb von 30 Minuten","og_url":"https:\/\/www.transtoyou.com\/de\/product\/cialis\/","og_site_name":"Transtoyou - DE","article_modified_time":"2026-02-10T14:20:30+00:00","og_image":[{"width":1000,"height":1000,"url":"https:\/\/www.transtoyou.com\/de\/wp-content\/uploads\/sites\/4\/2026\/01\/tty-no-product-image-98.webp","type":"image\/webp"}],"twitter_card":"summary_large_image","twitter_misc":{"Gesch\u00e4tzte Lesezeit":"1\u00a0Minute"},"schema":{"@context":"https:\/\/schema.org","@graph":[{"@type":"WebPage","@id":"https:\/\/www.transtoyou.com\/de\/product\/cialis\/","url":"https:\/\/www.transtoyou.com\/de\/product\/cialis\/","name":"Cialis - Transtoyou - DE","isPartOf":{"@id":"https:\/\/www.transtoyou.com\/de\/#website"},"primaryImageOfPage":{"@id":"https:\/\/www.transtoyou.com\/de\/product\/cialis\/#primaryimage"},"image":{"@id":"https:\/\/www.transtoyou.com\/de\/product\/cialis\/#primaryimage"},"thumbnailUrl":"https:\/\/www.transtoyou.com\/de\/wp-content\/uploads\/sites\/4\/2026\/01\/tty-no-product-image-98.webp","datePublished":"2026-01-24T09:03:43+00:00","dateModified":"2026-02-10T14:20:30+00:00","breadcrumb":{"@id":"https:\/\/www.transtoyou.com\/de\/product\/cialis\/#breadcrumb"},"inLanguage":"de","potentialAction":[{"@type":"ReadAction","target":["https:\/\/www.transtoyou.com\/de\/product\/cialis\/"]}]},{"@type":"ImageObject","inLanguage":"de","@id":"https:\/\/www.transtoyou.com\/de\/product\/cialis\/#primaryimage","url":"https:\/\/www.transtoyou.com\/de\/wp-content\/uploads\/sites\/4\/2026\/01\/tty-no-product-image-98.webp","contentUrl":"https:\/\/www.transtoyou.com\/de\/wp-content\/uploads\/sites\/4\/2026\/01\/tty-no-product-image-98.webp","width":1000,"height":1000,"caption":"Standardproduktbild"},{"@type":"WebSite","@id":"https:\/\/www.transtoyou.com\/de\/#website","url":"https:\/\/www.transtoyou.com\/de\/","name":"Transtoyou - DE","description":"DE","publisher":{"@id":"https:\/\/www.transtoyou.com\/de\/#organization"},"potentialAction":[{"@type":"SearchAction","target":{"@type":"EntryPoint","urlTemplate":"https:\/\/www.transtoyou.com\/de\/?s={search_term_string}"},"query-input":{"@type":"PropertyValueSpecification","valueRequired":true,"valueName":"search_term_string"}}],"inLanguage":"de"},{"@type":"Organization","@id":"https:\/\/www.transtoyou.com\/de\/#organization","name":"Transtoyou - DE","url":"https:\/\/www.transtoyou.com\/de\/","logo":{"@type":"ImageObject","inLanguage":"de","@id":"https:\/\/www.transtoyou.com\/de\/#\/schema\/logo\/image\/","url":"https:\/\/www.transtoyou.com\/de\/wp-content\/uploads\/sites\/4\/2026\/01\/logo-tty-menu-bar-300x87-1.webp","contentUrl":"https:\/\/www.transtoyou.com\/de\/wp-content\/uploads\/sites\/4\/2026\/01\/logo-tty-menu-bar-300x87-1.webp","width":300,"height":87,"caption":"Transtoyou - DE"},"image":{"@id":"https:\/\/www.transtoyou.com\/de\/#\/schema\/logo\/image\/"}}]}},"_links":{"self":[{"href":"https:\/\/www.transtoyou.com\/de\/wp-json\/wp\/v2\/product\/1024","targetHints":{"allow":["GET"]}}],"collection":[{"href":"https:\/\/www.transtoyou.com\/de\/wp-json\/wp\/v2\/product"}],"about":[{"href":"https:\/\/www.transtoyou.com\/de\/wp-json\/wp\/v2\/types\/product"}],"replies":[{"embeddable":true,"href":"https:\/\/www.transtoyou.com\/de\/wp-json\/wp\/v2\/comments?post=1024"}],"wp:featuredmedia":[{"embeddable":true,"href":"https:\/\/www.transtoyou.com\/de\/wp-json\/wp\/v2\/media\/1026"}],"wp:attachment":[{"href":"https:\/\/www.transtoyou.com\/de\/wp-json\/wp\/v2\/media?parent=1024"}],"wp:term":[{"taxonomy":"product_brand","embeddable":true,"href":"https:\/\/www.transtoyou.com\/de\/wp-json\/wp\/v2\/product_brand?post=1024"},{"taxonomy":"product_cat","embeddable":true,"href":"https:\/\/www.transtoyou.com\/de\/wp-json\/wp\/v2\/product_cat?post=1024"},{"taxonomy":"product_tag","embeddable":true,"href":"https:\/\/www.transtoyou.com\/de\/wp-json\/wp\/v2\/product_tag?post=1024"},{"taxonomy":"expert","embeddable":true,"href":"https:\/\/www.transtoyou.com\/de\/wp-json\/wp\/v2\/expert?post=1024"}],"curies":[{"name":"wp","href":"https:\/\/api.w.org\/{rel}","templated":true}]}}