{"id":1027,"date":"2026-01-24T11:19:27","date_gmt":"2026-01-24T09:19:27","guid":{"rendered":"https:\/\/www.transtoyou.com\/de\/product\/caverject-alprostadil\/"},"modified":"2026-02-09T18:19:13","modified_gmt":"2026-02-09T16:19:13","slug":"caverject-alprostadil","status":"publish","type":"product","link":"https:\/\/www.transtoyou.com\/de\/product\/caverject-alprostadil\/","title":{"rendered":"Caverject (Alprostadil)"},"content":{"rendered":"<p>Caverject ist ein rezeptpflichtiges Medikament zur Behandlung von erektiler Dysfunktion (ED) bei erwachsenen M\u00e4nnern. Es enth\u00e4lt Alprostadil, eine nat\u00fcrlich vorkommende Substanz, die hilft, den Blutfluss zum Penis zu erh\u00f6hen.<\/p>\n<p>Wenn es direkt in das erektile Gewebe injiziert wird, wirkt es, indem es die Blutgef\u00e4\u00dfe und Muskeln im Penis entspannt, was es dem Blut erm\u00f6glicht, einzuflie\u00dfen und eine Erektion zu erzeugen, die fest genug f\u00fcr sexuelle Aktivit\u00e4ten ist.<\/p>\n<p>Im Gegensatz zu oralen ED-Medikamenten wirkt Caverject lokal und h\u00e4ngt nicht von sexueller Stimulation ab, um zu wirken. Die Wirkung ist typischerweise innerhalb von 5 bis 20 Minuten nach der Injektion sp\u00fcrbar und kann etwa 30 bis 60 Minuten anhalten, wobei die genaue Dauer je nach Individuum variiert. Dies macht es zu einer zuverl\u00e4ssigen Option f\u00fcr M\u00e4nner, die nicht gut auf orale Behandlungen angesprochen haben oder die sie aufgrund anderer Gesundheitszust\u00e4nde oder Medikamente nicht einnehmen k\u00f6nnen.<\/p>\n<p>Caverject wird als Pulver und Verd\u00fcnnungsmittel geliefert, die vor der Anwendung gemischt werden, und es kommt mit einer sehr feinen Nadel zur Selbstinjektion in die Seite des Penis. Es ist wichtig, die Anweisungen sorgf\u00e4ltig zu befolgen, um Komplikationen zu vermeiden, und die Injektionsstellen zu wechseln, um Gewebesch\u00e4den zu verhindern.<\/p>\n<p>H\u00e4ufige Nebenwirkungen k\u00f6nnen leichte Schmerzen an der Injektionsstelle, ein Gef\u00fchl der F\u00fclle im Penis oder leichte Bluterg\u00fcsse umfassen. Seltene, aber schwerwiegende Nebenwirkungen sind eine verl\u00e4ngerte Erektion (Priapismus) oder Peniskfibrose (Narbenbildung). Caverject sollte nicht mehr als einmal innerhalb von 24 Stunden und nicht mehr als dreimal pro Woche verwendet werden.<\/p>\n","protected":false},"excerpt":{"rendered":"<ul>\n<li>Schnelle und zuverl\u00e4ssige Unterst\u00fctzung bei Erektionen<\/li>\n<li>Wirkt, wenn orale Tabletten versagen<\/li>\n<li>Lokale Wirkung, minimale Nebenwirkungen<\/li>\n<\/ul>\n","protected":false},"featured_media":1029,"comment_status":"open","ping_status":"closed","template":"","meta":[],"product_brand":[],"product_cat":[118],"product_tag":[],"expert":[18],"class_list":{"0":"post-1027","1":"product","2":"type-product","3":"status-publish","4":"has-post-thumbnail","6":"product_cat-erektile-dysfunktion-behandlungen","7":"expert-dr-g-varbanov","9":"first","10":"instock","11":"shipping-taxable","12":"product-type-variable"},"yoast_head":"<!-- This site is optimized with the Yoast SEO plugin v27.0 - https:\/\/yoast.com\/product\/yoast-seo-wordpress\/ -->\n<title>Caverject (Alprostadil) | Schnell wirkende ED-L\u00f6sung - Transtoyou<\/title>\n<meta name=\"description\" content=\"Caverject (Alprostadil) behandelt ED effektiv, indem es die Durchblutung lokal verbessert. Erh\u00e4ltlich bei Transtoyou, ideal f\u00fcr Patienten, die nicht auf orale Medikamente ansprechen.\" \/>\n<meta name=\"robots\" content=\"noindex, follow, max-snippet:-1, max-image-preview:large, max-video-preview:-1\" \/>\n<meta property=\"og:locale\" content=\"de_DE\" \/>\n<meta property=\"og:type\" content=\"article\" \/>\n<meta property=\"og:title\" content=\"Caverject (Alprostadil) | Schnell wirkende ED-L\u00f6sung - Transtoyou\" \/>\n<meta property=\"og:description\" content=\"Caverject (Alprostadil) behandelt ED effektiv, indem es die Durchblutung lokal verbessert. Erh\u00e4ltlich bei Transtoyou, ideal f\u00fcr Patienten, die nicht auf orale Medikamente ansprechen.\" \/>\n<meta property=\"og:url\" content=\"https:\/\/www.transtoyou.com\/de\/product\/caverject-alprostadil\/\" \/>\n<meta property=\"og:site_name\" content=\"Transtoyou - DE\" \/>\n<meta property=\"article:modified_time\" content=\"2026-02-09T16:19:13+00:00\" \/>\n<meta name=\"twitter:card\" content=\"summary_large_image\" \/>\n<meta name=\"twitter:label1\" content=\"Gesch\u00e4tzte Lesezeit\" \/>\n\t<meta name=\"twitter:data1\" content=\"1\u00a0Minute\" \/>\n<script type=\"application\/ld+json\" class=\"yoast-schema-graph\">{\"@context\":\"https:\/\/schema.org\",\"@graph\":[{\"@type\":\"WebPage\",\"@id\":\"https:\/\/www.transtoyou.com\/de\/product\/caverject-alprostadil\/\",\"url\":\"https:\/\/www.transtoyou.com\/de\/product\/caverject-alprostadil\/\",\"name\":\"Caverject (Alprostadil) | Schnell wirkende ED-L\u00f6sung - Transtoyou\",\"isPartOf\":{\"@id\":\"https:\/\/www.transtoyou.com\/de\/#website\"},\"primaryImageOfPage\":{\"@id\":\"https:\/\/www.transtoyou.com\/de\/product\/caverject-alprostadil\/#primaryimage\"},\"image\":{\"@id\":\"https:\/\/www.transtoyou.com\/de\/product\/caverject-alprostadil\/#primaryimage\"},\"thumbnailUrl\":\"https:\/\/www.transtoyou.com\/de\/wp-content\/uploads\/sites\/4\/2026\/01\/tty-no-product-image-99.webp\",\"datePublished\":\"2026-01-24T09:19:27+00:00\",\"dateModified\":\"2026-02-09T16:19:13+00:00\",\"description\":\"Caverject (Alprostadil) behandelt ED effektiv, indem es die Durchblutung lokal verbessert. Erh\u00e4ltlich bei Transtoyou, ideal f\u00fcr Patienten, die nicht auf orale Medikamente ansprechen.\",\"breadcrumb\":{\"@id\":\"https:\/\/www.transtoyou.com\/de\/product\/caverject-alprostadil\/#breadcrumb\"},\"inLanguage\":\"de\",\"potentialAction\":[{\"@type\":\"ReadAction\",\"target\":[\"https:\/\/www.transtoyou.com\/de\/product\/caverject-alprostadil\/\"]}]},{\"@type\":\"ImageObject\",\"inLanguage\":\"de\",\"@id\":\"https:\/\/www.transtoyou.com\/de\/product\/caverject-alprostadil\/#primaryimage\",\"url\":\"https:\/\/www.transtoyou.com\/de\/wp-content\/uploads\/sites\/4\/2026\/01\/tty-no-product-image-99.webp\",\"contentUrl\":\"https:\/\/www.transtoyou.com\/de\/wp-content\/uploads\/sites\/4\/2026\/01\/tty-no-product-image-99.webp\",\"width\":1000,\"height\":1000,\"caption\":\"Standardproduktbild\"},{\"@type\":\"WebSite\",\"@id\":\"https:\/\/www.transtoyou.com\/de\/#website\",\"url\":\"https:\/\/www.transtoyou.com\/de\/\",\"name\":\"Transtoyou - DE\",\"description\":\"DE\",\"publisher\":{\"@id\":\"https:\/\/www.transtoyou.com\/de\/#organization\"},\"potentialAction\":[{\"@type\":\"SearchAction\",\"target\":{\"@type\":\"EntryPoint\",\"urlTemplate\":\"https:\/\/www.transtoyou.com\/de\/?s={search_term_string}\"},\"query-input\":{\"@type\":\"PropertyValueSpecification\",\"valueRequired\":true,\"valueName\":\"search_term_string\"}}],\"inLanguage\":\"de\"},{\"@type\":\"Organization\",\"@id\":\"https:\/\/www.transtoyou.com\/de\/#organization\",\"name\":\"Transtoyou - DE\",\"url\":\"https:\/\/www.transtoyou.com\/de\/\",\"logo\":{\"@type\":\"ImageObject\",\"inLanguage\":\"de\",\"@id\":\"https:\/\/www.transtoyou.com\/de\/#\/schema\/logo\/image\/\",\"url\":\"https:\/\/www.transtoyou.com\/de\/wp-content\/uploads\/sites\/4\/2026\/01\/logo-tty-menu-bar-300x87-1.webp\",\"contentUrl\":\"https:\/\/www.transtoyou.com\/de\/wp-content\/uploads\/sites\/4\/2026\/01\/logo-tty-menu-bar-300x87-1.webp\",\"width\":300,\"height\":87,\"caption\":\"Transtoyou - DE\"},\"image\":{\"@id\":\"https:\/\/www.transtoyou.com\/de\/#\/schema\/logo\/image\/\"}}]}<\/script>\n<!-- \/ Yoast SEO plugin. -->","yoast_head_json":{"title":"Caverject (Alprostadil) | Schnell wirkende ED-L\u00f6sung - Transtoyou","description":"Caverject (Alprostadil) behandelt ED effektiv, indem es die Durchblutung lokal verbessert. Erh\u00e4ltlich bei Transtoyou, ideal f\u00fcr Patienten, die nicht auf orale Medikamente ansprechen.","robots":{"index":"noindex","follow":"follow","max-snippet":"max-snippet:-1","max-image-preview":"max-image-preview:large","max-video-preview":"max-video-preview:-1"},"og_locale":"de_DE","og_type":"article","og_title":"Caverject (Alprostadil) | Schnell wirkende ED-L\u00f6sung - Transtoyou","og_description":"Caverject (Alprostadil) behandelt ED effektiv, indem es die Durchblutung lokal verbessert. Erh\u00e4ltlich bei Transtoyou, ideal f\u00fcr Patienten, die nicht auf orale Medikamente ansprechen.","og_url":"https:\/\/www.transtoyou.com\/de\/product\/caverject-alprostadil\/","og_site_name":"Transtoyou - DE","article_modified_time":"2026-02-09T16:19:13+00:00","twitter_card":"summary_large_image","twitter_misc":{"Gesch\u00e4tzte Lesezeit":"1\u00a0Minute"},"schema":{"@context":"https:\/\/schema.org","@graph":[{"@type":"WebPage","@id":"https:\/\/www.transtoyou.com\/de\/product\/caverject-alprostadil\/","url":"https:\/\/www.transtoyou.com\/de\/product\/caverject-alprostadil\/","name":"Caverject (Alprostadil) | Schnell wirkende ED-L\u00f6sung - Transtoyou","isPartOf":{"@id":"https:\/\/www.transtoyou.com\/de\/#website"},"primaryImageOfPage":{"@id":"https:\/\/www.transtoyou.com\/de\/product\/caverject-alprostadil\/#primaryimage"},"image":{"@id":"https:\/\/www.transtoyou.com\/de\/product\/caverject-alprostadil\/#primaryimage"},"thumbnailUrl":"https:\/\/www.transtoyou.com\/de\/wp-content\/uploads\/sites\/4\/2026\/01\/tty-no-product-image-99.webp","datePublished":"2026-01-24T09:19:27+00:00","dateModified":"2026-02-09T16:19:13+00:00","description":"Caverject (Alprostadil) behandelt ED effektiv, indem es die Durchblutung lokal verbessert. Erh\u00e4ltlich bei Transtoyou, ideal f\u00fcr Patienten, die nicht auf orale Medikamente ansprechen.","breadcrumb":{"@id":"https:\/\/www.transtoyou.com\/de\/product\/caverject-alprostadil\/#breadcrumb"},"inLanguage":"de","potentialAction":[{"@type":"ReadAction","target":["https:\/\/www.transtoyou.com\/de\/product\/caverject-alprostadil\/"]}]},{"@type":"ImageObject","inLanguage":"de","@id":"https:\/\/www.transtoyou.com\/de\/product\/caverject-alprostadil\/#primaryimage","url":"https:\/\/www.transtoyou.com\/de\/wp-content\/uploads\/sites\/4\/2026\/01\/tty-no-product-image-99.webp","contentUrl":"https:\/\/www.transtoyou.com\/de\/wp-content\/uploads\/sites\/4\/2026\/01\/tty-no-product-image-99.webp","width":1000,"height":1000,"caption":"Standardproduktbild"},{"@type":"WebSite","@id":"https:\/\/www.transtoyou.com\/de\/#website","url":"https:\/\/www.transtoyou.com\/de\/","name":"Transtoyou - DE","description":"DE","publisher":{"@id":"https:\/\/www.transtoyou.com\/de\/#organization"},"potentialAction":[{"@type":"SearchAction","target":{"@type":"EntryPoint","urlTemplate":"https:\/\/www.transtoyou.com\/de\/?s={search_term_string}"},"query-input":{"@type":"PropertyValueSpecification","valueRequired":true,"valueName":"search_term_string"}}],"inLanguage":"de"},{"@type":"Organization","@id":"https:\/\/www.transtoyou.com\/de\/#organization","name":"Transtoyou - DE","url":"https:\/\/www.transtoyou.com\/de\/","logo":{"@type":"ImageObject","inLanguage":"de","@id":"https:\/\/www.transtoyou.com\/de\/#\/schema\/logo\/image\/","url":"https:\/\/www.transtoyou.com\/de\/wp-content\/uploads\/sites\/4\/2026\/01\/logo-tty-menu-bar-300x87-1.webp","contentUrl":"https:\/\/www.transtoyou.com\/de\/wp-content\/uploads\/sites\/4\/2026\/01\/logo-tty-menu-bar-300x87-1.webp","width":300,"height":87,"caption":"Transtoyou - DE"},"image":{"@id":"https:\/\/www.transtoyou.com\/de\/#\/schema\/logo\/image\/"}}]}},"_links":{"self":[{"href":"https:\/\/www.transtoyou.com\/de\/wp-json\/wp\/v2\/product\/1027","targetHints":{"allow":["GET"]}}],"collection":[{"href":"https:\/\/www.transtoyou.com\/de\/wp-json\/wp\/v2\/product"}],"about":[{"href":"https:\/\/www.transtoyou.com\/de\/wp-json\/wp\/v2\/types\/product"}],"replies":[{"embeddable":true,"href":"https:\/\/www.transtoyou.com\/de\/wp-json\/wp\/v2\/comments?post=1027"}],"wp:featuredmedia":[{"embeddable":true,"href":"https:\/\/www.transtoyou.com\/de\/wp-json\/wp\/v2\/media\/1029"}],"wp:attachment":[{"href":"https:\/\/www.transtoyou.com\/de\/wp-json\/wp\/v2\/media?parent=1027"}],"wp:term":[{"taxonomy":"product_brand","embeddable":true,"href":"https:\/\/www.transtoyou.com\/de\/wp-json\/wp\/v2\/product_brand?post=1027"},{"taxonomy":"product_cat","embeddable":true,"href":"https:\/\/www.transtoyou.com\/de\/wp-json\/wp\/v2\/product_cat?post=1027"},{"taxonomy":"product_tag","embeddable":true,"href":"https:\/\/www.transtoyou.com\/de\/wp-json\/wp\/v2\/product_tag?post=1027"},{"taxonomy":"expert","embeddable":true,"href":"https:\/\/www.transtoyou.com\/de\/wp-json\/wp\/v2\/expert?post=1027"}],"curies":[{"name":"wp","href":"https:\/\/api.w.org\/{rel}","templated":true}]}}