{"id":1035,"date":"2026-01-24T12:10:34","date_gmt":"2026-01-24T10:10:34","guid":{"rendered":"https:\/\/www.transtoyou.com\/de\/product\/primolut-n\/"},"modified":"2026-03-01T14:09:08","modified_gmt":"2026-03-01T12:09:08","slug":"primolut-n","status":"publish","type":"product","link":"https:\/\/www.transtoyou.com\/de\/product\/primolut-n\/","title":{"rendered":"Primolut N"},"content":{"rendered":"<p>Primolut N ist eine Tablette, die Norethisteron enth\u00e4lt, ein synthetisches Gestagen, das zur Steuerung und Beeinflussung des Menstruationszyklus verwendet wird. Es wird h\u00e4ufig verschrieben, um die Menstruation aus kurzfristigen Gr\u00fcnden wie Reisen, Sport oder besonderen Anl\u00e4ssen zu verz\u00f6gern, und wird auch zur Zyklusunterdr\u00fcckung bei unregelm\u00e4\u00dfigen, starken oder schmerzhaften Perioden eingesetzt.<\/p>\n<p>Primolut N wirkt, indem es hohe Spiegel von Gestagen im K\u00f6rper aufrechterh\u00e4lt, was den hormonellen Abfall verhindert, der normalerweise die Menstruation ausl\u00f6st. Wenn die Tabletten abgesetzt werden, sinken die Hormonspiegel und es tritt eine Abbruchblutung auf, \u00e4hnlich wie bei einer nat\u00fcrlichen Periode. Dieser Mechanismus erm\u00f6glicht es den Anwendern, zu kontrollieren, wann ihre Periode beginnt.<\/p>\n<p>Primolut N ist geeignet f\u00fcr Personen, die eine kurzfristige und \u00f6strogenfreie M\u00f6glichkeit zur Steuerung ihres Zyklus bevorzugen. Es wird normalerweise einige Tage vor der erwarteten Periode begonnen und so lange eingenommen, wie die Verz\u00f6gerung gew\u00fcnscht ist. Zu medizinischen Zwecken kann es auch in l\u00e4ngeren Behandlungsregimen unter \u00e4rztlicher Aufsicht eingesetzt werden.<\/p>\n<p>Die Tablette ist einfach zu verwenden und wird von den meisten gut vertragen. Sie bietet keinen Schutz vor Schwangerschaft, daher ist zus\u00e4tzlicher Schutz erforderlich, wenn eine Schwangerschaft ebenfalls vermieden werden soll. Nach dem Absetzen setzt der nat\u00fcrliche Zyklus in der Regel schnell wieder ein.<\/p>\n","protected":false},"excerpt":{"rendered":"<ul>\n<li>Verz\u00f6gert Menstruationsperioden<\/li>\n<li>Progestogenhaltige Tablette<\/li>\n<li>Geeignet f\u00fcr die kurzfristige Anwendung<\/li>\n<\/ul>\n","protected":false},"featured_media":1037,"comment_status":"open","ping_status":"closed","template":"","meta":[],"product_brand":[],"product_cat":[151,152],"product_tag":[],"expert":[21],"class_list":{"0":"post-1035","1":"product","2":"type-product","3":"status-publish","4":"has-post-thumbnail","6":"product_cat-menstruationsunterdruckung","7":"product_cat-menstruationsverzogerung","8":"expert-dr-m-sharoyko","10":"first","11":"instock","12":"shipping-taxable","13":"product-type-variable"},"yoast_head":"<!-- This site is optimized with the Yoast SEO plugin v27.0 - https:\/\/yoast.com\/product\/yoast-seo-wordpress\/ -->\n<title>Primolut N | Unterst\u00fctzung des hormonellen Gleichgewichts - Transtoyou<\/title>\n<meta name=\"description\" content=\"Entdecke Primolut N auf Transtoyou, jetzt erh\u00e4ltlich. Verwalte deinen Menstruationszyklus effektiv mit dieser vertrauensw\u00fcrdigen L\u00f6sung.\" \/>\n<meta name=\"robots\" content=\"noindex, follow, max-snippet:-1, max-image-preview:large, max-video-preview:-1\" \/>\n<meta property=\"og:locale\" content=\"de_DE\" \/>\n<meta property=\"og:type\" content=\"article\" \/>\n<meta property=\"og:title\" content=\"Primolut N | Unterst\u00fctzung des hormonellen Gleichgewichts - Transtoyou\" \/>\n<meta property=\"og:description\" content=\"Entdecke Primolut N auf Transtoyou, jetzt erh\u00e4ltlich. Verwalte deinen Menstruationszyklus effektiv mit dieser vertrauensw\u00fcrdigen L\u00f6sung.\" \/>\n<meta property=\"og:url\" content=\"https:\/\/www.transtoyou.com\/de\/product\/primolut-n\/\" \/>\n<meta property=\"og:site_name\" content=\"Transtoyou - DE\" \/>\n<meta property=\"article:modified_time\" content=\"2026-03-01T12:09:08+00:00\" \/>\n<meta name=\"twitter:card\" content=\"summary_large_image\" \/>\n<meta name=\"twitter:label1\" content=\"Gesch\u00e4tzte Lesezeit\" \/>\n\t<meta name=\"twitter:data1\" content=\"1\u00a0Minute\" \/>\n<script type=\"application\/ld+json\" class=\"yoast-schema-graph\">{\"@context\":\"https:\/\/schema.org\",\"@graph\":[{\"@type\":\"WebPage\",\"@id\":\"https:\/\/www.transtoyou.com\/de\/product\/primolut-n\/\",\"url\":\"https:\/\/www.transtoyou.com\/de\/product\/primolut-n\/\",\"name\":\"Primolut N | Unterst\u00fctzung des hormonellen Gleichgewichts - Transtoyou\",\"isPartOf\":{\"@id\":\"https:\/\/www.transtoyou.com\/de\/#website\"},\"primaryImageOfPage\":{\"@id\":\"https:\/\/www.transtoyou.com\/de\/product\/primolut-n\/#primaryimage\"},\"image\":{\"@id\":\"https:\/\/www.transtoyou.com\/de\/product\/primolut-n\/#primaryimage\"},\"thumbnailUrl\":\"https:\/\/www.transtoyou.com\/de\/wp-content\/uploads\/sites\/4\/2026\/01\/tty-no-product-image-102.webp\",\"datePublished\":\"2026-01-24T10:10:34+00:00\",\"dateModified\":\"2026-03-01T12:09:08+00:00\",\"description\":\"Entdecke Primolut N auf Transtoyou, jetzt erh\u00e4ltlich. Verwalte deinen Menstruationszyklus effektiv mit dieser vertrauensw\u00fcrdigen L\u00f6sung.\",\"breadcrumb\":{\"@id\":\"https:\/\/www.transtoyou.com\/de\/product\/primolut-n\/#breadcrumb\"},\"inLanguage\":\"de\",\"potentialAction\":[{\"@type\":\"ReadAction\",\"target\":[\"https:\/\/www.transtoyou.com\/de\/product\/primolut-n\/\"]}]},{\"@type\":\"ImageObject\",\"inLanguage\":\"de\",\"@id\":\"https:\/\/www.transtoyou.com\/de\/product\/primolut-n\/#primaryimage\",\"url\":\"https:\/\/www.transtoyou.com\/de\/wp-content\/uploads\/sites\/4\/2026\/01\/tty-no-product-image-102.webp\",\"contentUrl\":\"https:\/\/www.transtoyou.com\/de\/wp-content\/uploads\/sites\/4\/2026\/01\/tty-no-product-image-102.webp\",\"width\":1000,\"height\":1000,\"caption\":\"Standardproduktbild\"},{\"@type\":\"WebSite\",\"@id\":\"https:\/\/www.transtoyou.com\/de\/#website\",\"url\":\"https:\/\/www.transtoyou.com\/de\/\",\"name\":\"Transtoyou - DE\",\"description\":\"DE\",\"publisher\":{\"@id\":\"https:\/\/www.transtoyou.com\/de\/#organization\"},\"potentialAction\":[{\"@type\":\"SearchAction\",\"target\":{\"@type\":\"EntryPoint\",\"urlTemplate\":\"https:\/\/www.transtoyou.com\/de\/?s={search_term_string}\"},\"query-input\":{\"@type\":\"PropertyValueSpecification\",\"valueRequired\":true,\"valueName\":\"search_term_string\"}}],\"inLanguage\":\"de\"},{\"@type\":\"Organization\",\"@id\":\"https:\/\/www.transtoyou.com\/de\/#organization\",\"name\":\"Transtoyou - DE\",\"url\":\"https:\/\/www.transtoyou.com\/de\/\",\"logo\":{\"@type\":\"ImageObject\",\"inLanguage\":\"de\",\"@id\":\"https:\/\/www.transtoyou.com\/de\/#\/schema\/logo\/image\/\",\"url\":\"https:\/\/www.transtoyou.com\/de\/wp-content\/uploads\/sites\/4\/2026\/01\/logo-tty-menu-bar-300x87-1.webp\",\"contentUrl\":\"https:\/\/www.transtoyou.com\/de\/wp-content\/uploads\/sites\/4\/2026\/01\/logo-tty-menu-bar-300x87-1.webp\",\"width\":300,\"height\":87,\"caption\":\"Transtoyou - DE\"},\"image\":{\"@id\":\"https:\/\/www.transtoyou.com\/de\/#\/schema\/logo\/image\/\"}}]}<\/script>\n<!-- \/ Yoast SEO plugin. -->","yoast_head_json":{"title":"Primolut N | Unterst\u00fctzung des hormonellen Gleichgewichts - Transtoyou","description":"Entdecke Primolut N auf Transtoyou, jetzt erh\u00e4ltlich. Verwalte deinen Menstruationszyklus effektiv mit dieser vertrauensw\u00fcrdigen L\u00f6sung.","robots":{"index":"noindex","follow":"follow","max-snippet":"max-snippet:-1","max-image-preview":"max-image-preview:large","max-video-preview":"max-video-preview:-1"},"og_locale":"de_DE","og_type":"article","og_title":"Primolut N | Unterst\u00fctzung des hormonellen Gleichgewichts - Transtoyou","og_description":"Entdecke Primolut N auf Transtoyou, jetzt erh\u00e4ltlich. Verwalte deinen Menstruationszyklus effektiv mit dieser vertrauensw\u00fcrdigen L\u00f6sung.","og_url":"https:\/\/www.transtoyou.com\/de\/product\/primolut-n\/","og_site_name":"Transtoyou - DE","article_modified_time":"2026-03-01T12:09:08+00:00","twitter_card":"summary_large_image","twitter_misc":{"Gesch\u00e4tzte Lesezeit":"1\u00a0Minute"},"schema":{"@context":"https:\/\/schema.org","@graph":[{"@type":"WebPage","@id":"https:\/\/www.transtoyou.com\/de\/product\/primolut-n\/","url":"https:\/\/www.transtoyou.com\/de\/product\/primolut-n\/","name":"Primolut N | Unterst\u00fctzung des hormonellen Gleichgewichts - Transtoyou","isPartOf":{"@id":"https:\/\/www.transtoyou.com\/de\/#website"},"primaryImageOfPage":{"@id":"https:\/\/www.transtoyou.com\/de\/product\/primolut-n\/#primaryimage"},"image":{"@id":"https:\/\/www.transtoyou.com\/de\/product\/primolut-n\/#primaryimage"},"thumbnailUrl":"https:\/\/www.transtoyou.com\/de\/wp-content\/uploads\/sites\/4\/2026\/01\/tty-no-product-image-102.webp","datePublished":"2026-01-24T10:10:34+00:00","dateModified":"2026-03-01T12:09:08+00:00","description":"Entdecke Primolut N auf Transtoyou, jetzt erh\u00e4ltlich. Verwalte deinen Menstruationszyklus effektiv mit dieser vertrauensw\u00fcrdigen L\u00f6sung.","breadcrumb":{"@id":"https:\/\/www.transtoyou.com\/de\/product\/primolut-n\/#breadcrumb"},"inLanguage":"de","potentialAction":[{"@type":"ReadAction","target":["https:\/\/www.transtoyou.com\/de\/product\/primolut-n\/"]}]},{"@type":"ImageObject","inLanguage":"de","@id":"https:\/\/www.transtoyou.com\/de\/product\/primolut-n\/#primaryimage","url":"https:\/\/www.transtoyou.com\/de\/wp-content\/uploads\/sites\/4\/2026\/01\/tty-no-product-image-102.webp","contentUrl":"https:\/\/www.transtoyou.com\/de\/wp-content\/uploads\/sites\/4\/2026\/01\/tty-no-product-image-102.webp","width":1000,"height":1000,"caption":"Standardproduktbild"},{"@type":"WebSite","@id":"https:\/\/www.transtoyou.com\/de\/#website","url":"https:\/\/www.transtoyou.com\/de\/","name":"Transtoyou - DE","description":"DE","publisher":{"@id":"https:\/\/www.transtoyou.com\/de\/#organization"},"potentialAction":[{"@type":"SearchAction","target":{"@type":"EntryPoint","urlTemplate":"https:\/\/www.transtoyou.com\/de\/?s={search_term_string}"},"query-input":{"@type":"PropertyValueSpecification","valueRequired":true,"valueName":"search_term_string"}}],"inLanguage":"de"},{"@type":"Organization","@id":"https:\/\/www.transtoyou.com\/de\/#organization","name":"Transtoyou - DE","url":"https:\/\/www.transtoyou.com\/de\/","logo":{"@type":"ImageObject","inLanguage":"de","@id":"https:\/\/www.transtoyou.com\/de\/#\/schema\/logo\/image\/","url":"https:\/\/www.transtoyou.com\/de\/wp-content\/uploads\/sites\/4\/2026\/01\/logo-tty-menu-bar-300x87-1.webp","contentUrl":"https:\/\/www.transtoyou.com\/de\/wp-content\/uploads\/sites\/4\/2026\/01\/logo-tty-menu-bar-300x87-1.webp","width":300,"height":87,"caption":"Transtoyou - DE"},"image":{"@id":"https:\/\/www.transtoyou.com\/de\/#\/schema\/logo\/image\/"}}]}},"_links":{"self":[{"href":"https:\/\/www.transtoyou.com\/de\/wp-json\/wp\/v2\/product\/1035","targetHints":{"allow":["GET"]}}],"collection":[{"href":"https:\/\/www.transtoyou.com\/de\/wp-json\/wp\/v2\/product"}],"about":[{"href":"https:\/\/www.transtoyou.com\/de\/wp-json\/wp\/v2\/types\/product"}],"replies":[{"embeddable":true,"href":"https:\/\/www.transtoyou.com\/de\/wp-json\/wp\/v2\/comments?post=1035"}],"wp:featuredmedia":[{"embeddable":true,"href":"https:\/\/www.transtoyou.com\/de\/wp-json\/wp\/v2\/media\/1037"}],"wp:attachment":[{"href":"https:\/\/www.transtoyou.com\/de\/wp-json\/wp\/v2\/media?parent=1035"}],"wp:term":[{"taxonomy":"product_brand","embeddable":true,"href":"https:\/\/www.transtoyou.com\/de\/wp-json\/wp\/v2\/product_brand?post=1035"},{"taxonomy":"product_cat","embeddable":true,"href":"https:\/\/www.transtoyou.com\/de\/wp-json\/wp\/v2\/product_cat?post=1035"},{"taxonomy":"product_tag","embeddable":true,"href":"https:\/\/www.transtoyou.com\/de\/wp-json\/wp\/v2\/product_tag?post=1035"},{"taxonomy":"expert","embeddable":true,"href":"https:\/\/www.transtoyou.com\/de\/wp-json\/wp\/v2\/expert?post=1035"}],"curies":[{"name":"wp","href":"https:\/\/api.w.org\/{rel}","templated":true}]}}