{"id":1038,"date":"2026-01-24T12:24:08","date_gmt":"2026-01-24T10:24:08","guid":{"rendered":"https:\/\/www.transtoyou.com\/de\/product\/cerazette\/"},"modified":"2026-01-24T12:25:04","modified_gmt":"2026-01-24T10:25:04","slug":"cerazette","status":"publish","type":"product","link":"https:\/\/www.transtoyou.com\/de\/product\/cerazette\/","title":{"rendered":"Cerazette"},"content":{"rendered":"<p>Cerazette ist ein gestagenhaltiges orales Verh\u00fctungsmittel, auch bekannt als Mini-Pille. Es enth\u00e4lt Desogestrel, das eine Schwangerschaft verhindert, indem es den Eisprung hemmt, den Zervixschleim verdickt und die Geb\u00e4rmutterschleimhaut ver\u00e4ndert, um die Wahrscheinlichkeit einer Einnistung zu verringern. Im Gegensatz zu kombinierten Pillen enth\u00e4lt Cerazette kein \u00d6strogen, was es f\u00fcr Personen geeignet macht, die empfindlich auf oder Kontraindikationen gegen \u00f6strogenhaltige Verh\u00fctungsmittel haben.<\/p>\n<p>Neben seinen verh\u00fctenden Wirkungen wird Cerazette oft zur Menstruationsunterdr\u00fcckung eingesetzt. Viele Anwenderinnen erleben w\u00e4hrend der Einnahme von Cerazette leichtere Perioden, unregelm\u00e4\u00dfige Blutungen oder Amenorrhoe (Fehlen der Menstruation). Dies kann f\u00fcr Menschen mit starken oder schmerzhaften Zyklen oder f\u00fcr diejenigen, die eine langfristige Zykluskontrolle suchen, von Vorteil sein.<\/p>\n<p>Cerazette wird einmal t\u00e4glich zur gleichen Zeit ohne Pausen zwischen den Packungen eingenommen. Es ist wichtig, die Einnahmezeiten konstant zu halten, da das Auslassen einer Dosis um mehr als 12 Stunden die Verh\u00fctungswirksamkeit verringern kann. Der Verh\u00fctungsschutz beginnt 48 Stunden nach der Einnahme der ersten Tablette (wenn sie nicht am ersten Tag des Menstruationszyklus eingenommen wurde), und Cerazette gilt als sicher in der Stillzeit.<\/p>\n<p>Cerazette bietet eine einfache, \u00f6strogenfreie Option f\u00fcr zuverl\u00e4ssige Verh\u00fctung und Menstruationsunterdr\u00fcckung mit dem Komfort einer t\u00e4glichen Tablette.<\/p>\n","protected":false},"excerpt":{"rendered":"<ul>\n<li>Progestogen-only t\u00e4gliches Verh\u00fctungsmittel<\/li>\n<li>Geeignet f\u00fcr \u00f6strogensensible Anwender<\/li>\n<li>Hilft, die Menstruation zu unterdr\u00fccken<\/li>\n<\/ul>\n","protected":false},"featured_media":1040,"comment_status":"open","ping_status":"closed","template":"","meta":[],"product_brand":[],"product_cat":[151,155],"product_tag":[],"expert":[21],"class_list":{"0":"post-1038","1":"product","2":"type-product","3":"status-publish","4":"has-post-thumbnail","6":"product_cat-menstruationsunterdruckung","7":"product_cat-mini-pille","8":"expert-dr-m-sharoyko","10":"first","11":"instock","12":"shipping-taxable","13":"product-type-variable"},"yoast_head":"<!-- This site is optimized with the Yoast SEO plugin v27.0 - https:\/\/yoast.com\/product\/yoast-seo-wordpress\/ -->\n<title>Cerazette | Effektive Verh\u00fctungsl\u00f6sung - Transtoyou<\/title>\n<meta name=\"description\" content=\"Entdecke Cerazette, erh\u00e4ltlich bei Transtoyou. Profitiere von zuverl\u00e4ssigem Verh\u00fctungsschutz. Jetzt einkaufen f\u00fcr einfachen Zugang zu vertrauensw\u00fcrdigen Gesundheitsl\u00f6sungen.\" \/>\n<meta name=\"robots\" content=\"noindex, follow, max-snippet:-1, max-image-preview:large, max-video-preview:-1\" \/>\n<meta property=\"og:locale\" content=\"de_DE\" \/>\n<meta property=\"og:type\" content=\"article\" \/>\n<meta property=\"og:title\" content=\"Cerazette | Effektive Verh\u00fctungsl\u00f6sung - Transtoyou\" \/>\n<meta property=\"og:description\" content=\"Entdecke Cerazette, erh\u00e4ltlich bei Transtoyou. Profitiere von zuverl\u00e4ssigem Verh\u00fctungsschutz. Jetzt einkaufen f\u00fcr einfachen Zugang zu vertrauensw\u00fcrdigen Gesundheitsl\u00f6sungen.\" \/>\n<meta property=\"og:url\" content=\"https:\/\/www.transtoyou.com\/de\/product\/cerazette\/\" \/>\n<meta property=\"og:site_name\" content=\"Transtoyou - DE\" \/>\n<meta property=\"article:modified_time\" content=\"2026-01-24T10:25:04+00:00\" \/>\n<meta name=\"twitter:card\" content=\"summary_large_image\" \/>\n<meta name=\"twitter:label1\" content=\"Gesch\u00e4tzte Lesezeit\" \/>\n\t<meta name=\"twitter:data1\" content=\"1\u00a0Minute\" \/>\n<script type=\"application\/ld+json\" class=\"yoast-schema-graph\">{\"@context\":\"https:\/\/schema.org\",\"@graph\":[{\"@type\":\"WebPage\",\"@id\":\"https:\/\/www.transtoyou.com\/de\/product\/cerazette\/\",\"url\":\"https:\/\/www.transtoyou.com\/de\/product\/cerazette\/\",\"name\":\"Cerazette | Effektive Verh\u00fctungsl\u00f6sung - Transtoyou\",\"isPartOf\":{\"@id\":\"https:\/\/www.transtoyou.com\/de\/#website\"},\"primaryImageOfPage\":{\"@id\":\"https:\/\/www.transtoyou.com\/de\/product\/cerazette\/#primaryimage\"},\"image\":{\"@id\":\"https:\/\/www.transtoyou.com\/de\/product\/cerazette\/#primaryimage\"},\"thumbnailUrl\":\"https:\/\/www.transtoyou.com\/de\/wp-content\/uploads\/sites\/4\/2026\/01\/tty-no-product-image-103.webp\",\"datePublished\":\"2026-01-24T10:24:08+00:00\",\"dateModified\":\"2026-01-24T10:25:04+00:00\",\"description\":\"Entdecke Cerazette, erh\u00e4ltlich bei Transtoyou. Profitiere von zuverl\u00e4ssigem Verh\u00fctungsschutz. Jetzt einkaufen f\u00fcr einfachen Zugang zu vertrauensw\u00fcrdigen Gesundheitsl\u00f6sungen.\",\"breadcrumb\":{\"@id\":\"https:\/\/www.transtoyou.com\/de\/product\/cerazette\/#breadcrumb\"},\"inLanguage\":\"de\",\"potentialAction\":[{\"@type\":\"ReadAction\",\"target\":[\"https:\/\/www.transtoyou.com\/de\/product\/cerazette\/\"]}]},{\"@type\":\"ImageObject\",\"inLanguage\":\"de\",\"@id\":\"https:\/\/www.transtoyou.com\/de\/product\/cerazette\/#primaryimage\",\"url\":\"https:\/\/www.transtoyou.com\/de\/wp-content\/uploads\/sites\/4\/2026\/01\/tty-no-product-image-103.webp\",\"contentUrl\":\"https:\/\/www.transtoyou.com\/de\/wp-content\/uploads\/sites\/4\/2026\/01\/tty-no-product-image-103.webp\",\"width\":1000,\"height\":1000,\"caption\":\"Standardproduktbild\"},{\"@type\":\"WebSite\",\"@id\":\"https:\/\/www.transtoyou.com\/de\/#website\",\"url\":\"https:\/\/www.transtoyou.com\/de\/\",\"name\":\"Transtoyou - DE\",\"description\":\"DE\",\"publisher\":{\"@id\":\"https:\/\/www.transtoyou.com\/de\/#organization\"},\"potentialAction\":[{\"@type\":\"SearchAction\",\"target\":{\"@type\":\"EntryPoint\",\"urlTemplate\":\"https:\/\/www.transtoyou.com\/de\/?s={search_term_string}\"},\"query-input\":{\"@type\":\"PropertyValueSpecification\",\"valueRequired\":true,\"valueName\":\"search_term_string\"}}],\"inLanguage\":\"de\"},{\"@type\":\"Organization\",\"@id\":\"https:\/\/www.transtoyou.com\/de\/#organization\",\"name\":\"Transtoyou - DE\",\"url\":\"https:\/\/www.transtoyou.com\/de\/\",\"logo\":{\"@type\":\"ImageObject\",\"inLanguage\":\"de\",\"@id\":\"https:\/\/www.transtoyou.com\/de\/#\/schema\/logo\/image\/\",\"url\":\"https:\/\/www.transtoyou.com\/de\/wp-content\/uploads\/sites\/4\/2026\/01\/logo-tty-menu-bar-300x87-1.webp\",\"contentUrl\":\"https:\/\/www.transtoyou.com\/de\/wp-content\/uploads\/sites\/4\/2026\/01\/logo-tty-menu-bar-300x87-1.webp\",\"width\":300,\"height\":87,\"caption\":\"Transtoyou - DE\"},\"image\":{\"@id\":\"https:\/\/www.transtoyou.com\/de\/#\/schema\/logo\/image\/\"}}]}<\/script>\n<!-- \/ Yoast SEO plugin. -->","yoast_head_json":{"title":"Cerazette | Effektive Verh\u00fctungsl\u00f6sung - Transtoyou","description":"Entdecke Cerazette, erh\u00e4ltlich bei Transtoyou. Profitiere von zuverl\u00e4ssigem Verh\u00fctungsschutz. Jetzt einkaufen f\u00fcr einfachen Zugang zu vertrauensw\u00fcrdigen Gesundheitsl\u00f6sungen.","robots":{"index":"noindex","follow":"follow","max-snippet":"max-snippet:-1","max-image-preview":"max-image-preview:large","max-video-preview":"max-video-preview:-1"},"og_locale":"de_DE","og_type":"article","og_title":"Cerazette | Effektive Verh\u00fctungsl\u00f6sung - Transtoyou","og_description":"Entdecke Cerazette, erh\u00e4ltlich bei Transtoyou. Profitiere von zuverl\u00e4ssigem Verh\u00fctungsschutz. Jetzt einkaufen f\u00fcr einfachen Zugang zu vertrauensw\u00fcrdigen Gesundheitsl\u00f6sungen.","og_url":"https:\/\/www.transtoyou.com\/de\/product\/cerazette\/","og_site_name":"Transtoyou - DE","article_modified_time":"2026-01-24T10:25:04+00:00","twitter_card":"summary_large_image","twitter_misc":{"Gesch\u00e4tzte Lesezeit":"1\u00a0Minute"},"schema":{"@context":"https:\/\/schema.org","@graph":[{"@type":"WebPage","@id":"https:\/\/www.transtoyou.com\/de\/product\/cerazette\/","url":"https:\/\/www.transtoyou.com\/de\/product\/cerazette\/","name":"Cerazette | Effektive Verh\u00fctungsl\u00f6sung - Transtoyou","isPartOf":{"@id":"https:\/\/www.transtoyou.com\/de\/#website"},"primaryImageOfPage":{"@id":"https:\/\/www.transtoyou.com\/de\/product\/cerazette\/#primaryimage"},"image":{"@id":"https:\/\/www.transtoyou.com\/de\/product\/cerazette\/#primaryimage"},"thumbnailUrl":"https:\/\/www.transtoyou.com\/de\/wp-content\/uploads\/sites\/4\/2026\/01\/tty-no-product-image-103.webp","datePublished":"2026-01-24T10:24:08+00:00","dateModified":"2026-01-24T10:25:04+00:00","description":"Entdecke Cerazette, erh\u00e4ltlich bei Transtoyou. Profitiere von zuverl\u00e4ssigem Verh\u00fctungsschutz. Jetzt einkaufen f\u00fcr einfachen Zugang zu vertrauensw\u00fcrdigen Gesundheitsl\u00f6sungen.","breadcrumb":{"@id":"https:\/\/www.transtoyou.com\/de\/product\/cerazette\/#breadcrumb"},"inLanguage":"de","potentialAction":[{"@type":"ReadAction","target":["https:\/\/www.transtoyou.com\/de\/product\/cerazette\/"]}]},{"@type":"ImageObject","inLanguage":"de","@id":"https:\/\/www.transtoyou.com\/de\/product\/cerazette\/#primaryimage","url":"https:\/\/www.transtoyou.com\/de\/wp-content\/uploads\/sites\/4\/2026\/01\/tty-no-product-image-103.webp","contentUrl":"https:\/\/www.transtoyou.com\/de\/wp-content\/uploads\/sites\/4\/2026\/01\/tty-no-product-image-103.webp","width":1000,"height":1000,"caption":"Standardproduktbild"},{"@type":"WebSite","@id":"https:\/\/www.transtoyou.com\/de\/#website","url":"https:\/\/www.transtoyou.com\/de\/","name":"Transtoyou - DE","description":"DE","publisher":{"@id":"https:\/\/www.transtoyou.com\/de\/#organization"},"potentialAction":[{"@type":"SearchAction","target":{"@type":"EntryPoint","urlTemplate":"https:\/\/www.transtoyou.com\/de\/?s={search_term_string}"},"query-input":{"@type":"PropertyValueSpecification","valueRequired":true,"valueName":"search_term_string"}}],"inLanguage":"de"},{"@type":"Organization","@id":"https:\/\/www.transtoyou.com\/de\/#organization","name":"Transtoyou - DE","url":"https:\/\/www.transtoyou.com\/de\/","logo":{"@type":"ImageObject","inLanguage":"de","@id":"https:\/\/www.transtoyou.com\/de\/#\/schema\/logo\/image\/","url":"https:\/\/www.transtoyou.com\/de\/wp-content\/uploads\/sites\/4\/2026\/01\/logo-tty-menu-bar-300x87-1.webp","contentUrl":"https:\/\/www.transtoyou.com\/de\/wp-content\/uploads\/sites\/4\/2026\/01\/logo-tty-menu-bar-300x87-1.webp","width":300,"height":87,"caption":"Transtoyou - DE"},"image":{"@id":"https:\/\/www.transtoyou.com\/de\/#\/schema\/logo\/image\/"}}]}},"_links":{"self":[{"href":"https:\/\/www.transtoyou.com\/de\/wp-json\/wp\/v2\/product\/1038","targetHints":{"allow":["GET"]}}],"collection":[{"href":"https:\/\/www.transtoyou.com\/de\/wp-json\/wp\/v2\/product"}],"about":[{"href":"https:\/\/www.transtoyou.com\/de\/wp-json\/wp\/v2\/types\/product"}],"replies":[{"embeddable":true,"href":"https:\/\/www.transtoyou.com\/de\/wp-json\/wp\/v2\/comments?post=1038"}],"wp:featuredmedia":[{"embeddable":true,"href":"https:\/\/www.transtoyou.com\/de\/wp-json\/wp\/v2\/media\/1040"}],"wp:attachment":[{"href":"https:\/\/www.transtoyou.com\/de\/wp-json\/wp\/v2\/media?parent=1038"}],"wp:term":[{"taxonomy":"product_brand","embeddable":true,"href":"https:\/\/www.transtoyou.com\/de\/wp-json\/wp\/v2\/product_brand?post=1038"},{"taxonomy":"product_cat","embeddable":true,"href":"https:\/\/www.transtoyou.com\/de\/wp-json\/wp\/v2\/product_cat?post=1038"},{"taxonomy":"product_tag","embeddable":true,"href":"https:\/\/www.transtoyou.com\/de\/wp-json\/wp\/v2\/product_tag?post=1038"},{"taxonomy":"expert","embeddable":true,"href":"https:\/\/www.transtoyou.com\/de\/wp-json\/wp\/v2\/expert?post=1038"}],"curies":[{"name":"wp","href":"https:\/\/api.w.org\/{rel}","templated":true}]}}