{"id":1041,"date":"2026-01-24T12:37:52","date_gmt":"2026-01-24T10:37:52","guid":{"rendered":"https:\/\/www.transtoyou.com\/de\/product\/desogestrel\/"},"modified":"2026-02-13T16:32:57","modified_gmt":"2026-02-13T14:32:57","slug":"desogestrel","status":"publish","type":"product","link":"https:\/\/www.transtoyou.com\/de\/product\/desogestrel\/","title":{"rendered":"Desogestrel"},"content":{"rendered":"<p>Desogestrel ist eine Gestagen-only Verh\u00fctungstablette, die allgemein als Mini-Pille bekannt ist. Sie enth\u00e4lt eine niedrige Dosis des synthetischen Hormons Desogestrel, das zur Verhinderung einer Schwangerschaft eingesetzt wird. Im Gegensatz zu kombinierten oralen Verh\u00fctungsmitteln enth\u00e4lt Desogestrel kein \u00d6strogen. Dies macht es zu einer bevorzugten Option f\u00fcr Personen, die \u00d6strogen nicht vertragen oder stillen.<\/p>\n<p>Die Hauptwirkung von Desogestrel besteht darin, den Eisprung zu hemmen, was bedeutet, dass die Freisetzung eines Eies aus dem Eierstock verhindert wird. Es verdickt auch den Zervixschleim, wodurch es f\u00fcr Spermien schwieriger wird, ein Ei zu erreichen, und ver\u00e4ndert die Schleimhaut der Geb\u00e4rmutter, um die Wahrscheinlichkeit einer Einnistung zu verringern. Diese kombinierten Effekte machen es zu einer zuverl\u00e4ssigen und diskreten Form der hormonellen Verh\u00fctung.<\/p>\n<p>Desogestrel muss jeden Tag zur gleichen Zeit eingenommen werden, ohne pillenfreie Intervalle. Es gibt keine pillenfreien Tage, und jede Packung wird kontinuierlich eingenommen. Wenn eine Tablette mehr als zw\u00f6lf Stunden zu sp\u00e4t eingenommen wird, kann ihre Wirksamkeit verringert sein, und es k\u00f6nnen vor\u00fcbergehend zus\u00e4tzliche Verh\u00fctungsmethoden erforderlich sein.<\/p>\n<p>Viele Anwenderinnen erleben Ver\u00e4nderungen in ihrem Menstruationszyklus w\u00e4hrend der Einnahme von Desogestrel. Dazu k\u00f6nnen unregelm\u00e4\u00dfige Blutungen, Schmierblutungen oder das Ausbleiben der Periode (Amenorrhoe) geh\u00f6ren. Diese Ver\u00e4nderungen sind h\u00e4ufig und in der Regel kein Grund zur Besorgnis. Desogestrel ist eine einfache und effektive Option f\u00fcr diejenigen, die eine Gestagen-only Methode bevorzugen, die sich in eine t\u00e4gliche Routine einf\u00fcgt.<\/p>\n","protected":false},"excerpt":{"rendered":"<ul>\n<li>\u00d6strogenfreies t\u00e4gliches Verh\u00fctungsmittel<\/li>\n<li>Verhindert den Eisprung und verdickt den Zervixschleim<\/li>\n<li>Geeignet w\u00e4hrend der Stillzeit<\/li>\n<\/ul>\n","protected":false},"featured_media":1043,"comment_status":"open","ping_status":"closed","template":"","meta":[],"product_brand":[],"product_cat":[155],"product_tag":[],"expert":[21],"class_list":{"0":"post-1041","1":"product","2":"type-product","3":"status-publish","4":"has-post-thumbnail","6":"product_cat-mini-pille","7":"expert-dr-m-sharoyko","9":"first","10":"instock","11":"shipping-taxable","12":"product-type-variable"},"yoast_head":"<!-- This site is optimized with the Yoast SEO plugin v27.0 - https:\/\/yoast.com\/product\/yoast-seo-wordpress\/ -->\n<title>Desogestrel | \u00d6strogenfreie Mini-Pille - Transtoyou<\/title>\n<meta name=\"description\" content=\"Desogestrel Mini-Pille, jetzt kaufen f\u00fcr zuverl\u00e4ssigen, \u00f6strogenfreien Verh\u00fctungsschutz. Perfekt f\u00fcr stillende oder \u00f6strogenintolerante Nutzer. Hol dir deine heute!\" \/>\n<meta name=\"robots\" content=\"noindex, follow, max-snippet:-1, max-image-preview:large, max-video-preview:-1\" \/>\n<meta property=\"og:locale\" content=\"de_DE\" \/>\n<meta property=\"og:type\" content=\"article\" \/>\n<meta property=\"og:title\" content=\"Desogestrel | \u00d6strogenfreie Mini-Pille - Transtoyou\" \/>\n<meta property=\"og:description\" content=\"Desogestrel Mini-Pille, jetzt kaufen f\u00fcr zuverl\u00e4ssigen, \u00f6strogenfreien Verh\u00fctungsschutz. Perfekt f\u00fcr stillende oder \u00f6strogenintolerante Nutzer. Hol dir deine heute!\" \/>\n<meta property=\"og:url\" content=\"https:\/\/www.transtoyou.com\/de\/product\/desogestrel\/\" \/>\n<meta property=\"og:site_name\" content=\"Transtoyou - DE\" \/>\n<meta property=\"article:modified_time\" content=\"2026-02-13T14:32:57+00:00\" \/>\n<meta name=\"twitter:card\" content=\"summary_large_image\" \/>\n<meta name=\"twitter:label1\" content=\"Gesch\u00e4tzte Lesezeit\" \/>\n\t<meta name=\"twitter:data1\" content=\"1\u00a0Minute\" \/>\n<script type=\"application\/ld+json\" class=\"yoast-schema-graph\">{\"@context\":\"https:\/\/schema.org\",\"@graph\":[{\"@type\":\"WebPage\",\"@id\":\"https:\/\/www.transtoyou.com\/de\/product\/desogestrel\/\",\"url\":\"https:\/\/www.transtoyou.com\/de\/product\/desogestrel\/\",\"name\":\"Desogestrel | \u00d6strogenfreie Mini-Pille - Transtoyou\",\"isPartOf\":{\"@id\":\"https:\/\/www.transtoyou.com\/de\/#website\"},\"primaryImageOfPage\":{\"@id\":\"https:\/\/www.transtoyou.com\/de\/product\/desogestrel\/#primaryimage\"},\"image\":{\"@id\":\"https:\/\/www.transtoyou.com\/de\/product\/desogestrel\/#primaryimage\"},\"thumbnailUrl\":\"https:\/\/www.transtoyou.com\/de\/wp-content\/uploads\/sites\/4\/2026\/01\/tty-no-product-image-104.webp\",\"datePublished\":\"2026-01-24T10:37:52+00:00\",\"dateModified\":\"2026-02-13T14:32:57+00:00\",\"description\":\"Desogestrel Mini-Pille, jetzt kaufen f\u00fcr zuverl\u00e4ssigen, \u00f6strogenfreien Verh\u00fctungsschutz. Perfekt f\u00fcr stillende oder \u00f6strogenintolerante Nutzer. Hol dir deine heute!\",\"breadcrumb\":{\"@id\":\"https:\/\/www.transtoyou.com\/de\/product\/desogestrel\/#breadcrumb\"},\"inLanguage\":\"de\",\"potentialAction\":[{\"@type\":\"ReadAction\",\"target\":[\"https:\/\/www.transtoyou.com\/de\/product\/desogestrel\/\"]}]},{\"@type\":\"ImageObject\",\"inLanguage\":\"de\",\"@id\":\"https:\/\/www.transtoyou.com\/de\/product\/desogestrel\/#primaryimage\",\"url\":\"https:\/\/www.transtoyou.com\/de\/wp-content\/uploads\/sites\/4\/2026\/01\/tty-no-product-image-104.webp\",\"contentUrl\":\"https:\/\/www.transtoyou.com\/de\/wp-content\/uploads\/sites\/4\/2026\/01\/tty-no-product-image-104.webp\",\"width\":1000,\"height\":1000,\"caption\":\"Standardproduktbild\"},{\"@type\":\"WebSite\",\"@id\":\"https:\/\/www.transtoyou.com\/de\/#website\",\"url\":\"https:\/\/www.transtoyou.com\/de\/\",\"name\":\"Transtoyou - DE\",\"description\":\"DE\",\"publisher\":{\"@id\":\"https:\/\/www.transtoyou.com\/de\/#organization\"},\"potentialAction\":[{\"@type\":\"SearchAction\",\"target\":{\"@type\":\"EntryPoint\",\"urlTemplate\":\"https:\/\/www.transtoyou.com\/de\/?s={search_term_string}\"},\"query-input\":{\"@type\":\"PropertyValueSpecification\",\"valueRequired\":true,\"valueName\":\"search_term_string\"}}],\"inLanguage\":\"de\"},{\"@type\":\"Organization\",\"@id\":\"https:\/\/www.transtoyou.com\/de\/#organization\",\"name\":\"Transtoyou - DE\",\"url\":\"https:\/\/www.transtoyou.com\/de\/\",\"logo\":{\"@type\":\"ImageObject\",\"inLanguage\":\"de\",\"@id\":\"https:\/\/www.transtoyou.com\/de\/#\/schema\/logo\/image\/\",\"url\":\"https:\/\/www.transtoyou.com\/de\/wp-content\/uploads\/sites\/4\/2026\/01\/logo-tty-menu-bar-300x87-1.webp\",\"contentUrl\":\"https:\/\/www.transtoyou.com\/de\/wp-content\/uploads\/sites\/4\/2026\/01\/logo-tty-menu-bar-300x87-1.webp\",\"width\":300,\"height\":87,\"caption\":\"Transtoyou - DE\"},\"image\":{\"@id\":\"https:\/\/www.transtoyou.com\/de\/#\/schema\/logo\/image\/\"}}]}<\/script>\n<!-- \/ Yoast SEO plugin. -->","yoast_head_json":{"title":"Desogestrel | \u00d6strogenfreie Mini-Pille - Transtoyou","description":"Desogestrel Mini-Pille, jetzt kaufen f\u00fcr zuverl\u00e4ssigen, \u00f6strogenfreien Verh\u00fctungsschutz. Perfekt f\u00fcr stillende oder \u00f6strogenintolerante Nutzer. Hol dir deine heute!","robots":{"index":"noindex","follow":"follow","max-snippet":"max-snippet:-1","max-image-preview":"max-image-preview:large","max-video-preview":"max-video-preview:-1"},"og_locale":"de_DE","og_type":"article","og_title":"Desogestrel | \u00d6strogenfreie Mini-Pille - Transtoyou","og_description":"Desogestrel Mini-Pille, jetzt kaufen f\u00fcr zuverl\u00e4ssigen, \u00f6strogenfreien Verh\u00fctungsschutz. Perfekt f\u00fcr stillende oder \u00f6strogenintolerante Nutzer. Hol dir deine heute!","og_url":"https:\/\/www.transtoyou.com\/de\/product\/desogestrel\/","og_site_name":"Transtoyou - DE","article_modified_time":"2026-02-13T14:32:57+00:00","twitter_card":"summary_large_image","twitter_misc":{"Gesch\u00e4tzte Lesezeit":"1\u00a0Minute"},"schema":{"@context":"https:\/\/schema.org","@graph":[{"@type":"WebPage","@id":"https:\/\/www.transtoyou.com\/de\/product\/desogestrel\/","url":"https:\/\/www.transtoyou.com\/de\/product\/desogestrel\/","name":"Desogestrel | \u00d6strogenfreie Mini-Pille - Transtoyou","isPartOf":{"@id":"https:\/\/www.transtoyou.com\/de\/#website"},"primaryImageOfPage":{"@id":"https:\/\/www.transtoyou.com\/de\/product\/desogestrel\/#primaryimage"},"image":{"@id":"https:\/\/www.transtoyou.com\/de\/product\/desogestrel\/#primaryimage"},"thumbnailUrl":"https:\/\/www.transtoyou.com\/de\/wp-content\/uploads\/sites\/4\/2026\/01\/tty-no-product-image-104.webp","datePublished":"2026-01-24T10:37:52+00:00","dateModified":"2026-02-13T14:32:57+00:00","description":"Desogestrel Mini-Pille, jetzt kaufen f\u00fcr zuverl\u00e4ssigen, \u00f6strogenfreien Verh\u00fctungsschutz. Perfekt f\u00fcr stillende oder \u00f6strogenintolerante Nutzer. Hol dir deine heute!","breadcrumb":{"@id":"https:\/\/www.transtoyou.com\/de\/product\/desogestrel\/#breadcrumb"},"inLanguage":"de","potentialAction":[{"@type":"ReadAction","target":["https:\/\/www.transtoyou.com\/de\/product\/desogestrel\/"]}]},{"@type":"ImageObject","inLanguage":"de","@id":"https:\/\/www.transtoyou.com\/de\/product\/desogestrel\/#primaryimage","url":"https:\/\/www.transtoyou.com\/de\/wp-content\/uploads\/sites\/4\/2026\/01\/tty-no-product-image-104.webp","contentUrl":"https:\/\/www.transtoyou.com\/de\/wp-content\/uploads\/sites\/4\/2026\/01\/tty-no-product-image-104.webp","width":1000,"height":1000,"caption":"Standardproduktbild"},{"@type":"WebSite","@id":"https:\/\/www.transtoyou.com\/de\/#website","url":"https:\/\/www.transtoyou.com\/de\/","name":"Transtoyou - DE","description":"DE","publisher":{"@id":"https:\/\/www.transtoyou.com\/de\/#organization"},"potentialAction":[{"@type":"SearchAction","target":{"@type":"EntryPoint","urlTemplate":"https:\/\/www.transtoyou.com\/de\/?s={search_term_string}"},"query-input":{"@type":"PropertyValueSpecification","valueRequired":true,"valueName":"search_term_string"}}],"inLanguage":"de"},{"@type":"Organization","@id":"https:\/\/www.transtoyou.com\/de\/#organization","name":"Transtoyou - DE","url":"https:\/\/www.transtoyou.com\/de\/","logo":{"@type":"ImageObject","inLanguage":"de","@id":"https:\/\/www.transtoyou.com\/de\/#\/schema\/logo\/image\/","url":"https:\/\/www.transtoyou.com\/de\/wp-content\/uploads\/sites\/4\/2026\/01\/logo-tty-menu-bar-300x87-1.webp","contentUrl":"https:\/\/www.transtoyou.com\/de\/wp-content\/uploads\/sites\/4\/2026\/01\/logo-tty-menu-bar-300x87-1.webp","width":300,"height":87,"caption":"Transtoyou - DE"},"image":{"@id":"https:\/\/www.transtoyou.com\/de\/#\/schema\/logo\/image\/"}}]}},"_links":{"self":[{"href":"https:\/\/www.transtoyou.com\/de\/wp-json\/wp\/v2\/product\/1041","targetHints":{"allow":["GET"]}}],"collection":[{"href":"https:\/\/www.transtoyou.com\/de\/wp-json\/wp\/v2\/product"}],"about":[{"href":"https:\/\/www.transtoyou.com\/de\/wp-json\/wp\/v2\/types\/product"}],"replies":[{"embeddable":true,"href":"https:\/\/www.transtoyou.com\/de\/wp-json\/wp\/v2\/comments?post=1041"}],"wp:featuredmedia":[{"embeddable":true,"href":"https:\/\/www.transtoyou.com\/de\/wp-json\/wp\/v2\/media\/1043"}],"wp:attachment":[{"href":"https:\/\/www.transtoyou.com\/de\/wp-json\/wp\/v2\/media?parent=1041"}],"wp:term":[{"taxonomy":"product_brand","embeddable":true,"href":"https:\/\/www.transtoyou.com\/de\/wp-json\/wp\/v2\/product_brand?post=1041"},{"taxonomy":"product_cat","embeddable":true,"href":"https:\/\/www.transtoyou.com\/de\/wp-json\/wp\/v2\/product_cat?post=1041"},{"taxonomy":"product_tag","embeddable":true,"href":"https:\/\/www.transtoyou.com\/de\/wp-json\/wp\/v2\/product_tag?post=1041"},{"taxonomy":"expert","embeddable":true,"href":"https:\/\/www.transtoyou.com\/de\/wp-json\/wp\/v2\/expert?post=1041"}],"curies":[{"name":"wp","href":"https:\/\/api.w.org\/{rel}","templated":true}]}}