{"id":1050,"date":"2026-01-24T19:44:36","date_gmt":"2026-01-24T17:44:36","guid":{"rendered":"https:\/\/www.transtoyou.com\/de\/product\/proscar\/"},"modified":"2026-03-02T13:23:44","modified_gmt":"2026-03-02T11:23:44","slug":"proscar","status":"publish","type":"product","link":"https:\/\/www.transtoyou.com\/de\/product\/proscar\/","title":{"rendered":"Proscar"},"content":{"rendered":"<p>Proscar ist ein rezeptpflichtiges Medikament zur Behandlung der benignen Prostatahyperplasie, die allgemein als vergr\u00f6\u00dferte Prostata bezeichnet wird. Es enth\u00e4lt Finasterid, einen 5-Alpha-Reduktase-Hemmer, der wirkt, indem er die Werte von Dihydrotestosteron senkt, einem Hormon, das das Wachstum der Prostata verursacht. Durch die Senkung der Hormonspiegel hilft Proscar, die Prostata zu verkleinern, den Harnfluss zu verbessern und begleitende Symptome zu lindern.<\/p>\n<p>Eine vergr\u00f6\u00dferte Prostata kann zu h\u00e4ufigem Wasserlassen, einem schwachen Harnstrahl, Schwierigkeiten beim Starten oder Stoppen des Wasserlassens und unterbrochenem Schlaf aufgrund n\u00e4chtlichen Wasserlassens f\u00fchren. Proscar geht diese Probleme an, indem es die Prostatagr\u00f6\u00dfe allm\u00e4hlich reduziert und den Druck auf die Harnr\u00f6hre verringert. Dieser Prozess dauert oft mehrere Monate, kann jedoch im Laufe der Zeit den Komfort und die Lebensqualit\u00e4t erheblich verbessern.<\/p>\n<p>Proscar wird als einmal t\u00e4glich einzunehmende Tablette eingenommen und wird typischerweise f\u00fcr eine langfristige Anwendung verschrieben. Es kann allein oder in Kombination mit anderen Medikamenten, wie Alpha-Blockern f\u00fcr M\u00e4nner mit schwereren Symptomen, verwendet werden. W\u00e4hrend einige Anwender milde Nebenwirkungen wie vermindertes Libido oder Ver\u00e4nderungen bei der Ejakulation erleben, sind diese Effekte oft vor\u00fcbergehend und nehmen mit fortgesetzter Anwendung ab.<\/p>\n<p>Es ist wichtig zu beachten, dass Proscar die Werte des prostataspezifischen Antigens (PSA) senkt, die w\u00e4hrend des Screenings auf Prostatakrebs gemessen werden. Gesundheitsdienstleister werden dies bei der Interpretation der Ergebnisse ber\u00fccksichtigen.<\/p>\n","protected":false},"excerpt":{"rendered":"<ul>\n<li>Behandelt eine vergr\u00f6\u00dferte Prostata<\/li>\n<li>Verbessert den Harnfluss<\/li>\n<li>T\u00e4gliche orale Tablette<\/li>\n<\/ul>\n","protected":false},"featured_media":1052,"comment_status":"open","ping_status":"closed","template":"","meta":[],"product_brand":[],"product_cat":[161],"product_tag":[],"expert":[18],"class_list":{"0":"post-1050","1":"product","2":"type-product","3":"status-publish","4":"has-post-thumbnail","6":"product_cat-prostatagesundheit","7":"expert-dr-g-varbanov","9":"first","10":"instock","11":"shipping-taxable","12":"product-type-variable"},"yoast_head":"<!-- This site is optimized with the Yoast SEO plugin v27.0 - https:\/\/yoast.com\/product\/yoast-seo-wordpress\/ -->\n<title>Proscar | Effektive Hilfe bei Prostatabeschwerden - Transtoyou<\/title>\n<meta name=\"description\" content=\"Proscar behandelt eine vergr\u00f6\u00dferte Prostata, lindert Symptome und verbessert deine Lebensqualit\u00e4t. Jetzt erh\u00e4ltlich bei Transtoyou.\" \/>\n<meta name=\"robots\" content=\"noindex, follow, max-snippet:-1, max-image-preview:large, max-video-preview:-1\" \/>\n<meta property=\"og:locale\" content=\"de_DE\" \/>\n<meta property=\"og:type\" content=\"article\" \/>\n<meta property=\"og:title\" content=\"Proscar | Effektive Hilfe bei Prostatabeschwerden - Transtoyou\" \/>\n<meta property=\"og:description\" content=\"Proscar behandelt eine vergr\u00f6\u00dferte Prostata, lindert Symptome und verbessert deine Lebensqualit\u00e4t. Jetzt erh\u00e4ltlich bei Transtoyou.\" \/>\n<meta property=\"og:url\" content=\"https:\/\/www.transtoyou.com\/de\/product\/proscar\/\" \/>\n<meta property=\"og:site_name\" content=\"Transtoyou - DE\" \/>\n<meta property=\"article:modified_time\" content=\"2026-03-02T11:23:44+00:00\" \/>\n<meta name=\"twitter:card\" content=\"summary_large_image\" \/>\n<meta name=\"twitter:label1\" content=\"Gesch\u00e4tzte Lesezeit\" \/>\n\t<meta name=\"twitter:data1\" content=\"1\u00a0Minute\" \/>\n<script type=\"application\/ld+json\" class=\"yoast-schema-graph\">{\"@context\":\"https:\/\/schema.org\",\"@graph\":[{\"@type\":\"WebPage\",\"@id\":\"https:\/\/www.transtoyou.com\/de\/product\/proscar\/\",\"url\":\"https:\/\/www.transtoyou.com\/de\/product\/proscar\/\",\"name\":\"Proscar | Effektive Hilfe bei Prostatabeschwerden - Transtoyou\",\"isPartOf\":{\"@id\":\"https:\/\/www.transtoyou.com\/de\/#website\"},\"primaryImageOfPage\":{\"@id\":\"https:\/\/www.transtoyou.com\/de\/product\/proscar\/#primaryimage\"},\"image\":{\"@id\":\"https:\/\/www.transtoyou.com\/de\/product\/proscar\/#primaryimage\"},\"thumbnailUrl\":\"https:\/\/www.transtoyou.com\/de\/wp-content\/uploads\/sites\/4\/2026\/01\/tty-no-product-image-107.webp\",\"datePublished\":\"2026-01-24T17:44:36+00:00\",\"dateModified\":\"2026-03-02T11:23:44+00:00\",\"description\":\"Proscar behandelt eine vergr\u00f6\u00dferte Prostata, lindert Symptome und verbessert deine Lebensqualit\u00e4t. Jetzt erh\u00e4ltlich bei Transtoyou.\",\"breadcrumb\":{\"@id\":\"https:\/\/www.transtoyou.com\/de\/product\/proscar\/#breadcrumb\"},\"inLanguage\":\"de\",\"potentialAction\":[{\"@type\":\"ReadAction\",\"target\":[\"https:\/\/www.transtoyou.com\/de\/product\/proscar\/\"]}]},{\"@type\":\"ImageObject\",\"inLanguage\":\"de\",\"@id\":\"https:\/\/www.transtoyou.com\/de\/product\/proscar\/#primaryimage\",\"url\":\"https:\/\/www.transtoyou.com\/de\/wp-content\/uploads\/sites\/4\/2026\/01\/tty-no-product-image-107.webp\",\"contentUrl\":\"https:\/\/www.transtoyou.com\/de\/wp-content\/uploads\/sites\/4\/2026\/01\/tty-no-product-image-107.webp\",\"width\":1000,\"height\":1000,\"caption\":\"Standardproduktbild\"},{\"@type\":\"WebSite\",\"@id\":\"https:\/\/www.transtoyou.com\/de\/#website\",\"url\":\"https:\/\/www.transtoyou.com\/de\/\",\"name\":\"Transtoyou - DE\",\"description\":\"DE\",\"publisher\":{\"@id\":\"https:\/\/www.transtoyou.com\/de\/#organization\"},\"potentialAction\":[{\"@type\":\"SearchAction\",\"target\":{\"@type\":\"EntryPoint\",\"urlTemplate\":\"https:\/\/www.transtoyou.com\/de\/?s={search_term_string}\"},\"query-input\":{\"@type\":\"PropertyValueSpecification\",\"valueRequired\":true,\"valueName\":\"search_term_string\"}}],\"inLanguage\":\"de\"},{\"@type\":\"Organization\",\"@id\":\"https:\/\/www.transtoyou.com\/de\/#organization\",\"name\":\"Transtoyou - DE\",\"url\":\"https:\/\/www.transtoyou.com\/de\/\",\"logo\":{\"@type\":\"ImageObject\",\"inLanguage\":\"de\",\"@id\":\"https:\/\/www.transtoyou.com\/de\/#\/schema\/logo\/image\/\",\"url\":\"https:\/\/www.transtoyou.com\/de\/wp-content\/uploads\/sites\/4\/2026\/01\/logo-tty-menu-bar-300x87-1.webp\",\"contentUrl\":\"https:\/\/www.transtoyou.com\/de\/wp-content\/uploads\/sites\/4\/2026\/01\/logo-tty-menu-bar-300x87-1.webp\",\"width\":300,\"height\":87,\"caption\":\"Transtoyou - DE\"},\"image\":{\"@id\":\"https:\/\/www.transtoyou.com\/de\/#\/schema\/logo\/image\/\"}}]}<\/script>\n<!-- \/ Yoast SEO plugin. -->","yoast_head_json":{"title":"Proscar | Effektive Hilfe bei Prostatabeschwerden - Transtoyou","description":"Proscar behandelt eine vergr\u00f6\u00dferte Prostata, lindert Symptome und verbessert deine Lebensqualit\u00e4t. Jetzt erh\u00e4ltlich bei Transtoyou.","robots":{"index":"noindex","follow":"follow","max-snippet":"max-snippet:-1","max-image-preview":"max-image-preview:large","max-video-preview":"max-video-preview:-1"},"og_locale":"de_DE","og_type":"article","og_title":"Proscar | Effektive Hilfe bei Prostatabeschwerden - Transtoyou","og_description":"Proscar behandelt eine vergr\u00f6\u00dferte Prostata, lindert Symptome und verbessert deine Lebensqualit\u00e4t. Jetzt erh\u00e4ltlich bei Transtoyou.","og_url":"https:\/\/www.transtoyou.com\/de\/product\/proscar\/","og_site_name":"Transtoyou - DE","article_modified_time":"2026-03-02T11:23:44+00:00","twitter_card":"summary_large_image","twitter_misc":{"Gesch\u00e4tzte Lesezeit":"1\u00a0Minute"},"schema":{"@context":"https:\/\/schema.org","@graph":[{"@type":"WebPage","@id":"https:\/\/www.transtoyou.com\/de\/product\/proscar\/","url":"https:\/\/www.transtoyou.com\/de\/product\/proscar\/","name":"Proscar | Effektive Hilfe bei Prostatabeschwerden - Transtoyou","isPartOf":{"@id":"https:\/\/www.transtoyou.com\/de\/#website"},"primaryImageOfPage":{"@id":"https:\/\/www.transtoyou.com\/de\/product\/proscar\/#primaryimage"},"image":{"@id":"https:\/\/www.transtoyou.com\/de\/product\/proscar\/#primaryimage"},"thumbnailUrl":"https:\/\/www.transtoyou.com\/de\/wp-content\/uploads\/sites\/4\/2026\/01\/tty-no-product-image-107.webp","datePublished":"2026-01-24T17:44:36+00:00","dateModified":"2026-03-02T11:23:44+00:00","description":"Proscar behandelt eine vergr\u00f6\u00dferte Prostata, lindert Symptome und verbessert deine Lebensqualit\u00e4t. Jetzt erh\u00e4ltlich bei Transtoyou.","breadcrumb":{"@id":"https:\/\/www.transtoyou.com\/de\/product\/proscar\/#breadcrumb"},"inLanguage":"de","potentialAction":[{"@type":"ReadAction","target":["https:\/\/www.transtoyou.com\/de\/product\/proscar\/"]}]},{"@type":"ImageObject","inLanguage":"de","@id":"https:\/\/www.transtoyou.com\/de\/product\/proscar\/#primaryimage","url":"https:\/\/www.transtoyou.com\/de\/wp-content\/uploads\/sites\/4\/2026\/01\/tty-no-product-image-107.webp","contentUrl":"https:\/\/www.transtoyou.com\/de\/wp-content\/uploads\/sites\/4\/2026\/01\/tty-no-product-image-107.webp","width":1000,"height":1000,"caption":"Standardproduktbild"},{"@type":"WebSite","@id":"https:\/\/www.transtoyou.com\/de\/#website","url":"https:\/\/www.transtoyou.com\/de\/","name":"Transtoyou - DE","description":"DE","publisher":{"@id":"https:\/\/www.transtoyou.com\/de\/#organization"},"potentialAction":[{"@type":"SearchAction","target":{"@type":"EntryPoint","urlTemplate":"https:\/\/www.transtoyou.com\/de\/?s={search_term_string}"},"query-input":{"@type":"PropertyValueSpecification","valueRequired":true,"valueName":"search_term_string"}}],"inLanguage":"de"},{"@type":"Organization","@id":"https:\/\/www.transtoyou.com\/de\/#organization","name":"Transtoyou - DE","url":"https:\/\/www.transtoyou.com\/de\/","logo":{"@type":"ImageObject","inLanguage":"de","@id":"https:\/\/www.transtoyou.com\/de\/#\/schema\/logo\/image\/","url":"https:\/\/www.transtoyou.com\/de\/wp-content\/uploads\/sites\/4\/2026\/01\/logo-tty-menu-bar-300x87-1.webp","contentUrl":"https:\/\/www.transtoyou.com\/de\/wp-content\/uploads\/sites\/4\/2026\/01\/logo-tty-menu-bar-300x87-1.webp","width":300,"height":87,"caption":"Transtoyou - DE"},"image":{"@id":"https:\/\/www.transtoyou.com\/de\/#\/schema\/logo\/image\/"}}]}},"_links":{"self":[{"href":"https:\/\/www.transtoyou.com\/de\/wp-json\/wp\/v2\/product\/1050","targetHints":{"allow":["GET"]}}],"collection":[{"href":"https:\/\/www.transtoyou.com\/de\/wp-json\/wp\/v2\/product"}],"about":[{"href":"https:\/\/www.transtoyou.com\/de\/wp-json\/wp\/v2\/types\/product"}],"replies":[{"embeddable":true,"href":"https:\/\/www.transtoyou.com\/de\/wp-json\/wp\/v2\/comments?post=1050"}],"wp:featuredmedia":[{"embeddable":true,"href":"https:\/\/www.transtoyou.com\/de\/wp-json\/wp\/v2\/media\/1052"}],"wp:attachment":[{"href":"https:\/\/www.transtoyou.com\/de\/wp-json\/wp\/v2\/media?parent=1050"}],"wp:term":[{"taxonomy":"product_brand","embeddable":true,"href":"https:\/\/www.transtoyou.com\/de\/wp-json\/wp\/v2\/product_brand?post=1050"},{"taxonomy":"product_cat","embeddable":true,"href":"https:\/\/www.transtoyou.com\/de\/wp-json\/wp\/v2\/product_cat?post=1050"},{"taxonomy":"product_tag","embeddable":true,"href":"https:\/\/www.transtoyou.com\/de\/wp-json\/wp\/v2\/product_tag?post=1050"},{"taxonomy":"expert","embeddable":true,"href":"https:\/\/www.transtoyou.com\/de\/wp-json\/wp\/v2\/expert?post=1050"}],"curies":[{"name":"wp","href":"https:\/\/api.w.org\/{rel}","templated":true}]}}