{"id":1053,"date":"2026-01-24T20:01:07","date_gmt":"2026-01-24T18:01:07","guid":{"rendered":"https:\/\/www.transtoyou.com\/de\/product\/efracea-oracea\/"},"modified":"2026-02-14T13:16:11","modified_gmt":"2026-02-14T11:16:11","slug":"efracea-oracea","status":"publish","type":"product","link":"https:\/\/www.transtoyou.com\/de\/product\/efracea-oracea\/","title":{"rendered":"Efracea (Oracea)"},"content":{"rendered":"<p>Efracea, auch bekannt unter dem internationalen Namen Oracea, ist eine einmal t\u00e4glich einzunehmende orale Behandlung zur Kontrolle der entz\u00fcndlichen L\u00e4sionen und Sch\u00fcbe, die mit Rosazea verbunden sind. Es enth\u00e4lt Doxycyclin in einer niedrigen, kontrollierten Freisetzungsdosis. Im Gegensatz zu Antibiotika, die zur Bek\u00e4mpfung von Infektionen eingesetzt werden, wird Efracea als nicht-antimikrobielle entz\u00fcndungshemmende Behandlung klassifiziert, was bedeutet, dass es die Hautentz\u00fcndung anspricht, ohne die bakterielle Resistenz zu f\u00f6rdern.<\/p>\n<p>Rosazea ist eine chronische Hauterkrankung, die R\u00f6tungen, sichtbare Blutgef\u00e4\u00dfe und manchmal akne\u00e4hnliche Erhebungen, insbesondere im zentralen Gesicht, verursacht. Efracea hilft, diese Erhebungen und Pusteln zu reduzieren, indem es die entz\u00fcndliche Reaktion in der Haut unterdr\u00fcckt. Bei konsequenter Anwendung kann es im Laufe der Zeit zu klarerer Haut, weniger Sch\u00fcben und einer Verringerung des Unbehagens f\u00fchren.<\/p>\n<p>Diese Niedrigdosisformulierung ist speziell f\u00fcr den langfristigen Gebrauch konzipiert und wirkt nicht wie ein typisches Antibiotikum. Sie wirkt allm\u00e4hlich, wobei sichtbare Verbesserungen oft innerhalb von vier bis sechs Wochen auftreten. Da sie nicht auf ihrer antibakteriellen Wirkung beruht, ist Efracea weniger wahrscheinlich, die nat\u00fcrliche Flora des K\u00f6rpers zu st\u00f6ren, und ist nicht zur Behandlung bakterieller Infektionen gedacht.<\/p>\n<p>Efracea wird im Allgemeinen gut vertragen, aber einige Anwender k\u00f6nnen Magen-Darm-Beschwerden, Sonnenempfindlichkeit oder trockenen Mund erfahren. Es sollte nicht mit Milch oder Antazida eingenommen werden, da diese die Absorption beeintr\u00e4chtigen k\u00f6nnen. Dieses Medikament ist w\u00e4hrend der Schwangerschaft oder Stillzeit nicht geeignet.<\/p>\n","protected":false},"excerpt":{"rendered":"<ul>\n<li>T\u00e4gliche orale Behandlung<\/li>\n<li>Reduziert die Entz\u00fcndung bei Rosazea<\/li>\n<li>Nicht-antibiotische Wirkung in niedriger Dosis<\/li>\n<\/ul>\n","protected":false},"featured_media":1055,"comment_status":"open","ping_status":"closed","template":"","meta":[],"product_brand":[],"product_cat":[163],"product_tag":[],"expert":[18],"class_list":{"0":"post-1053","1":"product","2":"type-product","3":"status-publish","4":"has-post-thumbnail","6":"product_cat-rosazea","7":"expert-dr-g-varbanov","9":"first","10":"instock","11":"shipping-taxable","12":"product-type-variable"},"yoast_head":"<!-- This site is optimized with the Yoast SEO plugin v27.0 - https:\/\/yoast.com\/product\/yoast-seo-wordpress\/ -->\n<title>Efracea (Oracea) | Klarere Haut, Entz\u00fcndungshemmend - Transtoyou<\/title>\n<meta name=\"description\" content=\"Entdecke Efracea, eine orale Behandlung f\u00fcr Rosacea. Genie\u00dfe klarere Haut mit seinen entz\u00fcndungshemmenden Vorteilen. Jetzt auf Transtoyou erh\u00e4ltlich.\" \/>\n<meta name=\"robots\" content=\"noindex, follow, max-snippet:-1, max-image-preview:large, max-video-preview:-1\" \/>\n<meta property=\"og:locale\" content=\"de_DE\" \/>\n<meta property=\"og:type\" content=\"article\" \/>\n<meta property=\"og:title\" content=\"Efracea (Oracea) | Klarere Haut, Entz\u00fcndungshemmend - Transtoyou\" \/>\n<meta property=\"og:description\" content=\"Entdecke Efracea, eine orale Behandlung f\u00fcr Rosacea. Genie\u00dfe klarere Haut mit seinen entz\u00fcndungshemmenden Vorteilen. Jetzt auf Transtoyou erh\u00e4ltlich.\" \/>\n<meta property=\"og:url\" content=\"https:\/\/www.transtoyou.com\/de\/product\/efracea-oracea\/\" \/>\n<meta property=\"og:site_name\" content=\"Transtoyou - DE\" \/>\n<meta property=\"article:modified_time\" content=\"2026-02-14T11:16:11+00:00\" \/>\n<meta name=\"twitter:card\" content=\"summary_large_image\" \/>\n<meta name=\"twitter:label1\" content=\"Gesch\u00e4tzte Lesezeit\" \/>\n\t<meta name=\"twitter:data1\" content=\"1\u00a0Minute\" \/>\n<script type=\"application\/ld+json\" class=\"yoast-schema-graph\">{\"@context\":\"https:\/\/schema.org\",\"@graph\":[{\"@type\":\"WebPage\",\"@id\":\"https:\/\/www.transtoyou.com\/de\/product\/efracea-oracea\/\",\"url\":\"https:\/\/www.transtoyou.com\/de\/product\/efracea-oracea\/\",\"name\":\"Efracea (Oracea) | Klarere Haut, Entz\u00fcndungshemmend - Transtoyou\",\"isPartOf\":{\"@id\":\"https:\/\/www.transtoyou.com\/de\/#website\"},\"primaryImageOfPage\":{\"@id\":\"https:\/\/www.transtoyou.com\/de\/product\/efracea-oracea\/#primaryimage\"},\"image\":{\"@id\":\"https:\/\/www.transtoyou.com\/de\/product\/efracea-oracea\/#primaryimage\"},\"thumbnailUrl\":\"https:\/\/www.transtoyou.com\/de\/wp-content\/uploads\/sites\/4\/2026\/01\/tty-no-product-image-108.webp\",\"datePublished\":\"2026-01-24T18:01:07+00:00\",\"dateModified\":\"2026-02-14T11:16:11+00:00\",\"description\":\"Entdecke Efracea, eine orale Behandlung f\u00fcr Rosacea. Genie\u00dfe klarere Haut mit seinen entz\u00fcndungshemmenden Vorteilen. Jetzt auf Transtoyou erh\u00e4ltlich.\",\"breadcrumb\":{\"@id\":\"https:\/\/www.transtoyou.com\/de\/product\/efracea-oracea\/#breadcrumb\"},\"inLanguage\":\"de\",\"potentialAction\":[{\"@type\":\"ReadAction\",\"target\":[\"https:\/\/www.transtoyou.com\/de\/product\/efracea-oracea\/\"]}]},{\"@type\":\"ImageObject\",\"inLanguage\":\"de\",\"@id\":\"https:\/\/www.transtoyou.com\/de\/product\/efracea-oracea\/#primaryimage\",\"url\":\"https:\/\/www.transtoyou.com\/de\/wp-content\/uploads\/sites\/4\/2026\/01\/tty-no-product-image-108.webp\",\"contentUrl\":\"https:\/\/www.transtoyou.com\/de\/wp-content\/uploads\/sites\/4\/2026\/01\/tty-no-product-image-108.webp\",\"width\":1000,\"height\":1000,\"caption\":\"Standardproduktbild\"},{\"@type\":\"WebSite\",\"@id\":\"https:\/\/www.transtoyou.com\/de\/#website\",\"url\":\"https:\/\/www.transtoyou.com\/de\/\",\"name\":\"Transtoyou - DE\",\"description\":\"DE\",\"publisher\":{\"@id\":\"https:\/\/www.transtoyou.com\/de\/#organization\"},\"potentialAction\":[{\"@type\":\"SearchAction\",\"target\":{\"@type\":\"EntryPoint\",\"urlTemplate\":\"https:\/\/www.transtoyou.com\/de\/?s={search_term_string}\"},\"query-input\":{\"@type\":\"PropertyValueSpecification\",\"valueRequired\":true,\"valueName\":\"search_term_string\"}}],\"inLanguage\":\"de\"},{\"@type\":\"Organization\",\"@id\":\"https:\/\/www.transtoyou.com\/de\/#organization\",\"name\":\"Transtoyou - DE\",\"url\":\"https:\/\/www.transtoyou.com\/de\/\",\"logo\":{\"@type\":\"ImageObject\",\"inLanguage\":\"de\",\"@id\":\"https:\/\/www.transtoyou.com\/de\/#\/schema\/logo\/image\/\",\"url\":\"https:\/\/www.transtoyou.com\/de\/wp-content\/uploads\/sites\/4\/2026\/01\/logo-tty-menu-bar-300x87-1.webp\",\"contentUrl\":\"https:\/\/www.transtoyou.com\/de\/wp-content\/uploads\/sites\/4\/2026\/01\/logo-tty-menu-bar-300x87-1.webp\",\"width\":300,\"height\":87,\"caption\":\"Transtoyou - DE\"},\"image\":{\"@id\":\"https:\/\/www.transtoyou.com\/de\/#\/schema\/logo\/image\/\"}}]}<\/script>\n<!-- \/ Yoast SEO plugin. -->","yoast_head_json":{"title":"Efracea (Oracea) | Klarere Haut, Entz\u00fcndungshemmend - Transtoyou","description":"Entdecke Efracea, eine orale Behandlung f\u00fcr Rosacea. Genie\u00dfe klarere Haut mit seinen entz\u00fcndungshemmenden Vorteilen. Jetzt auf Transtoyou erh\u00e4ltlich.","robots":{"index":"noindex","follow":"follow","max-snippet":"max-snippet:-1","max-image-preview":"max-image-preview:large","max-video-preview":"max-video-preview:-1"},"og_locale":"de_DE","og_type":"article","og_title":"Efracea (Oracea) | Klarere Haut, Entz\u00fcndungshemmend - Transtoyou","og_description":"Entdecke Efracea, eine orale Behandlung f\u00fcr Rosacea. Genie\u00dfe klarere Haut mit seinen entz\u00fcndungshemmenden Vorteilen. Jetzt auf Transtoyou erh\u00e4ltlich.","og_url":"https:\/\/www.transtoyou.com\/de\/product\/efracea-oracea\/","og_site_name":"Transtoyou - DE","article_modified_time":"2026-02-14T11:16:11+00:00","twitter_card":"summary_large_image","twitter_misc":{"Gesch\u00e4tzte Lesezeit":"1\u00a0Minute"},"schema":{"@context":"https:\/\/schema.org","@graph":[{"@type":"WebPage","@id":"https:\/\/www.transtoyou.com\/de\/product\/efracea-oracea\/","url":"https:\/\/www.transtoyou.com\/de\/product\/efracea-oracea\/","name":"Efracea (Oracea) | Klarere Haut, Entz\u00fcndungshemmend - Transtoyou","isPartOf":{"@id":"https:\/\/www.transtoyou.com\/de\/#website"},"primaryImageOfPage":{"@id":"https:\/\/www.transtoyou.com\/de\/product\/efracea-oracea\/#primaryimage"},"image":{"@id":"https:\/\/www.transtoyou.com\/de\/product\/efracea-oracea\/#primaryimage"},"thumbnailUrl":"https:\/\/www.transtoyou.com\/de\/wp-content\/uploads\/sites\/4\/2026\/01\/tty-no-product-image-108.webp","datePublished":"2026-01-24T18:01:07+00:00","dateModified":"2026-02-14T11:16:11+00:00","description":"Entdecke Efracea, eine orale Behandlung f\u00fcr Rosacea. Genie\u00dfe klarere Haut mit seinen entz\u00fcndungshemmenden Vorteilen. Jetzt auf Transtoyou erh\u00e4ltlich.","breadcrumb":{"@id":"https:\/\/www.transtoyou.com\/de\/product\/efracea-oracea\/#breadcrumb"},"inLanguage":"de","potentialAction":[{"@type":"ReadAction","target":["https:\/\/www.transtoyou.com\/de\/product\/efracea-oracea\/"]}]},{"@type":"ImageObject","inLanguage":"de","@id":"https:\/\/www.transtoyou.com\/de\/product\/efracea-oracea\/#primaryimage","url":"https:\/\/www.transtoyou.com\/de\/wp-content\/uploads\/sites\/4\/2026\/01\/tty-no-product-image-108.webp","contentUrl":"https:\/\/www.transtoyou.com\/de\/wp-content\/uploads\/sites\/4\/2026\/01\/tty-no-product-image-108.webp","width":1000,"height":1000,"caption":"Standardproduktbild"},{"@type":"WebSite","@id":"https:\/\/www.transtoyou.com\/de\/#website","url":"https:\/\/www.transtoyou.com\/de\/","name":"Transtoyou - DE","description":"DE","publisher":{"@id":"https:\/\/www.transtoyou.com\/de\/#organization"},"potentialAction":[{"@type":"SearchAction","target":{"@type":"EntryPoint","urlTemplate":"https:\/\/www.transtoyou.com\/de\/?s={search_term_string}"},"query-input":{"@type":"PropertyValueSpecification","valueRequired":true,"valueName":"search_term_string"}}],"inLanguage":"de"},{"@type":"Organization","@id":"https:\/\/www.transtoyou.com\/de\/#organization","name":"Transtoyou - DE","url":"https:\/\/www.transtoyou.com\/de\/","logo":{"@type":"ImageObject","inLanguage":"de","@id":"https:\/\/www.transtoyou.com\/de\/#\/schema\/logo\/image\/","url":"https:\/\/www.transtoyou.com\/de\/wp-content\/uploads\/sites\/4\/2026\/01\/logo-tty-menu-bar-300x87-1.webp","contentUrl":"https:\/\/www.transtoyou.com\/de\/wp-content\/uploads\/sites\/4\/2026\/01\/logo-tty-menu-bar-300x87-1.webp","width":300,"height":87,"caption":"Transtoyou - DE"},"image":{"@id":"https:\/\/www.transtoyou.com\/de\/#\/schema\/logo\/image\/"}}]}},"_links":{"self":[{"href":"https:\/\/www.transtoyou.com\/de\/wp-json\/wp\/v2\/product\/1053","targetHints":{"allow":["GET"]}}],"collection":[{"href":"https:\/\/www.transtoyou.com\/de\/wp-json\/wp\/v2\/product"}],"about":[{"href":"https:\/\/www.transtoyou.com\/de\/wp-json\/wp\/v2\/types\/product"}],"replies":[{"embeddable":true,"href":"https:\/\/www.transtoyou.com\/de\/wp-json\/wp\/v2\/comments?post=1053"}],"wp:featuredmedia":[{"embeddable":true,"href":"https:\/\/www.transtoyou.com\/de\/wp-json\/wp\/v2\/media\/1055"}],"wp:attachment":[{"href":"https:\/\/www.transtoyou.com\/de\/wp-json\/wp\/v2\/media?parent=1053"}],"wp:term":[{"taxonomy":"product_brand","embeddable":true,"href":"https:\/\/www.transtoyou.com\/de\/wp-json\/wp\/v2\/product_brand?post=1053"},{"taxonomy":"product_cat","embeddable":true,"href":"https:\/\/www.transtoyou.com\/de\/wp-json\/wp\/v2\/product_cat?post=1053"},{"taxonomy":"product_tag","embeddable":true,"href":"https:\/\/www.transtoyou.com\/de\/wp-json\/wp\/v2\/product_tag?post=1053"},{"taxonomy":"expert","embeddable":true,"href":"https:\/\/www.transtoyou.com\/de\/wp-json\/wp\/v2\/expert?post=1053"}],"curies":[{"name":"wp","href":"https:\/\/api.w.org\/{rel}","templated":true}]}}