{"id":1056,"date":"2026-01-24T20:19:16","date_gmt":"2026-01-24T18:19:16","guid":{"rendered":"https:\/\/www.transtoyou.com\/de\/product\/minocycline-minocin\/"},"modified":"2026-02-25T14:50:26","modified_gmt":"2026-02-25T12:50:26","slug":"minocyclin-minocin","status":"publish","type":"product","link":"https:\/\/www.transtoyou.com\/de\/product\/minocyclin-minocin\/","title":{"rendered":"Minocyclin (Minocin)"},"content":{"rendered":"<p>Minocyclin, allgemein bekannt unter dem Markennamen Minocin, ist ein orales Antibiotikum, das zur Behandlung der entz\u00fcndlichen Symptome von Rosazea eingesetzt wird, insbesondere von Papeln und Pusteln. Als Mitglied der Tetracyclin-Antibiotika-Klasse wirkt Minocyclin, indem es Bakterien reduziert und Entz\u00fcndungen in der Haut beruhigt. Es wird am h\u00e4ufigsten verschrieben, wenn topische Behandlungen allein nicht ausreichend wirksam sind.<\/p>\n<p>Rosazea ist eine chronische Hauterkrankung, die oft mit anhaltender R\u00f6tung, Beulen und sichtbaren Blutgef\u00e4\u00dfen auftritt, typischerweise im zentralen Gesicht. Wenn Entz\u00fcndungen akne\u00e4hnliche Ausbr\u00fcche verursachen, kann Minocyclin eingesetzt werden, um die Erkrankung von innen heraus zu behandeln. Indem es sowohl Bakterien als auch den Entz\u00fcndungsprozess angreift, hilft Minocyclin, Sch\u00fcbe zu reduzieren und das Hautbild im Laufe der Zeit zu verbessern.<\/p>\n<p>Minocyclin wird in der Regel einmal oder zweimal t\u00e4glich eingenommen, abh\u00e4ngig von der Schwere der Symptome und den Behandlungszielen. Es wird oft f\u00fcr einen begrenzten Zeitraum verschrieben, um aktive Entz\u00fcndungen unter Kontrolle zu bringen, nach dem die Dosis m\u00f6glicherweise reduziert oder auf eine Erhaltungsbehandlung umgestellt wird. W\u00e4hrend der Behandlung sehen die Patienten typischerweise innerhalb weniger Wochen Ergebnisse.<\/p>\n<p>Obwohl wirksam, kann Minocyclin Nebenwirkungen haben. Dazu k\u00f6nnen Schwindel, \u00dcbelkeit, Sonnenempfindlichkeit oder in seltenen F\u00e4llen Pigmentver\u00e4nderungen geh\u00f6ren. Das Medikament sollte immer mit viel Wasser eingenommen werden, um Reizungen der Speiser\u00f6hre zu vermeiden, und den Patienten wird geraten, sich unmittelbar nach der Einnahme nicht hinzulegen. Milch, Antazida und Eisenpr\u00e4parate k\u00f6nnen die Aufnahme beeintr\u00e4chtigen, daher ist es wichtig, diese Produkte zeitlich von dem Medikament zu trennen.<\/p>\n","protected":false},"excerpt":{"rendered":"<ul>\n<li>Antibiotikum gegen entz\u00fcndliche Rosazea<\/li>\n<li>Reduziert Hautunreinheiten und R\u00f6tungen<\/li>\n<li>Einmal oder zweimal t\u00e4glich oral eingenommen<\/li>\n<\/ul>\n","protected":false},"featured_media":1058,"comment_status":"open","ping_status":"closed","template":"","meta":[],"product_brand":[],"product_cat":[76,163],"product_tag":[],"expert":[18],"class_list":{"0":"post-1056","1":"product","2":"type-product","3":"status-publish","4":"has-post-thumbnail","6":"product_cat-akne","7":"product_cat-rosazea","8":"expert-dr-g-varbanov","10":"first","11":"instock","12":"shipping-taxable","13":"product-type-variable"},"yoast_head":"<!-- This site is optimized with the Yoast SEO plugin v27.0 - https:\/\/yoast.com\/product\/yoast-seo-wordpress\/ -->\n<title>Minocyclin (Minocin) | Effektive Hautpflege - Transtoyou<\/title>\n<meta name=\"description\" content=\"Entdecke Minocyclin (Minocin) bei Transtoyou, deiner vertrauensw\u00fcrdigen Quelle f\u00fcr effektive Hautbehandlungen. Jetzt Qualit\u00e4t und Komfort erleben.\" \/>\n<meta name=\"robots\" content=\"noindex, follow, max-snippet:-1, max-image-preview:large, max-video-preview:-1\" \/>\n<meta property=\"og:locale\" content=\"de_DE\" \/>\n<meta property=\"og:type\" content=\"article\" \/>\n<meta property=\"og:title\" content=\"Minocyclin (Minocin) | Effektive Hautpflege - Transtoyou\" \/>\n<meta property=\"og:description\" content=\"Entdecke Minocyclin (Minocin) bei Transtoyou, deiner vertrauensw\u00fcrdigen Quelle f\u00fcr effektive Hautbehandlungen. Jetzt Qualit\u00e4t und Komfort erleben.\" \/>\n<meta property=\"og:url\" content=\"https:\/\/www.transtoyou.com\/de\/product\/minocycline-minocin\/\" \/>\n<meta property=\"og:site_name\" content=\"Transtoyou - DE\" \/>\n<meta property=\"article:modified_time\" content=\"2026-02-25T12:50:26+00:00\" \/>\n<meta name=\"twitter:card\" content=\"summary_large_image\" \/>\n<meta name=\"twitter:label1\" content=\"Gesch\u00e4tzte Lesezeit\" \/>\n\t<meta name=\"twitter:data1\" content=\"1\u00a0Minute\" \/>\n<script type=\"application\/ld+json\" class=\"yoast-schema-graph\">{\"@context\":\"https:\/\/schema.org\",\"@graph\":[{\"@type\":\"WebPage\",\"@id\":\"https:\/\/www.transtoyou.com\/de\/product\/minocycline-minocin\/\",\"url\":\"https:\/\/www.transtoyou.com\/de\/product\/minocycline-minocin\/\",\"name\":\"Minocyclin (Minocin) | Effektive Hautpflege - Transtoyou\",\"isPartOf\":{\"@id\":\"https:\/\/www.transtoyou.com\/de\/#website\"},\"primaryImageOfPage\":{\"@id\":\"https:\/\/www.transtoyou.com\/de\/product\/minocycline-minocin\/#primaryimage\"},\"image\":{\"@id\":\"https:\/\/www.transtoyou.com\/de\/product\/minocycline-minocin\/#primaryimage\"},\"thumbnailUrl\":\"https:\/\/www.transtoyou.com\/de\/wp-content\/uploads\/sites\/4\/2026\/01\/tty-no-product-image-109.webp\",\"datePublished\":\"2026-01-24T18:19:16+00:00\",\"dateModified\":\"2026-02-25T12:50:26+00:00\",\"description\":\"Entdecke Minocyclin (Minocin) bei Transtoyou, deiner vertrauensw\u00fcrdigen Quelle f\u00fcr effektive Hautbehandlungen. Jetzt Qualit\u00e4t und Komfort erleben.\",\"breadcrumb\":{\"@id\":\"https:\/\/www.transtoyou.com\/de\/product\/minocycline-minocin\/#breadcrumb\"},\"inLanguage\":\"de\",\"potentialAction\":[{\"@type\":\"ReadAction\",\"target\":[\"https:\/\/www.transtoyou.com\/de\/product\/minocycline-minocin\/\"]}]},{\"@type\":\"ImageObject\",\"inLanguage\":\"de\",\"@id\":\"https:\/\/www.transtoyou.com\/de\/product\/minocycline-minocin\/#primaryimage\",\"url\":\"https:\/\/www.transtoyou.com\/de\/wp-content\/uploads\/sites\/4\/2026\/01\/tty-no-product-image-109.webp\",\"contentUrl\":\"https:\/\/www.transtoyou.com\/de\/wp-content\/uploads\/sites\/4\/2026\/01\/tty-no-product-image-109.webp\",\"width\":1000,\"height\":1000,\"caption\":\"Standardproduktbild\"},{\"@type\":\"WebSite\",\"@id\":\"https:\/\/www.transtoyou.com\/de\/#website\",\"url\":\"https:\/\/www.transtoyou.com\/de\/\",\"name\":\"Transtoyou - DE\",\"description\":\"DE\",\"publisher\":{\"@id\":\"https:\/\/www.transtoyou.com\/de\/#organization\"},\"potentialAction\":[{\"@type\":\"SearchAction\",\"target\":{\"@type\":\"EntryPoint\",\"urlTemplate\":\"https:\/\/www.transtoyou.com\/de\/?s={search_term_string}\"},\"query-input\":{\"@type\":\"PropertyValueSpecification\",\"valueRequired\":true,\"valueName\":\"search_term_string\"}}],\"inLanguage\":\"de\"},{\"@type\":\"Organization\",\"@id\":\"https:\/\/www.transtoyou.com\/de\/#organization\",\"name\":\"Transtoyou - DE\",\"url\":\"https:\/\/www.transtoyou.com\/de\/\",\"logo\":{\"@type\":\"ImageObject\",\"inLanguage\":\"de\",\"@id\":\"https:\/\/www.transtoyou.com\/de\/#\/schema\/logo\/image\/\",\"url\":\"https:\/\/www.transtoyou.com\/de\/wp-content\/uploads\/sites\/4\/2026\/01\/logo-tty-menu-bar-300x87-1.webp\",\"contentUrl\":\"https:\/\/www.transtoyou.com\/de\/wp-content\/uploads\/sites\/4\/2026\/01\/logo-tty-menu-bar-300x87-1.webp\",\"width\":300,\"height\":87,\"caption\":\"Transtoyou - DE\"},\"image\":{\"@id\":\"https:\/\/www.transtoyou.com\/de\/#\/schema\/logo\/image\/\"}}]}<\/script>\n<!-- \/ Yoast SEO plugin. -->","yoast_head_json":{"title":"Minocyclin (Minocin) | Effektive Hautpflege - Transtoyou","description":"Entdecke Minocyclin (Minocin) bei Transtoyou, deiner vertrauensw\u00fcrdigen Quelle f\u00fcr effektive Hautbehandlungen. Jetzt Qualit\u00e4t und Komfort erleben.","robots":{"index":"noindex","follow":"follow","max-snippet":"max-snippet:-1","max-image-preview":"max-image-preview:large","max-video-preview":"max-video-preview:-1"},"og_locale":"de_DE","og_type":"article","og_title":"Minocyclin (Minocin) | Effektive Hautpflege - Transtoyou","og_description":"Entdecke Minocyclin (Minocin) bei Transtoyou, deiner vertrauensw\u00fcrdigen Quelle f\u00fcr effektive Hautbehandlungen. Jetzt Qualit\u00e4t und Komfort erleben.","og_url":"https:\/\/www.transtoyou.com\/de\/product\/minocycline-minocin\/","og_site_name":"Transtoyou - DE","article_modified_time":"2026-02-25T12:50:26+00:00","twitter_card":"summary_large_image","twitter_misc":{"Gesch\u00e4tzte Lesezeit":"1\u00a0Minute"},"schema":{"@context":"https:\/\/schema.org","@graph":[{"@type":"WebPage","@id":"https:\/\/www.transtoyou.com\/de\/product\/minocycline-minocin\/","url":"https:\/\/www.transtoyou.com\/de\/product\/minocycline-minocin\/","name":"Minocyclin (Minocin) | Effektive Hautpflege - Transtoyou","isPartOf":{"@id":"https:\/\/www.transtoyou.com\/de\/#website"},"primaryImageOfPage":{"@id":"https:\/\/www.transtoyou.com\/de\/product\/minocycline-minocin\/#primaryimage"},"image":{"@id":"https:\/\/www.transtoyou.com\/de\/product\/minocycline-minocin\/#primaryimage"},"thumbnailUrl":"https:\/\/www.transtoyou.com\/de\/wp-content\/uploads\/sites\/4\/2026\/01\/tty-no-product-image-109.webp","datePublished":"2026-01-24T18:19:16+00:00","dateModified":"2026-02-25T12:50:26+00:00","description":"Entdecke Minocyclin (Minocin) bei Transtoyou, deiner vertrauensw\u00fcrdigen Quelle f\u00fcr effektive Hautbehandlungen. Jetzt Qualit\u00e4t und Komfort erleben.","breadcrumb":{"@id":"https:\/\/www.transtoyou.com\/de\/product\/minocycline-minocin\/#breadcrumb"},"inLanguage":"de","potentialAction":[{"@type":"ReadAction","target":["https:\/\/www.transtoyou.com\/de\/product\/minocycline-minocin\/"]}]},{"@type":"ImageObject","inLanguage":"de","@id":"https:\/\/www.transtoyou.com\/de\/product\/minocycline-minocin\/#primaryimage","url":"https:\/\/www.transtoyou.com\/de\/wp-content\/uploads\/sites\/4\/2026\/01\/tty-no-product-image-109.webp","contentUrl":"https:\/\/www.transtoyou.com\/de\/wp-content\/uploads\/sites\/4\/2026\/01\/tty-no-product-image-109.webp","width":1000,"height":1000,"caption":"Standardproduktbild"},{"@type":"WebSite","@id":"https:\/\/www.transtoyou.com\/de\/#website","url":"https:\/\/www.transtoyou.com\/de\/","name":"Transtoyou - DE","description":"DE","publisher":{"@id":"https:\/\/www.transtoyou.com\/de\/#organization"},"potentialAction":[{"@type":"SearchAction","target":{"@type":"EntryPoint","urlTemplate":"https:\/\/www.transtoyou.com\/de\/?s={search_term_string}"},"query-input":{"@type":"PropertyValueSpecification","valueRequired":true,"valueName":"search_term_string"}}],"inLanguage":"de"},{"@type":"Organization","@id":"https:\/\/www.transtoyou.com\/de\/#organization","name":"Transtoyou - DE","url":"https:\/\/www.transtoyou.com\/de\/","logo":{"@type":"ImageObject","inLanguage":"de","@id":"https:\/\/www.transtoyou.com\/de\/#\/schema\/logo\/image\/","url":"https:\/\/www.transtoyou.com\/de\/wp-content\/uploads\/sites\/4\/2026\/01\/logo-tty-menu-bar-300x87-1.webp","contentUrl":"https:\/\/www.transtoyou.com\/de\/wp-content\/uploads\/sites\/4\/2026\/01\/logo-tty-menu-bar-300x87-1.webp","width":300,"height":87,"caption":"Transtoyou - DE"},"image":{"@id":"https:\/\/www.transtoyou.com\/de\/#\/schema\/logo\/image\/"}}]}},"_links":{"self":[{"href":"https:\/\/www.transtoyou.com\/de\/wp-json\/wp\/v2\/product\/1056","targetHints":{"allow":["GET"]}}],"collection":[{"href":"https:\/\/www.transtoyou.com\/de\/wp-json\/wp\/v2\/product"}],"about":[{"href":"https:\/\/www.transtoyou.com\/de\/wp-json\/wp\/v2\/types\/product"}],"replies":[{"embeddable":true,"href":"https:\/\/www.transtoyou.com\/de\/wp-json\/wp\/v2\/comments?post=1056"}],"wp:featuredmedia":[{"embeddable":true,"href":"https:\/\/www.transtoyou.com\/de\/wp-json\/wp\/v2\/media\/1058"}],"wp:attachment":[{"href":"https:\/\/www.transtoyou.com\/de\/wp-json\/wp\/v2\/media?parent=1056"}],"wp:term":[{"taxonomy":"product_brand","embeddable":true,"href":"https:\/\/www.transtoyou.com\/de\/wp-json\/wp\/v2\/product_brand?post=1056"},{"taxonomy":"product_cat","embeddable":true,"href":"https:\/\/www.transtoyou.com\/de\/wp-json\/wp\/v2\/product_cat?post=1056"},{"taxonomy":"product_tag","embeddable":true,"href":"https:\/\/www.transtoyou.com\/de\/wp-json\/wp\/v2\/product_tag?post=1056"},{"taxonomy":"expert","embeddable":true,"href":"https:\/\/www.transtoyou.com\/de\/wp-json\/wp\/v2\/expert?post=1056"}],"curies":[{"name":"wp","href":"https:\/\/api.w.org\/{rel}","templated":true}]}}