{"id":1059,"date":"2026-01-24T20:36:25","date_gmt":"2026-01-24T18:36:25","guid":{"rendered":"https:\/\/www.transtoyou.com\/de\/product\/soolantra\/"},"modified":"2026-01-24T20:37:23","modified_gmt":"2026-01-24T18:37:23","slug":"soolantra","status":"publish","type":"product","link":"https:\/\/www.transtoyou.com\/de\/product\/soolantra\/","title":{"rendered":"Soolantra"},"content":{"rendered":"<p>Soolantra ist eine rezeptpflichtige topische Creme zur Behandlung der entz\u00fcndlichen L\u00e4sionen von Rosazea. Der Wirkstoff Ivermectin ist bekannt f\u00fcr seine entz\u00fcndungshemmenden und antiparasit\u00e4ren Eigenschaften. Rosazea ist eine chronische Hauterkrankung, die oft mit R\u00f6tungen, Beulen und sichtbaren Blutgef\u00e4\u00dfen im Gesicht einhergeht. Soolantra hilft, die Anzahl der mit dieser Erkrankung verbundenen Beulen und Pickel zu reduzieren.<\/p>\n<p>Obwohl die genaue Ursache von Rosazea nicht vollst\u00e4ndig verstanden ist, ist ein beitragender Faktor das Vorhandensein von mikroskopisch kleinen Milben namens Demodex auf der Haut. Soolantra zielt auf diese Milben ab, reduziert ihre Anzahl und beruhigt die entz\u00fcndliche Reaktion der Haut. Die meisten Patienten beginnen, innerhalb weniger Wochen bei regelm\u00e4\u00dfiger t\u00e4glicher Anwendung sichtbare Verbesserungen zu sehen.<\/p>\n<p>Soolantra wird einmal t\u00e4glich auf die gereinigte, trockene Haut aufgetragen. Es ist nicht fettend, zieht schnell ein und ist f\u00fcr die Anwendung im Gesicht konzipiert. Im Gegensatz zu einigen Rosazea-Behandlungen, die die Haut reizen k\u00f6nnen, wird Soolantra im Allgemeinen gut vertragen und hilft, das Erscheinungsbild und den Komfort der Haut im Laufe der Zeit zu verbessern.<\/p>\n<p>H\u00e4ufige Nebenwirkungen sind ein leichtes Brennen oder Stechen an der Anwendungsstelle, die in der Regel abklingen, w\u00e4hrend die Behandlung fortgesetzt wird. Es ist nicht f\u00fcr die Anwendung bei Kindern oder w\u00e4hrend der Schwangerschaft ohne \u00e4rztlichen Rat vorgesehen. Soolantra bietet eine bequeme, einmal t\u00e4gliche L\u00f6sung zur Behandlung von Rosazea mit einem gezielten Mechanismus, der klarere und ruhigere Haut unterst\u00fctzt.<\/p>\n","protected":false},"excerpt":{"rendered":"<ul>\n<li>Zielt auf Rosazea-Entz\u00fcndungen ab<\/li>\n<li>T\u00e4gliche Gesichtscreme<\/li>\n<li>Enth\u00e4lt Ivermectin 1%<\/li>\n<\/ul>\n","protected":false},"featured_media":1061,"comment_status":"open","ping_status":"closed","template":"","meta":[],"product_brand":[],"product_cat":[163],"product_tag":[],"expert":[16],"class_list":{"0":"post-1059","1":"product","2":"type-product","3":"status-publish","4":"has-post-thumbnail","6":"product_cat-rosazea","7":"expert-dr-c-alexandru","9":"first","10":"instock","11":"shipping-taxable","12":"product-type-variable"},"yoast_head":"<!-- This site is optimized with the Yoast SEO plugin v27.0 - https:\/\/yoast.com\/product\/yoast-seo-wordpress\/ -->\n<title>Soolantra | Rosazea gezielt mit Ivermectin behandeln - Transtoyou<\/title>\n<meta name=\"description\" content=\"Soolantra-Creme gegen Rosazea, reduziert R\u00f6tungen und Unebenheiten mit Ivermectin. Hier erh\u00e4ltlich f\u00fcr eine effektive Hautberuhigung. Jetzt bei Transtoyou einkaufen.\" \/>\n<meta name=\"robots\" content=\"noindex, follow, max-snippet:-1, max-image-preview:large, max-video-preview:-1\" \/>\n<meta property=\"og:locale\" content=\"de_DE\" \/>\n<meta property=\"og:type\" content=\"article\" \/>\n<meta property=\"og:title\" content=\"Soolantra | Rosazea gezielt mit Ivermectin behandeln - Transtoyou\" \/>\n<meta property=\"og:description\" content=\"Soolantra-Creme gegen Rosazea, reduziert R\u00f6tungen und Unebenheiten mit Ivermectin. Hier erh\u00e4ltlich f\u00fcr eine effektive Hautberuhigung. Jetzt bei Transtoyou einkaufen.\" \/>\n<meta property=\"og:url\" content=\"https:\/\/www.transtoyou.com\/de\/product\/soolantra\/\" \/>\n<meta property=\"og:site_name\" content=\"Transtoyou - DE\" \/>\n<meta property=\"article:modified_time\" content=\"2026-01-24T18:37:23+00:00\" \/>\n<meta name=\"twitter:card\" content=\"summary_large_image\" \/>\n<meta name=\"twitter:label1\" content=\"Gesch\u00e4tzte Lesezeit\" \/>\n\t<meta name=\"twitter:data1\" content=\"1\u00a0Minute\" \/>\n<script type=\"application\/ld+json\" class=\"yoast-schema-graph\">{\"@context\":\"https:\/\/schema.org\",\"@graph\":[{\"@type\":\"WebPage\",\"@id\":\"https:\/\/www.transtoyou.com\/de\/product\/soolantra\/\",\"url\":\"https:\/\/www.transtoyou.com\/de\/product\/soolantra\/\",\"name\":\"Soolantra | Rosazea gezielt mit Ivermectin behandeln - Transtoyou\",\"isPartOf\":{\"@id\":\"https:\/\/www.transtoyou.com\/de\/#website\"},\"primaryImageOfPage\":{\"@id\":\"https:\/\/www.transtoyou.com\/de\/product\/soolantra\/#primaryimage\"},\"image\":{\"@id\":\"https:\/\/www.transtoyou.com\/de\/product\/soolantra\/#primaryimage\"},\"thumbnailUrl\":\"https:\/\/www.transtoyou.com\/de\/wp-content\/uploads\/sites\/4\/2026\/01\/tty-no-product-image-110.webp\",\"datePublished\":\"2026-01-24T18:36:25+00:00\",\"dateModified\":\"2026-01-24T18:37:23+00:00\",\"description\":\"Soolantra-Creme gegen Rosazea, reduziert R\u00f6tungen und Unebenheiten mit Ivermectin. Hier erh\u00e4ltlich f\u00fcr eine effektive Hautberuhigung. Jetzt bei Transtoyou einkaufen.\",\"breadcrumb\":{\"@id\":\"https:\/\/www.transtoyou.com\/de\/product\/soolantra\/#breadcrumb\"},\"inLanguage\":\"de\",\"potentialAction\":[{\"@type\":\"ReadAction\",\"target\":[\"https:\/\/www.transtoyou.com\/de\/product\/soolantra\/\"]}]},{\"@type\":\"ImageObject\",\"inLanguage\":\"de\",\"@id\":\"https:\/\/www.transtoyou.com\/de\/product\/soolantra\/#primaryimage\",\"url\":\"https:\/\/www.transtoyou.com\/de\/wp-content\/uploads\/sites\/4\/2026\/01\/tty-no-product-image-110.webp\",\"contentUrl\":\"https:\/\/www.transtoyou.com\/de\/wp-content\/uploads\/sites\/4\/2026\/01\/tty-no-product-image-110.webp\",\"width\":1000,\"height\":1000,\"caption\":\"Standardproduktbild\"},{\"@type\":\"WebSite\",\"@id\":\"https:\/\/www.transtoyou.com\/de\/#website\",\"url\":\"https:\/\/www.transtoyou.com\/de\/\",\"name\":\"Transtoyou - DE\",\"description\":\"DE\",\"publisher\":{\"@id\":\"https:\/\/www.transtoyou.com\/de\/#organization\"},\"potentialAction\":[{\"@type\":\"SearchAction\",\"target\":{\"@type\":\"EntryPoint\",\"urlTemplate\":\"https:\/\/www.transtoyou.com\/de\/?s={search_term_string}\"},\"query-input\":{\"@type\":\"PropertyValueSpecification\",\"valueRequired\":true,\"valueName\":\"search_term_string\"}}],\"inLanguage\":\"de\"},{\"@type\":\"Organization\",\"@id\":\"https:\/\/www.transtoyou.com\/de\/#organization\",\"name\":\"Transtoyou - DE\",\"url\":\"https:\/\/www.transtoyou.com\/de\/\",\"logo\":{\"@type\":\"ImageObject\",\"inLanguage\":\"de\",\"@id\":\"https:\/\/www.transtoyou.com\/de\/#\/schema\/logo\/image\/\",\"url\":\"https:\/\/www.transtoyou.com\/de\/wp-content\/uploads\/sites\/4\/2026\/01\/logo-tty-menu-bar-300x87-1.webp\",\"contentUrl\":\"https:\/\/www.transtoyou.com\/de\/wp-content\/uploads\/sites\/4\/2026\/01\/logo-tty-menu-bar-300x87-1.webp\",\"width\":300,\"height\":87,\"caption\":\"Transtoyou - DE\"},\"image\":{\"@id\":\"https:\/\/www.transtoyou.com\/de\/#\/schema\/logo\/image\/\"}}]}<\/script>\n<!-- \/ Yoast SEO plugin. -->","yoast_head_json":{"title":"Soolantra | Rosazea gezielt mit Ivermectin behandeln - Transtoyou","description":"Soolantra-Creme gegen Rosazea, reduziert R\u00f6tungen und Unebenheiten mit Ivermectin. Hier erh\u00e4ltlich f\u00fcr eine effektive Hautberuhigung. Jetzt bei Transtoyou einkaufen.","robots":{"index":"noindex","follow":"follow","max-snippet":"max-snippet:-1","max-image-preview":"max-image-preview:large","max-video-preview":"max-video-preview:-1"},"og_locale":"de_DE","og_type":"article","og_title":"Soolantra | Rosazea gezielt mit Ivermectin behandeln - Transtoyou","og_description":"Soolantra-Creme gegen Rosazea, reduziert R\u00f6tungen und Unebenheiten mit Ivermectin. Hier erh\u00e4ltlich f\u00fcr eine effektive Hautberuhigung. Jetzt bei Transtoyou einkaufen.","og_url":"https:\/\/www.transtoyou.com\/de\/product\/soolantra\/","og_site_name":"Transtoyou - DE","article_modified_time":"2026-01-24T18:37:23+00:00","twitter_card":"summary_large_image","twitter_misc":{"Gesch\u00e4tzte Lesezeit":"1\u00a0Minute"},"schema":{"@context":"https:\/\/schema.org","@graph":[{"@type":"WebPage","@id":"https:\/\/www.transtoyou.com\/de\/product\/soolantra\/","url":"https:\/\/www.transtoyou.com\/de\/product\/soolantra\/","name":"Soolantra | Rosazea gezielt mit Ivermectin behandeln - Transtoyou","isPartOf":{"@id":"https:\/\/www.transtoyou.com\/de\/#website"},"primaryImageOfPage":{"@id":"https:\/\/www.transtoyou.com\/de\/product\/soolantra\/#primaryimage"},"image":{"@id":"https:\/\/www.transtoyou.com\/de\/product\/soolantra\/#primaryimage"},"thumbnailUrl":"https:\/\/www.transtoyou.com\/de\/wp-content\/uploads\/sites\/4\/2026\/01\/tty-no-product-image-110.webp","datePublished":"2026-01-24T18:36:25+00:00","dateModified":"2026-01-24T18:37:23+00:00","description":"Soolantra-Creme gegen Rosazea, reduziert R\u00f6tungen und Unebenheiten mit Ivermectin. Hier erh\u00e4ltlich f\u00fcr eine effektive Hautberuhigung. Jetzt bei Transtoyou einkaufen.","breadcrumb":{"@id":"https:\/\/www.transtoyou.com\/de\/product\/soolantra\/#breadcrumb"},"inLanguage":"de","potentialAction":[{"@type":"ReadAction","target":["https:\/\/www.transtoyou.com\/de\/product\/soolantra\/"]}]},{"@type":"ImageObject","inLanguage":"de","@id":"https:\/\/www.transtoyou.com\/de\/product\/soolantra\/#primaryimage","url":"https:\/\/www.transtoyou.com\/de\/wp-content\/uploads\/sites\/4\/2026\/01\/tty-no-product-image-110.webp","contentUrl":"https:\/\/www.transtoyou.com\/de\/wp-content\/uploads\/sites\/4\/2026\/01\/tty-no-product-image-110.webp","width":1000,"height":1000,"caption":"Standardproduktbild"},{"@type":"WebSite","@id":"https:\/\/www.transtoyou.com\/de\/#website","url":"https:\/\/www.transtoyou.com\/de\/","name":"Transtoyou - DE","description":"DE","publisher":{"@id":"https:\/\/www.transtoyou.com\/de\/#organization"},"potentialAction":[{"@type":"SearchAction","target":{"@type":"EntryPoint","urlTemplate":"https:\/\/www.transtoyou.com\/de\/?s={search_term_string}"},"query-input":{"@type":"PropertyValueSpecification","valueRequired":true,"valueName":"search_term_string"}}],"inLanguage":"de"},{"@type":"Organization","@id":"https:\/\/www.transtoyou.com\/de\/#organization","name":"Transtoyou - DE","url":"https:\/\/www.transtoyou.com\/de\/","logo":{"@type":"ImageObject","inLanguage":"de","@id":"https:\/\/www.transtoyou.com\/de\/#\/schema\/logo\/image\/","url":"https:\/\/www.transtoyou.com\/de\/wp-content\/uploads\/sites\/4\/2026\/01\/logo-tty-menu-bar-300x87-1.webp","contentUrl":"https:\/\/www.transtoyou.com\/de\/wp-content\/uploads\/sites\/4\/2026\/01\/logo-tty-menu-bar-300x87-1.webp","width":300,"height":87,"caption":"Transtoyou - DE"},"image":{"@id":"https:\/\/www.transtoyou.com\/de\/#\/schema\/logo\/image\/"}}]}},"_links":{"self":[{"href":"https:\/\/www.transtoyou.com\/de\/wp-json\/wp\/v2\/product\/1059","targetHints":{"allow":["GET"]}}],"collection":[{"href":"https:\/\/www.transtoyou.com\/de\/wp-json\/wp\/v2\/product"}],"about":[{"href":"https:\/\/www.transtoyou.com\/de\/wp-json\/wp\/v2\/types\/product"}],"replies":[{"embeddable":true,"href":"https:\/\/www.transtoyou.com\/de\/wp-json\/wp\/v2\/comments?post=1059"}],"wp:featuredmedia":[{"embeddable":true,"href":"https:\/\/www.transtoyou.com\/de\/wp-json\/wp\/v2\/media\/1061"}],"wp:attachment":[{"href":"https:\/\/www.transtoyou.com\/de\/wp-json\/wp\/v2\/media?parent=1059"}],"wp:term":[{"taxonomy":"product_brand","embeddable":true,"href":"https:\/\/www.transtoyou.com\/de\/wp-json\/wp\/v2\/product_brand?post=1059"},{"taxonomy":"product_cat","embeddable":true,"href":"https:\/\/www.transtoyou.com\/de\/wp-json\/wp\/v2\/product_cat?post=1059"},{"taxonomy":"product_tag","embeddable":true,"href":"https:\/\/www.transtoyou.com\/de\/wp-json\/wp\/v2\/product_tag?post=1059"},{"taxonomy":"expert","embeddable":true,"href":"https:\/\/www.transtoyou.com\/de\/wp-json\/wp\/v2\/expert?post=1059"}],"curies":[{"name":"wp","href":"https:\/\/api.w.org\/{rel}","templated":true}]}}