{"id":1062,"date":"2026-01-24T20:52:40","date_gmt":"2026-01-24T18:52:40","guid":{"rendered":"https:\/\/www.transtoyou.com\/de\/product\/circadin\/"},"modified":"2026-02-13T10:55:16","modified_gmt":"2026-02-13T08:55:16","slug":"circadin","status":"publish","type":"product","link":"https:\/\/www.transtoyou.com\/de\/product\/circadin\/","title":{"rendered":"Circadin"},"content":{"rendered":"<p>Circadin ist ein rezeptpflichtiges Medikament, das 2 mg Melatonin mit verl\u00e4ngerter Freisetzung enth\u00e4lt und speziell entwickelt wurde, um den nat\u00fcrlichen Schlaf-Wach-Rhythmus zu unterst\u00fctzen. Es wird haupts\u00e4chlich f\u00fcr Erwachsene ab 55 Jahren verschrieben, die aufgrund von Schlaflosigkeit oder altersbedingten Ver\u00e4nderungen in der Melatoninproduktion eine schlechte Schlafqualit\u00e4t erleben. Im Gegensatz zu herk\u00f6mmlichen Melatoninpr\u00e4paraten ist Circadin so konzipiert, dass es die nat\u00fcrliche n\u00e4chtliche Freisetzung von Melatonin im K\u00f6rper nachahmt, was hilft, l\u00e4ngeren und erholsameren Schlaf zu f\u00f6rdern.<\/p>\n<p>Melatonin ist ein Hormon, das der K\u00f6rper nat\u00fcrlich als Reaktion auf Dunkelheit produziert. Circadin erg\u00e4nzt dieses Hormon in einer kontrollierten Freisetzungsform, die Menschen hilft, schneller einzuschlafen, tiefer zu schlafen und n\u00e4chtliche Wachphasen zu reduzieren. Es bietet eine sanfte Alternative zu traditionellen Schlafmitteln, ohne Abh\u00e4ngigkeit oder signifikante Tagesm\u00fcdigkeit zu verursachen.<\/p>\n<p>Circadin wird oral eingenommen, ein bis zwei Stunden vor dem Schlafengehen, und ist am effektivsten, wenn es mit guten Schlafgewohnheiten kombiniert wird, wie z.B. das Vermeiden von Bildschirmen vor dem Schlafengehen und das Einhalten einer regelm\u00e4\u00dfigen Schlafroutine. Es beginnt innerhalb der ersten paar Tage zu wirken, wobei die vollen Vorteile oft nach ein bis zwei Wochen konsequenter Anwendung sichtbar werden.<\/p>\n<p>Es wird im Allgemeinen gut vertragen, obwohl einige Personen leichte Nebenwirkungen wie Kopfschmerzen, \u00dcbelkeit oder Schl\u00e4frigkeit erfahren k\u00f6nnen. Es sollte nicht zusammen mit Alkohol oder starken Beruhigungsmitteln eingenommen werden, da diese die Wirksamkeit beeintr\u00e4chtigen k\u00f6nnen.<\/p>\n","protected":false},"excerpt":{"rendered":"<ul>\n<li>Rezeptpflichtige Schlafunterst\u00fctzung<\/li>\n<li>Langzeitfreisetzung von Melatonin<\/li>\n<li>Verbessert die Schlafqualit\u00e4t<\/li>\n<\/ul>\n","protected":false},"featured_media":1064,"comment_status":"open","ping_status":"closed","template":"","meta":[],"product_brand":[],"product_cat":[167],"product_tag":[],"expert":[16],"class_list":{"0":"post-1062","1":"product","2":"type-product","3":"status-publish","4":"has-post-thumbnail","6":"product_cat-schlafstorungen","7":"expert-dr-c-alexandru","9":"first","10":"instock","11":"shipping-taxable","12":"product-type-variable"},"yoast_head":"<!-- This site is optimized with the Yoast SEO plugin v27.0 - https:\/\/yoast.com\/product\/yoast-seo-wordpress\/ -->\n<title>Circadin | Schlafunterst\u00fctzung Wellness - Transtoyou<\/title>\n<meta name=\"description\" content=\"Circadin hier erh\u00e4ltlich, f\u00f6rdert nat\u00fcrlichen, erholsamen Schlaf. Jetzt einkaufen f\u00fcr eine klinisch gepr\u00fcfte L\u00f6sung zur Verbesserung deiner Schlafqualit\u00e4t.\" \/>\n<meta name=\"robots\" content=\"noindex, follow, max-snippet:-1, max-image-preview:large, max-video-preview:-1\" \/>\n<meta property=\"og:locale\" content=\"de_DE\" \/>\n<meta property=\"og:type\" content=\"article\" \/>\n<meta property=\"og:title\" content=\"Circadin | Schlafunterst\u00fctzung Wellness - Transtoyou\" \/>\n<meta property=\"og:description\" content=\"Circadin hier erh\u00e4ltlich, f\u00f6rdert nat\u00fcrlichen, erholsamen Schlaf. Jetzt einkaufen f\u00fcr eine klinisch gepr\u00fcfte L\u00f6sung zur Verbesserung deiner Schlafqualit\u00e4t.\" \/>\n<meta property=\"og:url\" content=\"https:\/\/www.transtoyou.com\/de\/product\/circadin\/\" \/>\n<meta property=\"og:site_name\" content=\"Transtoyou - DE\" \/>\n<meta property=\"article:modified_time\" content=\"2026-02-13T08:55:16+00:00\" \/>\n<meta name=\"twitter:card\" content=\"summary_large_image\" \/>\n<meta name=\"twitter:label1\" content=\"Gesch\u00e4tzte Lesezeit\" \/>\n\t<meta name=\"twitter:data1\" content=\"1\u00a0Minute\" \/>\n<script type=\"application\/ld+json\" class=\"yoast-schema-graph\">{\"@context\":\"https:\/\/schema.org\",\"@graph\":[{\"@type\":\"WebPage\",\"@id\":\"https:\/\/www.transtoyou.com\/de\/product\/circadin\/\",\"url\":\"https:\/\/www.transtoyou.com\/de\/product\/circadin\/\",\"name\":\"Circadin | Schlafunterst\u00fctzung Wellness - Transtoyou\",\"isPartOf\":{\"@id\":\"https:\/\/www.transtoyou.com\/de\/#website\"},\"primaryImageOfPage\":{\"@id\":\"https:\/\/www.transtoyou.com\/de\/product\/circadin\/#primaryimage\"},\"image\":{\"@id\":\"https:\/\/www.transtoyou.com\/de\/product\/circadin\/#primaryimage\"},\"thumbnailUrl\":\"https:\/\/www.transtoyou.com\/de\/wp-content\/uploads\/sites\/4\/2026\/01\/tty-no-product-image-111.webp\",\"datePublished\":\"2026-01-24T18:52:40+00:00\",\"dateModified\":\"2026-02-13T08:55:16+00:00\",\"description\":\"Circadin hier erh\u00e4ltlich, f\u00f6rdert nat\u00fcrlichen, erholsamen Schlaf. Jetzt einkaufen f\u00fcr eine klinisch gepr\u00fcfte L\u00f6sung zur Verbesserung deiner Schlafqualit\u00e4t.\",\"breadcrumb\":{\"@id\":\"https:\/\/www.transtoyou.com\/de\/product\/circadin\/#breadcrumb\"},\"inLanguage\":\"de\",\"potentialAction\":[{\"@type\":\"ReadAction\",\"target\":[\"https:\/\/www.transtoyou.com\/de\/product\/circadin\/\"]}]},{\"@type\":\"ImageObject\",\"inLanguage\":\"de\",\"@id\":\"https:\/\/www.transtoyou.com\/de\/product\/circadin\/#primaryimage\",\"url\":\"https:\/\/www.transtoyou.com\/de\/wp-content\/uploads\/sites\/4\/2026\/01\/tty-no-product-image-111.webp\",\"contentUrl\":\"https:\/\/www.transtoyou.com\/de\/wp-content\/uploads\/sites\/4\/2026\/01\/tty-no-product-image-111.webp\",\"width\":1000,\"height\":1000,\"caption\":\"Standardproduktbild\"},{\"@type\":\"WebSite\",\"@id\":\"https:\/\/www.transtoyou.com\/de\/#website\",\"url\":\"https:\/\/www.transtoyou.com\/de\/\",\"name\":\"Transtoyou - DE\",\"description\":\"DE\",\"publisher\":{\"@id\":\"https:\/\/www.transtoyou.com\/de\/#organization\"},\"potentialAction\":[{\"@type\":\"SearchAction\",\"target\":{\"@type\":\"EntryPoint\",\"urlTemplate\":\"https:\/\/www.transtoyou.com\/de\/?s={search_term_string}\"},\"query-input\":{\"@type\":\"PropertyValueSpecification\",\"valueRequired\":true,\"valueName\":\"search_term_string\"}}],\"inLanguage\":\"de\"},{\"@type\":\"Organization\",\"@id\":\"https:\/\/www.transtoyou.com\/de\/#organization\",\"name\":\"Transtoyou - DE\",\"url\":\"https:\/\/www.transtoyou.com\/de\/\",\"logo\":{\"@type\":\"ImageObject\",\"inLanguage\":\"de\",\"@id\":\"https:\/\/www.transtoyou.com\/de\/#\/schema\/logo\/image\/\",\"url\":\"https:\/\/www.transtoyou.com\/de\/wp-content\/uploads\/sites\/4\/2026\/01\/logo-tty-menu-bar-300x87-1.webp\",\"contentUrl\":\"https:\/\/www.transtoyou.com\/de\/wp-content\/uploads\/sites\/4\/2026\/01\/logo-tty-menu-bar-300x87-1.webp\",\"width\":300,\"height\":87,\"caption\":\"Transtoyou - DE\"},\"image\":{\"@id\":\"https:\/\/www.transtoyou.com\/de\/#\/schema\/logo\/image\/\"}}]}<\/script>\n<!-- \/ Yoast SEO plugin. -->","yoast_head_json":{"title":"Circadin | Schlafunterst\u00fctzung Wellness - Transtoyou","description":"Circadin hier erh\u00e4ltlich, f\u00f6rdert nat\u00fcrlichen, erholsamen Schlaf. Jetzt einkaufen f\u00fcr eine klinisch gepr\u00fcfte L\u00f6sung zur Verbesserung deiner Schlafqualit\u00e4t.","robots":{"index":"noindex","follow":"follow","max-snippet":"max-snippet:-1","max-image-preview":"max-image-preview:large","max-video-preview":"max-video-preview:-1"},"og_locale":"de_DE","og_type":"article","og_title":"Circadin | Schlafunterst\u00fctzung Wellness - Transtoyou","og_description":"Circadin hier erh\u00e4ltlich, f\u00f6rdert nat\u00fcrlichen, erholsamen Schlaf. Jetzt einkaufen f\u00fcr eine klinisch gepr\u00fcfte L\u00f6sung zur Verbesserung deiner Schlafqualit\u00e4t.","og_url":"https:\/\/www.transtoyou.com\/de\/product\/circadin\/","og_site_name":"Transtoyou - DE","article_modified_time":"2026-02-13T08:55:16+00:00","twitter_card":"summary_large_image","twitter_misc":{"Gesch\u00e4tzte Lesezeit":"1\u00a0Minute"},"schema":{"@context":"https:\/\/schema.org","@graph":[{"@type":"WebPage","@id":"https:\/\/www.transtoyou.com\/de\/product\/circadin\/","url":"https:\/\/www.transtoyou.com\/de\/product\/circadin\/","name":"Circadin | Schlafunterst\u00fctzung Wellness - Transtoyou","isPartOf":{"@id":"https:\/\/www.transtoyou.com\/de\/#website"},"primaryImageOfPage":{"@id":"https:\/\/www.transtoyou.com\/de\/product\/circadin\/#primaryimage"},"image":{"@id":"https:\/\/www.transtoyou.com\/de\/product\/circadin\/#primaryimage"},"thumbnailUrl":"https:\/\/www.transtoyou.com\/de\/wp-content\/uploads\/sites\/4\/2026\/01\/tty-no-product-image-111.webp","datePublished":"2026-01-24T18:52:40+00:00","dateModified":"2026-02-13T08:55:16+00:00","description":"Circadin hier erh\u00e4ltlich, f\u00f6rdert nat\u00fcrlichen, erholsamen Schlaf. Jetzt einkaufen f\u00fcr eine klinisch gepr\u00fcfte L\u00f6sung zur Verbesserung deiner Schlafqualit\u00e4t.","breadcrumb":{"@id":"https:\/\/www.transtoyou.com\/de\/product\/circadin\/#breadcrumb"},"inLanguage":"de","potentialAction":[{"@type":"ReadAction","target":["https:\/\/www.transtoyou.com\/de\/product\/circadin\/"]}]},{"@type":"ImageObject","inLanguage":"de","@id":"https:\/\/www.transtoyou.com\/de\/product\/circadin\/#primaryimage","url":"https:\/\/www.transtoyou.com\/de\/wp-content\/uploads\/sites\/4\/2026\/01\/tty-no-product-image-111.webp","contentUrl":"https:\/\/www.transtoyou.com\/de\/wp-content\/uploads\/sites\/4\/2026\/01\/tty-no-product-image-111.webp","width":1000,"height":1000,"caption":"Standardproduktbild"},{"@type":"WebSite","@id":"https:\/\/www.transtoyou.com\/de\/#website","url":"https:\/\/www.transtoyou.com\/de\/","name":"Transtoyou - DE","description":"DE","publisher":{"@id":"https:\/\/www.transtoyou.com\/de\/#organization"},"potentialAction":[{"@type":"SearchAction","target":{"@type":"EntryPoint","urlTemplate":"https:\/\/www.transtoyou.com\/de\/?s={search_term_string}"},"query-input":{"@type":"PropertyValueSpecification","valueRequired":true,"valueName":"search_term_string"}}],"inLanguage":"de"},{"@type":"Organization","@id":"https:\/\/www.transtoyou.com\/de\/#organization","name":"Transtoyou - DE","url":"https:\/\/www.transtoyou.com\/de\/","logo":{"@type":"ImageObject","inLanguage":"de","@id":"https:\/\/www.transtoyou.com\/de\/#\/schema\/logo\/image\/","url":"https:\/\/www.transtoyou.com\/de\/wp-content\/uploads\/sites\/4\/2026\/01\/logo-tty-menu-bar-300x87-1.webp","contentUrl":"https:\/\/www.transtoyou.com\/de\/wp-content\/uploads\/sites\/4\/2026\/01\/logo-tty-menu-bar-300x87-1.webp","width":300,"height":87,"caption":"Transtoyou - DE"},"image":{"@id":"https:\/\/www.transtoyou.com\/de\/#\/schema\/logo\/image\/"}}]}},"_links":{"self":[{"href":"https:\/\/www.transtoyou.com\/de\/wp-json\/wp\/v2\/product\/1062","targetHints":{"allow":["GET"]}}],"collection":[{"href":"https:\/\/www.transtoyou.com\/de\/wp-json\/wp\/v2\/product"}],"about":[{"href":"https:\/\/www.transtoyou.com\/de\/wp-json\/wp\/v2\/types\/product"}],"replies":[{"embeddable":true,"href":"https:\/\/www.transtoyou.com\/de\/wp-json\/wp\/v2\/comments?post=1062"}],"wp:featuredmedia":[{"embeddable":true,"href":"https:\/\/www.transtoyou.com\/de\/wp-json\/wp\/v2\/media\/1064"}],"wp:attachment":[{"href":"https:\/\/www.transtoyou.com\/de\/wp-json\/wp\/v2\/media?parent=1062"}],"wp:term":[{"taxonomy":"product_brand","embeddable":true,"href":"https:\/\/www.transtoyou.com\/de\/wp-json\/wp\/v2\/product_brand?post=1062"},{"taxonomy":"product_cat","embeddable":true,"href":"https:\/\/www.transtoyou.com\/de\/wp-json\/wp\/v2\/product_cat?post=1062"},{"taxonomy":"product_tag","embeddable":true,"href":"https:\/\/www.transtoyou.com\/de\/wp-json\/wp\/v2\/product_tag?post=1062"},{"taxonomy":"expert","embeddable":true,"href":"https:\/\/www.transtoyou.com\/de\/wp-json\/wp\/v2\/expert?post=1062"}],"curies":[{"name":"wp","href":"https:\/\/api.w.org\/{rel}","templated":true}]}}