{"id":1068,"date":"2026-01-24T21:26:28","date_gmt":"2026-01-24T19:26:28","guid":{"rendered":"https:\/\/www.transtoyou.com\/de\/product\/zopiclone\/"},"modified":"2026-03-08T13:40:50","modified_gmt":"2026-03-08T11:40:50","slug":"zopiclon","status":"publish","type":"product","link":"https:\/\/www.transtoyou.com\/de\/product\/zopiclon\/","title":{"rendered":"Zopiclon"},"content":{"rendered":"<p>Zopiclon ist ein rezeptpflichtiges Medikament, das zur kurzfristigen Behandlung von Schlaflosigkeit eingesetzt wird. Es geh\u00f6rt zu einer Klasse von Arzneimitteln, die als Nicht-Benzodiazepin-Hypnotika bekannt sind und dabei helfen, den Schlaf einzuleiten und aufrechtzuerhalten. Zopiclon wird h\u00e4ufig Personen verschrieben, die Schwierigkeiten haben, einzuschlafen, nachts h\u00e4ufig aufwachen oder morgens zu fr\u00fch aufwachen.<\/p>\n<p>Das Medikament wirkt, indem es die Aktivit\u00e4t von Gamma-Aminobutters\u00e4ure (GABA), einem beruhigenden Neurotransmitter im Gehirn, verst\u00e4rkt. Dies f\u00fchrt zu einer sedierenden Wirkung, die Entspannung und Schlaf f\u00f6rdert. Zopiclon ist bekannt f\u00fcr seinen schnellen Wirkungseintritt, der normalerweise innerhalb von 30 Minuten erfolgt. Es wird in der Regel f\u00fcr den kurzfristigen Gebrauch verschrieben, da das Risiko von Toleranz und Abh\u00e4ngigkeit bei l\u00e4ngerer Einnahme besteht.<\/p>\n<p>Zopiclon wird kurz vor dem Schlafengehen eingenommen, um sicherzustellen, dass der Benutzer mindestens sieben bis acht Stunden schlafen kann. Es ist wichtig, nach der Einnahme des Medikaments keine Aktivit\u00e4ten auszuf\u00fchren, die volle Wachsamkeit erfordern, wie z.B. Autofahren. Zu den Nebenwirkungen k\u00f6nnen ein metallischer Geschmack, trockener Mund, Schwindel oder M\u00fcdigkeit am n\u00e4chsten Tag geh\u00f6ren, insbesondere wenn es zu sp\u00e4t oder ohne ausreichende Schlafzeit eingenommen wird.<\/p>\n<p>Dieses Medikament ist nicht f\u00fcr jeden geeignet und sollte w\u00e4hrend der Schwangerschaft, Stillzeit oder bei Personen mit einer Vorgeschichte von Substanzmissbrauch nicht verwendet werden. Alkohol sollte vermieden werden, da er die sedierenden Wirkungen und das Risiko ungew\u00f6hnlicher Verhaltensweisen im Schlaf erh\u00f6hen kann.<\/p>\n","protected":false},"excerpt":{"rendered":"<ul>\n<li>Kurzzeitige Schlafbehandlung<\/li>\n<li>Schnell wirkende Beruhigungstablette<\/li>\n<li>Verbessert das Einschlafen und die Schlafdauer<\/li>\n<\/ul>\n","protected":false},"featured_media":1070,"comment_status":"open","ping_status":"closed","template":"","meta":[],"product_brand":[],"product_cat":[167],"product_tag":[],"expert":[16],"class_list":{"0":"post-1068","1":"product","2":"type-product","3":"status-publish","4":"has-post-thumbnail","6":"product_cat-schlafstorungen","7":"expert-dr-c-alexandru","9":"first","10":"instock","11":"shipping-taxable","12":"product-type-variable"},"yoast_head":"<!-- This site is optimized with the Yoast SEO plugin v27.0 - https:\/\/yoast.com\/product\/yoast-seo-wordpress\/ -->\n<title>Zopiclon | Schlafmittel gegen Schlaflosigkeit - Transtoyou<\/title>\n<meta name=\"description\" content=\"Zopiclon, hier erh\u00e4ltlich zur Linderung von Schlaflosigkeit. Hilft schnell beim Einschlafen und Durchschlafen. Rezept erforderlich. Sicherer Zugang \u00fcber Transtoyou.\" \/>\n<meta name=\"robots\" content=\"noindex, follow, max-snippet:-1, max-image-preview:large, max-video-preview:-1\" \/>\n<meta property=\"og:locale\" content=\"de_DE\" \/>\n<meta property=\"og:type\" content=\"article\" \/>\n<meta property=\"og:title\" content=\"Zopiclon | Schlafmittel gegen Schlaflosigkeit - Transtoyou\" \/>\n<meta property=\"og:description\" content=\"Zopiclon, hier erh\u00e4ltlich zur Linderung von Schlaflosigkeit. Hilft schnell beim Einschlafen und Durchschlafen. Rezept erforderlich. Sicherer Zugang \u00fcber Transtoyou.\" \/>\n<meta property=\"og:url\" content=\"https:\/\/www.transtoyou.com\/de\/product\/zopiclone\/\" \/>\n<meta property=\"og:site_name\" content=\"Transtoyou - DE\" \/>\n<meta property=\"article:modified_time\" content=\"2026-03-08T11:40:50+00:00\" \/>\n<meta name=\"twitter:card\" content=\"summary_large_image\" \/>\n<meta name=\"twitter:label1\" content=\"Gesch\u00e4tzte Lesezeit\" \/>\n\t<meta name=\"twitter:data1\" content=\"1\u00a0Minute\" \/>\n<script type=\"application\/ld+json\" class=\"yoast-schema-graph\">{\"@context\":\"https:\/\/schema.org\",\"@graph\":[{\"@type\":\"WebPage\",\"@id\":\"https:\/\/www.transtoyou.com\/de\/product\/zopiclone\/\",\"url\":\"https:\/\/www.transtoyou.com\/de\/product\/zopiclone\/\",\"name\":\"Zopiclon | Schlafmittel gegen Schlaflosigkeit - Transtoyou\",\"isPartOf\":{\"@id\":\"https:\/\/www.transtoyou.com\/de\/#website\"},\"primaryImageOfPage\":{\"@id\":\"https:\/\/www.transtoyou.com\/de\/product\/zopiclone\/#primaryimage\"},\"image\":{\"@id\":\"https:\/\/www.transtoyou.com\/de\/product\/zopiclone\/#primaryimage\"},\"thumbnailUrl\":\"https:\/\/www.transtoyou.com\/de\/wp-content\/uploads\/sites\/4\/2026\/01\/tty-no-product-image-113.webp\",\"datePublished\":\"2026-01-24T19:26:28+00:00\",\"dateModified\":\"2026-03-08T11:40:50+00:00\",\"description\":\"Zopiclon, hier erh\u00e4ltlich zur Linderung von Schlaflosigkeit. Hilft schnell beim Einschlafen und Durchschlafen. Rezept erforderlich. Sicherer Zugang \u00fcber Transtoyou.\",\"breadcrumb\":{\"@id\":\"https:\/\/www.transtoyou.com\/de\/product\/zopiclone\/#breadcrumb\"},\"inLanguage\":\"de\",\"potentialAction\":[{\"@type\":\"ReadAction\",\"target\":[\"https:\/\/www.transtoyou.com\/de\/product\/zopiclone\/\"]}]},{\"@type\":\"ImageObject\",\"inLanguage\":\"de\",\"@id\":\"https:\/\/www.transtoyou.com\/de\/product\/zopiclone\/#primaryimage\",\"url\":\"https:\/\/www.transtoyou.com\/de\/wp-content\/uploads\/sites\/4\/2026\/01\/tty-no-product-image-113.webp\",\"contentUrl\":\"https:\/\/www.transtoyou.com\/de\/wp-content\/uploads\/sites\/4\/2026\/01\/tty-no-product-image-113.webp\",\"width\":1000,\"height\":1000,\"caption\":\"Standardproduktbild\"},{\"@type\":\"WebSite\",\"@id\":\"https:\/\/www.transtoyou.com\/de\/#website\",\"url\":\"https:\/\/www.transtoyou.com\/de\/\",\"name\":\"Transtoyou - DE\",\"description\":\"DE\",\"publisher\":{\"@id\":\"https:\/\/www.transtoyou.com\/de\/#organization\"},\"potentialAction\":[{\"@type\":\"SearchAction\",\"target\":{\"@type\":\"EntryPoint\",\"urlTemplate\":\"https:\/\/www.transtoyou.com\/de\/?s={search_term_string}\"},\"query-input\":{\"@type\":\"PropertyValueSpecification\",\"valueRequired\":true,\"valueName\":\"search_term_string\"}}],\"inLanguage\":\"de\"},{\"@type\":\"Organization\",\"@id\":\"https:\/\/www.transtoyou.com\/de\/#organization\",\"name\":\"Transtoyou - DE\",\"url\":\"https:\/\/www.transtoyou.com\/de\/\",\"logo\":{\"@type\":\"ImageObject\",\"inLanguage\":\"de\",\"@id\":\"https:\/\/www.transtoyou.com\/de\/#\/schema\/logo\/image\/\",\"url\":\"https:\/\/www.transtoyou.com\/de\/wp-content\/uploads\/sites\/4\/2026\/01\/logo-tty-menu-bar-300x87-1.webp\",\"contentUrl\":\"https:\/\/www.transtoyou.com\/de\/wp-content\/uploads\/sites\/4\/2026\/01\/logo-tty-menu-bar-300x87-1.webp\",\"width\":300,\"height\":87,\"caption\":\"Transtoyou - DE\"},\"image\":{\"@id\":\"https:\/\/www.transtoyou.com\/de\/#\/schema\/logo\/image\/\"}}]}<\/script>\n<!-- \/ Yoast SEO plugin. -->","yoast_head_json":{"title":"Zopiclon | Schlafmittel gegen Schlaflosigkeit - Transtoyou","description":"Zopiclon, hier erh\u00e4ltlich zur Linderung von Schlaflosigkeit. Hilft schnell beim Einschlafen und Durchschlafen. Rezept erforderlich. Sicherer Zugang \u00fcber Transtoyou.","robots":{"index":"noindex","follow":"follow","max-snippet":"max-snippet:-1","max-image-preview":"max-image-preview:large","max-video-preview":"max-video-preview:-1"},"og_locale":"de_DE","og_type":"article","og_title":"Zopiclon | Schlafmittel gegen Schlaflosigkeit - Transtoyou","og_description":"Zopiclon, hier erh\u00e4ltlich zur Linderung von Schlaflosigkeit. Hilft schnell beim Einschlafen und Durchschlafen. Rezept erforderlich. Sicherer Zugang \u00fcber Transtoyou.","og_url":"https:\/\/www.transtoyou.com\/de\/product\/zopiclone\/","og_site_name":"Transtoyou - DE","article_modified_time":"2026-03-08T11:40:50+00:00","twitter_card":"summary_large_image","twitter_misc":{"Gesch\u00e4tzte Lesezeit":"1\u00a0Minute"},"schema":{"@context":"https:\/\/schema.org","@graph":[{"@type":"WebPage","@id":"https:\/\/www.transtoyou.com\/de\/product\/zopiclone\/","url":"https:\/\/www.transtoyou.com\/de\/product\/zopiclone\/","name":"Zopiclon | Schlafmittel gegen Schlaflosigkeit - Transtoyou","isPartOf":{"@id":"https:\/\/www.transtoyou.com\/de\/#website"},"primaryImageOfPage":{"@id":"https:\/\/www.transtoyou.com\/de\/product\/zopiclone\/#primaryimage"},"image":{"@id":"https:\/\/www.transtoyou.com\/de\/product\/zopiclone\/#primaryimage"},"thumbnailUrl":"https:\/\/www.transtoyou.com\/de\/wp-content\/uploads\/sites\/4\/2026\/01\/tty-no-product-image-113.webp","datePublished":"2026-01-24T19:26:28+00:00","dateModified":"2026-03-08T11:40:50+00:00","description":"Zopiclon, hier erh\u00e4ltlich zur Linderung von Schlaflosigkeit. Hilft schnell beim Einschlafen und Durchschlafen. Rezept erforderlich. Sicherer Zugang \u00fcber Transtoyou.","breadcrumb":{"@id":"https:\/\/www.transtoyou.com\/de\/product\/zopiclone\/#breadcrumb"},"inLanguage":"de","potentialAction":[{"@type":"ReadAction","target":["https:\/\/www.transtoyou.com\/de\/product\/zopiclone\/"]}]},{"@type":"ImageObject","inLanguage":"de","@id":"https:\/\/www.transtoyou.com\/de\/product\/zopiclone\/#primaryimage","url":"https:\/\/www.transtoyou.com\/de\/wp-content\/uploads\/sites\/4\/2026\/01\/tty-no-product-image-113.webp","contentUrl":"https:\/\/www.transtoyou.com\/de\/wp-content\/uploads\/sites\/4\/2026\/01\/tty-no-product-image-113.webp","width":1000,"height":1000,"caption":"Standardproduktbild"},{"@type":"WebSite","@id":"https:\/\/www.transtoyou.com\/de\/#website","url":"https:\/\/www.transtoyou.com\/de\/","name":"Transtoyou - DE","description":"DE","publisher":{"@id":"https:\/\/www.transtoyou.com\/de\/#organization"},"potentialAction":[{"@type":"SearchAction","target":{"@type":"EntryPoint","urlTemplate":"https:\/\/www.transtoyou.com\/de\/?s={search_term_string}"},"query-input":{"@type":"PropertyValueSpecification","valueRequired":true,"valueName":"search_term_string"}}],"inLanguage":"de"},{"@type":"Organization","@id":"https:\/\/www.transtoyou.com\/de\/#organization","name":"Transtoyou - DE","url":"https:\/\/www.transtoyou.com\/de\/","logo":{"@type":"ImageObject","inLanguage":"de","@id":"https:\/\/www.transtoyou.com\/de\/#\/schema\/logo\/image\/","url":"https:\/\/www.transtoyou.com\/de\/wp-content\/uploads\/sites\/4\/2026\/01\/logo-tty-menu-bar-300x87-1.webp","contentUrl":"https:\/\/www.transtoyou.com\/de\/wp-content\/uploads\/sites\/4\/2026\/01\/logo-tty-menu-bar-300x87-1.webp","width":300,"height":87,"caption":"Transtoyou - DE"},"image":{"@id":"https:\/\/www.transtoyou.com\/de\/#\/schema\/logo\/image\/"}}]}},"_links":{"self":[{"href":"https:\/\/www.transtoyou.com\/de\/wp-json\/wp\/v2\/product\/1068","targetHints":{"allow":["GET"]}}],"collection":[{"href":"https:\/\/www.transtoyou.com\/de\/wp-json\/wp\/v2\/product"}],"about":[{"href":"https:\/\/www.transtoyou.com\/de\/wp-json\/wp\/v2\/types\/product"}],"replies":[{"embeddable":true,"href":"https:\/\/www.transtoyou.com\/de\/wp-json\/wp\/v2\/comments?post=1068"}],"wp:featuredmedia":[{"embeddable":true,"href":"https:\/\/www.transtoyou.com\/de\/wp-json\/wp\/v2\/media\/1070"}],"wp:attachment":[{"href":"https:\/\/www.transtoyou.com\/de\/wp-json\/wp\/v2\/media?parent=1068"}],"wp:term":[{"taxonomy":"product_brand","embeddable":true,"href":"https:\/\/www.transtoyou.com\/de\/wp-json\/wp\/v2\/product_brand?post=1068"},{"taxonomy":"product_cat","embeddable":true,"href":"https:\/\/www.transtoyou.com\/de\/wp-json\/wp\/v2\/product_cat?post=1068"},{"taxonomy":"product_tag","embeddable":true,"href":"https:\/\/www.transtoyou.com\/de\/wp-json\/wp\/v2\/product_tag?post=1068"},{"taxonomy":"expert","embeddable":true,"href":"https:\/\/www.transtoyou.com\/de\/wp-json\/wp\/v2\/expert?post=1068"}],"curies":[{"name":"wp","href":"https:\/\/api.w.org\/{rel}","templated":true}]}}