{"id":1071,"date":"2026-01-24T21:43:19","date_gmt":"2026-01-24T19:43:19","guid":{"rendered":"https:\/\/www.transtoyou.com\/de\/product\/zolpidem\/"},"modified":"2026-03-08T13:23:26","modified_gmt":"2026-03-08T11:23:26","slug":"zolpidem","status":"publish","type":"product","link":"https:\/\/www.transtoyou.com\/de\/product\/zolpidem\/","title":{"rendered":"Zolpidem"},"content":{"rendered":"<p>Zolpidem ist ein rezeptpflichtiges Medikament, das zur Behandlung von kurzfristiger Schlaflosigkeit eingesetzt wird. Es geh\u00f6rt zu einer Klasse von Medikamenten, die als Nicht-Benzodiazepin-Hypnotika bekannt sind, und soll Menschen helfen, schnell einzuschlafen. Zolpidem wird h\u00e4ufig verschrieben, wenn Schwierigkeiten beim Einschlafen den Alltag st\u00f6ren, obwohl es nicht f\u00fcr die langfristige Anwendung gedacht ist.<\/p>\n<p>Das Medikament wirkt, indem es auf Rezeptoren im Gehirn einwirkt, die den Schlaf regulieren, und hilft, den nat\u00fcrlichen Schlafzyklus effektiver einzuleiten. Im Gegensatz zu \u00e4lteren Schlafmitteln hat Zolpidem tendenziell weniger Nebenwirkungen in Bezug auf Tagesm\u00fcdigkeit oder Benommenheit, wenn es wie vorgeschrieben verwendet wird. Es ist in sofort freisetzenden und verl\u00e4ngert freisetzenden Formen erh\u00e4ltlich, je nachdem, ob das Ziel darin besteht, schneller einzuschlafen oder l\u00e4nger zu schlafen.<\/p>\n<p>Zolpidem wird normalerweise kurz vor dem Schlafengehen eingenommen und beginnt innerhalb von 15 bis 30 Minuten zu wirken. Da es schnell wirkt, sollten die Anwender sicherstellen, dass sie bereit sind, mindestens sieben bis acht Stunden nach der Einnahme zu schlafen, um tags\u00fcber M\u00fcdigkeit zu vermeiden. Es ist wichtig, Aktivit\u00e4ten zu vermeiden, die Wachsamkeit erfordern, wie zum Beispiel Autofahren, nach der Einnahme von Zolpidem.<\/p>\n<p>Dieses Medikament sollte nicht mit Alkohol oder anderen Beruhigungsmitteln kombiniert werden, da diese Kombinationen das Risiko gef\u00e4hrlicher Nebenwirkungen erh\u00f6hen. Einige Menschen k\u00f6nnen ungew\u00f6hnliche Schlafverhalten wie Schlafwandeln, Essen oder Autofahren ohne volles Bewusstsein erleben. Diese Verhaltensweisen sind selten, sollten aber sofort gemeldet werden, wenn sie auftreten.<\/p>\n<p>Zolpidem wird typischerweise f\u00fcr kurze Zeitr\u00e4ume verschrieben, um Abh\u00e4ngigkeit oder Toleranz zu vermeiden.<\/p>\n","protected":false},"excerpt":{"rendered":"<ul>\n<li>Kurzfristige Behandlung von Schlaflosigkeit<\/li>\n<li>Schnelle Unterst\u00fctzung beim Einschlafen<\/li>\n<li>Schlafmittel nur mit Rezept<\/li>\n<\/ul>\n","protected":false},"featured_media":1073,"comment_status":"open","ping_status":"closed","template":"","meta":[],"product_brand":[],"product_cat":[167],"product_tag":[],"expert":[16],"class_list":{"0":"post-1071","1":"product","2":"type-product","3":"status-publish","4":"has-post-thumbnail","6":"product_cat-schlafstorungen","7":"expert-dr-c-alexandru","9":"first","10":"instock","11":"shipping-taxable","12":"product-type-variable"},"yoast_head":"<!-- This site is optimized with the Yoast SEO plugin v27.0 - https:\/\/yoast.com\/product\/yoast-seo-wordpress\/ -->\n<title>Zolpidem | Schnelle Schlafhilfe - Transtoyou<\/title>\n<meta name=\"description\" content=\"Entdecke Zolpidem zur kurzfristigen Linderung von Schlaflosigkeit, erh\u00e4ltlich mit Rezept. Schnelle Hilfe f\u00fcr besseren Schlaf, basierend auf klinischen Richtlinien.\" \/>\n<meta name=\"robots\" content=\"noindex, follow, max-snippet:-1, max-image-preview:large, max-video-preview:-1\" \/>\n<meta property=\"og:locale\" content=\"de_DE\" \/>\n<meta property=\"og:type\" content=\"article\" \/>\n<meta property=\"og:title\" content=\"Zolpidem | Schnelle Schlafhilfe - Transtoyou\" \/>\n<meta property=\"og:description\" content=\"Entdecke Zolpidem zur kurzfristigen Linderung von Schlaflosigkeit, erh\u00e4ltlich mit Rezept. Schnelle Hilfe f\u00fcr besseren Schlaf, basierend auf klinischen Richtlinien.\" \/>\n<meta property=\"og:url\" content=\"https:\/\/www.transtoyou.com\/de\/product\/zolpidem\/\" \/>\n<meta property=\"og:site_name\" content=\"Transtoyou - DE\" \/>\n<meta property=\"article:modified_time\" content=\"2026-03-08T11:23:26+00:00\" \/>\n<meta name=\"twitter:card\" content=\"summary_large_image\" \/>\n<meta name=\"twitter:label1\" content=\"Gesch\u00e4tzte Lesezeit\" \/>\n\t<meta name=\"twitter:data1\" content=\"1\u00a0Minute\" \/>\n<script type=\"application\/ld+json\" class=\"yoast-schema-graph\">{\"@context\":\"https:\/\/schema.org\",\"@graph\":[{\"@type\":\"WebPage\",\"@id\":\"https:\/\/www.transtoyou.com\/de\/product\/zolpidem\/\",\"url\":\"https:\/\/www.transtoyou.com\/de\/product\/zolpidem\/\",\"name\":\"Zolpidem | Schnelle Schlafhilfe - Transtoyou\",\"isPartOf\":{\"@id\":\"https:\/\/www.transtoyou.com\/de\/#website\"},\"primaryImageOfPage\":{\"@id\":\"https:\/\/www.transtoyou.com\/de\/product\/zolpidem\/#primaryimage\"},\"image\":{\"@id\":\"https:\/\/www.transtoyou.com\/de\/product\/zolpidem\/#primaryimage\"},\"thumbnailUrl\":\"https:\/\/www.transtoyou.com\/de\/wp-content\/uploads\/sites\/4\/2026\/01\/tty-no-product-image-114.webp\",\"datePublished\":\"2026-01-24T19:43:19+00:00\",\"dateModified\":\"2026-03-08T11:23:26+00:00\",\"description\":\"Entdecke Zolpidem zur kurzfristigen Linderung von Schlaflosigkeit, erh\u00e4ltlich mit Rezept. Schnelle Hilfe f\u00fcr besseren Schlaf, basierend auf klinischen Richtlinien.\",\"breadcrumb\":{\"@id\":\"https:\/\/www.transtoyou.com\/de\/product\/zolpidem\/#breadcrumb\"},\"inLanguage\":\"de\",\"potentialAction\":[{\"@type\":\"ReadAction\",\"target\":[\"https:\/\/www.transtoyou.com\/de\/product\/zolpidem\/\"]}]},{\"@type\":\"ImageObject\",\"inLanguage\":\"de\",\"@id\":\"https:\/\/www.transtoyou.com\/de\/product\/zolpidem\/#primaryimage\",\"url\":\"https:\/\/www.transtoyou.com\/de\/wp-content\/uploads\/sites\/4\/2026\/01\/tty-no-product-image-114.webp\",\"contentUrl\":\"https:\/\/www.transtoyou.com\/de\/wp-content\/uploads\/sites\/4\/2026\/01\/tty-no-product-image-114.webp\",\"width\":1000,\"height\":1000,\"caption\":\"Standardproduktbild\"},{\"@type\":\"WebSite\",\"@id\":\"https:\/\/www.transtoyou.com\/de\/#website\",\"url\":\"https:\/\/www.transtoyou.com\/de\/\",\"name\":\"Transtoyou - DE\",\"description\":\"DE\",\"publisher\":{\"@id\":\"https:\/\/www.transtoyou.com\/de\/#organization\"},\"potentialAction\":[{\"@type\":\"SearchAction\",\"target\":{\"@type\":\"EntryPoint\",\"urlTemplate\":\"https:\/\/www.transtoyou.com\/de\/?s={search_term_string}\"},\"query-input\":{\"@type\":\"PropertyValueSpecification\",\"valueRequired\":true,\"valueName\":\"search_term_string\"}}],\"inLanguage\":\"de\"},{\"@type\":\"Organization\",\"@id\":\"https:\/\/www.transtoyou.com\/de\/#organization\",\"name\":\"Transtoyou - DE\",\"url\":\"https:\/\/www.transtoyou.com\/de\/\",\"logo\":{\"@type\":\"ImageObject\",\"inLanguage\":\"de\",\"@id\":\"https:\/\/www.transtoyou.com\/de\/#\/schema\/logo\/image\/\",\"url\":\"https:\/\/www.transtoyou.com\/de\/wp-content\/uploads\/sites\/4\/2026\/01\/logo-tty-menu-bar-300x87-1.webp\",\"contentUrl\":\"https:\/\/www.transtoyou.com\/de\/wp-content\/uploads\/sites\/4\/2026\/01\/logo-tty-menu-bar-300x87-1.webp\",\"width\":300,\"height\":87,\"caption\":\"Transtoyou - DE\"},\"image\":{\"@id\":\"https:\/\/www.transtoyou.com\/de\/#\/schema\/logo\/image\/\"}}]}<\/script>\n<!-- \/ Yoast SEO plugin. -->","yoast_head_json":{"title":"Zolpidem | Schnelle Schlafhilfe - Transtoyou","description":"Entdecke Zolpidem zur kurzfristigen Linderung von Schlaflosigkeit, erh\u00e4ltlich mit Rezept. Schnelle Hilfe f\u00fcr besseren Schlaf, basierend auf klinischen Richtlinien.","robots":{"index":"noindex","follow":"follow","max-snippet":"max-snippet:-1","max-image-preview":"max-image-preview:large","max-video-preview":"max-video-preview:-1"},"og_locale":"de_DE","og_type":"article","og_title":"Zolpidem | Schnelle Schlafhilfe - Transtoyou","og_description":"Entdecke Zolpidem zur kurzfristigen Linderung von Schlaflosigkeit, erh\u00e4ltlich mit Rezept. Schnelle Hilfe f\u00fcr besseren Schlaf, basierend auf klinischen Richtlinien.","og_url":"https:\/\/www.transtoyou.com\/de\/product\/zolpidem\/","og_site_name":"Transtoyou - DE","article_modified_time":"2026-03-08T11:23:26+00:00","twitter_card":"summary_large_image","twitter_misc":{"Gesch\u00e4tzte Lesezeit":"1\u00a0Minute"},"schema":{"@context":"https:\/\/schema.org","@graph":[{"@type":"WebPage","@id":"https:\/\/www.transtoyou.com\/de\/product\/zolpidem\/","url":"https:\/\/www.transtoyou.com\/de\/product\/zolpidem\/","name":"Zolpidem | Schnelle Schlafhilfe - Transtoyou","isPartOf":{"@id":"https:\/\/www.transtoyou.com\/de\/#website"},"primaryImageOfPage":{"@id":"https:\/\/www.transtoyou.com\/de\/product\/zolpidem\/#primaryimage"},"image":{"@id":"https:\/\/www.transtoyou.com\/de\/product\/zolpidem\/#primaryimage"},"thumbnailUrl":"https:\/\/www.transtoyou.com\/de\/wp-content\/uploads\/sites\/4\/2026\/01\/tty-no-product-image-114.webp","datePublished":"2026-01-24T19:43:19+00:00","dateModified":"2026-03-08T11:23:26+00:00","description":"Entdecke Zolpidem zur kurzfristigen Linderung von Schlaflosigkeit, erh\u00e4ltlich mit Rezept. Schnelle Hilfe f\u00fcr besseren Schlaf, basierend auf klinischen Richtlinien.","breadcrumb":{"@id":"https:\/\/www.transtoyou.com\/de\/product\/zolpidem\/#breadcrumb"},"inLanguage":"de","potentialAction":[{"@type":"ReadAction","target":["https:\/\/www.transtoyou.com\/de\/product\/zolpidem\/"]}]},{"@type":"ImageObject","inLanguage":"de","@id":"https:\/\/www.transtoyou.com\/de\/product\/zolpidem\/#primaryimage","url":"https:\/\/www.transtoyou.com\/de\/wp-content\/uploads\/sites\/4\/2026\/01\/tty-no-product-image-114.webp","contentUrl":"https:\/\/www.transtoyou.com\/de\/wp-content\/uploads\/sites\/4\/2026\/01\/tty-no-product-image-114.webp","width":1000,"height":1000,"caption":"Standardproduktbild"},{"@type":"WebSite","@id":"https:\/\/www.transtoyou.com\/de\/#website","url":"https:\/\/www.transtoyou.com\/de\/","name":"Transtoyou - DE","description":"DE","publisher":{"@id":"https:\/\/www.transtoyou.com\/de\/#organization"},"potentialAction":[{"@type":"SearchAction","target":{"@type":"EntryPoint","urlTemplate":"https:\/\/www.transtoyou.com\/de\/?s={search_term_string}"},"query-input":{"@type":"PropertyValueSpecification","valueRequired":true,"valueName":"search_term_string"}}],"inLanguage":"de"},{"@type":"Organization","@id":"https:\/\/www.transtoyou.com\/de\/#organization","name":"Transtoyou - DE","url":"https:\/\/www.transtoyou.com\/de\/","logo":{"@type":"ImageObject","inLanguage":"de","@id":"https:\/\/www.transtoyou.com\/de\/#\/schema\/logo\/image\/","url":"https:\/\/www.transtoyou.com\/de\/wp-content\/uploads\/sites\/4\/2026\/01\/logo-tty-menu-bar-300x87-1.webp","contentUrl":"https:\/\/www.transtoyou.com\/de\/wp-content\/uploads\/sites\/4\/2026\/01\/logo-tty-menu-bar-300x87-1.webp","width":300,"height":87,"caption":"Transtoyou - DE"},"image":{"@id":"https:\/\/www.transtoyou.com\/de\/#\/schema\/logo\/image\/"}}]}},"_links":{"self":[{"href":"https:\/\/www.transtoyou.com\/de\/wp-json\/wp\/v2\/product\/1071","targetHints":{"allow":["GET"]}}],"collection":[{"href":"https:\/\/www.transtoyou.com\/de\/wp-json\/wp\/v2\/product"}],"about":[{"href":"https:\/\/www.transtoyou.com\/de\/wp-json\/wp\/v2\/types\/product"}],"replies":[{"embeddable":true,"href":"https:\/\/www.transtoyou.com\/de\/wp-json\/wp\/v2\/comments?post=1071"}],"wp:featuredmedia":[{"embeddable":true,"href":"https:\/\/www.transtoyou.com\/de\/wp-json\/wp\/v2\/media\/1073"}],"wp:attachment":[{"href":"https:\/\/www.transtoyou.com\/de\/wp-json\/wp\/v2\/media?parent=1071"}],"wp:term":[{"taxonomy":"product_brand","embeddable":true,"href":"https:\/\/www.transtoyou.com\/de\/wp-json\/wp\/v2\/product_brand?post=1071"},{"taxonomy":"product_cat","embeddable":true,"href":"https:\/\/www.transtoyou.com\/de\/wp-json\/wp\/v2\/product_cat?post=1071"},{"taxonomy":"product_tag","embeddable":true,"href":"https:\/\/www.transtoyou.com\/de\/wp-json\/wp\/v2\/product_tag?post=1071"},{"taxonomy":"expert","embeddable":true,"href":"https:\/\/www.transtoyou.com\/de\/wp-json\/wp\/v2\/expert?post=1071"}],"curies":[{"name":"wp","href":"https:\/\/api.w.org\/{rel}","templated":true}]}}