{"id":1074,"date":"2026-01-24T22:00:18","date_gmt":"2026-01-24T20:00:18","guid":{"rendered":"https:\/\/www.transtoyou.com\/de\/product\/chloroquine\/"},"modified":"2026-02-10T13:50:21","modified_gmt":"2026-02-10T11:50:21","slug":"chloroquin","status":"publish","type":"product","link":"https:\/\/www.transtoyou.com\/de\/product\/chloroquin\/","title":{"rendered":"Chloroquin"},"content":{"rendered":"<p>Chloroquin ist ein antimalarisches Medikament, das zur Vorbeugung und Behandlung von Malaria eingesetzt wird, die durch Plasmodium vivax, Plasmodium ovale und Plasmodium malariae verursacht wird. Es ist gegen die meisten St\u00e4mme von Plasmodium falciparum aufgrund weit verbreiteter Resistenzen nicht wirksam, bleibt jedoch eine zuverl\u00e4ssige Option in Regionen, in denen empfindliche St\u00e4mme noch vorhanden sind.<\/p>\n<p>Chloroquin wirkt, indem es die F\u00e4higkeit des Parasiten beeintr\u00e4chtigt, rote Blutk\u00f6rperchen abzubauen und zu nutzen. Dies st\u00f6rt seinen Lebenszyklus und hilft, die Infektion aus dem Blutkreislauf zu beseitigen. Neben seinen antimalarischen Eigenschaften wird Chloroquin gelegentlich unter \u00e4rztlicher Aufsicht f\u00fcr bestimmte Autoimmunerkrankungen wie Lupus oder rheumatoide Arthritis eingesetzt.<\/p>\n<p>Das Medikament wird typischerweise einmal pro Woche zur Malariavorbeugung eingenommen, beginnend ein bis zwei Wochen vor dem Betreten eines endemischen Gebiets und fortgesetzt f\u00fcr vier Wochen nach der Abreise. Zur Behandlung aktiver Malaria wird Chloroquin \u00fcber einige aufeinanderfolgende Tage in einer h\u00f6heren Dosis eingenommen. Die genaue Dosierung h\u00e4ngt vom Gewicht, Alter des Patienten und davon ab, ob das Ziel Vorbeugung oder Behandlung ist.<\/p>\n<p>Chloroquin wird im Allgemeinen gut vertragen, aber Nebenwirkungen k\u00f6nnen Magenbeschwerden, Kopfschmerzen, verschwommenes Sehen oder Juckreiz umfassen. Seltene, aber schwerwiegende Nebenwirkungen sind Ver\u00e4nderungen des Herzrhythmus oder Augensch\u00e4den bei l\u00e4ngerer Anwendung. Regelm\u00e4\u00dfige Augenuntersuchungen werden f\u00fcr Personen empfohlen, die Chloroquin langfristig f\u00fcr nicht-malariatische Indikationen verwenden.<\/p>\n<p>Es ist wichtig zu \u00fcberpr\u00fcfen, ob Chloroquin f\u00fcr das Reiseziel geeignet ist, da die Resistenzmuster in den Malariagebieten stark variieren.<\/p>\n","protected":false},"excerpt":{"rendered":"<ul>\n<li>Wirksam gegen einige Malaria-St\u00e4mme<\/li>\n<li>Wird sowohl zur Pr\u00e4vention als auch zur Behandlung eingesetzt<\/li>\n<li>Manchmal bei Autoimmunerkrankungen verwendet<\/li>\n<\/ul>\n","protected":false},"featured_media":1076,"comment_status":"open","ping_status":"closed","template":"","meta":[],"product_brand":[],"product_cat":[158],"product_tag":[],"expert":[16],"class_list":{"0":"post-1074","1":"product","2":"type-product","3":"status-publish","4":"has-post-thumbnail","6":"product_cat-parasiten","7":"expert-dr-c-alexandru","9":"first","10":"instock","11":"shipping-taxable","12":"product-type-variable"},"yoast_head":"<!-- This site is optimized with the Yoast SEO plugin v27.0 - https:\/\/yoast.com\/product\/yoast-seo-wordpress\/ -->\n<title>Chloroquin | Effektive Malaria-Linderung - Transtoyou<\/title>\n<meta name=\"description\" content=\"Chloroquin jetzt bei Transtoyou erh\u00e4ltlich. Entdecke vertrauensw\u00fcrdige Behandlungsoptionen und professionelle Gesundheitsl\u00f6sungen.\" \/>\n<meta name=\"robots\" content=\"noindex, follow, max-snippet:-1, max-image-preview:large, max-video-preview:-1\" \/>\n<meta property=\"og:locale\" content=\"de_DE\" \/>\n<meta property=\"og:type\" content=\"article\" \/>\n<meta property=\"og:title\" content=\"Chloroquin | Effektive Malaria-Linderung - Transtoyou\" \/>\n<meta property=\"og:description\" content=\"Chloroquin jetzt bei Transtoyou erh\u00e4ltlich. Entdecke vertrauensw\u00fcrdige Behandlungsoptionen und professionelle Gesundheitsl\u00f6sungen.\" \/>\n<meta property=\"og:url\" content=\"https:\/\/www.transtoyou.com\/de\/product\/chloroquine\/\" \/>\n<meta property=\"og:site_name\" content=\"Transtoyou - DE\" \/>\n<meta property=\"article:modified_time\" content=\"2026-02-10T11:50:21+00:00\" \/>\n<meta name=\"twitter:card\" content=\"summary_large_image\" \/>\n<meta name=\"twitter:label1\" content=\"Gesch\u00e4tzte Lesezeit\" \/>\n\t<meta name=\"twitter:data1\" content=\"1\u00a0Minute\" \/>\n<script type=\"application\/ld+json\" class=\"yoast-schema-graph\">{\"@context\":\"https:\/\/schema.org\",\"@graph\":[{\"@type\":\"WebPage\",\"@id\":\"https:\/\/www.transtoyou.com\/de\/product\/chloroquine\/\",\"url\":\"https:\/\/www.transtoyou.com\/de\/product\/chloroquine\/\",\"name\":\"Chloroquin | Effektive Malaria-Linderung - Transtoyou\",\"isPartOf\":{\"@id\":\"https:\/\/www.transtoyou.com\/de\/#website\"},\"primaryImageOfPage\":{\"@id\":\"https:\/\/www.transtoyou.com\/de\/product\/chloroquine\/#primaryimage\"},\"image\":{\"@id\":\"https:\/\/www.transtoyou.com\/de\/product\/chloroquine\/#primaryimage\"},\"thumbnailUrl\":\"https:\/\/www.transtoyou.com\/de\/wp-content\/uploads\/sites\/4\/2026\/01\/tty-no-product-image-115.webp\",\"datePublished\":\"2026-01-24T20:00:18+00:00\",\"dateModified\":\"2026-02-10T11:50:21+00:00\",\"description\":\"Chloroquin jetzt bei Transtoyou erh\u00e4ltlich. Entdecke vertrauensw\u00fcrdige Behandlungsoptionen und professionelle Gesundheitsl\u00f6sungen.\",\"breadcrumb\":{\"@id\":\"https:\/\/www.transtoyou.com\/de\/product\/chloroquine\/#breadcrumb\"},\"inLanguage\":\"de\",\"potentialAction\":[{\"@type\":\"ReadAction\",\"target\":[\"https:\/\/www.transtoyou.com\/de\/product\/chloroquine\/\"]}]},{\"@type\":\"ImageObject\",\"inLanguage\":\"de\",\"@id\":\"https:\/\/www.transtoyou.com\/de\/product\/chloroquine\/#primaryimage\",\"url\":\"https:\/\/www.transtoyou.com\/de\/wp-content\/uploads\/sites\/4\/2026\/01\/tty-no-product-image-115.webp\",\"contentUrl\":\"https:\/\/www.transtoyou.com\/de\/wp-content\/uploads\/sites\/4\/2026\/01\/tty-no-product-image-115.webp\",\"width\":1000,\"height\":1000,\"caption\":\"Standardproduktbild\"},{\"@type\":\"WebSite\",\"@id\":\"https:\/\/www.transtoyou.com\/de\/#website\",\"url\":\"https:\/\/www.transtoyou.com\/de\/\",\"name\":\"Transtoyou - DE\",\"description\":\"DE\",\"publisher\":{\"@id\":\"https:\/\/www.transtoyou.com\/de\/#organization\"},\"potentialAction\":[{\"@type\":\"SearchAction\",\"target\":{\"@type\":\"EntryPoint\",\"urlTemplate\":\"https:\/\/www.transtoyou.com\/de\/?s={search_term_string}\"},\"query-input\":{\"@type\":\"PropertyValueSpecification\",\"valueRequired\":true,\"valueName\":\"search_term_string\"}}],\"inLanguage\":\"de\"},{\"@type\":\"Organization\",\"@id\":\"https:\/\/www.transtoyou.com\/de\/#organization\",\"name\":\"Transtoyou - DE\",\"url\":\"https:\/\/www.transtoyou.com\/de\/\",\"logo\":{\"@type\":\"ImageObject\",\"inLanguage\":\"de\",\"@id\":\"https:\/\/www.transtoyou.com\/de\/#\/schema\/logo\/image\/\",\"url\":\"https:\/\/www.transtoyou.com\/de\/wp-content\/uploads\/sites\/4\/2026\/01\/logo-tty-menu-bar-300x87-1.webp\",\"contentUrl\":\"https:\/\/www.transtoyou.com\/de\/wp-content\/uploads\/sites\/4\/2026\/01\/logo-tty-menu-bar-300x87-1.webp\",\"width\":300,\"height\":87,\"caption\":\"Transtoyou - DE\"},\"image\":{\"@id\":\"https:\/\/www.transtoyou.com\/de\/#\/schema\/logo\/image\/\"}}]}<\/script>\n<!-- \/ Yoast SEO plugin. -->","yoast_head_json":{"title":"Chloroquin | Effektive Malaria-Linderung - Transtoyou","description":"Chloroquin jetzt bei Transtoyou erh\u00e4ltlich. Entdecke vertrauensw\u00fcrdige Behandlungsoptionen und professionelle Gesundheitsl\u00f6sungen.","robots":{"index":"noindex","follow":"follow","max-snippet":"max-snippet:-1","max-image-preview":"max-image-preview:large","max-video-preview":"max-video-preview:-1"},"og_locale":"de_DE","og_type":"article","og_title":"Chloroquin | Effektive Malaria-Linderung - Transtoyou","og_description":"Chloroquin jetzt bei Transtoyou erh\u00e4ltlich. Entdecke vertrauensw\u00fcrdige Behandlungsoptionen und professionelle Gesundheitsl\u00f6sungen.","og_url":"https:\/\/www.transtoyou.com\/de\/product\/chloroquine\/","og_site_name":"Transtoyou - DE","article_modified_time":"2026-02-10T11:50:21+00:00","twitter_card":"summary_large_image","twitter_misc":{"Gesch\u00e4tzte Lesezeit":"1\u00a0Minute"},"schema":{"@context":"https:\/\/schema.org","@graph":[{"@type":"WebPage","@id":"https:\/\/www.transtoyou.com\/de\/product\/chloroquine\/","url":"https:\/\/www.transtoyou.com\/de\/product\/chloroquine\/","name":"Chloroquin | Effektive Malaria-Linderung - Transtoyou","isPartOf":{"@id":"https:\/\/www.transtoyou.com\/de\/#website"},"primaryImageOfPage":{"@id":"https:\/\/www.transtoyou.com\/de\/product\/chloroquine\/#primaryimage"},"image":{"@id":"https:\/\/www.transtoyou.com\/de\/product\/chloroquine\/#primaryimage"},"thumbnailUrl":"https:\/\/www.transtoyou.com\/de\/wp-content\/uploads\/sites\/4\/2026\/01\/tty-no-product-image-115.webp","datePublished":"2026-01-24T20:00:18+00:00","dateModified":"2026-02-10T11:50:21+00:00","description":"Chloroquin jetzt bei Transtoyou erh\u00e4ltlich. Entdecke vertrauensw\u00fcrdige Behandlungsoptionen und professionelle Gesundheitsl\u00f6sungen.","breadcrumb":{"@id":"https:\/\/www.transtoyou.com\/de\/product\/chloroquine\/#breadcrumb"},"inLanguage":"de","potentialAction":[{"@type":"ReadAction","target":["https:\/\/www.transtoyou.com\/de\/product\/chloroquine\/"]}]},{"@type":"ImageObject","inLanguage":"de","@id":"https:\/\/www.transtoyou.com\/de\/product\/chloroquine\/#primaryimage","url":"https:\/\/www.transtoyou.com\/de\/wp-content\/uploads\/sites\/4\/2026\/01\/tty-no-product-image-115.webp","contentUrl":"https:\/\/www.transtoyou.com\/de\/wp-content\/uploads\/sites\/4\/2026\/01\/tty-no-product-image-115.webp","width":1000,"height":1000,"caption":"Standardproduktbild"},{"@type":"WebSite","@id":"https:\/\/www.transtoyou.com\/de\/#website","url":"https:\/\/www.transtoyou.com\/de\/","name":"Transtoyou - DE","description":"DE","publisher":{"@id":"https:\/\/www.transtoyou.com\/de\/#organization"},"potentialAction":[{"@type":"SearchAction","target":{"@type":"EntryPoint","urlTemplate":"https:\/\/www.transtoyou.com\/de\/?s={search_term_string}"},"query-input":{"@type":"PropertyValueSpecification","valueRequired":true,"valueName":"search_term_string"}}],"inLanguage":"de"},{"@type":"Organization","@id":"https:\/\/www.transtoyou.com\/de\/#organization","name":"Transtoyou - DE","url":"https:\/\/www.transtoyou.com\/de\/","logo":{"@type":"ImageObject","inLanguage":"de","@id":"https:\/\/www.transtoyou.com\/de\/#\/schema\/logo\/image\/","url":"https:\/\/www.transtoyou.com\/de\/wp-content\/uploads\/sites\/4\/2026\/01\/logo-tty-menu-bar-300x87-1.webp","contentUrl":"https:\/\/www.transtoyou.com\/de\/wp-content\/uploads\/sites\/4\/2026\/01\/logo-tty-menu-bar-300x87-1.webp","width":300,"height":87,"caption":"Transtoyou - DE"},"image":{"@id":"https:\/\/www.transtoyou.com\/de\/#\/schema\/logo\/image\/"}}]}},"_links":{"self":[{"href":"https:\/\/www.transtoyou.com\/de\/wp-json\/wp\/v2\/product\/1074","targetHints":{"allow":["GET"]}}],"collection":[{"href":"https:\/\/www.transtoyou.com\/de\/wp-json\/wp\/v2\/product"}],"about":[{"href":"https:\/\/www.transtoyou.com\/de\/wp-json\/wp\/v2\/types\/product"}],"replies":[{"embeddable":true,"href":"https:\/\/www.transtoyou.com\/de\/wp-json\/wp\/v2\/comments?post=1074"}],"wp:featuredmedia":[{"embeddable":true,"href":"https:\/\/www.transtoyou.com\/de\/wp-json\/wp\/v2\/media\/1076"}],"wp:attachment":[{"href":"https:\/\/www.transtoyou.com\/de\/wp-json\/wp\/v2\/media?parent=1074"}],"wp:term":[{"taxonomy":"product_brand","embeddable":true,"href":"https:\/\/www.transtoyou.com\/de\/wp-json\/wp\/v2\/product_brand?post=1074"},{"taxonomy":"product_cat","embeddable":true,"href":"https:\/\/www.transtoyou.com\/de\/wp-json\/wp\/v2\/product_cat?post=1074"},{"taxonomy":"product_tag","embeddable":true,"href":"https:\/\/www.transtoyou.com\/de\/wp-json\/wp\/v2\/product_tag?post=1074"},{"taxonomy":"expert","embeddable":true,"href":"https:\/\/www.transtoyou.com\/de\/wp-json\/wp\/v2\/expert?post=1074"}],"curies":[{"name":"wp","href":"https:\/\/api.w.org\/{rel}","templated":true}]}}