{"id":1080,"date":"2026-01-24T22:32:31","date_gmt":"2026-01-24T20:32:31","guid":{"rendered":"https:\/\/www.transtoyou.com\/de\/product\/fortacin\/"},"modified":"2026-02-17T14:04:21","modified_gmt":"2026-02-17T12:04:21","slug":"fortacin","status":"publish","type":"product","link":"https:\/\/www.transtoyou.com\/de\/product\/fortacin\/","title":{"rendered":"Fortacin"},"content":{"rendered":"<p>Fortacin ist ein rezeptpflichtiges Spray, das zur Behandlung von vorzeitiger Ejakulation bei erwachsenen M\u00e4nnern entwickelt wurde. Es enth\u00e4lt zwei Lokalan\u00e4sthetika, Lidocain und Prilocain, die zusammenarbeiten, um die Empfindlichkeit des Penis vor\u00fcbergehend zu reduzieren. Durch die Bet\u00e4ubung der Oberfl\u00e4che hilft das Produkt, die Ejakulation hinauszuz\u00f6gern und die Kontrolle w\u00e4hrend der sexuellen Aktivit\u00e4t zu verbessern.<\/p>\n<p>Dieses Spray wird direkt auf die Eichel des Penis vor dem Geschlechtsverkehr aufgetragen. Es wird schnell aufgenommen und beginnt innerhalb von Minuten zu wirken, was eine einfache und nicht-invasive L\u00f6sung f\u00fcr ein Problem bietet, das emotionalen Stress und Beziehungsprobleme verursachen kann. Fortacin ist so konzipiert, dass es das Empfinden von Lust bewahrt, w\u00e4hrend es die Zeit bis zur Ejakulation verl\u00e4ngert.<\/p>\n<p>Im Gegensatz zu oralen Medikamenten wirkt Fortacin lokal und erfordert keine systemische Absorption. Dies macht es zu einer n\u00fctzlichen Option f\u00fcr M\u00e4nner, die Pillen vermeiden m\u00f6chten oder m\u00f6glicherweise keine geeigneten Kandidaten f\u00fcr orale Behandlungen sind. Aufgrund seiner gezielten Wirkung und des schnellen Wirkungseintritts kann es nach Bedarf verwendet werden, was Flexibilit\u00e4t bei der Symptomkontrolle bietet.<\/p>\n<p>Die meisten M\u00e4nner vertragen das Spray gut, obwohl einige leichte Hautreizungen, vor\u00fcbergehende Taubheit oder verminderte Empfindlichkeit erfahren k\u00f6nnen. Diese Effekte sind in der Regel von kurzer Dauer und lassen mit fortgesetzter Anwendung nach. Fortacin ist kein Verh\u00fctungsmittel und sch\u00fctzt nicht vor sexuell \u00fcbertragbaren Infektionen, daher sollte bei Bedarf geeigneter Schutz verwendet werden.<\/p>\n","protected":false},"excerpt":{"rendered":"<ul>\n<li>Spray-Behandlung gegen vorzeitige Ejakulation<\/li>\n<li>Enth\u00e4lt Lidocain und Prilocain<\/li>\n<li>Schnell wirkend mit lokaler Wirkung<\/li>\n<\/ul>\n","protected":false},"featured_media":1082,"comment_status":"open","ping_status":"closed","template":"","meta":[],"product_brand":[],"product_cat":[160],"product_tag":[],"expert":[16],"class_list":{"0":"post-1080","1":"product","2":"type-product","3":"status-publish","4":"has-post-thumbnail","6":"product_cat-losungen-fur-vorzeitige-ejakulation","7":"expert-dr-c-alexandru","9":"first","10":"instock","11":"shipping-taxable","12":"product-type-variable"},"yoast_head":"<!-- This site is optimized with the Yoast SEO plugin v27.0 - https:\/\/yoast.com\/product\/yoast-seo-wordpress\/ -->\n<title>Fortacin | Schnelle Linderung bei vorzeitiger Ejakulation - Transtoyou<\/title>\n<meta name=\"description\" content=\"Fortacin jetzt auf Transtoyou erh\u00e4ltlich! Schnelle Linderung bei vorzeitiger Ejakulation. Entdecke effektive L\u00f6sungen und kaufe heute mit Vertrauen ein.\" \/>\n<meta name=\"robots\" content=\"noindex, follow, max-snippet:-1, max-image-preview:large, max-video-preview:-1\" \/>\n<meta property=\"og:locale\" content=\"de_DE\" \/>\n<meta property=\"og:type\" content=\"article\" \/>\n<meta property=\"og:title\" content=\"Fortacin | Schnelle Linderung bei vorzeitiger Ejakulation - Transtoyou\" \/>\n<meta property=\"og:description\" content=\"Fortacin jetzt auf Transtoyou erh\u00e4ltlich! Schnelle Linderung bei vorzeitiger Ejakulation. Entdecke effektive L\u00f6sungen und kaufe heute mit Vertrauen ein.\" \/>\n<meta property=\"og:url\" content=\"https:\/\/www.transtoyou.com\/de\/product\/fortacin\/\" \/>\n<meta property=\"og:site_name\" content=\"Transtoyou - DE\" \/>\n<meta property=\"article:modified_time\" content=\"2026-02-17T12:04:21+00:00\" \/>\n<meta name=\"twitter:card\" content=\"summary_large_image\" \/>\n<meta name=\"twitter:label1\" content=\"Gesch\u00e4tzte Lesezeit\" \/>\n\t<meta name=\"twitter:data1\" content=\"1\u00a0Minute\" \/>\n<script type=\"application\/ld+json\" class=\"yoast-schema-graph\">{\"@context\":\"https:\/\/schema.org\",\"@graph\":[{\"@type\":\"WebPage\",\"@id\":\"https:\/\/www.transtoyou.com\/de\/product\/fortacin\/\",\"url\":\"https:\/\/www.transtoyou.com\/de\/product\/fortacin\/\",\"name\":\"Fortacin | Schnelle Linderung bei vorzeitiger Ejakulation - Transtoyou\",\"isPartOf\":{\"@id\":\"https:\/\/www.transtoyou.com\/de\/#website\"},\"primaryImageOfPage\":{\"@id\":\"https:\/\/www.transtoyou.com\/de\/product\/fortacin\/#primaryimage\"},\"image\":{\"@id\":\"https:\/\/www.transtoyou.com\/de\/product\/fortacin\/#primaryimage\"},\"thumbnailUrl\":\"https:\/\/www.transtoyou.com\/de\/wp-content\/uploads\/sites\/4\/2026\/01\/tty-no-product-image-117.webp\",\"datePublished\":\"2026-01-24T20:32:31+00:00\",\"dateModified\":\"2026-02-17T12:04:21+00:00\",\"description\":\"Fortacin jetzt auf Transtoyou erh\u00e4ltlich! Schnelle Linderung bei vorzeitiger Ejakulation. Entdecke effektive L\u00f6sungen und kaufe heute mit Vertrauen ein.\",\"breadcrumb\":{\"@id\":\"https:\/\/www.transtoyou.com\/de\/product\/fortacin\/#breadcrumb\"},\"inLanguage\":\"de\",\"potentialAction\":[{\"@type\":\"ReadAction\",\"target\":[\"https:\/\/www.transtoyou.com\/de\/product\/fortacin\/\"]}]},{\"@type\":\"ImageObject\",\"inLanguage\":\"de\",\"@id\":\"https:\/\/www.transtoyou.com\/de\/product\/fortacin\/#primaryimage\",\"url\":\"https:\/\/www.transtoyou.com\/de\/wp-content\/uploads\/sites\/4\/2026\/01\/tty-no-product-image-117.webp\",\"contentUrl\":\"https:\/\/www.transtoyou.com\/de\/wp-content\/uploads\/sites\/4\/2026\/01\/tty-no-product-image-117.webp\",\"width\":1000,\"height\":1000,\"caption\":\"Standardproduktbild\"},{\"@type\":\"WebSite\",\"@id\":\"https:\/\/www.transtoyou.com\/de\/#website\",\"url\":\"https:\/\/www.transtoyou.com\/de\/\",\"name\":\"Transtoyou - DE\",\"description\":\"DE\",\"publisher\":{\"@id\":\"https:\/\/www.transtoyou.com\/de\/#organization\"},\"potentialAction\":[{\"@type\":\"SearchAction\",\"target\":{\"@type\":\"EntryPoint\",\"urlTemplate\":\"https:\/\/www.transtoyou.com\/de\/?s={search_term_string}\"},\"query-input\":{\"@type\":\"PropertyValueSpecification\",\"valueRequired\":true,\"valueName\":\"search_term_string\"}}],\"inLanguage\":\"de\"},{\"@type\":\"Organization\",\"@id\":\"https:\/\/www.transtoyou.com\/de\/#organization\",\"name\":\"Transtoyou - DE\",\"url\":\"https:\/\/www.transtoyou.com\/de\/\",\"logo\":{\"@type\":\"ImageObject\",\"inLanguage\":\"de\",\"@id\":\"https:\/\/www.transtoyou.com\/de\/#\/schema\/logo\/image\/\",\"url\":\"https:\/\/www.transtoyou.com\/de\/wp-content\/uploads\/sites\/4\/2026\/01\/logo-tty-menu-bar-300x87-1.webp\",\"contentUrl\":\"https:\/\/www.transtoyou.com\/de\/wp-content\/uploads\/sites\/4\/2026\/01\/logo-tty-menu-bar-300x87-1.webp\",\"width\":300,\"height\":87,\"caption\":\"Transtoyou - DE\"},\"image\":{\"@id\":\"https:\/\/www.transtoyou.com\/de\/#\/schema\/logo\/image\/\"}}]}<\/script>\n<!-- \/ Yoast SEO plugin. -->","yoast_head_json":{"title":"Fortacin | Schnelle Linderung bei vorzeitiger Ejakulation - Transtoyou","description":"Fortacin jetzt auf Transtoyou erh\u00e4ltlich! Schnelle Linderung bei vorzeitiger Ejakulation. Entdecke effektive L\u00f6sungen und kaufe heute mit Vertrauen ein.","robots":{"index":"noindex","follow":"follow","max-snippet":"max-snippet:-1","max-image-preview":"max-image-preview:large","max-video-preview":"max-video-preview:-1"},"og_locale":"de_DE","og_type":"article","og_title":"Fortacin | Schnelle Linderung bei vorzeitiger Ejakulation - Transtoyou","og_description":"Fortacin jetzt auf Transtoyou erh\u00e4ltlich! Schnelle Linderung bei vorzeitiger Ejakulation. Entdecke effektive L\u00f6sungen und kaufe heute mit Vertrauen ein.","og_url":"https:\/\/www.transtoyou.com\/de\/product\/fortacin\/","og_site_name":"Transtoyou - DE","article_modified_time":"2026-02-17T12:04:21+00:00","twitter_card":"summary_large_image","twitter_misc":{"Gesch\u00e4tzte Lesezeit":"1\u00a0Minute"},"schema":{"@context":"https:\/\/schema.org","@graph":[{"@type":"WebPage","@id":"https:\/\/www.transtoyou.com\/de\/product\/fortacin\/","url":"https:\/\/www.transtoyou.com\/de\/product\/fortacin\/","name":"Fortacin | Schnelle Linderung bei vorzeitiger Ejakulation - Transtoyou","isPartOf":{"@id":"https:\/\/www.transtoyou.com\/de\/#website"},"primaryImageOfPage":{"@id":"https:\/\/www.transtoyou.com\/de\/product\/fortacin\/#primaryimage"},"image":{"@id":"https:\/\/www.transtoyou.com\/de\/product\/fortacin\/#primaryimage"},"thumbnailUrl":"https:\/\/www.transtoyou.com\/de\/wp-content\/uploads\/sites\/4\/2026\/01\/tty-no-product-image-117.webp","datePublished":"2026-01-24T20:32:31+00:00","dateModified":"2026-02-17T12:04:21+00:00","description":"Fortacin jetzt auf Transtoyou erh\u00e4ltlich! Schnelle Linderung bei vorzeitiger Ejakulation. Entdecke effektive L\u00f6sungen und kaufe heute mit Vertrauen ein.","breadcrumb":{"@id":"https:\/\/www.transtoyou.com\/de\/product\/fortacin\/#breadcrumb"},"inLanguage":"de","potentialAction":[{"@type":"ReadAction","target":["https:\/\/www.transtoyou.com\/de\/product\/fortacin\/"]}]},{"@type":"ImageObject","inLanguage":"de","@id":"https:\/\/www.transtoyou.com\/de\/product\/fortacin\/#primaryimage","url":"https:\/\/www.transtoyou.com\/de\/wp-content\/uploads\/sites\/4\/2026\/01\/tty-no-product-image-117.webp","contentUrl":"https:\/\/www.transtoyou.com\/de\/wp-content\/uploads\/sites\/4\/2026\/01\/tty-no-product-image-117.webp","width":1000,"height":1000,"caption":"Standardproduktbild"},{"@type":"WebSite","@id":"https:\/\/www.transtoyou.com\/de\/#website","url":"https:\/\/www.transtoyou.com\/de\/","name":"Transtoyou - DE","description":"DE","publisher":{"@id":"https:\/\/www.transtoyou.com\/de\/#organization"},"potentialAction":[{"@type":"SearchAction","target":{"@type":"EntryPoint","urlTemplate":"https:\/\/www.transtoyou.com\/de\/?s={search_term_string}"},"query-input":{"@type":"PropertyValueSpecification","valueRequired":true,"valueName":"search_term_string"}}],"inLanguage":"de"},{"@type":"Organization","@id":"https:\/\/www.transtoyou.com\/de\/#organization","name":"Transtoyou - DE","url":"https:\/\/www.transtoyou.com\/de\/","logo":{"@type":"ImageObject","inLanguage":"de","@id":"https:\/\/www.transtoyou.com\/de\/#\/schema\/logo\/image\/","url":"https:\/\/www.transtoyou.com\/de\/wp-content\/uploads\/sites\/4\/2026\/01\/logo-tty-menu-bar-300x87-1.webp","contentUrl":"https:\/\/www.transtoyou.com\/de\/wp-content\/uploads\/sites\/4\/2026\/01\/logo-tty-menu-bar-300x87-1.webp","width":300,"height":87,"caption":"Transtoyou - DE"},"image":{"@id":"https:\/\/www.transtoyou.com\/de\/#\/schema\/logo\/image\/"}}]}},"_links":{"self":[{"href":"https:\/\/www.transtoyou.com\/de\/wp-json\/wp\/v2\/product\/1080","targetHints":{"allow":["GET"]}}],"collection":[{"href":"https:\/\/www.transtoyou.com\/de\/wp-json\/wp\/v2\/product"}],"about":[{"href":"https:\/\/www.transtoyou.com\/de\/wp-json\/wp\/v2\/types\/product"}],"replies":[{"embeddable":true,"href":"https:\/\/www.transtoyou.com\/de\/wp-json\/wp\/v2\/comments?post=1080"}],"wp:featuredmedia":[{"embeddable":true,"href":"https:\/\/www.transtoyou.com\/de\/wp-json\/wp\/v2\/media\/1082"}],"wp:attachment":[{"href":"https:\/\/www.transtoyou.com\/de\/wp-json\/wp\/v2\/media?parent=1080"}],"wp:term":[{"taxonomy":"product_brand","embeddable":true,"href":"https:\/\/www.transtoyou.com\/de\/wp-json\/wp\/v2\/product_brand?post=1080"},{"taxonomy":"product_cat","embeddable":true,"href":"https:\/\/www.transtoyou.com\/de\/wp-json\/wp\/v2\/product_cat?post=1080"},{"taxonomy":"product_tag","embeddable":true,"href":"https:\/\/www.transtoyou.com\/de\/wp-json\/wp\/v2\/product_tag?post=1080"},{"taxonomy":"expert","embeddable":true,"href":"https:\/\/www.transtoyou.com\/de\/wp-json\/wp\/v2\/expert?post=1080"}],"curies":[{"name":"wp","href":"https:\/\/api.w.org\/{rel}","templated":true}]}}