{"id":1083,"date":"2026-01-24T22:48:31","date_gmt":"2026-01-24T20:48:31","guid":{"rendered":"https:\/\/www.transtoyou.com\/de\/product\/priligy\/"},"modified":"2026-03-01T14:01:13","modified_gmt":"2026-03-01T12:01:13","slug":"priligy","status":"publish","type":"product","link":"https:\/\/www.transtoyou.com\/de\/product\/priligy\/","title":{"rendered":"Priligy"},"content":{"rendered":"<p>Priligy enth\u00e4lt Dapoxetin, ein schnell wirkendes Medikament zur Behandlung von vorzeitiger Ejakulation bei erwachsenen M\u00e4nnern. Es geh\u00f6rt zu einer Gruppe von Medikamenten, die selektive Serotonin-Wiederaufnahmehemmer (SSRIs) genannt werden, ist jedoch speziell f\u00fcr den Bedarfsgebrauch und nicht f\u00fcr die t\u00e4gliche Anwendung konzipiert. Durch die Erh\u00f6hung der Serotoninaktivit\u00e4t im Nervensystem hilft Priligy, die Ejakulation zu verz\u00f6gern, die Kontrolle zu verbessern und das mit der Erkrankung verbundene Unbehagen zu reduzieren.<\/p>\n<p>Vorzeitige Ejakulation ist eines der h\u00e4ufigsten sexuellen Anliegen bei M\u00e4nnern. Sie kann das Selbstbewusstsein und die Intimit\u00e4t beeintr\u00e4chtigen, selbst in gesunden Beziehungen. Priligy bietet eine L\u00f6sung, die sich in eine flexible Routine einf\u00fcgt, da es nur bei Bedarf eingenommen wird, etwa ein bis drei Stunden vor der sexuellen Aktivit\u00e4t. Das Medikament wird schnell aufgenommen und beginnt bei den meisten Anwendern innerhalb von 30 bis 60 Minuten zu wirken.<\/p>\n<p>Im Gegensatz zu vielen Behandlungen, die eine kontinuierliche Anwendung erfordern, macht die kurze Wirkungsdauer und die schnelle Eliminierung von Priligy aus dem K\u00f6rper es zu einer praktischen Wahl f\u00fcr diejenigen, die keine t\u00e4gliche Medikation verwenden m\u00f6chten. Die meisten Anwender berichten von einer erh\u00f6hten Zufriedenheit mit der sexuellen Leistung und einer besseren Kontrolle \u00fcber die Ejakulation nach Beginn der Einnahme von Priligy.<\/p>\n<p>Priligy wird im Allgemeinen gut vertragen. Einige M\u00e4nner erleben \u00dcbelkeit, Schwindel oder Kopfschmerzen, insbesondere zu Beginn der Einnahme des Medikaments. Alkoholkonsum kann diese Wirkungen verst\u00e4rken, daher wird geraten, Alkohol in der N\u00e4he der Einnahme zu vermeiden. Dieses Medikament ist nicht f\u00fcr M\u00e4nner mit Herzproblemen oder f\u00fcr diejenigen gedacht, die Medikamente einnehmen, die den Blutdruck oder die Serotoninspiegel beeinflussen.<\/p>\n","protected":false},"excerpt":{"rendered":"<ul>\n<li>Bedarfsorientierte orale Behandlung f\u00fcr vorzeitige Ejakulation<\/li>\n<li>Enth\u00e4lt Dapoxetin, ein kurz wirkendes SSRI<\/li>\n<li>Verbessert die Kontrolle und reduziert sexuelle \u00c4ngste<\/li>\n<\/ul>\n","protected":false},"featured_media":1085,"comment_status":"open","ping_status":"closed","template":"","meta":[],"product_brand":[],"product_cat":[160],"product_tag":[],"expert":[16],"class_list":{"0":"post-1083","1":"product","2":"type-product","3":"status-publish","4":"has-post-thumbnail","6":"product_cat-losungen-fur-vorzeitige-ejakulation","7":"expert-dr-c-alexandru","9":"first","10":"instock","11":"shipping-taxable","12":"product-type-variable"},"yoast_head":"<!-- This site is optimized with the Yoast SEO plugin v27.0 - https:\/\/yoast.com\/product\/yoast-seo-wordpress\/ -->\n<title>Priligy | Vitalit\u00e4t und Ausdauer erh\u00f6hen - Transtoyou<\/title>\n<meta name=\"description\" content=\"Priligy bei Transtoyou erh\u00e4ltlich \u2013 die effektive L\u00f6sung zur Behandlung von vorzeitiger Ejakulation. Jetzt shoppen und Vorteile sichern!\" \/>\n<meta name=\"robots\" content=\"noindex, follow, max-snippet:-1, max-image-preview:large, max-video-preview:-1\" \/>\n<meta property=\"og:locale\" content=\"de_DE\" \/>\n<meta property=\"og:type\" content=\"article\" \/>\n<meta property=\"og:title\" content=\"Priligy | Vitalit\u00e4t und Ausdauer erh\u00f6hen - Transtoyou\" \/>\n<meta property=\"og:description\" content=\"Priligy bei Transtoyou erh\u00e4ltlich \u2013 die effektive L\u00f6sung zur Behandlung von vorzeitiger Ejakulation. Jetzt shoppen und Vorteile sichern!\" \/>\n<meta property=\"og:url\" content=\"https:\/\/www.transtoyou.com\/de\/product\/priligy\/\" \/>\n<meta property=\"og:site_name\" content=\"Transtoyou - DE\" \/>\n<meta property=\"article:modified_time\" content=\"2026-03-01T12:01:13+00:00\" \/>\n<meta name=\"twitter:card\" content=\"summary_large_image\" \/>\n<meta name=\"twitter:label1\" content=\"Gesch\u00e4tzte Lesezeit\" \/>\n\t<meta name=\"twitter:data1\" content=\"1\u00a0Minute\" \/>\n<script type=\"application\/ld+json\" class=\"yoast-schema-graph\">{\"@context\":\"https:\/\/schema.org\",\"@graph\":[{\"@type\":\"WebPage\",\"@id\":\"https:\/\/www.transtoyou.com\/de\/product\/priligy\/\",\"url\":\"https:\/\/www.transtoyou.com\/de\/product\/priligy\/\",\"name\":\"Priligy | Vitalit\u00e4t und Ausdauer erh\u00f6hen - Transtoyou\",\"isPartOf\":{\"@id\":\"https:\/\/www.transtoyou.com\/de\/#website\"},\"primaryImageOfPage\":{\"@id\":\"https:\/\/www.transtoyou.com\/de\/product\/priligy\/#primaryimage\"},\"image\":{\"@id\":\"https:\/\/www.transtoyou.com\/de\/product\/priligy\/#primaryimage\"},\"thumbnailUrl\":\"https:\/\/www.transtoyou.com\/de\/wp-content\/uploads\/sites\/4\/2026\/01\/tty-no-product-image-118.webp\",\"datePublished\":\"2026-01-24T20:48:31+00:00\",\"dateModified\":\"2026-03-01T12:01:13+00:00\",\"description\":\"Priligy bei Transtoyou erh\u00e4ltlich \u2013 die effektive L\u00f6sung zur Behandlung von vorzeitiger Ejakulation. Jetzt shoppen und Vorteile sichern!\",\"breadcrumb\":{\"@id\":\"https:\/\/www.transtoyou.com\/de\/product\/priligy\/#breadcrumb\"},\"inLanguage\":\"de\",\"potentialAction\":[{\"@type\":\"ReadAction\",\"target\":[\"https:\/\/www.transtoyou.com\/de\/product\/priligy\/\"]}]},{\"@type\":\"ImageObject\",\"inLanguage\":\"de\",\"@id\":\"https:\/\/www.transtoyou.com\/de\/product\/priligy\/#primaryimage\",\"url\":\"https:\/\/www.transtoyou.com\/de\/wp-content\/uploads\/sites\/4\/2026\/01\/tty-no-product-image-118.webp\",\"contentUrl\":\"https:\/\/www.transtoyou.com\/de\/wp-content\/uploads\/sites\/4\/2026\/01\/tty-no-product-image-118.webp\",\"width\":1000,\"height\":1000,\"caption\":\"Standardproduktbild\"},{\"@type\":\"WebSite\",\"@id\":\"https:\/\/www.transtoyou.com\/de\/#website\",\"url\":\"https:\/\/www.transtoyou.com\/de\/\",\"name\":\"Transtoyou - DE\",\"description\":\"DE\",\"publisher\":{\"@id\":\"https:\/\/www.transtoyou.com\/de\/#organization\"},\"potentialAction\":[{\"@type\":\"SearchAction\",\"target\":{\"@type\":\"EntryPoint\",\"urlTemplate\":\"https:\/\/www.transtoyou.com\/de\/?s={search_term_string}\"},\"query-input\":{\"@type\":\"PropertyValueSpecification\",\"valueRequired\":true,\"valueName\":\"search_term_string\"}}],\"inLanguage\":\"de\"},{\"@type\":\"Organization\",\"@id\":\"https:\/\/www.transtoyou.com\/de\/#organization\",\"name\":\"Transtoyou - DE\",\"url\":\"https:\/\/www.transtoyou.com\/de\/\",\"logo\":{\"@type\":\"ImageObject\",\"inLanguage\":\"de\",\"@id\":\"https:\/\/www.transtoyou.com\/de\/#\/schema\/logo\/image\/\",\"url\":\"https:\/\/www.transtoyou.com\/de\/wp-content\/uploads\/sites\/4\/2026\/01\/logo-tty-menu-bar-300x87-1.webp\",\"contentUrl\":\"https:\/\/www.transtoyou.com\/de\/wp-content\/uploads\/sites\/4\/2026\/01\/logo-tty-menu-bar-300x87-1.webp\",\"width\":300,\"height\":87,\"caption\":\"Transtoyou - DE\"},\"image\":{\"@id\":\"https:\/\/www.transtoyou.com\/de\/#\/schema\/logo\/image\/\"}}]}<\/script>\n<!-- \/ Yoast SEO plugin. -->","yoast_head_json":{"title":"Priligy | Vitalit\u00e4t und Ausdauer erh\u00f6hen - Transtoyou","description":"Priligy bei Transtoyou erh\u00e4ltlich \u2013 die effektive L\u00f6sung zur Behandlung von vorzeitiger Ejakulation. Jetzt shoppen und Vorteile sichern!","robots":{"index":"noindex","follow":"follow","max-snippet":"max-snippet:-1","max-image-preview":"max-image-preview:large","max-video-preview":"max-video-preview:-1"},"og_locale":"de_DE","og_type":"article","og_title":"Priligy | Vitalit\u00e4t und Ausdauer erh\u00f6hen - Transtoyou","og_description":"Priligy bei Transtoyou erh\u00e4ltlich \u2013 die effektive L\u00f6sung zur Behandlung von vorzeitiger Ejakulation. Jetzt shoppen und Vorteile sichern!","og_url":"https:\/\/www.transtoyou.com\/de\/product\/priligy\/","og_site_name":"Transtoyou - DE","article_modified_time":"2026-03-01T12:01:13+00:00","twitter_card":"summary_large_image","twitter_misc":{"Gesch\u00e4tzte Lesezeit":"1\u00a0Minute"},"schema":{"@context":"https:\/\/schema.org","@graph":[{"@type":"WebPage","@id":"https:\/\/www.transtoyou.com\/de\/product\/priligy\/","url":"https:\/\/www.transtoyou.com\/de\/product\/priligy\/","name":"Priligy | Vitalit\u00e4t und Ausdauer erh\u00f6hen - Transtoyou","isPartOf":{"@id":"https:\/\/www.transtoyou.com\/de\/#website"},"primaryImageOfPage":{"@id":"https:\/\/www.transtoyou.com\/de\/product\/priligy\/#primaryimage"},"image":{"@id":"https:\/\/www.transtoyou.com\/de\/product\/priligy\/#primaryimage"},"thumbnailUrl":"https:\/\/www.transtoyou.com\/de\/wp-content\/uploads\/sites\/4\/2026\/01\/tty-no-product-image-118.webp","datePublished":"2026-01-24T20:48:31+00:00","dateModified":"2026-03-01T12:01:13+00:00","description":"Priligy bei Transtoyou erh\u00e4ltlich \u2013 die effektive L\u00f6sung zur Behandlung von vorzeitiger Ejakulation. Jetzt shoppen und Vorteile sichern!","breadcrumb":{"@id":"https:\/\/www.transtoyou.com\/de\/product\/priligy\/#breadcrumb"},"inLanguage":"de","potentialAction":[{"@type":"ReadAction","target":["https:\/\/www.transtoyou.com\/de\/product\/priligy\/"]}]},{"@type":"ImageObject","inLanguage":"de","@id":"https:\/\/www.transtoyou.com\/de\/product\/priligy\/#primaryimage","url":"https:\/\/www.transtoyou.com\/de\/wp-content\/uploads\/sites\/4\/2026\/01\/tty-no-product-image-118.webp","contentUrl":"https:\/\/www.transtoyou.com\/de\/wp-content\/uploads\/sites\/4\/2026\/01\/tty-no-product-image-118.webp","width":1000,"height":1000,"caption":"Standardproduktbild"},{"@type":"WebSite","@id":"https:\/\/www.transtoyou.com\/de\/#website","url":"https:\/\/www.transtoyou.com\/de\/","name":"Transtoyou - DE","description":"DE","publisher":{"@id":"https:\/\/www.transtoyou.com\/de\/#organization"},"potentialAction":[{"@type":"SearchAction","target":{"@type":"EntryPoint","urlTemplate":"https:\/\/www.transtoyou.com\/de\/?s={search_term_string}"},"query-input":{"@type":"PropertyValueSpecification","valueRequired":true,"valueName":"search_term_string"}}],"inLanguage":"de"},{"@type":"Organization","@id":"https:\/\/www.transtoyou.com\/de\/#organization","name":"Transtoyou - DE","url":"https:\/\/www.transtoyou.com\/de\/","logo":{"@type":"ImageObject","inLanguage":"de","@id":"https:\/\/www.transtoyou.com\/de\/#\/schema\/logo\/image\/","url":"https:\/\/www.transtoyou.com\/de\/wp-content\/uploads\/sites\/4\/2026\/01\/logo-tty-menu-bar-300x87-1.webp","contentUrl":"https:\/\/www.transtoyou.com\/de\/wp-content\/uploads\/sites\/4\/2026\/01\/logo-tty-menu-bar-300x87-1.webp","width":300,"height":87,"caption":"Transtoyou - DE"},"image":{"@id":"https:\/\/www.transtoyou.com\/de\/#\/schema\/logo\/image\/"}}]}},"_links":{"self":[{"href":"https:\/\/www.transtoyou.com\/de\/wp-json\/wp\/v2\/product\/1083","targetHints":{"allow":["GET"]}}],"collection":[{"href":"https:\/\/www.transtoyou.com\/de\/wp-json\/wp\/v2\/product"}],"about":[{"href":"https:\/\/www.transtoyou.com\/de\/wp-json\/wp\/v2\/types\/product"}],"replies":[{"embeddable":true,"href":"https:\/\/www.transtoyou.com\/de\/wp-json\/wp\/v2\/comments?post=1083"}],"wp:featuredmedia":[{"embeddable":true,"href":"https:\/\/www.transtoyou.com\/de\/wp-json\/wp\/v2\/media\/1085"}],"wp:attachment":[{"href":"https:\/\/www.transtoyou.com\/de\/wp-json\/wp\/v2\/media?parent=1083"}],"wp:term":[{"taxonomy":"product_brand","embeddable":true,"href":"https:\/\/www.transtoyou.com\/de\/wp-json\/wp\/v2\/product_brand?post=1083"},{"taxonomy":"product_cat","embeddable":true,"href":"https:\/\/www.transtoyou.com\/de\/wp-json\/wp\/v2\/product_cat?post=1083"},{"taxonomy":"product_tag","embeddable":true,"href":"https:\/\/www.transtoyou.com\/de\/wp-json\/wp\/v2\/product_tag?post=1083"},{"taxonomy":"expert","embeddable":true,"href":"https:\/\/www.transtoyou.com\/de\/wp-json\/wp\/v2\/expert?post=1083"}],"curies":[{"name":"wp","href":"https:\/\/api.w.org\/{rel}","templated":true}]}}