{"id":1086,"date":"2026-01-24T23:04:53","date_gmt":"2026-01-24T21:04:53","guid":{"rendered":"https:\/\/www.transtoyou.com\/de\/product\/finasteride-proscar\/"},"modified":"2026-02-17T10:33:48","modified_gmt":"2026-02-17T08:33:48","slug":"finasterid-proscar","status":"publish","type":"product","link":"https:\/\/www.transtoyou.com\/de\/product\/finasterid-proscar\/","title":{"rendered":"Finasterid (Proscar)"},"content":{"rendered":"<p>Finasterid, verkauft unter dem Markennamen Proscar, ist ein rezeptpflichtiges Medikament zur Behandlung der benignen Prostatahyperplasie bei erwachsenen M\u00e4nnern. Es hilft, Symptome zu lindern, die durch eine vergr\u00f6\u00dferte Prostata verursacht werden, wie Schwierigkeiten beim Wasserlassen, schwacher Urinstrahl und h\u00e4ufiges Wasserlassen, insbesondere nachts. Finasterid wirkt, indem es die Werte von Dihydrotestosteron senkt, einem Hormon, das zum Wachstum der Prostata beitr\u00e4gt.<\/p>\n<p>Durch die Senkung dieses Hormons schrumpft Finasterid allm\u00e4hlich die Prostata und verringert den Druck auf die Blase und die Harnr\u00f6hre. Dies f\u00fchrt zu einem verbesserten Urinfluss und einem geringeren Risiko f\u00fcr Komplikationen wie Harnverhalt oder die Notwendigkeit einer Operation. Die Behandlung erfordert in der Regel mehrere Monate (drei bis sechs Monate) kontinuierliche Anwendung, um sp\u00fcrbare Effekte zu erzielen.<\/p>\n<p>Proscar wird oral als einmal t\u00e4glich einzunehmende Tablette eingenommen. Es wird typischerweise gut vertragen und oft f\u00fcr eine langfristige Anwendung verschrieben. Finasterid wird manchmal in Kombination mit Alpha-1-Blockern verwendet, um die Symptomlinderung bei M\u00e4nnern mit schwereren F\u00e4llen zu verbessern.<\/p>\n<p>H\u00e4ufige Nebenwirkungen k\u00f6nnen eine Abnahme des Sexualtriebs, Schwierigkeiten beim Samenerguss oder Brustempfindlichkeit umfassen. Diese Effekte sind in der Regel mild und k\u00f6nnen nach Absetzen des Medikaments reversibel sein. Finasterid senkt auch die Werte des prostataspezifischen Antigens (PSA), daher m\u00fcssen alle PSA-Blutuntersuchungen entsprechend interpretiert werden.<\/p>\n","protected":false},"excerpt":{"rendered":"<ul>\n<li>T\u00e4gliche orale Behandlung f\u00fcr eine vergr\u00f6\u00dferte Prostata<\/li>\n<li>Verbessert die Urinierung und reduziert das Prostatavolumen<\/li>\n<li>Hilft, Operationen oder Harnwegskomplikationen zu verhindern<\/li>\n<\/ul>\n","protected":false},"featured_media":1088,"comment_status":"open","ping_status":"closed","template":"","meta":[],"product_brand":[],"product_cat":[161],"product_tag":[],"expert":[21],"class_list":{"0":"post-1086","1":"product","2":"type-product","3":"status-publish","4":"has-post-thumbnail","6":"product_cat-prostatagesundheit","7":"expert-dr-m-sharoyko","9":"first","10":"instock","11":"shipping-taxable","12":"product-type-variable"},"yoast_head":"<!-- This site is optimized with the Yoast SEO plugin v27.0 - https:\/\/yoast.com\/product\/yoast-seo-wordpress\/ -->\n<title>Finasterid (Proscar) | Prostatabeschwerden lindern - Transtoyou<\/title>\n<meta name=\"description\" content=\"Entdecke Proscar auf Transtoyou, ein Rezeptmedikament gegen benigne Prostatahyperplasie. Verbessere Symptome und steigere den Harnfluss mit Finasterid.\" \/>\n<meta name=\"robots\" content=\"noindex, follow, max-snippet:-1, max-image-preview:large, max-video-preview:-1\" \/>\n<meta property=\"og:locale\" content=\"de_DE\" \/>\n<meta property=\"og:type\" content=\"article\" \/>\n<meta property=\"og:title\" content=\"Finasterid (Proscar) | Prostatabeschwerden lindern - Transtoyou\" \/>\n<meta property=\"og:description\" content=\"Entdecke Proscar auf Transtoyou, ein Rezeptmedikament gegen benigne Prostatahyperplasie. Verbessere Symptome und steigere den Harnfluss mit Finasterid.\" \/>\n<meta property=\"og:url\" content=\"https:\/\/www.transtoyou.com\/de\/product\/finasteride-proscar\/\" \/>\n<meta property=\"og:site_name\" content=\"Transtoyou - DE\" \/>\n<meta property=\"article:modified_time\" content=\"2026-02-17T08:33:48+00:00\" \/>\n<meta name=\"twitter:card\" content=\"summary_large_image\" \/>\n<meta name=\"twitter:label1\" content=\"Gesch\u00e4tzte Lesezeit\" \/>\n\t<meta name=\"twitter:data1\" content=\"1\u00a0Minute\" \/>\n<script type=\"application\/ld+json\" class=\"yoast-schema-graph\">{\"@context\":\"https:\/\/schema.org\",\"@graph\":[{\"@type\":\"WebPage\",\"@id\":\"https:\/\/www.transtoyou.com\/de\/product\/finasteride-proscar\/\",\"url\":\"https:\/\/www.transtoyou.com\/de\/product\/finasteride-proscar\/\",\"name\":\"Finasterid (Proscar) | Prostatabeschwerden lindern - Transtoyou\",\"isPartOf\":{\"@id\":\"https:\/\/www.transtoyou.com\/de\/#website\"},\"primaryImageOfPage\":{\"@id\":\"https:\/\/www.transtoyou.com\/de\/product\/finasteride-proscar\/#primaryimage\"},\"image\":{\"@id\":\"https:\/\/www.transtoyou.com\/de\/product\/finasteride-proscar\/#primaryimage\"},\"thumbnailUrl\":\"https:\/\/www.transtoyou.com\/de\/wp-content\/uploads\/sites\/4\/2026\/01\/tty-no-product-image-119.webp\",\"datePublished\":\"2026-01-24T21:04:53+00:00\",\"dateModified\":\"2026-02-17T08:33:48+00:00\",\"description\":\"Entdecke Proscar auf Transtoyou, ein Rezeptmedikament gegen benigne Prostatahyperplasie. Verbessere Symptome und steigere den Harnfluss mit Finasterid.\",\"breadcrumb\":{\"@id\":\"https:\/\/www.transtoyou.com\/de\/product\/finasteride-proscar\/#breadcrumb\"},\"inLanguage\":\"de\",\"potentialAction\":[{\"@type\":\"ReadAction\",\"target\":[\"https:\/\/www.transtoyou.com\/de\/product\/finasteride-proscar\/\"]}]},{\"@type\":\"ImageObject\",\"inLanguage\":\"de\",\"@id\":\"https:\/\/www.transtoyou.com\/de\/product\/finasteride-proscar\/#primaryimage\",\"url\":\"https:\/\/www.transtoyou.com\/de\/wp-content\/uploads\/sites\/4\/2026\/01\/tty-no-product-image-119.webp\",\"contentUrl\":\"https:\/\/www.transtoyou.com\/de\/wp-content\/uploads\/sites\/4\/2026\/01\/tty-no-product-image-119.webp\",\"width\":1000,\"height\":1000,\"caption\":\"Standardproduktbild\"},{\"@type\":\"WebSite\",\"@id\":\"https:\/\/www.transtoyou.com\/de\/#website\",\"url\":\"https:\/\/www.transtoyou.com\/de\/\",\"name\":\"Transtoyou - DE\",\"description\":\"DE\",\"publisher\":{\"@id\":\"https:\/\/www.transtoyou.com\/de\/#organization\"},\"potentialAction\":[{\"@type\":\"SearchAction\",\"target\":{\"@type\":\"EntryPoint\",\"urlTemplate\":\"https:\/\/www.transtoyou.com\/de\/?s={search_term_string}\"},\"query-input\":{\"@type\":\"PropertyValueSpecification\",\"valueRequired\":true,\"valueName\":\"search_term_string\"}}],\"inLanguage\":\"de\"},{\"@type\":\"Organization\",\"@id\":\"https:\/\/www.transtoyou.com\/de\/#organization\",\"name\":\"Transtoyou - DE\",\"url\":\"https:\/\/www.transtoyou.com\/de\/\",\"logo\":{\"@type\":\"ImageObject\",\"inLanguage\":\"de\",\"@id\":\"https:\/\/www.transtoyou.com\/de\/#\/schema\/logo\/image\/\",\"url\":\"https:\/\/www.transtoyou.com\/de\/wp-content\/uploads\/sites\/4\/2026\/01\/logo-tty-menu-bar-300x87-1.webp\",\"contentUrl\":\"https:\/\/www.transtoyou.com\/de\/wp-content\/uploads\/sites\/4\/2026\/01\/logo-tty-menu-bar-300x87-1.webp\",\"width\":300,\"height\":87,\"caption\":\"Transtoyou - DE\"},\"image\":{\"@id\":\"https:\/\/www.transtoyou.com\/de\/#\/schema\/logo\/image\/\"}}]}<\/script>\n<!-- \/ Yoast SEO plugin. -->","yoast_head_json":{"title":"Finasterid (Proscar) | Prostatabeschwerden lindern - Transtoyou","description":"Entdecke Proscar auf Transtoyou, ein Rezeptmedikament gegen benigne Prostatahyperplasie. Verbessere Symptome und steigere den Harnfluss mit Finasterid.","robots":{"index":"noindex","follow":"follow","max-snippet":"max-snippet:-1","max-image-preview":"max-image-preview:large","max-video-preview":"max-video-preview:-1"},"og_locale":"de_DE","og_type":"article","og_title":"Finasterid (Proscar) | Prostatabeschwerden lindern - Transtoyou","og_description":"Entdecke Proscar auf Transtoyou, ein Rezeptmedikament gegen benigne Prostatahyperplasie. Verbessere Symptome und steigere den Harnfluss mit Finasterid.","og_url":"https:\/\/www.transtoyou.com\/de\/product\/finasteride-proscar\/","og_site_name":"Transtoyou - DE","article_modified_time":"2026-02-17T08:33:48+00:00","twitter_card":"summary_large_image","twitter_misc":{"Gesch\u00e4tzte Lesezeit":"1\u00a0Minute"},"schema":{"@context":"https:\/\/schema.org","@graph":[{"@type":"WebPage","@id":"https:\/\/www.transtoyou.com\/de\/product\/finasteride-proscar\/","url":"https:\/\/www.transtoyou.com\/de\/product\/finasteride-proscar\/","name":"Finasterid (Proscar) | Prostatabeschwerden lindern - Transtoyou","isPartOf":{"@id":"https:\/\/www.transtoyou.com\/de\/#website"},"primaryImageOfPage":{"@id":"https:\/\/www.transtoyou.com\/de\/product\/finasteride-proscar\/#primaryimage"},"image":{"@id":"https:\/\/www.transtoyou.com\/de\/product\/finasteride-proscar\/#primaryimage"},"thumbnailUrl":"https:\/\/www.transtoyou.com\/de\/wp-content\/uploads\/sites\/4\/2026\/01\/tty-no-product-image-119.webp","datePublished":"2026-01-24T21:04:53+00:00","dateModified":"2026-02-17T08:33:48+00:00","description":"Entdecke Proscar auf Transtoyou, ein Rezeptmedikament gegen benigne Prostatahyperplasie. Verbessere Symptome und steigere den Harnfluss mit Finasterid.","breadcrumb":{"@id":"https:\/\/www.transtoyou.com\/de\/product\/finasteride-proscar\/#breadcrumb"},"inLanguage":"de","potentialAction":[{"@type":"ReadAction","target":["https:\/\/www.transtoyou.com\/de\/product\/finasteride-proscar\/"]}]},{"@type":"ImageObject","inLanguage":"de","@id":"https:\/\/www.transtoyou.com\/de\/product\/finasteride-proscar\/#primaryimage","url":"https:\/\/www.transtoyou.com\/de\/wp-content\/uploads\/sites\/4\/2026\/01\/tty-no-product-image-119.webp","contentUrl":"https:\/\/www.transtoyou.com\/de\/wp-content\/uploads\/sites\/4\/2026\/01\/tty-no-product-image-119.webp","width":1000,"height":1000,"caption":"Standardproduktbild"},{"@type":"WebSite","@id":"https:\/\/www.transtoyou.com\/de\/#website","url":"https:\/\/www.transtoyou.com\/de\/","name":"Transtoyou - DE","description":"DE","publisher":{"@id":"https:\/\/www.transtoyou.com\/de\/#organization"},"potentialAction":[{"@type":"SearchAction","target":{"@type":"EntryPoint","urlTemplate":"https:\/\/www.transtoyou.com\/de\/?s={search_term_string}"},"query-input":{"@type":"PropertyValueSpecification","valueRequired":true,"valueName":"search_term_string"}}],"inLanguage":"de"},{"@type":"Organization","@id":"https:\/\/www.transtoyou.com\/de\/#organization","name":"Transtoyou - DE","url":"https:\/\/www.transtoyou.com\/de\/","logo":{"@type":"ImageObject","inLanguage":"de","@id":"https:\/\/www.transtoyou.com\/de\/#\/schema\/logo\/image\/","url":"https:\/\/www.transtoyou.com\/de\/wp-content\/uploads\/sites\/4\/2026\/01\/logo-tty-menu-bar-300x87-1.webp","contentUrl":"https:\/\/www.transtoyou.com\/de\/wp-content\/uploads\/sites\/4\/2026\/01\/logo-tty-menu-bar-300x87-1.webp","width":300,"height":87,"caption":"Transtoyou - DE"},"image":{"@id":"https:\/\/www.transtoyou.com\/de\/#\/schema\/logo\/image\/"}}]}},"_links":{"self":[{"href":"https:\/\/www.transtoyou.com\/de\/wp-json\/wp\/v2\/product\/1086","targetHints":{"allow":["GET"]}}],"collection":[{"href":"https:\/\/www.transtoyou.com\/de\/wp-json\/wp\/v2\/product"}],"about":[{"href":"https:\/\/www.transtoyou.com\/de\/wp-json\/wp\/v2\/types\/product"}],"replies":[{"embeddable":true,"href":"https:\/\/www.transtoyou.com\/de\/wp-json\/wp\/v2\/comments?post=1086"}],"wp:featuredmedia":[{"embeddable":true,"href":"https:\/\/www.transtoyou.com\/de\/wp-json\/wp\/v2\/media\/1088"}],"wp:attachment":[{"href":"https:\/\/www.transtoyou.com\/de\/wp-json\/wp\/v2\/media?parent=1086"}],"wp:term":[{"taxonomy":"product_brand","embeddable":true,"href":"https:\/\/www.transtoyou.com\/de\/wp-json\/wp\/v2\/product_brand?post=1086"},{"taxonomy":"product_cat","embeddable":true,"href":"https:\/\/www.transtoyou.com\/de\/wp-json\/wp\/v2\/product_cat?post=1086"},{"taxonomy":"product_tag","embeddable":true,"href":"https:\/\/www.transtoyou.com\/de\/wp-json\/wp\/v2\/product_tag?post=1086"},{"taxonomy":"expert","embeddable":true,"href":"https:\/\/www.transtoyou.com\/de\/wp-json\/wp\/v2\/expert?post=1086"}],"curies":[{"name":"wp","href":"https:\/\/api.w.org\/{rel}","templated":true}]}}