{"id":1089,"date":"2026-01-24T23:21:14","date_gmt":"2026-01-24T21:21:14","guid":{"rendered":"https:\/\/www.transtoyou.com\/de\/product\/diamicron\/"},"modified":"2026-01-24T23:22:24","modified_gmt":"2026-01-24T21:22:24","slug":"diamicron","status":"publish","type":"product","link":"https:\/\/www.transtoyou.com\/de\/product\/diamicron\/","title":{"rendered":"Diamicron"},"content":{"rendered":"<p>Diamicron ist ein orales Medikament, das zur Klasse der Sulfonylharnstoffe geh\u00f6rt. Es hilft, den Blutzuckerspiegel bei Menschen mit Typ-2-Diabetes zu regulieren. Diamicron wirkt, indem es die Bauchspeicheldr\u00fcse anregt, mehr Insulin freizusetzen, ein Hormon, das hilft, den Glukosespiegel im Blut zu senken. Das macht es besonders n\u00fctzlich f\u00fcr Menschen, deren K\u00f6rper noch Insulin produziert, aber nicht effektiv darauf reagiert.<\/p>\n<p>Bei Typ-2-Diabetes wird der K\u00f6rper resistent gegen Insulin oder produziert nicht genug davon, um den Blutzucker im Griff zu behalten. Diamicron geht dem entgegen, indem es eine nat\u00fcrlichere Freisetzung von Insulin als Reaktion auf Mahlzeiten f\u00f6rdert und hilft, Blutzuckerspitzen nach dem Essen zu reduzieren. Dadurch spielt es eine Rolle bei der Aufrechterhaltung stabiler Blutzuckerspiegel \u00fcber den Tag hinweg.<\/p>\n<p>Diamicron wird typischerweise einmal t\u00e4glich, oft zum Fr\u00fchst\u00fcck, eingenommen. Obwohl es wirksam ist, kann Diamicron manchmal zu niedrigem Blutzucker (Hypoglyk\u00e4mie) f\u00fchren, insbesondere wenn Mahlzeiten ausgelassen oder k\u00f6rperliche Aktivit\u00e4ten unerwartet zunehmen. Aus diesem Grund ist es wichtig, die Glukosespiegel regelm\u00e4\u00dfig zu \u00fcberwachen und sich der Symptome wie Zittern, Schwitzen, Schwindel oder Verwirrung bewusst zu sein. Weitere m\u00f6gliche Nebenwirkungen sind leichte Magen-Darm-Beschwerden oder Gewichtszunahme.<\/p>\n","protected":false},"excerpt":{"rendered":"<ul>\n<li>Einmal t\u00e4glich modifiziert freisetzendes Gliclazid f\u00fcr eine stabile Zuckerregulation<\/li>\n<li>Senkt HbA1c und sch\u00fctzt Nerven, Augen und Nieren<\/li>\n<li>Bew\u00e4hrtes Sicherheitsprofil mit \u00fcber 30 Jahren Anwendung<\/li>\n<\/ul>\n","protected":false},"featured_media":1091,"comment_status":"open","ping_status":"closed","template":"","meta":[],"product_brand":[],"product_cat":[106],"product_tag":[],"expert":[21],"class_list":{"0":"post-1089","1":"product","2":"type-product","3":"status-publish","4":"has-post-thumbnail","6":"product_cat-diabetes","7":"expert-dr-m-sharoyko","9":"first","10":"instock","11":"shipping-taxable","12":"product-type-variable"},"yoast_head":"<!-- This site is optimized with the Yoast SEO plugin v27.0 - https:\/\/yoast.com\/product\/yoast-seo-wordpress\/ -->\n<title>Diamicron | Blutzucker effektiv managen - Transtoyou<\/title>\n<meta name=\"description\" content=\"Behandle Typ-2-Diabetes mit Diamicron, erh\u00e4ltlich bei Transtoyou. Unterst\u00fctzt die Insulinfreisetzung f\u00fcr stabilen Blutzucker. Jetzt effektiv einkaufen.\" \/>\n<meta name=\"robots\" content=\"noindex, follow, max-snippet:-1, max-image-preview:large, max-video-preview:-1\" \/>\n<meta property=\"og:locale\" content=\"de_DE\" \/>\n<meta property=\"og:type\" content=\"article\" \/>\n<meta property=\"og:title\" content=\"Diamicron | Blutzucker effektiv managen - Transtoyou\" \/>\n<meta property=\"og:description\" content=\"Behandle Typ-2-Diabetes mit Diamicron, erh\u00e4ltlich bei Transtoyou. Unterst\u00fctzt die Insulinfreisetzung f\u00fcr stabilen Blutzucker. Jetzt effektiv einkaufen.\" \/>\n<meta property=\"og:url\" content=\"https:\/\/www.transtoyou.com\/de\/product\/diamicron\/\" \/>\n<meta property=\"og:site_name\" content=\"Transtoyou - DE\" \/>\n<meta property=\"article:modified_time\" content=\"2026-01-24T21:22:24+00:00\" \/>\n<meta name=\"twitter:card\" content=\"summary_large_image\" \/>\n<meta name=\"twitter:label1\" content=\"Gesch\u00e4tzte Lesezeit\" \/>\n\t<meta name=\"twitter:data1\" content=\"1\u00a0Minute\" \/>\n<script type=\"application\/ld+json\" class=\"yoast-schema-graph\">{\"@context\":\"https:\/\/schema.org\",\"@graph\":[{\"@type\":\"WebPage\",\"@id\":\"https:\/\/www.transtoyou.com\/de\/product\/diamicron\/\",\"url\":\"https:\/\/www.transtoyou.com\/de\/product\/diamicron\/\",\"name\":\"Diamicron | Blutzucker effektiv managen - Transtoyou\",\"isPartOf\":{\"@id\":\"https:\/\/www.transtoyou.com\/de\/#website\"},\"primaryImageOfPage\":{\"@id\":\"https:\/\/www.transtoyou.com\/de\/product\/diamicron\/#primaryimage\"},\"image\":{\"@id\":\"https:\/\/www.transtoyou.com\/de\/product\/diamicron\/#primaryimage\"},\"thumbnailUrl\":\"https:\/\/www.transtoyou.com\/de\/wp-content\/uploads\/sites\/4\/2026\/01\/tty-no-product-image-120.webp\",\"datePublished\":\"2026-01-24T21:21:14+00:00\",\"dateModified\":\"2026-01-24T21:22:24+00:00\",\"description\":\"Behandle Typ-2-Diabetes mit Diamicron, erh\u00e4ltlich bei Transtoyou. Unterst\u00fctzt die Insulinfreisetzung f\u00fcr stabilen Blutzucker. Jetzt effektiv einkaufen.\",\"breadcrumb\":{\"@id\":\"https:\/\/www.transtoyou.com\/de\/product\/diamicron\/#breadcrumb\"},\"inLanguage\":\"de\",\"potentialAction\":[{\"@type\":\"ReadAction\",\"target\":[\"https:\/\/www.transtoyou.com\/de\/product\/diamicron\/\"]}]},{\"@type\":\"ImageObject\",\"inLanguage\":\"de\",\"@id\":\"https:\/\/www.transtoyou.com\/de\/product\/diamicron\/#primaryimage\",\"url\":\"https:\/\/www.transtoyou.com\/de\/wp-content\/uploads\/sites\/4\/2026\/01\/tty-no-product-image-120.webp\",\"contentUrl\":\"https:\/\/www.transtoyou.com\/de\/wp-content\/uploads\/sites\/4\/2026\/01\/tty-no-product-image-120.webp\",\"width\":1000,\"height\":1000,\"caption\":\"Standardproduktbild\"},{\"@type\":\"WebSite\",\"@id\":\"https:\/\/www.transtoyou.com\/de\/#website\",\"url\":\"https:\/\/www.transtoyou.com\/de\/\",\"name\":\"Transtoyou - DE\",\"description\":\"DE\",\"publisher\":{\"@id\":\"https:\/\/www.transtoyou.com\/de\/#organization\"},\"potentialAction\":[{\"@type\":\"SearchAction\",\"target\":{\"@type\":\"EntryPoint\",\"urlTemplate\":\"https:\/\/www.transtoyou.com\/de\/?s={search_term_string}\"},\"query-input\":{\"@type\":\"PropertyValueSpecification\",\"valueRequired\":true,\"valueName\":\"search_term_string\"}}],\"inLanguage\":\"de\"},{\"@type\":\"Organization\",\"@id\":\"https:\/\/www.transtoyou.com\/de\/#organization\",\"name\":\"Transtoyou - DE\",\"url\":\"https:\/\/www.transtoyou.com\/de\/\",\"logo\":{\"@type\":\"ImageObject\",\"inLanguage\":\"de\",\"@id\":\"https:\/\/www.transtoyou.com\/de\/#\/schema\/logo\/image\/\",\"url\":\"https:\/\/www.transtoyou.com\/de\/wp-content\/uploads\/sites\/4\/2026\/01\/logo-tty-menu-bar-300x87-1.webp\",\"contentUrl\":\"https:\/\/www.transtoyou.com\/de\/wp-content\/uploads\/sites\/4\/2026\/01\/logo-tty-menu-bar-300x87-1.webp\",\"width\":300,\"height\":87,\"caption\":\"Transtoyou - DE\"},\"image\":{\"@id\":\"https:\/\/www.transtoyou.com\/de\/#\/schema\/logo\/image\/\"}}]}<\/script>\n<!-- \/ Yoast SEO plugin. -->","yoast_head_json":{"title":"Diamicron | Blutzucker effektiv managen - Transtoyou","description":"Behandle Typ-2-Diabetes mit Diamicron, erh\u00e4ltlich bei Transtoyou. Unterst\u00fctzt die Insulinfreisetzung f\u00fcr stabilen Blutzucker. Jetzt effektiv einkaufen.","robots":{"index":"noindex","follow":"follow","max-snippet":"max-snippet:-1","max-image-preview":"max-image-preview:large","max-video-preview":"max-video-preview:-1"},"og_locale":"de_DE","og_type":"article","og_title":"Diamicron | Blutzucker effektiv managen - Transtoyou","og_description":"Behandle Typ-2-Diabetes mit Diamicron, erh\u00e4ltlich bei Transtoyou. Unterst\u00fctzt die Insulinfreisetzung f\u00fcr stabilen Blutzucker. Jetzt effektiv einkaufen.","og_url":"https:\/\/www.transtoyou.com\/de\/product\/diamicron\/","og_site_name":"Transtoyou - DE","article_modified_time":"2026-01-24T21:22:24+00:00","twitter_card":"summary_large_image","twitter_misc":{"Gesch\u00e4tzte Lesezeit":"1\u00a0Minute"},"schema":{"@context":"https:\/\/schema.org","@graph":[{"@type":"WebPage","@id":"https:\/\/www.transtoyou.com\/de\/product\/diamicron\/","url":"https:\/\/www.transtoyou.com\/de\/product\/diamicron\/","name":"Diamicron | Blutzucker effektiv managen - Transtoyou","isPartOf":{"@id":"https:\/\/www.transtoyou.com\/de\/#website"},"primaryImageOfPage":{"@id":"https:\/\/www.transtoyou.com\/de\/product\/diamicron\/#primaryimage"},"image":{"@id":"https:\/\/www.transtoyou.com\/de\/product\/diamicron\/#primaryimage"},"thumbnailUrl":"https:\/\/www.transtoyou.com\/de\/wp-content\/uploads\/sites\/4\/2026\/01\/tty-no-product-image-120.webp","datePublished":"2026-01-24T21:21:14+00:00","dateModified":"2026-01-24T21:22:24+00:00","description":"Behandle Typ-2-Diabetes mit Diamicron, erh\u00e4ltlich bei Transtoyou. Unterst\u00fctzt die Insulinfreisetzung f\u00fcr stabilen Blutzucker. Jetzt effektiv einkaufen.","breadcrumb":{"@id":"https:\/\/www.transtoyou.com\/de\/product\/diamicron\/#breadcrumb"},"inLanguage":"de","potentialAction":[{"@type":"ReadAction","target":["https:\/\/www.transtoyou.com\/de\/product\/diamicron\/"]}]},{"@type":"ImageObject","inLanguage":"de","@id":"https:\/\/www.transtoyou.com\/de\/product\/diamicron\/#primaryimage","url":"https:\/\/www.transtoyou.com\/de\/wp-content\/uploads\/sites\/4\/2026\/01\/tty-no-product-image-120.webp","contentUrl":"https:\/\/www.transtoyou.com\/de\/wp-content\/uploads\/sites\/4\/2026\/01\/tty-no-product-image-120.webp","width":1000,"height":1000,"caption":"Standardproduktbild"},{"@type":"WebSite","@id":"https:\/\/www.transtoyou.com\/de\/#website","url":"https:\/\/www.transtoyou.com\/de\/","name":"Transtoyou - DE","description":"DE","publisher":{"@id":"https:\/\/www.transtoyou.com\/de\/#organization"},"potentialAction":[{"@type":"SearchAction","target":{"@type":"EntryPoint","urlTemplate":"https:\/\/www.transtoyou.com\/de\/?s={search_term_string}"},"query-input":{"@type":"PropertyValueSpecification","valueRequired":true,"valueName":"search_term_string"}}],"inLanguage":"de"},{"@type":"Organization","@id":"https:\/\/www.transtoyou.com\/de\/#organization","name":"Transtoyou - DE","url":"https:\/\/www.transtoyou.com\/de\/","logo":{"@type":"ImageObject","inLanguage":"de","@id":"https:\/\/www.transtoyou.com\/de\/#\/schema\/logo\/image\/","url":"https:\/\/www.transtoyou.com\/de\/wp-content\/uploads\/sites\/4\/2026\/01\/logo-tty-menu-bar-300x87-1.webp","contentUrl":"https:\/\/www.transtoyou.com\/de\/wp-content\/uploads\/sites\/4\/2026\/01\/logo-tty-menu-bar-300x87-1.webp","width":300,"height":87,"caption":"Transtoyou - DE"},"image":{"@id":"https:\/\/www.transtoyou.com\/de\/#\/schema\/logo\/image\/"}}]}},"_links":{"self":[{"href":"https:\/\/www.transtoyou.com\/de\/wp-json\/wp\/v2\/product\/1089","targetHints":{"allow":["GET"]}}],"collection":[{"href":"https:\/\/www.transtoyou.com\/de\/wp-json\/wp\/v2\/product"}],"about":[{"href":"https:\/\/www.transtoyou.com\/de\/wp-json\/wp\/v2\/types\/product"}],"replies":[{"embeddable":true,"href":"https:\/\/www.transtoyou.com\/de\/wp-json\/wp\/v2\/comments?post=1089"}],"wp:featuredmedia":[{"embeddable":true,"href":"https:\/\/www.transtoyou.com\/de\/wp-json\/wp\/v2\/media\/1091"}],"wp:attachment":[{"href":"https:\/\/www.transtoyou.com\/de\/wp-json\/wp\/v2\/media?parent=1089"}],"wp:term":[{"taxonomy":"product_brand","embeddable":true,"href":"https:\/\/www.transtoyou.com\/de\/wp-json\/wp\/v2\/product_brand?post=1089"},{"taxonomy":"product_cat","embeddable":true,"href":"https:\/\/www.transtoyou.com\/de\/wp-json\/wp\/v2\/product_cat?post=1089"},{"taxonomy":"product_tag","embeddable":true,"href":"https:\/\/www.transtoyou.com\/de\/wp-json\/wp\/v2\/product_tag?post=1089"},{"taxonomy":"expert","embeddable":true,"href":"https:\/\/www.transtoyou.com\/de\/wp-json\/wp\/v2\/expert?post=1089"}],"curies":[{"name":"wp","href":"https:\/\/api.w.org\/{rel}","templated":true}]}}