{"id":1095,"date":"2026-01-24T23:57:00","date_gmt":"2026-01-24T21:57:00","guid":{"rendered":"https:\/\/www.transtoyou.com\/de\/product\/ozempic\/"},"modified":"2026-03-01T12:07:50","modified_gmt":"2026-03-01T10:07:50","slug":"ozempic","status":"publish","type":"product","link":"https:\/\/www.transtoyou.com\/de\/product\/ozempic\/","title":{"rendered":"Ozempic"},"content":{"rendered":"<p>Ozempic ist ein einmal w\u00f6chentlich injizierbares Medikament zur Behandlung von Typ-2-Diabetes und zur Unterst\u00fctzung einer langfristigen Blutzuckerregulation. Es enth\u00e4lt Semaglutid, eine Verbindung, die ein nat\u00fcrlich vorkommendes Hormon namens GLP-1 (glucagon\u00e4hnliches Peptid-1) nachahmt. Dieses Hormon hilft, den Blutzuckerspiegel zu regulieren, indem es die Insulinsekretion erh\u00f6ht, die hepatische Glukoseproduktion unterdr\u00fcckt und die Magenentleerung verz\u00f6gert.<\/p>\n<p>F\u00fcr Personen mit Typ-2-Diabetes bietet Ozempic eine L\u00f6sung zur Verbesserung der Blutzuckerregulation und tr\u00e4gt gleichzeitig zur Gewichtsreduktion bei. Im Gegensatz zu Insulin, das den Blutzucker direkt senkt, arbeitet Ozempic im Einklang mit den eigenen Systemen des K\u00f6rpers, um ihm zu helfen, effektiver auf die Nahrungsaufnahme zu reagieren und die Glukosespiegel \u00fcber den Tag hinweg konsistenter zu verwalten.<\/p>\n<p>Ozempic wird durch eine kleine Injektion unter die Haut verabreicht, typischerweise einmal pro Woche. Die meisten Menschen beginnen die Behandlung mit einer niedrigen Dosis, die schrittweise erh\u00f6ht wird, um m\u00f6gliche Verdauungsnebenwirkungen wie \u00dcbelkeit, Bl\u00e4hungen oder Verstopfung zu minimieren.<\/p>\n<p>Ozempic senkt nicht nur die HbA1c-Werte, sondern hilft auch, den Appetit und das K\u00f6rpergewicht bei vielen Patienten zu reduzieren. Diese zus\u00e4tzlichen Vorteile machen es zu einer wertvollen Wahl f\u00fcr Personen, die sowohl Typ-2-Diabetes als auch Fettleibigkeit behandeln.<\/p>\n","protected":false},"excerpt":{"rendered":"<ul>\n<li>Einmal w\u00f6chentlich injizierbar f\u00fcr Typ-2-Diabetes<\/li>\n<li>Stimuliert die Insulinsekretion und kontrolliert die Glukosefreisetzung aus der Leber<\/li>\n<li>Kann das Gewichtsmanagement bei bestimmten Patienten unterst\u00fctzen<\/li>\n<\/ul>\n","protected":false},"featured_media":1097,"comment_status":"open","ping_status":"closed","template":"","meta":[],"product_brand":[],"product_cat":[106],"product_tag":[],"expert":[21],"class_list":{"0":"post-1095","1":"product","2":"type-product","3":"status-publish","4":"has-post-thumbnail","6":"product_cat-diabetes","7":"expert-dr-m-sharoyko","9":"first","10":"instock","11":"shipping-taxable","12":"product-type-variable"},"yoast_head":"<!-- This site is optimized with the Yoast SEO plugin v27.0 - https:\/\/yoast.com\/product\/yoast-seo-wordpress\/ -->\n<title>Ozempic | Diabetes managen &amp; Gesundheit verbessern - Transtoyou<\/title>\n<meta name=\"description\" content=\"Entdecke Ozempic bei Transtoyou, eine w\u00f6chentliche Injektion zur Behandlung von Typ-2-Diabetes, die bei Blutzucker und Gewichtsreduktion hilft.\" \/>\n<meta name=\"robots\" content=\"noindex, follow, max-snippet:-1, max-image-preview:large, max-video-preview:-1\" \/>\n<meta property=\"og:locale\" content=\"de_DE\" \/>\n<meta property=\"og:type\" content=\"article\" \/>\n<meta property=\"og:title\" content=\"Ozempic | Diabetes managen &amp; Gesundheit verbessern - Transtoyou\" \/>\n<meta property=\"og:description\" content=\"Entdecke Ozempic bei Transtoyou, eine w\u00f6chentliche Injektion zur Behandlung von Typ-2-Diabetes, die bei Blutzucker und Gewichtsreduktion hilft.\" \/>\n<meta property=\"og:url\" content=\"https:\/\/www.transtoyou.com\/de\/product\/ozempic\/\" \/>\n<meta property=\"og:site_name\" content=\"Transtoyou - DE\" \/>\n<meta property=\"article:modified_time\" content=\"2026-03-01T10:07:50+00:00\" \/>\n<meta name=\"twitter:card\" content=\"summary_large_image\" \/>\n<meta name=\"twitter:label1\" content=\"Gesch\u00e4tzte Lesezeit\" \/>\n\t<meta name=\"twitter:data1\" content=\"1\u00a0Minute\" \/>\n<script type=\"application\/ld+json\" class=\"yoast-schema-graph\">{\"@context\":\"https:\/\/schema.org\",\"@graph\":[{\"@type\":\"WebPage\",\"@id\":\"https:\/\/www.transtoyou.com\/de\/product\/ozempic\/\",\"url\":\"https:\/\/www.transtoyou.com\/de\/product\/ozempic\/\",\"name\":\"Ozempic | Diabetes managen & Gesundheit verbessern - Transtoyou\",\"isPartOf\":{\"@id\":\"https:\/\/www.transtoyou.com\/de\/#website\"},\"primaryImageOfPage\":{\"@id\":\"https:\/\/www.transtoyou.com\/de\/product\/ozempic\/#primaryimage\"},\"image\":{\"@id\":\"https:\/\/www.transtoyou.com\/de\/product\/ozempic\/#primaryimage\"},\"thumbnailUrl\":\"https:\/\/www.transtoyou.com\/de\/wp-content\/uploads\/sites\/4\/2026\/01\/tty-no-product-image-122.webp\",\"datePublished\":\"2026-01-24T21:57:00+00:00\",\"dateModified\":\"2026-03-01T10:07:50+00:00\",\"description\":\"Entdecke Ozempic bei Transtoyou, eine w\u00f6chentliche Injektion zur Behandlung von Typ-2-Diabetes, die bei Blutzucker und Gewichtsreduktion hilft.\",\"breadcrumb\":{\"@id\":\"https:\/\/www.transtoyou.com\/de\/product\/ozempic\/#breadcrumb\"},\"inLanguage\":\"de\",\"potentialAction\":[{\"@type\":\"ReadAction\",\"target\":[\"https:\/\/www.transtoyou.com\/de\/product\/ozempic\/\"]}]},{\"@type\":\"ImageObject\",\"inLanguage\":\"de\",\"@id\":\"https:\/\/www.transtoyou.com\/de\/product\/ozempic\/#primaryimage\",\"url\":\"https:\/\/www.transtoyou.com\/de\/wp-content\/uploads\/sites\/4\/2026\/01\/tty-no-product-image-122.webp\",\"contentUrl\":\"https:\/\/www.transtoyou.com\/de\/wp-content\/uploads\/sites\/4\/2026\/01\/tty-no-product-image-122.webp\",\"width\":1000,\"height\":1000,\"caption\":\"Standardproduktbild\"},{\"@type\":\"WebSite\",\"@id\":\"https:\/\/www.transtoyou.com\/de\/#website\",\"url\":\"https:\/\/www.transtoyou.com\/de\/\",\"name\":\"Transtoyou - DE\",\"description\":\"DE\",\"publisher\":{\"@id\":\"https:\/\/www.transtoyou.com\/de\/#organization\"},\"potentialAction\":[{\"@type\":\"SearchAction\",\"target\":{\"@type\":\"EntryPoint\",\"urlTemplate\":\"https:\/\/www.transtoyou.com\/de\/?s={search_term_string}\"},\"query-input\":{\"@type\":\"PropertyValueSpecification\",\"valueRequired\":true,\"valueName\":\"search_term_string\"}}],\"inLanguage\":\"de\"},{\"@type\":\"Organization\",\"@id\":\"https:\/\/www.transtoyou.com\/de\/#organization\",\"name\":\"Transtoyou - DE\",\"url\":\"https:\/\/www.transtoyou.com\/de\/\",\"logo\":{\"@type\":\"ImageObject\",\"inLanguage\":\"de\",\"@id\":\"https:\/\/www.transtoyou.com\/de\/#\/schema\/logo\/image\/\",\"url\":\"https:\/\/www.transtoyou.com\/de\/wp-content\/uploads\/sites\/4\/2026\/01\/logo-tty-menu-bar-300x87-1.webp\",\"contentUrl\":\"https:\/\/www.transtoyou.com\/de\/wp-content\/uploads\/sites\/4\/2026\/01\/logo-tty-menu-bar-300x87-1.webp\",\"width\":300,\"height\":87,\"caption\":\"Transtoyou - DE\"},\"image\":{\"@id\":\"https:\/\/www.transtoyou.com\/de\/#\/schema\/logo\/image\/\"}}]}<\/script>\n<!-- \/ Yoast SEO plugin. -->","yoast_head_json":{"title":"Ozempic | Diabetes managen & Gesundheit verbessern - Transtoyou","description":"Entdecke Ozempic bei Transtoyou, eine w\u00f6chentliche Injektion zur Behandlung von Typ-2-Diabetes, die bei Blutzucker und Gewichtsreduktion hilft.","robots":{"index":"noindex","follow":"follow","max-snippet":"max-snippet:-1","max-image-preview":"max-image-preview:large","max-video-preview":"max-video-preview:-1"},"og_locale":"de_DE","og_type":"article","og_title":"Ozempic | Diabetes managen & Gesundheit verbessern - Transtoyou","og_description":"Entdecke Ozempic bei Transtoyou, eine w\u00f6chentliche Injektion zur Behandlung von Typ-2-Diabetes, die bei Blutzucker und Gewichtsreduktion hilft.","og_url":"https:\/\/www.transtoyou.com\/de\/product\/ozempic\/","og_site_name":"Transtoyou - DE","article_modified_time":"2026-03-01T10:07:50+00:00","twitter_card":"summary_large_image","twitter_misc":{"Gesch\u00e4tzte Lesezeit":"1\u00a0Minute"},"schema":{"@context":"https:\/\/schema.org","@graph":[{"@type":"WebPage","@id":"https:\/\/www.transtoyou.com\/de\/product\/ozempic\/","url":"https:\/\/www.transtoyou.com\/de\/product\/ozempic\/","name":"Ozempic | Diabetes managen & Gesundheit verbessern - Transtoyou","isPartOf":{"@id":"https:\/\/www.transtoyou.com\/de\/#website"},"primaryImageOfPage":{"@id":"https:\/\/www.transtoyou.com\/de\/product\/ozempic\/#primaryimage"},"image":{"@id":"https:\/\/www.transtoyou.com\/de\/product\/ozempic\/#primaryimage"},"thumbnailUrl":"https:\/\/www.transtoyou.com\/de\/wp-content\/uploads\/sites\/4\/2026\/01\/tty-no-product-image-122.webp","datePublished":"2026-01-24T21:57:00+00:00","dateModified":"2026-03-01T10:07:50+00:00","description":"Entdecke Ozempic bei Transtoyou, eine w\u00f6chentliche Injektion zur Behandlung von Typ-2-Diabetes, die bei Blutzucker und Gewichtsreduktion hilft.","breadcrumb":{"@id":"https:\/\/www.transtoyou.com\/de\/product\/ozempic\/#breadcrumb"},"inLanguage":"de","potentialAction":[{"@type":"ReadAction","target":["https:\/\/www.transtoyou.com\/de\/product\/ozempic\/"]}]},{"@type":"ImageObject","inLanguage":"de","@id":"https:\/\/www.transtoyou.com\/de\/product\/ozempic\/#primaryimage","url":"https:\/\/www.transtoyou.com\/de\/wp-content\/uploads\/sites\/4\/2026\/01\/tty-no-product-image-122.webp","contentUrl":"https:\/\/www.transtoyou.com\/de\/wp-content\/uploads\/sites\/4\/2026\/01\/tty-no-product-image-122.webp","width":1000,"height":1000,"caption":"Standardproduktbild"},{"@type":"WebSite","@id":"https:\/\/www.transtoyou.com\/de\/#website","url":"https:\/\/www.transtoyou.com\/de\/","name":"Transtoyou - DE","description":"DE","publisher":{"@id":"https:\/\/www.transtoyou.com\/de\/#organization"},"potentialAction":[{"@type":"SearchAction","target":{"@type":"EntryPoint","urlTemplate":"https:\/\/www.transtoyou.com\/de\/?s={search_term_string}"},"query-input":{"@type":"PropertyValueSpecification","valueRequired":true,"valueName":"search_term_string"}}],"inLanguage":"de"},{"@type":"Organization","@id":"https:\/\/www.transtoyou.com\/de\/#organization","name":"Transtoyou - DE","url":"https:\/\/www.transtoyou.com\/de\/","logo":{"@type":"ImageObject","inLanguage":"de","@id":"https:\/\/www.transtoyou.com\/de\/#\/schema\/logo\/image\/","url":"https:\/\/www.transtoyou.com\/de\/wp-content\/uploads\/sites\/4\/2026\/01\/logo-tty-menu-bar-300x87-1.webp","contentUrl":"https:\/\/www.transtoyou.com\/de\/wp-content\/uploads\/sites\/4\/2026\/01\/logo-tty-menu-bar-300x87-1.webp","width":300,"height":87,"caption":"Transtoyou - DE"},"image":{"@id":"https:\/\/www.transtoyou.com\/de\/#\/schema\/logo\/image\/"}}]}},"_links":{"self":[{"href":"https:\/\/www.transtoyou.com\/de\/wp-json\/wp\/v2\/product\/1095","targetHints":{"allow":["GET"]}}],"collection":[{"href":"https:\/\/www.transtoyou.com\/de\/wp-json\/wp\/v2\/product"}],"about":[{"href":"https:\/\/www.transtoyou.com\/de\/wp-json\/wp\/v2\/types\/product"}],"replies":[{"embeddable":true,"href":"https:\/\/www.transtoyou.com\/de\/wp-json\/wp\/v2\/comments?post=1095"}],"wp:featuredmedia":[{"embeddable":true,"href":"https:\/\/www.transtoyou.com\/de\/wp-json\/wp\/v2\/media\/1097"}],"wp:attachment":[{"href":"https:\/\/www.transtoyou.com\/de\/wp-json\/wp\/v2\/media?parent=1095"}],"wp:term":[{"taxonomy":"product_brand","embeddable":true,"href":"https:\/\/www.transtoyou.com\/de\/wp-json\/wp\/v2\/product_brand?post=1095"},{"taxonomy":"product_cat","embeddable":true,"href":"https:\/\/www.transtoyou.com\/de\/wp-json\/wp\/v2\/product_cat?post=1095"},{"taxonomy":"product_tag","embeddable":true,"href":"https:\/\/www.transtoyou.com\/de\/wp-json\/wp\/v2\/product_tag?post=1095"},{"taxonomy":"expert","embeddable":true,"href":"https:\/\/www.transtoyou.com\/de\/wp-json\/wp\/v2\/expert?post=1095"}],"curies":[{"name":"wp","href":"https:\/\/api.w.org\/{rel}","templated":true}]}}