{"id":1098,"date":"2026-01-25T00:17:06","date_gmt":"2026-01-24T22:17:06","guid":{"rendered":"https:\/\/www.transtoyou.com\/de\/product\/metformin\/"},"modified":"2026-02-25T09:50:19","modified_gmt":"2026-02-25T07:50:19","slug":"metformin","status":"publish","type":"product","link":"https:\/\/www.transtoyou.com\/de\/product\/metformin\/","title":{"rendered":"Metformin"},"content":{"rendered":"<p>Metformin ist eines der am h\u00e4ufigsten verschriebenen Medikamente zur Behandlung von Typ-2-Diabetes. Es spielt eine zentrale Rolle dabei, Menschen zu helfen, ihre Blutzuckerwerte zu kontrollieren und das Risiko langfristiger Komplikationen im Zusammenhang mit Diabetes zu reduzieren. Metformin ist in der Regel die erste Behandlungsoption, die nach einer Diagnose empfohlen wird, insbesondere wenn \u00c4nderungen des Lebensstils allein nicht ausreichen, um gesunde Glukosespiegel aufrechtzuerhalten.<\/p>\n<p>Typ-2-Diabetes tritt auf, wenn der K\u00f6rper entweder die Wirkung von Insulin nicht richtig nutzt oder nicht genug davon produziert, um die Blutzuckerwerte im Gleichgewicht zu halten. Metformin wirkt, indem es die Empfindlichkeit des K\u00f6rpers gegen\u00fcber Insulin verbessert und die Menge an Zucker reduziert, die die Leber in den Blutkreislauf abgibt. Es verlangsamt auch die Aufnahme von Glukose im Darm, was hilft, Blutzuckerspitzen nach den Mahlzeiten zu verhindern.<\/p>\n<p>Metformin wird oral eingenommen, normalerweise einmal oder zweimal t\u00e4glich, abh\u00e4ngig von der Formulierung und dem individuellen Behandlungsplan. Es ist sowohl in sofort freisetzenden als auch in verz\u00f6gert freisetzenden Versionen erh\u00e4ltlich, um unterschiedlichen Bed\u00fcrfnissen gerecht zu werden. Bei konsequenter Einnahme hilft Metformin, hohe Blutzuckerwerte zu senken, ohne Gewichtszunahme oder Episoden von niedrigem Blutzucker zu verursachen, die h\u00e4ufige Bedenken bei anderen Diabetesmedikamenten sind.<\/p>\n<p>Das Medikament wird im Allgemeinen gut vertragen, obwohl einige Anwender Nebenwirkungen wie \u00dcbelkeit, Magenbeschwerden oder Durchfall erfahren k\u00f6nnen \u2013 insbesondere zu Beginn der Behandlung. Diese Effekte verbessern sich oft mit der Zeit oder durch Anpassung der Dosis. Die Einnahme des Medikaments mit Nahrung kann ebenfalls helfen, Verdauungsbeschwerden zu reduzieren.<\/p>\n<p>Metformin wird nicht empfohlen f\u00fcr Personen mit schwerer Niereninsuffizienz, da es das Risiko einer Laktatazidose erh\u00f6hen kann, einer seltenen, aber ernsthaften Erkrankung, die durch einen Anstieg von Milchs\u00e4ure im Blut verursacht wird.<\/p>\n","protected":false},"excerpt":{"rendered":"<ul>\n<li>Hilft, den Blutzuckerspiegel bei Typ-2-Diabetes zu kontrollieren<\/li>\n<li>Verbessert die Insulinempfindlichkeit mit einem insgesamt g\u00fcnstigen Sicherheitsprofil<\/li>\n<li>Kann eine moderate Gewichtsregulation neben gesunden Lebensstil\u00e4nderungen unterst\u00fctzen<\/li>\n<\/ul>\n","protected":false},"featured_media":1100,"comment_status":"open","ping_status":"closed","template":"","meta":[],"product_brand":[],"product_cat":[106],"product_tag":[],"expert":[21],"class_list":{"0":"post-1098","1":"product","2":"type-product","3":"status-publish","4":"has-post-thumbnail","6":"product_cat-diabetes","7":"expert-dr-m-sharoyko","9":"first","10":"instock","11":"shipping-taxable","12":"product-type-variable"},"yoast_head":"<!-- This site is optimized with the Yoast SEO plugin v27.0 - https:\/\/yoast.com\/product\/yoast-seo-wordpress\/ -->\n<title>Metformin | Essenzielle Diabeteskontrolle - Transtoyou<\/title>\n<meta name=\"description\" content=\"Behandle Typ-2-Diabetes mit Metformin bei Transtoyou. Verbessere die Insulinempfindlichkeit und kontrolliere deinen Blutzucker. Jetzt f\u00fcr bessere Gesundheit einkaufen.\" \/>\n<meta name=\"robots\" content=\"noindex, follow, max-snippet:-1, max-image-preview:large, max-video-preview:-1\" \/>\n<meta property=\"og:locale\" content=\"de_DE\" \/>\n<meta property=\"og:type\" content=\"article\" \/>\n<meta property=\"og:title\" content=\"Metformin | Essenzielle Diabeteskontrolle - Transtoyou\" \/>\n<meta property=\"og:description\" content=\"Behandle Typ-2-Diabetes mit Metformin bei Transtoyou. Verbessere die Insulinempfindlichkeit und kontrolliere deinen Blutzucker. Jetzt f\u00fcr bessere Gesundheit einkaufen.\" \/>\n<meta property=\"og:url\" content=\"https:\/\/www.transtoyou.com\/de\/product\/metformin\/\" \/>\n<meta property=\"og:site_name\" content=\"Transtoyou - DE\" \/>\n<meta property=\"article:modified_time\" content=\"2026-02-25T07:50:19+00:00\" \/>\n<meta name=\"twitter:card\" content=\"summary_large_image\" \/>\n<meta name=\"twitter:label1\" content=\"Gesch\u00e4tzte Lesezeit\" \/>\n\t<meta name=\"twitter:data1\" content=\"1\u00a0Minute\" \/>\n<script type=\"application\/ld+json\" class=\"yoast-schema-graph\">{\"@context\":\"https:\/\/schema.org\",\"@graph\":[{\"@type\":\"WebPage\",\"@id\":\"https:\/\/www.transtoyou.com\/de\/product\/metformin\/\",\"url\":\"https:\/\/www.transtoyou.com\/de\/product\/metformin\/\",\"name\":\"Metformin | Essenzielle Diabeteskontrolle - Transtoyou\",\"isPartOf\":{\"@id\":\"https:\/\/www.transtoyou.com\/de\/#website\"},\"primaryImageOfPage\":{\"@id\":\"https:\/\/www.transtoyou.com\/de\/product\/metformin\/#primaryimage\"},\"image\":{\"@id\":\"https:\/\/www.transtoyou.com\/de\/product\/metformin\/#primaryimage\"},\"thumbnailUrl\":\"https:\/\/www.transtoyou.com\/de\/wp-content\/uploads\/sites\/4\/2026\/01\/tty-no-product-image-123.webp\",\"datePublished\":\"2026-01-24T22:17:06+00:00\",\"dateModified\":\"2026-02-25T07:50:19+00:00\",\"description\":\"Behandle Typ-2-Diabetes mit Metformin bei Transtoyou. Verbessere die Insulinempfindlichkeit und kontrolliere deinen Blutzucker. Jetzt f\u00fcr bessere Gesundheit einkaufen.\",\"breadcrumb\":{\"@id\":\"https:\/\/www.transtoyou.com\/de\/product\/metformin\/#breadcrumb\"},\"inLanguage\":\"de\",\"potentialAction\":[{\"@type\":\"ReadAction\",\"target\":[\"https:\/\/www.transtoyou.com\/de\/product\/metformin\/\"]}]},{\"@type\":\"ImageObject\",\"inLanguage\":\"de\",\"@id\":\"https:\/\/www.transtoyou.com\/de\/product\/metformin\/#primaryimage\",\"url\":\"https:\/\/www.transtoyou.com\/de\/wp-content\/uploads\/sites\/4\/2026\/01\/tty-no-product-image-123.webp\",\"contentUrl\":\"https:\/\/www.transtoyou.com\/de\/wp-content\/uploads\/sites\/4\/2026\/01\/tty-no-product-image-123.webp\",\"width\":1000,\"height\":1000,\"caption\":\"Standardproduktbild\"},{\"@type\":\"WebSite\",\"@id\":\"https:\/\/www.transtoyou.com\/de\/#website\",\"url\":\"https:\/\/www.transtoyou.com\/de\/\",\"name\":\"Transtoyou - DE\",\"description\":\"DE\",\"publisher\":{\"@id\":\"https:\/\/www.transtoyou.com\/de\/#organization\"},\"potentialAction\":[{\"@type\":\"SearchAction\",\"target\":{\"@type\":\"EntryPoint\",\"urlTemplate\":\"https:\/\/www.transtoyou.com\/de\/?s={search_term_string}\"},\"query-input\":{\"@type\":\"PropertyValueSpecification\",\"valueRequired\":true,\"valueName\":\"search_term_string\"}}],\"inLanguage\":\"de\"},{\"@type\":\"Organization\",\"@id\":\"https:\/\/www.transtoyou.com\/de\/#organization\",\"name\":\"Transtoyou - DE\",\"url\":\"https:\/\/www.transtoyou.com\/de\/\",\"logo\":{\"@type\":\"ImageObject\",\"inLanguage\":\"de\",\"@id\":\"https:\/\/www.transtoyou.com\/de\/#\/schema\/logo\/image\/\",\"url\":\"https:\/\/www.transtoyou.com\/de\/wp-content\/uploads\/sites\/4\/2026\/01\/logo-tty-menu-bar-300x87-1.webp\",\"contentUrl\":\"https:\/\/www.transtoyou.com\/de\/wp-content\/uploads\/sites\/4\/2026\/01\/logo-tty-menu-bar-300x87-1.webp\",\"width\":300,\"height\":87,\"caption\":\"Transtoyou - DE\"},\"image\":{\"@id\":\"https:\/\/www.transtoyou.com\/de\/#\/schema\/logo\/image\/\"}}]}<\/script>\n<!-- \/ Yoast SEO plugin. -->","yoast_head_json":{"title":"Metformin | Essenzielle Diabeteskontrolle - Transtoyou","description":"Behandle Typ-2-Diabetes mit Metformin bei Transtoyou. Verbessere die Insulinempfindlichkeit und kontrolliere deinen Blutzucker. Jetzt f\u00fcr bessere Gesundheit einkaufen.","robots":{"index":"noindex","follow":"follow","max-snippet":"max-snippet:-1","max-image-preview":"max-image-preview:large","max-video-preview":"max-video-preview:-1"},"og_locale":"de_DE","og_type":"article","og_title":"Metformin | Essenzielle Diabeteskontrolle - Transtoyou","og_description":"Behandle Typ-2-Diabetes mit Metformin bei Transtoyou. Verbessere die Insulinempfindlichkeit und kontrolliere deinen Blutzucker. Jetzt f\u00fcr bessere Gesundheit einkaufen.","og_url":"https:\/\/www.transtoyou.com\/de\/product\/metformin\/","og_site_name":"Transtoyou - DE","article_modified_time":"2026-02-25T07:50:19+00:00","twitter_card":"summary_large_image","twitter_misc":{"Gesch\u00e4tzte Lesezeit":"1\u00a0Minute"},"schema":{"@context":"https:\/\/schema.org","@graph":[{"@type":"WebPage","@id":"https:\/\/www.transtoyou.com\/de\/product\/metformin\/","url":"https:\/\/www.transtoyou.com\/de\/product\/metformin\/","name":"Metformin | Essenzielle Diabeteskontrolle - Transtoyou","isPartOf":{"@id":"https:\/\/www.transtoyou.com\/de\/#website"},"primaryImageOfPage":{"@id":"https:\/\/www.transtoyou.com\/de\/product\/metformin\/#primaryimage"},"image":{"@id":"https:\/\/www.transtoyou.com\/de\/product\/metformin\/#primaryimage"},"thumbnailUrl":"https:\/\/www.transtoyou.com\/de\/wp-content\/uploads\/sites\/4\/2026\/01\/tty-no-product-image-123.webp","datePublished":"2026-01-24T22:17:06+00:00","dateModified":"2026-02-25T07:50:19+00:00","description":"Behandle Typ-2-Diabetes mit Metformin bei Transtoyou. Verbessere die Insulinempfindlichkeit und kontrolliere deinen Blutzucker. Jetzt f\u00fcr bessere Gesundheit einkaufen.","breadcrumb":{"@id":"https:\/\/www.transtoyou.com\/de\/product\/metformin\/#breadcrumb"},"inLanguage":"de","potentialAction":[{"@type":"ReadAction","target":["https:\/\/www.transtoyou.com\/de\/product\/metformin\/"]}]},{"@type":"ImageObject","inLanguage":"de","@id":"https:\/\/www.transtoyou.com\/de\/product\/metformin\/#primaryimage","url":"https:\/\/www.transtoyou.com\/de\/wp-content\/uploads\/sites\/4\/2026\/01\/tty-no-product-image-123.webp","contentUrl":"https:\/\/www.transtoyou.com\/de\/wp-content\/uploads\/sites\/4\/2026\/01\/tty-no-product-image-123.webp","width":1000,"height":1000,"caption":"Standardproduktbild"},{"@type":"WebSite","@id":"https:\/\/www.transtoyou.com\/de\/#website","url":"https:\/\/www.transtoyou.com\/de\/","name":"Transtoyou - DE","description":"DE","publisher":{"@id":"https:\/\/www.transtoyou.com\/de\/#organization"},"potentialAction":[{"@type":"SearchAction","target":{"@type":"EntryPoint","urlTemplate":"https:\/\/www.transtoyou.com\/de\/?s={search_term_string}"},"query-input":{"@type":"PropertyValueSpecification","valueRequired":true,"valueName":"search_term_string"}}],"inLanguage":"de"},{"@type":"Organization","@id":"https:\/\/www.transtoyou.com\/de\/#organization","name":"Transtoyou - DE","url":"https:\/\/www.transtoyou.com\/de\/","logo":{"@type":"ImageObject","inLanguage":"de","@id":"https:\/\/www.transtoyou.com\/de\/#\/schema\/logo\/image\/","url":"https:\/\/www.transtoyou.com\/de\/wp-content\/uploads\/sites\/4\/2026\/01\/logo-tty-menu-bar-300x87-1.webp","contentUrl":"https:\/\/www.transtoyou.com\/de\/wp-content\/uploads\/sites\/4\/2026\/01\/logo-tty-menu-bar-300x87-1.webp","width":300,"height":87,"caption":"Transtoyou - DE"},"image":{"@id":"https:\/\/www.transtoyou.com\/de\/#\/schema\/logo\/image\/"}}]}},"_links":{"self":[{"href":"https:\/\/www.transtoyou.com\/de\/wp-json\/wp\/v2\/product\/1098","targetHints":{"allow":["GET"]}}],"collection":[{"href":"https:\/\/www.transtoyou.com\/de\/wp-json\/wp\/v2\/product"}],"about":[{"href":"https:\/\/www.transtoyou.com\/de\/wp-json\/wp\/v2\/types\/product"}],"replies":[{"embeddable":true,"href":"https:\/\/www.transtoyou.com\/de\/wp-json\/wp\/v2\/comments?post=1098"}],"wp:featuredmedia":[{"embeddable":true,"href":"https:\/\/www.transtoyou.com\/de\/wp-json\/wp\/v2\/media\/1100"}],"wp:attachment":[{"href":"https:\/\/www.transtoyou.com\/de\/wp-json\/wp\/v2\/media?parent=1098"}],"wp:term":[{"taxonomy":"product_brand","embeddable":true,"href":"https:\/\/www.transtoyou.com\/de\/wp-json\/wp\/v2\/product_brand?post=1098"},{"taxonomy":"product_cat","embeddable":true,"href":"https:\/\/www.transtoyou.com\/de\/wp-json\/wp\/v2\/product_cat?post=1098"},{"taxonomy":"product_tag","embeddable":true,"href":"https:\/\/www.transtoyou.com\/de\/wp-json\/wp\/v2\/product_tag?post=1098"},{"taxonomy":"expert","embeddable":true,"href":"https:\/\/www.transtoyou.com\/de\/wp-json\/wp\/v2\/expert?post=1098"}],"curies":[{"name":"wp","href":"https:\/\/api.w.org\/{rel}","templated":true}]}}